{"id":4353,"date":"2025-06-17T12:27:32","date_gmt":"2025-06-17T10:27:32","guid":{"rendered":"https:\/\/agora.xtec.cat\/institutlasureda\/?page_id=4353"},"modified":"2025-06-17T12:33:33","modified_gmt":"2025-06-17T10:33:33","slug":"servei-comunitari","status":"publish","type":"page","link":"https:\/\/agora.xtec.cat\/institutlasureda\/servei-comunitari\/","title":{"rendered":"Servei Comunitari"},"content":{"rendered":"\n<p>L&#8217;equip educatiu de l&#8217;institut la Sureda&nbsp;impulsa el servei comunitari, per a l&#8217;alumnat de 3r d&#8217;ESO, amb la&nbsp;col\u00b7laboraci\u00f3 de les associacions i entitats del territori.<\/p>\n\n\n\n<p>Aquest curs han fet el servei comunitari, 14 alumnes de 4t d&#8217;ESO i&nbsp; 52 alumnes de 3r d&#8217;ESO.&nbsp;<\/p>\n\n\n\n<p>En aquest enlla\u00e7 podeu trobar el Google Sites amb tota la feina que hem fet aquest curs.<\/p>\n\n\n\n<p>Volem agra\u00efr i donar les gr\u00e0cies a&nbsp;<strong><em>&nbsp;la col\u00b7laboraci\u00f3 i gentilesa de la xarxa de professionals i voluntaris i volunt\u00e0ries&nbsp;<\/em><\/strong>de&nbsp;Caritas Refor\u00e7 Escolar, Fundaci\u00f3 Tresc, APA Rodamon, Fundaci\u00f3 Pallach i Servei d&#8217;Intervenci\u00f3 Socioeducatiu&nbsp;amb l&#8217;Institut la Sureda, per haver acollit el nostre alumnat per a desenvolupar m\u00e9s de 10 hores de servei comunitari.&nbsp;<\/p>\n\n\n\n<div class=\"wp-block-buttons is-layout-flex wp-block-buttons-is-layout-flex\">\n<div class=\"wp-block-button\"><a class=\"wp-block-button__link has-black-color has-vivid-green-cyan-background-color has-text-color has-background has-link-color wp-element-button\" href=\"https:\/\/sites.google.com\/xtec.cat\/lasuredaserveicomunitari?usp=sharing&amp;pli=1\">Google Sites Servei Comunitari<\/a><\/div>\n<\/div>\n\n\n\n<p><\/p>\n","protected":false},"excerpt":{"rendered":"<p>L&#8217;equip educatiu de l&#8217;institut la Sureda&nbsp;impulsa el servei comunitari, per a l&#8217;alumnat de 3r d&#8217;ESO, amb la&nbsp;col\u00b7laboraci\u00f3 de les associacions i entitats del territori. Aquest curs han fet el servei comunitari, 14 alumnes de 4t d&#8217;ESO i&nbsp; 52 alumnes de 3r d&#8217;ESO.&nbsp; En aquest enlla\u00e7 podeu trobar el Google Sites amb tota la feina que [&hellip;]<\/p>\n","protected":false},"author":49,"featured_media":0,"parent":0,"menu_order":0,"comment_status":"closed","ping_status":"close","template":"","meta":{"_bbp_topic_count":0,"_bbp_reply_count":0,"_bbp_total_topic_count":0,"_bbp_total_reply_count":0,"_bbp_voice_count":0,"_bbp_anonymous_reply_count":0,"_bbp_topic_count_hidden":0,"_bbp_reply_count_hidden":0,"_bbp_forum_subforum_count":0,"site-sidebar-layout":"default","site-content-layout":"","ast-site-content-layout":"","site-content-style":"default","site-sidebar-style":"default","ast-global-header-display":"","ast-banner-title-visibility":"","ast-main-header-display":"","ast-hfb-above-header-display":"","ast-hfb-below-header-display":"","ast-hfb-mobile-header-display":"","site-post-title":"","ast-breadcrumbs-content":"","ast-featured-img":"","footer-sml-layout":"","theme-transparent-header-meta":"","adv-header-id-meta":"","stick-header-meta":"","header-above-stick-meta":"","header-main-stick-meta":"","header-below-stick-meta":"","astra-migrate-meta-layouts":"default","ast-page-background-enabled":"default","ast-page-background-meta":{"desktop":{"background-color":"var(--ast-global-color-4)","background-image":"","background-repeat":"repeat","background-position":"center center","background-size":"auto","background-attachment":"scroll","background-type":"","background-media":"","overlay-type":"","overlay-color":"","overlay-opacity":"","overlay-gradient":""},"tablet":{"background-color":"","background-image":"","background-repeat":"repeat","background-position":"center center","background-size":"auto","background-attachment":"scroll","background-type":"","background-media":"","overlay-type":"","overlay-color":"","overlay-opacity":"","overlay-gradient":""},"mobile":{"background-color":"","background-image":"","background-repeat":"repeat","background-position":"center center","background-size":"auto","background-attachment":"scroll","background-type":"","background-media":"","overlay-type":"","overlay-color":"","overlay-opacity":"","overlay-gradient":""}},"ast-content-background-meta":{"desktop":{"background-color":"var(--ast-global-color-5)","background-image":"","background-repeat":"repeat","background-position":"center center","background-size":"auto","background-attachment":"scroll","background-type":"","background-media":"","overlay-type":"","overlay-color":"","overlay-opacity":"","overlay-gradient":""},"tablet":{"background-color":"var(--ast-global-color-5)","background-image":"","background-repeat":"repeat","background-position":"center center","background-size":"auto","background-attachment":"scroll","background-type":"","background-media":"","overlay-type":"","overlay-color":"","overlay-opacity":"","overlay-gradient":""},"mobile":{"background-color":"var(--ast-global-color-5)","background-image":"","background-repeat":"repeat","background-position":"center center","background-size":"auto","background-attachment":"scroll","background-type":"","background-media":"","overlay-type":"","overlay-color":"","overlay-opacity":"","overlay-gradient":""}},"footnotes":""},"class_list":["post-4353","page","type-page","status-publish","hentry"],"post_mailing_queue_ids":[],"_links":{"self":[{"href":"https:\/\/agora.xtec.cat\/institutlasureda\/wp-json\/wp\/v2\/pages\/4353","targetHints":{"allow":["GET"]}}],"collection":[{"href":"https:\/\/agora.xtec.cat\/institutlasureda\/wp-json\/wp\/v2\/pages"}],"about":[{"href":"https:\/\/agora.xtec.cat\/institutlasureda\/wp-json\/wp\/v2\/types\/page"}],"author":[{"embeddable":true,"href":"https:\/\/agora.xtec.cat\/institutlasureda\/wp-json\/wp\/v2\/users\/49"}],"replies":[{"embeddable":true,"href":"https:\/\/agora.xtec.cat\/institutlasureda\/wp-json\/wp\/v2\/comments?post=4353"}],"version-history":[{"count":2,"href":"https:\/\/agora.xtec.cat\/institutlasureda\/wp-json\/wp\/v2\/pages\/4353\/revisions"}],"predecessor-version":[{"id":4360,"href":"https:\/\/agora.xtec.cat\/institutlasureda\/wp-json\/wp\/v2\/pages\/4353\/revisions\/4360"}],"wp:attachment":[{"href":"https:\/\/agora.xtec.cat\/institutlasureda\/wp-json\/wp\/v2\/media?parent=4353"}],"curies":[{"name":"wp","href":"https:\/\/api.w.org\/{rel}","templated":true}]}}