{"id":43,"date":"2014-09-17T16:45:07","date_gmt":"2014-09-17T16:45:07","guid":{"rendered":"http:\/\/agora.xtec.cat\/institutlasureda\/?page_id=43"},"modified":"2025-10-31T08:30:51","modified_gmt":"2025-10-31T07:30:51","slug":"consell-escolar","status":"publish","type":"page","link":"https:\/\/agora.xtec.cat\/institutlasureda\/linstitut\/consell-escolar\/","title":{"rendered":"Consell escolar"},"content":{"rendered":"\n<p>El Consell Escolar del centre \u00e9s l&#8217;\u00f2rgan col\u00b7legiat de participaci\u00f3 de la comunitat escolar en el govern de l&#8217;institut.<br>La Constituci\u00f3 i composici\u00f3 del Consell Escolar es regeix a DECRET 102\/2010, de 3 d&#8217;agost, d&#8217;autonomia dels centres educatius i a la llei org\u00e0nica 2\/2006, de 3 de maig.<br>El Consell Escolar de <strong>l\u2019Institut La Sureda<\/strong> es forma el 30 de novembre de 2020 seguint la normativa i instruccions vigents.<br>D\u2019acord amb la inspecci\u00f3 educativa i la direcci\u00f3 del centre, s\u2019estableix que el CE estar\u00e0 format per 13 membres que compleixin la proporci\u00f3 de ter\u00e7os que marca la normativa sota la presid\u00e8ncia del director o directora del centre:<br>&#8211; Directora del centre, que el presideix: Mireia Pacreu Oliu<br>&#8211; Cap d&#8217;estudis: Montse Teixidor Bonada<br>&#8211; Secretari: Narc\u00eds Gir\u00f3 Girona<br>&#8211; 1 representant de l\u2019ajuntament: Maria Llu\u00efsa Teixidor<br>&#8211; 4 representants del professorat: Iman Yassin, Meritxell Crua\u00f1as, Laura Fern\u00e1ndez i Jordi Ribera<br>&#8211; 3 representants de fam\u00edlies (1 representant designat per l\u2019AFA: Montserrat Guinart Cugat, 2 representants escollits per votaci\u00f3: S\u00edlvia Costa Mart\u00ednez i Carolina Rodr\u00edguez Mu\u00f1oz).<br>&#8211; 1 representant d\u2019alumnat: Adri\u00e0 Hern\u00e1ndez Gich<br>&#8211; 1 representant del PAS: Eva Niell Corredor<\/p>\n\n\n\n<h3 class=\"wp-block-heading\"><strong>ELECCIONS CONSELL ESCOLAR 2025<\/strong><\/h3>\n\n\n\n<p>El&nbsp;dilluns 27 d\u2019octubre de 2025, es va iniciar oficialment el proc\u00e9s de selecci\u00f3 dels membres dels diferents consells&nbsp;Escolars dels Centres Educatius de Catalunya.<\/p>\n\n\n\n<p>&nbsp;El Consell Escolar \u00e9s l\u2019\u00f2rgan&nbsp; de participaci\u00f3 de tota la comunitat educativa i t\u00e9, entre altres funcions rellevants, l\u2019aprovaci\u00f3 del projecte educatiu, de les normes d\u2019organitzaci\u00f3 i funcionament de centre, la programaci\u00f3 general anual i el pressupost del centre. En el nostre cas hi haur\u00e0 eleccions de: PAS, 1 membre, FAM\u00cdLIES, 2 membres, Alumnat, 2 membres, Docents, 4 membres. La participaci\u00f3 i implicaci\u00f3 de les fam\u00edlies \u00e9s fonamental en aquest proc\u00e9s. Us animem doncs a presentar la vostra candidatura per representar les fam\u00edlies al Consell Escolar.<\/p>\n\n\n\n<p><strong>Presentaci\u00f3 de candidatures<\/strong>: les persones interessades han d\u2019emplenar el formulari que trobareu adjunt a aquest missatge i portar-lo impr\u00e8s a la secretaria del centre de 8.00 a 14.30h. Tamb\u00e9 podeu trobar l\u2019impr\u00e8s a la web del centre. El termini de presentaci\u00f3 de candidatures \u00e9s del 30 d\u2019octubre al 10 de novembre de 2025.&nbsp;<\/p>\n\n\n\n<p><strong>Calendari<\/strong>:<\/p>\n\n\n\n<ul class=\"wp-block-list\">\n<li>29 d\u2019octubre publicaci\u00f3 dels censos provisionals a la cartellera de l\u2019institut.<\/li>\n\n\n\n<li>Del 30 d\u2019octubre al 3 de novembre, reclamacions dels censos electorals a la secretaria de l\u2019institut.<\/li>\n\n\n\n<li>10 de novembre: resoluci\u00f3 de les reclamacions i publicaci\u00f3 del cens definitiu a la cartellera de l\u2019institut<\/li>\n\n\n\n<li>Del 30 d\u2019octubre al 10 de novembre presentaci\u00f3 de candidatures a la secretaria del centre.<\/li>\n\n\n\n<li>Del 30 d\u2019octubre al\u00a04 de novembre, reclamacions dels censos electorals a la secretaria de l\u2019institut.<\/li>\n\n\n\n<li>11 de novembre: publicaci\u00f3 de les candidatures a la cartellera del centre.<\/li>\n\n\n\n<li>18 de novembre dia de les votacions.<\/li>\n\n\n\n<li>1 de desembre constituci\u00f3 del nou Consell Escolar<\/li>\n<\/ul>\n\n\n\n<p>Trobareu tota la informaci\u00f3 a la web del centre.<\/p>\n\n\n\n<p><a href=\"https:\/\/agora.xtec.cat\/institutlasureda\/general\/eleccions-al-consell-escolar-2025-2026\/\">Eleccions consell escolar&nbsp; 2025<\/a><\/p>\n","protected":false},"excerpt":{"rendered":"<p>El Consell Escolar del centre \u00e9s l&#8217;\u00f2rgan col\u00b7legiat de participaci\u00f3 de la comunitat escolar en el govern de l&#8217;institut.La Constituci\u00f3 i composici\u00f3 del Consell Escolar es regeix a DECRET 102\/2010, de 3 d&#8217;agost, d&#8217;autonomia dels centres educatius i a la llei org\u00e0nica 2\/2006, de 3 de maig.El Consell Escolar de l\u2019Institut La Sureda es forma [&hellip;]<\/p>\n","protected":false},"author":1,"featured_media":0,"parent":19,"menu_order":40,"comment_status":"closed","ping_status":"closed","template":"","meta":{"_bbp_topic_count":0,"_bbp_reply_count":0,"_bbp_total_topic_count":0,"_bbp_total_reply_count":0,"_bbp_voice_count":0,"_bbp_anonymous_reply_count":0,"_bbp_topic_count_hidden":0,"_bbp_reply_count_hidden":0,"_bbp_forum_subforum_count":0,"site-sidebar-layout":"default","site-content-layout":"","ast-site-content-layout":"default","site-content-style":"default","site-sidebar-style":"default","ast-global-header-display":"","ast-banner-title-visibility":"","ast-main-header-display":"","ast-hfb-above-header-display":"","ast-hfb-below-header-display":"","ast-hfb-mobile-header-display":"","site-post-title":"","ast-breadcrumbs-content":"","ast-featured-img":"","footer-sml-layout":"","theme-transparent-header-meta":"","adv-header-id-meta":"","stick-header-meta":"","header-above-stick-meta":"","header-main-stick-meta":"","header-below-stick-meta":"","astra-migrate-meta-layouts":"set","ast-page-background-enabled":"default","ast-page-background-meta":{"desktop":{"background-color":"var(--ast-global-color-4)","background-image":"","background-repeat":"repeat","background-position":"center center","background-size":"auto","background-attachment":"scroll","background-type":"","background-media":"","overlay-type":"","overlay-color":"","overlay-opacity":"","overlay-gradient":""},"tablet":{"background-color":"","background-image":"","background-repeat":"repeat","background-position":"center center","background-size":"auto","background-attachment":"scroll","background-type":"","background-media":"","overlay-type":"","overlay-color":"","overlay-opacity":"","overlay-gradient":""},"mobile":{"background-color":"","background-image":"","background-repeat":"repeat","background-position":"center center","background-size":"auto","background-attachment":"scroll","background-type":"","background-media":"","overlay-type":"","overlay-color":"","overlay-opacity":"","overlay-gradient":""}},"ast-content-background-meta":{"desktop":{"background-color":"var(--ast-global-color-5)","background-image":"","background-repeat":"repeat","background-position":"center center","background-size":"auto","background-attachment":"scroll","background-type":"","background-media":"","overlay-type":"","overlay-color":"","overlay-opacity":"","overlay-gradient":""},"tablet":{"background-color":"var(--ast-global-color-5)","background-image":"","background-repeat":"repeat","background-position":"center center","background-size":"auto","background-attachment":"scroll","background-type":"","background-media":"","overlay-type":"","overlay-color":"","overlay-opacity":"","overlay-gradient":""},"mobile":{"background-color":"var(--ast-global-color-5)","background-image":"","background-repeat":"repeat","background-position":"center center","background-size":"auto","background-attachment":"scroll","background-type":"","background-media":"","overlay-type":"","overlay-color":"","overlay-opacity":"","overlay-gradient":""}},"footnotes":""},"class_list":["post-43","page","type-page","status-publish","hentry"],"post_mailing_queue_ids":[],"_links":{"self":[{"href":"https:\/\/agora.xtec.cat\/institutlasureda\/wp-json\/wp\/v2\/pages\/43","targetHints":{"allow":["GET"]}}],"collection":[{"href":"https:\/\/agora.xtec.cat\/institutlasureda\/wp-json\/wp\/v2\/pages"}],"about":[{"href":"https:\/\/agora.xtec.cat\/institutlasureda\/wp-json\/wp\/v2\/types\/page"}],"author":[{"embeddable":true,"href":"https:\/\/agora.xtec.cat\/institutlasureda\/wp-json\/wp\/v2\/users\/1"}],"replies":[{"embeddable":true,"href":"https:\/\/agora.xtec.cat\/institutlasureda\/wp-json\/wp\/v2\/comments?post=43"}],"version-history":[{"count":6,"href":"https:\/\/agora.xtec.cat\/institutlasureda\/wp-json\/wp\/v2\/pages\/43\/revisions"}],"predecessor-version":[{"id":4643,"href":"https:\/\/agora.xtec.cat\/institutlasureda\/wp-json\/wp\/v2\/pages\/43\/revisions\/4643"}],"up":[{"embeddable":true,"href":"https:\/\/agora.xtec.cat\/institutlasureda\/wp-json\/wp\/v2\/pages\/19"}],"wp:attachment":[{"href":"https:\/\/agora.xtec.cat\/institutlasureda\/wp-json\/wp\/v2\/media?parent=43"}],"curies":[{"name":"wp","href":"https:\/\/api.w.org\/{rel}","templated":true}]}}