{"id":3482,"date":"2024-02-08T09:46:16","date_gmt":"2024-02-08T08:46:16","guid":{"rendered":"https:\/\/agora.xtec.cat\/institutlasureda\/?page_id=3482"},"modified":"2025-03-04T08:41:44","modified_gmt":"2025-03-04T07:41:44","slug":"jornada-de-portes-obertes-2024-2025","status":"publish","type":"page","link":"https:\/\/agora.xtec.cat\/institutlasureda\/jornada-de-portes-obertes-2024-2025\/","title":{"rendered":"Jornada de Portes Obertes per al curs 2025-2026"},"content":{"rendered":"<p><span class=\"yt-core-attributed-string--link-inherit-color\" dir=\"auto\">\ud83d\udd39 PORTES OBERTES | INSTITUT LA SUREDA \ud83d\udd39<\/span><\/p>\n<p><span class=\"yt-core-attributed-string--link-inherit-color\" dir=\"auto\"> Benvinguts i benvingudes a les Portes Obertes de l\u2019Institut La Sureda! \ud83d\ude80\u2728<\/span><\/p>\n<p>La jornada de <strong>portes obertes<\/strong> per al curs 2025-2026 ser\u00e0 el <strong>dimarts 11 de mar\u00e7 de 16.00h a 19.00h<\/strong>.<\/p>\n<p>Es far\u00e0 <strong>una xerrada per a les fam\u00edlies a les 17.30h<\/strong> i <strong>una altra a les 18.30h<\/strong>.<\/p>\n<p>Hem preparat un <span class=\"yt-core-attributed-string--link-inherit-color\" dir=\"auto\">v\u00eddeo en el que us convidem a con\u00e8ixer el nostre centre educatiu, les nostres instal\u00b7lacions i diferents projectes que oferim per acompanyar l\u2019alumnat en el seu aprenentatge i creixement personal. <\/span><span class=\"yt-core-attributed-string--link-inherit-color\" dir=\"auto\">\ud83c\udf31\ud83d\udcda <\/span><\/p>\n<p><span class=\"yt-core-attributed-string--link-inherit-color\" dir=\"auto\">\ud83d\udd0d Qu\u00e8 hi trobar\u00e0s? <\/span><\/p>\n<p><span class=\"yt-core-attributed-string--link-inherit-color\" dir=\"auto\">\u2705 Un recorregut per les nostres aules i espais. <\/span><\/p>\n<p><span class=\"yt-core-attributed-string--link-inherit-color\" dir=\"auto\">\u2705 Informaci\u00f3 sobre les diferents metodologies de treball. <\/span><\/p>\n<p><span class=\"yt-core-attributed-string--link-inherit-color\" dir=\"auto\">\u2705 Activitats i projectes destacats. <\/span><\/p>\n<p><span class=\"yt-core-attributed-string--link-inherit-color\" dir=\"auto\">Descobreix com treballem per oferir una educaci\u00f3 de qualitat i un ambient enriquidor per a tothom. \ud83d\udca1\ud83c\udf93 <\/span><\/p>\n<p><span class=\"yt-core-attributed-string--link-inherit-color\" dir=\"auto\">\ud83d\udccd M\u00e9s informaci\u00f3 a l&#8217;Instagram de l&#8217;@inslasureda <\/span><\/p>\n<p><span class=\"yt-core-attributed-string--link-inherit-color\" dir=\"auto\">\ud83d\udce7 Contacte: 972 90 39 76 <\/span><\/p>\n<p><span class=\"yt-core-attributed-string--link-inherit-color\" dir=\"auto\">Vine l&#8217;11 de mar\u00e7 de 16.00\u00a0 a 19.00 hores a veure el nostre centre! <\/span><\/p>\n<p><span class=\"yt-core-attributed-string--link-inherit-color\" dir=\"auto\"><a class=\"yt-core-attributed-string__link yt-core-attributed-string__link--call-to-action-color\" tabindex=\"0\" href=\"https:\/\/www.youtube.com\/hashtag\/institutlasureda\" target=\"\" rel=\"noopener\">#InstitutLaSureda<\/a><\/span> <span class=\"yt-core-attributed-string--link-inherit-color\" dir=\"auto\"><a class=\"yt-core-attributed-string__link yt-core-attributed-string__link--call-to-action-color\" tabindex=\"0\" href=\"https:\/\/www.youtube.com\/hashtag\/portesobertes\" target=\"\" rel=\"noopener\">#PortesObertes<\/a><\/span> <span class=\"yt-core-attributed-string--link-inherit-color\" dir=\"auto\"><a class=\"yt-core-attributed-string__link yt-core-attributed-string__link--call-to-action-color\" tabindex=\"0\" href=\"https:\/\/www.youtube.com\/hashtag\/educaci%C3%B3\" target=\"\" rel=\"noopener\">#Educaci\u00f3<\/a><\/span> <span class=\"yt-core-attributed-string--link-inherit-color\" dir=\"auto\"><a class=\"yt-core-attributed-string__link yt-core-attributed-string__link--call-to-action-color\" tabindex=\"0\" href=\"https:\/\/www.youtube.com\/hashtag\/futur\" target=\"\" rel=\"noopener\">#Futur<\/a><\/span> <span class=\"yt-core-attributed-string--link-inherit-color\" dir=\"auto\"><a class=\"yt-core-attributed-string__link yt-core-attributed-string__link--call-to-action-color\" tabindex=\"0\" href=\"https:\/\/www.youtube.com\/hashtag\/aprenentatge\" target=\"\" rel=\"noopener\">#Aprenentatge<\/a><\/span><\/p>\n<p><iframe loading=\"lazy\" title=\"YouTube video player\" src=\"https:\/\/www.youtube.com\/embed\/BSAx8lnVvog?si=aC2HTg1eQiXgr7TB\" width=\"560\" height=\"315\" frameborder=\"0\" allowfullscreen=\"allowfullscreen\"><\/iframe><\/p>\n<p>Per a m\u00e9s informaci\u00f3 sobre la preinscripci\u00f3 i matr\u00edcula clica <a href=\"https:\/\/agora.xtec.cat\/institutlasureda\/secretaria\/preinscripcio-i-matricula\/\">aquest enlla\u00e7<\/a><\/p>\n","protected":false},"excerpt":{"rendered":"<p>\ud83d\udd39 PORTES OBERTES | INSTITUT LA SUREDA \ud83d\udd39 Benvinguts i benvingudes a les Portes Obertes de l\u2019Institut La Sureda! \ud83d\ude80\u2728 La jornada de portes obertes per al curs 2025-2026 ser\u00e0 el dimarts 11 de mar\u00e7 de 16.00h a 19.00h. Es far\u00e0 una xerrada per a les fam\u00edlies a les 17.30h i una altra a les [&hellip;]<\/p>\n","protected":false},"author":17,"featured_media":0,"parent":0,"menu_order":0,"comment_status":"closed","ping_status":"closed","template":"","meta":{"_bbp_topic_count":0,"_bbp_reply_count":0,"_bbp_total_topic_count":0,"_bbp_total_reply_count":0,"_bbp_voice_count":0,"_bbp_anonymous_reply_count":0,"_bbp_topic_count_hidden":0,"_bbp_reply_count_hidden":0,"_bbp_forum_subforum_count":0,"site-sidebar-layout":"default","site-content-layout":"","ast-site-content-layout":"","site-content-style":"default","site-sidebar-style":"default","ast-global-header-display":"","ast-banner-title-visibility":"","ast-main-header-display":"","ast-hfb-above-header-display":"","ast-hfb-below-header-display":"","ast-hfb-mobile-header-display":"","site-post-title":"","ast-breadcrumbs-content":"","ast-featured-img":"","footer-sml-layout":"","theme-transparent-header-meta":"","adv-header-id-meta":"","stick-header-meta":"","header-above-stick-meta":"","header-main-stick-meta":"","header-below-stick-meta":"","astra-migrate-meta-layouts":"default","ast-page-background-enabled":"default","ast-page-background-meta":{"desktop":{"background-color":"var(--ast-global-color-4)","background-image":"","background-repeat":"repeat","background-position":"center center","background-size":"auto","background-attachment":"scroll","background-type":"","background-media":"","overlay-type":"","overlay-color":"","overlay-opacity":"","overlay-gradient":""},"tablet":{"background-color":"","background-image":"","background-repeat":"repeat","background-position":"center center","background-size":"auto","background-attachment":"scroll","background-type":"","background-media":"","overlay-type":"","overlay-color":"","overlay-opacity":"","overlay-gradient":""},"mobile":{"background-color":"","background-image":"","background-repeat":"repeat","background-position":"center center","background-size":"auto","background-attachment":"scroll","background-type":"","background-media":"","overlay-type":"","overlay-color":"","overlay-opacity":"","overlay-gradient":""}},"ast-content-background-meta":{"desktop":{"background-color":"var(--ast-global-color-5)","background-image":"","background-repeat":"repeat","background-position":"center center","background-size":"auto","background-attachment":"scroll","background-type":"","background-media":"","overlay-type":"","overlay-color":"","overlay-opacity":"","overlay-gradient":""},"tablet":{"background-color":"var(--ast-global-color-5)","background-image":"","background-repeat":"repeat","background-position":"center center","background-size":"auto","background-attachment":"scroll","background-type":"","background-media":"","overlay-type":"","overlay-color":"","overlay-opacity":"","overlay-gradient":""},"mobile":{"background-color":"var(--ast-global-color-5)","background-image":"","background-repeat":"repeat","background-position":"center center","background-size":"auto","background-attachment":"scroll","background-type":"","background-media":"","overlay-type":"","overlay-color":"","overlay-opacity":"","overlay-gradient":""}},"footnotes":""},"class_list":["post-3482","page","type-page","status-publish","hentry"],"post_mailing_queue_ids":[],"_links":{"self":[{"href":"https:\/\/agora.xtec.cat\/institutlasureda\/wp-json\/wp\/v2\/pages\/3482","targetHints":{"allow":["GET"]}}],"collection":[{"href":"https:\/\/agora.xtec.cat\/institutlasureda\/wp-json\/wp\/v2\/pages"}],"about":[{"href":"https:\/\/agora.xtec.cat\/institutlasureda\/wp-json\/wp\/v2\/types\/page"}],"author":[{"embeddable":true,"href":"https:\/\/agora.xtec.cat\/institutlasureda\/wp-json\/wp\/v2\/users\/17"}],"replies":[{"embeddable":true,"href":"https:\/\/agora.xtec.cat\/institutlasureda\/wp-json\/wp\/v2\/comments?post=3482"}],"version-history":[{"count":6,"href":"https:\/\/agora.xtec.cat\/institutlasureda\/wp-json\/wp\/v2\/pages\/3482\/revisions"}],"predecessor-version":[{"id":4090,"href":"https:\/\/agora.xtec.cat\/institutlasureda\/wp-json\/wp\/v2\/pages\/3482\/revisions\/4090"}],"wp:attachment":[{"href":"https:\/\/agora.xtec.cat\/institutlasureda\/wp-json\/wp\/v2\/media?parent=3482"}],"curies":[{"name":"wp","href":"https:\/\/api.w.org\/{rel}","templated":true}]}}