{"id":3181,"date":"2023-10-04T09:22:17","date_gmt":"2023-10-04T07:22:17","guid":{"rendered":"https:\/\/agora.xtec.cat\/institutlasureda\/?page_id=3181"},"modified":"2025-01-29T12:33:36","modified_gmt":"2025-01-29T11:33:36","slug":"mufps","status":"publish","type":"page","link":"https:\/\/agora.xtec.cat\/institutlasureda\/mufps\/","title":{"rendered":"MUFPS- Formaci\u00f3 i pr\u00e0ctica docent"},"content":{"rendered":"<p><strong>Qu\u00e8 \u00e9s MUFPS per La Sureda?<\/strong><\/p>\n<p>Per l&#8217;institut la Sureda \u00e9s molt important ser centre formador, oferir pr\u00e0ctiques \u00e9s una oportunitat tant per a nosaltres com per l&#8217;alumnat en pr\u00e0ctiques, ja que \u00e9s una experi\u00e8ncia on hi guanya tothom: els i les practicants, per veure la realitat d\u2019un centre; i nosaltres, perqu\u00e8 les persones que comencen sempre aporten idees noves que enriqueixen la nostra pr\u00e0ctica educativa, sense din\u00e0miques adquirides.<\/p>\n<p>Nosaltres acompanyarem l&#8217;alumnat MUFPS en el seu cam\u00ed, estaran al nostre centre on combinaran formaci\u00f3 amb\u00a0 pr\u00e0ctiques un temps i despr\u00e9s els tocar\u00e0 volar, aplicar el que han apr\u00e8s i trobar la seva manera de ser docents.<\/p>\n<p>No existeixen varetes m\u00e0giques, per\u00f2 s\u00ed la vocaci\u00f3 i la voluntat per fer-ho de la millor manera possible.<\/p>\n<div style=\"width: 1920px;\" class=\"wp-video\"><!--[if lt IE 9]><script>document.createElement('video');<\/script><![endif]-->\n<video class=\"wp-video-shortcode\" id=\"video-3181-1\" width=\"1920\" height=\"1080\" preload=\"metadata\" controls=\"controls\"><source type=\"video\/mp4\" src=\"https:\/\/agora.xtec.cat\/institutlasureda\/wp-content\/uploads\/usu2113\/2023\/10\/PRESENTACIO\u0301-MUFPS-CLAUSTRE.mp4?_=1\" \/><a href=\"https:\/\/agora.xtec.cat\/institutlasureda\/wp-content\/uploads\/usu2113\/2023\/10\/PRESENTACIO\u0301-MUFPS-CLAUSTRE.mp4\">https:\/\/agora.xtec.cat\/institutlasureda\/wp-content\/uploads\/usu2113\/2023\/10\/PRESENTACIO\u0301-MUFPS-CLAUSTRE.mp4<\/a><\/video><\/div>\n<p>Podeu veure un exemple de la nostra <a href=\"https:\/\/sites.google.com\/xtec.cat\/mufpsls2324\/p%C3%A0gina-principal\">Carpeta d&#8217;Aprenentatge<\/a> pels estudiants de pr\u00e0ctiques.<\/p>\n<p>Tamb\u00e9 hem creat un <a href=\"https:\/\/sites.google.com\/xtec.cat\/mentoratgemufps?usp=sharing\" target=\"_blank\" rel=\"noopener\">sites<\/a> adre\u00e7at als mentors. Per accedir a aquest link cal estar registrat amb el domini @xtec.cat<\/p>\n","protected":false},"excerpt":{"rendered":"<p>Qu\u00e8 \u00e9s MUFPS per La Sureda? Per l&#8217;institut la Sureda \u00e9s molt important ser centre formador, oferir pr\u00e0ctiques \u00e9s una oportunitat tant per a nosaltres com per l&#8217;alumnat en pr\u00e0ctiques, ja que \u00e9s una experi\u00e8ncia on hi guanya tothom: els i les practicants, per veure la realitat d\u2019un centre; i nosaltres, perqu\u00e8 les persones que [&hellip;]<\/p>\n","protected":false},"author":3,"featured_media":0,"parent":0,"menu_order":0,"comment_status":"closed","ping_status":"closed","template":"","meta":{"_bbp_topic_count":0,"_bbp_reply_count":0,"_bbp_total_topic_count":0,"_bbp_total_reply_count":0,"_bbp_voice_count":0,"_bbp_anonymous_reply_count":0,"_bbp_topic_count_hidden":0,"_bbp_reply_count_hidden":0,"_bbp_forum_subforum_count":0,"site-sidebar-layout":"default","site-content-layout":"","ast-site-content-layout":"","site-content-style":"default","site-sidebar-style":"default","ast-global-header-display":"","ast-banner-title-visibility":"","ast-main-header-display":"","ast-hfb-above-header-display":"","ast-hfb-below-header-display":"","ast-hfb-mobile-header-display":"","site-post-title":"","ast-breadcrumbs-content":"","ast-featured-img":"","footer-sml-layout":"","theme-transparent-header-meta":"","adv-header-id-meta":"","stick-header-meta":"","header-above-stick-meta":"","header-main-stick-meta":"","header-below-stick-meta":"","astra-migrate-meta-layouts":"default","ast-page-background-enabled":"default","ast-page-background-meta":{"desktop":{"background-color":"var(--ast-global-color-4)","background-image":"","background-repeat":"repeat","background-position":"center center","background-size":"auto","background-attachment":"scroll","background-type":"","background-media":"","overlay-type":"","overlay-color":"","overlay-opacity":"","overlay-gradient":""},"tablet":{"background-color":"","background-image":"","background-repeat":"repeat","background-position":"center center","background-size":"auto","background-attachment":"scroll","background-type":"","background-media":"","overlay-type":"","overlay-color":"","overlay-opacity":"","overlay-gradient":""},"mobile":{"background-color":"","background-image":"","background-repeat":"repeat","background-position":"center center","background-size":"auto","background-attachment":"scroll","background-type":"","background-media":"","overlay-type":"","overlay-color":"","overlay-opacity":"","overlay-gradient":""}},"ast-content-background-meta":{"desktop":{"background-color":"var(--ast-global-color-5)","background-image":"","background-repeat":"repeat","background-position":"center center","background-size":"auto","background-attachment":"scroll","background-type":"","background-media":"","overlay-type":"","overlay-color":"","overlay-opacity":"","overlay-gradient":""},"tablet":{"background-color":"var(--ast-global-color-5)","background-image":"","background-repeat":"repeat","background-position":"center center","background-size":"auto","background-attachment":"scroll","background-type":"","background-media":"","overlay-type":"","overlay-color":"","overlay-opacity":"","overlay-gradient":""},"mobile":{"background-color":"var(--ast-global-color-5)","background-image":"","background-repeat":"repeat","background-position":"center center","background-size":"auto","background-attachment":"scroll","background-type":"","background-media":"","overlay-type":"","overlay-color":"","overlay-opacity":"","overlay-gradient":""}},"footnotes":""},"class_list":["post-3181","page","type-page","status-publish","hentry"],"post_mailing_queue_ids":[],"_links":{"self":[{"href":"https:\/\/agora.xtec.cat\/institutlasureda\/wp-json\/wp\/v2\/pages\/3181","targetHints":{"allow":["GET"]}}],"collection":[{"href":"https:\/\/agora.xtec.cat\/institutlasureda\/wp-json\/wp\/v2\/pages"}],"about":[{"href":"https:\/\/agora.xtec.cat\/institutlasureda\/wp-json\/wp\/v2\/types\/page"}],"author":[{"embeddable":true,"href":"https:\/\/agora.xtec.cat\/institutlasureda\/wp-json\/wp\/v2\/users\/3"}],"replies":[{"embeddable":true,"href":"https:\/\/agora.xtec.cat\/institutlasureda\/wp-json\/wp\/v2\/comments?post=3181"}],"version-history":[{"count":6,"href":"https:\/\/agora.xtec.cat\/institutlasureda\/wp-json\/wp\/v2\/pages\/3181\/revisions"}],"predecessor-version":[{"id":3995,"href":"https:\/\/agora.xtec.cat\/institutlasureda\/wp-json\/wp\/v2\/pages\/3181\/revisions\/3995"}],"wp:attachment":[{"href":"https:\/\/agora.xtec.cat\/institutlasureda\/wp-json\/wp\/v2\/media?parent=3181"}],"curies":[{"name":"wp","href":"https:\/\/api.w.org\/{rel}","templated":true}]}}