{"id":3091,"date":"2023-07-05T10:24:19","date_gmt":"2023-07-05T08:24:19","guid":{"rendered":"https:\/\/agora.xtec.cat\/institutlasureda\/?page_id=3091"},"modified":"2025-03-30T12:05:10","modified_gmt":"2025-03-30T10:05:10","slug":"sureda-news","status":"publish","type":"page","link":"https:\/\/agora.xtec.cat\/institutlasureda\/sureda-news\/","title":{"rendered":"SUREDA NEWS"},"content":{"rendered":"<p><span class=\"C9DxTc \"><strong><em>Sureda News<\/em><\/strong>\u00a0<\/span><span class=\"C9DxTc \">\u00e9s\u00a0<\/span><span class=\"C9DxTc \">\u00a0projecte que neix\u00a0 de l&#8217;\u00e0mbit ling\u00fc\u00edstic i social i\u00a0 a partir del qual l&#8217;alumnat treballa la gesti\u00f3 i la creaci\u00f3 d&#8217;informaci\u00f3. Les\u00a0 participants recullen els esdeveniments del dia a dia del centre i en fan articles que es publiquen a la web. Tamb\u00e9 poden triar temes generals que considerin que s\u00f3n d\u2019inter\u00e8s per a l\u2019alumnat. Es treballen criteris d\u2019informaci\u00f3 alhora de decidir conjuntament quins s\u00f3n els temes a publicar i el seu tractament.<\/span><\/p>\n<p>En el seg\u00fcent enlla\u00e7 podeu visitar el web de la revista: <a href=\"https:\/\/sites.google.com\/inslasureda.cat\/suredanews\/p%C3%A0gina-principal\"><strong>SUR<\/strong><strong>EDA NEWS<\/strong><\/a><\/p>\n","protected":false},"excerpt":{"rendered":"<p>Sureda News\u00a0\u00e9s\u00a0\u00a0projecte que neix\u00a0 de l&#8217;\u00e0mbit ling\u00fc\u00edstic i social i\u00a0 a partir del qual l&#8217;alumnat treballa la gesti\u00f3 i la creaci\u00f3 d&#8217;informaci\u00f3. Les\u00a0 participants recullen els esdeveniments del dia a dia del centre i en fan articles que es publiquen a la web. Tamb\u00e9 poden triar temes generals que considerin que s\u00f3n d\u2019inter\u00e8s per a [&hellip;]<\/p>\n","protected":false},"author":11,"featured_media":0,"parent":0,"menu_order":0,"comment_status":"closed","ping_status":"closed","template":"","meta":{"_bbp_topic_count":0,"_bbp_reply_count":0,"_bbp_total_topic_count":0,"_bbp_total_reply_count":0,"_bbp_voice_count":0,"_bbp_anonymous_reply_count":0,"_bbp_topic_count_hidden":0,"_bbp_reply_count_hidden":0,"_bbp_forum_subforum_count":0,"site-sidebar-layout":"default","site-content-layout":"","ast-site-content-layout":"","site-content-style":"default","site-sidebar-style":"default","ast-global-header-display":"","ast-banner-title-visibility":"","ast-main-header-display":"","ast-hfb-above-header-display":"","ast-hfb-below-header-display":"","ast-hfb-mobile-header-display":"","site-post-title":"","ast-breadcrumbs-content":"","ast-featured-img":"","footer-sml-layout":"","theme-transparent-header-meta":"","adv-header-id-meta":"","stick-header-meta":"","header-above-stick-meta":"","header-main-stick-meta":"","header-below-stick-meta":"","astra-migrate-meta-layouts":"default","ast-page-background-enabled":"default","ast-page-background-meta":{"desktop":{"background-color":"var(--ast-global-color-4)","background-image":"","background-repeat":"repeat","background-position":"center center","background-size":"auto","background-attachment":"scroll","background-type":"","background-media":"","overlay-type":"","overlay-color":"","overlay-opacity":"","overlay-gradient":""},"tablet":{"background-color":"","background-image":"","background-repeat":"repeat","background-position":"center center","background-size":"auto","background-attachment":"scroll","background-type":"","background-media":"","overlay-type":"","overlay-color":"","overlay-opacity":"","overlay-gradient":""},"mobile":{"background-color":"","background-image":"","background-repeat":"repeat","background-position":"center center","background-size":"auto","background-attachment":"scroll","background-type":"","background-media":"","overlay-type":"","overlay-color":"","overlay-opacity":"","overlay-gradient":""}},"ast-content-background-meta":{"desktop":{"background-color":"var(--ast-global-color-5)","background-image":"","background-repeat":"repeat","background-position":"center center","background-size":"auto","background-attachment":"scroll","background-type":"","background-media":"","overlay-type":"","overlay-color":"","overlay-opacity":"","overlay-gradient":""},"tablet":{"background-color":"var(--ast-global-color-5)","background-image":"","background-repeat":"repeat","background-position":"center center","background-size":"auto","background-attachment":"scroll","background-type":"","background-media":"","overlay-type":"","overlay-color":"","overlay-opacity":"","overlay-gradient":""},"mobile":{"background-color":"var(--ast-global-color-5)","background-image":"","background-repeat":"repeat","background-position":"center center","background-size":"auto","background-attachment":"scroll","background-type":"","background-media":"","overlay-type":"","overlay-color":"","overlay-opacity":"","overlay-gradient":""}},"footnotes":""},"class_list":["post-3091","page","type-page","status-publish","hentry"],"post_mailing_queue_ids":[],"_links":{"self":[{"href":"https:\/\/agora.xtec.cat\/institutlasureda\/wp-json\/wp\/v2\/pages\/3091","targetHints":{"allow":["GET"]}}],"collection":[{"href":"https:\/\/agora.xtec.cat\/institutlasureda\/wp-json\/wp\/v2\/pages"}],"about":[{"href":"https:\/\/agora.xtec.cat\/institutlasureda\/wp-json\/wp\/v2\/types\/page"}],"author":[{"embeddable":true,"href":"https:\/\/agora.xtec.cat\/institutlasureda\/wp-json\/wp\/v2\/users\/11"}],"replies":[{"embeddable":true,"href":"https:\/\/agora.xtec.cat\/institutlasureda\/wp-json\/wp\/v2\/comments?post=3091"}],"version-history":[{"count":4,"href":"https:\/\/agora.xtec.cat\/institutlasureda\/wp-json\/wp\/v2\/pages\/3091\/revisions"}],"predecessor-version":[{"id":4237,"href":"https:\/\/agora.xtec.cat\/institutlasureda\/wp-json\/wp\/v2\/pages\/3091\/revisions\/4237"}],"wp:attachment":[{"href":"https:\/\/agora.xtec.cat\/institutlasureda\/wp-json\/wp\/v2\/media?parent=3091"}],"curies":[{"name":"wp","href":"https:\/\/api.w.org\/{rel}","templated":true}]}}