{"id":2294,"date":"2022-08-29T10:04:57","date_gmt":"2022-08-29T08:04:57","guid":{"rendered":"https:\/\/agora.xtec.cat\/institutlasureda\/?page_id=2294"},"modified":"2023-06-29T10:29:54","modified_gmt":"2023-06-29T08:29:54","slug":"eines-per-lalumnat","status":"publish","type":"page","link":"https:\/\/agora.xtec.cat\/institutlasureda\/eines-per-lalumnat\/","title":{"rendered":"Eines per l&#8217;alumnat"},"content":{"rendered":"<p>En aquesta p\u00e0gina trobareu recursos i informacions per ajudar-vos a gestionar el dia a dia al centre com per exemple com organitzar i presentar els vostres treballs i activitats.<\/p>\n<p>Com organitzar el nostre Drive. En el documen<em>t Protocol noms de documents<\/em> troba<a href=\"https:\/\/agora.xtec.cat\/institutlasureda\/wp-content\/uploads\/usu2113\/2022\/08\/drive.png\"><img loading=\"lazy\" decoding=\"async\" class=\"wp-image-2296 alignleft\" src=\"https:\/\/agora.xtec.cat\/institutlasureda\/wp-content\/uploads\/usu2113\/2022\/08\/drive.png\" alt=\"\" width=\"77\" height=\"77\" srcset=\"https:\/\/agora.xtec.cat\/institutlasureda\/wp-content\/uploads\/usu2113\/2022\/08\/drive.png 225w, https:\/\/agora.xtec.cat\/institutlasureda\/wp-content\/uploads\/usu2113\/2022\/08\/drive-150x150.png 150w\" sizes=\"auto, (max-width: 77px) 100vw, 77px\" \/><\/a>reu com posar nom als vostres documents al Drive, i com gestionar les carpetes per tenir tots els treballs f\u00e0cilment localitzables. <strong><a href=\"https:\/\/agora.xtec.cat\/institutlasureda\/wp-content\/uploads\/usu2113\/2022\/08\/Protocol-Noms-de-Documents.pdf\">PROTOCOL NOMS DE DOCUMENTS<\/a><\/strong><\/p>\n<p><a href=\"https:\/\/agora.xtec.cat\/institutlasureda\/wp-content\/uploads\/usu2113\/2022\/08\/istockphoto-1158718149-612x612-1.jpg\"><img loading=\"lazy\" decoding=\"async\" class=\"wp-image-2297 alignleft\" src=\"https:\/\/agora.xtec.cat\/institutlasureda\/wp-content\/uploads\/usu2113\/2022\/08\/istockphoto-1158718149-612x612-1.jpg\" alt=\"\" width=\"113\" height=\"75\" srcset=\"https:\/\/agora.xtec.cat\/institutlasureda\/wp-content\/uploads\/usu2113\/2022\/08\/istockphoto-1158718149-612x612-1.jpg 612w, https:\/\/agora.xtec.cat\/institutlasureda\/wp-content\/uploads\/usu2113\/2022\/08\/istockphoto-1158718149-612x612-1-300x200.jpg 300w\" sizes=\"auto, (max-width: 113px) 100vw, 113px\" \/><\/a>Com organitzar el nostre carpes\u00e0. Aquest document us explica com organitzar els fulls del carpes\u00e0 per mat\u00e8ries, i per unitats i unes normes senzilles per no perdre cap treball. <strong><a href=\"https:\/\/agora.xtec.cat\/institutlasureda\/wp-content\/uploads\/usu2113\/2022\/08\/Carpesa-presentacio-1.pdf\">GUIA DEL CARPES\u00c0<\/a><\/strong><\/p>\n<p>&nbsp;<\/p>\n<p><a href=\"https:\/\/agora.xtec.cat\/institutlasureda\/wp-content\/uploads\/usu2113\/2023\/04\/IMG_1661-1.jpg\"><img loading=\"lazy\" decoding=\"async\" class=\" wp-image-2859 alignleft\" src=\"https:\/\/agora.xtec.cat\/institutlasureda\/wp-content\/uploads\/usu2113\/2023\/04\/IMG_1661-1-150x150.jpg\" alt=\"\" width=\"97\" height=\"97\" \/><\/a><\/p>\n<p>Aqu\u00ed trobareu un enlla\u00e7 a la guia de pr\u00e9stec de la nostra biblioteca.<\/p>\n<p><a href=\"https:\/\/www.canva.com\/design\/DAFPOr6oiGQ\/FkpGbnKokWDT9zr5IEDbDA\/view?utm_content=DAFPOr6oiGQ&amp;utm_campaign=designshare&amp;utm_medium=link&amp;utm_source=viewer\"><strong>GUIA DE PR\u00c9STEC<\/strong><\/a><\/p>\n<p>&nbsp;<\/p>\n<p><a href=\"https:\/\/sites.google.com\/view\/tecniquesdestudi\/inici?authuser=0\"><strong>T\u00e8cniques d&#8217;estudi<\/strong>.<\/a> Aquesta web us proposa diferents estrat\u00e8gies i t\u00e8cniques per ajudar-vos a planificar el temps i treure el m\u00e0xim profit del temps que dediqueu a estudiar.<\/p>\n","protected":false},"excerpt":{"rendered":"<p>En aquesta p\u00e0gina trobareu recursos i informacions per ajudar-vos a gestionar el dia a dia al centre com per exemple com organitzar i presentar els vostres treballs i activitats. Com organitzar el nostre Drive. En el document Protocol noms de documents trobareu com posar nom als vostres documents al Drive, i com gestionar les carpetes [&hellip;]<\/p>\n","protected":false},"author":11,"featured_media":0,"parent":0,"menu_order":0,"comment_status":"closed","ping_status":"closed","template":"","meta":{"_bbp_topic_count":0,"_bbp_reply_count":0,"_bbp_total_topic_count":0,"_bbp_total_reply_count":0,"_bbp_voice_count":0,"_bbp_anonymous_reply_count":0,"_bbp_topic_count_hidden":0,"_bbp_reply_count_hidden":0,"_bbp_forum_subforum_count":0,"site-sidebar-layout":"default","site-content-layout":"","ast-site-content-layout":"","site-content-style":"default","site-sidebar-style":"default","ast-global-header-display":"","ast-banner-title-visibility":"","ast-main-header-display":"","ast-hfb-above-header-display":"","ast-hfb-below-header-display":"","ast-hfb-mobile-header-display":"","site-post-title":"","ast-breadcrumbs-content":"","ast-featured-img":"","footer-sml-layout":"","theme-transparent-header-meta":"","adv-header-id-meta":"","stick-header-meta":"","header-above-stick-meta":"","header-main-stick-meta":"","header-below-stick-meta":"","astra-migrate-meta-layouts":"default","ast-page-background-enabled":"default","ast-page-background-meta":{"desktop":{"background-color":"var(--ast-global-color-4)","background-image":"","background-repeat":"repeat","background-position":"center center","background-size":"auto","background-attachment":"scroll","background-type":"","background-media":"","overlay-type":"","overlay-color":"","overlay-opacity":"","overlay-gradient":""},"tablet":{"background-color":"","background-image":"","background-repeat":"repeat","background-position":"center center","background-size":"auto","background-attachment":"scroll","background-type":"","background-media":"","overlay-type":"","overlay-color":"","overlay-opacity":"","overlay-gradient":""},"mobile":{"background-color":"","background-image":"","background-repeat":"repeat","background-position":"center center","background-size":"auto","background-attachment":"scroll","background-type":"","background-media":"","overlay-type":"","overlay-color":"","overlay-opacity":"","overlay-gradient":""}},"ast-content-background-meta":{"desktop":{"background-color":"var(--ast-global-color-5)","background-image":"","background-repeat":"repeat","background-position":"center center","background-size":"auto","background-attachment":"scroll","background-type":"","background-media":"","overlay-type":"","overlay-color":"","overlay-opacity":"","overlay-gradient":""},"tablet":{"background-color":"var(--ast-global-color-5)","background-image":"","background-repeat":"repeat","background-position":"center center","background-size":"auto","background-attachment":"scroll","background-type":"","background-media":"","overlay-type":"","overlay-color":"","overlay-opacity":"","overlay-gradient":""},"mobile":{"background-color":"var(--ast-global-color-5)","background-image":"","background-repeat":"repeat","background-position":"center center","background-size":"auto","background-attachment":"scroll","background-type":"","background-media":"","overlay-type":"","overlay-color":"","overlay-opacity":"","overlay-gradient":""}},"footnotes":""},"class_list":["post-2294","page","type-page","status-publish","hentry"],"post_mailing_queue_ids":[],"_links":{"self":[{"href":"https:\/\/agora.xtec.cat\/institutlasureda\/wp-json\/wp\/v2\/pages\/2294","targetHints":{"allow":["GET"]}}],"collection":[{"href":"https:\/\/agora.xtec.cat\/institutlasureda\/wp-json\/wp\/v2\/pages"}],"about":[{"href":"https:\/\/agora.xtec.cat\/institutlasureda\/wp-json\/wp\/v2\/types\/page"}],"author":[{"embeddable":true,"href":"https:\/\/agora.xtec.cat\/institutlasureda\/wp-json\/wp\/v2\/users\/11"}],"replies":[{"embeddable":true,"href":"https:\/\/agora.xtec.cat\/institutlasureda\/wp-json\/wp\/v2\/comments?post=2294"}],"version-history":[{"count":3,"href":"https:\/\/agora.xtec.cat\/institutlasureda\/wp-json\/wp\/v2\/pages\/2294\/revisions"}],"predecessor-version":[{"id":3079,"href":"https:\/\/agora.xtec.cat\/institutlasureda\/wp-json\/wp\/v2\/pages\/2294\/revisions\/3079"}],"wp:attachment":[{"href":"https:\/\/agora.xtec.cat\/institutlasureda\/wp-json\/wp\/v2\/media?parent=2294"}],"curies":[{"name":"wp","href":"https:\/\/api.w.org\/{rel}","templated":true}]}}