{"id":2259,"date":"2022-06-28T14:05:48","date_gmt":"2022-06-28T12:05:48","guid":{"rendered":"https:\/\/agora.xtec.cat\/institutlasureda\/?page_id=2259"},"modified":"2023-11-06T10:00:37","modified_gmt":"2023-11-06T09:00:37","slug":"projectes-trimestrals","status":"publish","type":"page","link":"https:\/\/agora.xtec.cat\/institutlasureda\/projectes-trimestrals\/","title":{"rendered":"PROJECTES TRIMESTRALS"},"content":{"rendered":"<div><\/div>\n<p>Al nostre centre creiem que l\u2019espai de les connexions entre mat\u00e8ries o \u00e0mbits \u00e9s essencial per donar coher\u00e8ncia a les programacions i la nostra intenci\u00f3 \u00e9s que hi hagi una visi\u00f3 global i integrada de l\u2019aprenentatge.<\/p>\n<p>A part de treballar entre mat\u00e8ries, fem un projecte amb continguts transversals cada trimestre. Aquests projectes s\u00f3n rotatius cada dos anys.<\/p>\n<p>1r i 2n d&#8217;ESO:<\/p>\n<ul>\n<li>Projecte \u00a0<a href=\"https:\/\/www.canva.com\/design\/DAEvP-g6uzM\/fQ9Ob3QhPvfEnrgBb1i0kw\/view?utm_content=DAEvP-g6uzM&amp;utm_campaign=designshare&amp;utm_medium=link&amp;utm_source=publishsharelink\">Pirates<\/a><\/li>\n<li>Projecte \u00a0<a href=\"https:\/\/drive.google.com\/file\/d\/168ZfX_iaPl66V_pcaW41MuCKktJ1fhZk\/view\">Cooperem per tornar als or\u00edgens: ens fem agricultores<\/a><\/li>\n<li>Projecte \u00a0<a href=\"https:\/\/view.genial.ly\/6283b2adcf0f690018f1580d\/presentation-festesation\">Festes de Primavera<\/a><\/li>\n<\/ul>\n<p>1r i 2n d&#8217;ESO<\/p>\n<ul>\n<li>Projecte <a href=\"https:\/\/www.canva.com\/design\/DAFUSVF5oB8\/k9u50ae5BWNsEQ51rcsCdg\/view?utm_content=DAFUSVF5oB8&amp;utm_campaign=designshare&amp;utm_medium=link&amp;utm_source=publishsharelink#1\">Entrepans La Sureda<\/a><\/li>\n<li>Projecte <a href=\"https:\/\/www.canva.com\/design\/DAEeNQEhPks\/Tz55bGCg9DqnxNb1kr6WNw\/view?utm_content=DAEeNQEhPks&amp;utm_campaign=designshare&amp;utm_medium=link&amp;utm_source=publishsharelink#1\">Contes Tragirats<\/a><\/li>\n<li>Projecte L&#8217;espectacle m\u00e9s gran del m\u00f3n<\/li>\n<\/ul>\n<p>3r ESO<\/p>\n<ul>\n<li>Projecte <a href=\"https:\/\/agora.xtec.cat\/institutlasureda\/wp-content\/uploads\/usu2113\/2023\/06\/Black-and-Brown-Analog-Film-Fan-Love-Valentines-Day-Love-Presentation-2.pdf\">Introducci\u00f3 a la fotografia<\/a><\/li>\n<li>Projecte Fem les maletes<\/li>\n<\/ul>\n<p>4rt ESO<\/p>\n<ul>\n<li>Projecte Posem fil a l&#8217;agulla<\/li>\n<li>Projecte Tips and go away!<\/li>\n<\/ul>\n<p>&nbsp;<\/p>\n","protected":false},"excerpt":{"rendered":"<p>Al nostre centre creiem que l\u2019espai de les connexions entre mat\u00e8ries o \u00e0mbits \u00e9s essencial per donar coher\u00e8ncia a les programacions i la nostra intenci\u00f3 \u00e9s que hi hagi una visi\u00f3 global i integrada de l\u2019aprenentatge. A part de treballar entre mat\u00e8ries, fem un projecte amb continguts transversals cada trimestre. Aquests projectes s\u00f3n rotatius cada [&hellip;]<\/p>\n","protected":false},"author":11,"featured_media":0,"parent":0,"menu_order":0,"comment_status":"closed","ping_status":"closed","template":"","meta":{"_bbp_topic_count":0,"_bbp_reply_count":0,"_bbp_total_topic_count":0,"_bbp_total_reply_count":0,"_bbp_voice_count":0,"_bbp_anonymous_reply_count":0,"_bbp_topic_count_hidden":0,"_bbp_reply_count_hidden":0,"_bbp_forum_subforum_count":0,"site-sidebar-layout":"default","site-content-layout":"","ast-site-content-layout":"","site-content-style":"default","site-sidebar-style":"default","ast-global-header-display":"","ast-banner-title-visibility":"","ast-main-header-display":"","ast-hfb-above-header-display":"","ast-hfb-below-header-display":"","ast-hfb-mobile-header-display":"","site-post-title":"","ast-breadcrumbs-content":"","ast-featured-img":"","footer-sml-layout":"","theme-transparent-header-meta":"","adv-header-id-meta":"","stick-header-meta":"","header-above-stick-meta":"","header-main-stick-meta":"","header-below-stick-meta":"","astra-migrate-meta-layouts":"default","ast-page-background-enabled":"default","ast-page-background-meta":{"desktop":{"background-color":"var(--ast-global-color-4)","background-image":"","background-repeat":"repeat","background-position":"center center","background-size":"auto","background-attachment":"scroll","background-type":"","background-media":"","overlay-type":"","overlay-color":"","overlay-opacity":"","overlay-gradient":""},"tablet":{"background-color":"","background-image":"","background-repeat":"repeat","background-position":"center center","background-size":"auto","background-attachment":"scroll","background-type":"","background-media":"","overlay-type":"","overlay-color":"","overlay-opacity":"","overlay-gradient":""},"mobile":{"background-color":"","background-image":"","background-repeat":"repeat","background-position":"center center","background-size":"auto","background-attachment":"scroll","background-type":"","background-media":"","overlay-type":"","overlay-color":"","overlay-opacity":"","overlay-gradient":""}},"ast-content-background-meta":{"desktop":{"background-color":"var(--ast-global-color-5)","background-image":"","background-repeat":"repeat","background-position":"center center","background-size":"auto","background-attachment":"scroll","background-type":"","background-media":"","overlay-type":"","overlay-color":"","overlay-opacity":"","overlay-gradient":""},"tablet":{"background-color":"var(--ast-global-color-5)","background-image":"","background-repeat":"repeat","background-position":"center center","background-size":"auto","background-attachment":"scroll","background-type":"","background-media":"","overlay-type":"","overlay-color":"","overlay-opacity":"","overlay-gradient":""},"mobile":{"background-color":"var(--ast-global-color-5)","background-image":"","background-repeat":"repeat","background-position":"center center","background-size":"auto","background-attachment":"scroll","background-type":"","background-media":"","overlay-type":"","overlay-color":"","overlay-opacity":"","overlay-gradient":""}},"footnotes":""},"class_list":["post-2259","page","type-page","status-publish","hentry"],"post_mailing_queue_ids":[],"_links":{"self":[{"href":"https:\/\/agora.xtec.cat\/institutlasureda\/wp-json\/wp\/v2\/pages\/2259","targetHints":{"allow":["GET"]}}],"collection":[{"href":"https:\/\/agora.xtec.cat\/institutlasureda\/wp-json\/wp\/v2\/pages"}],"about":[{"href":"https:\/\/agora.xtec.cat\/institutlasureda\/wp-json\/wp\/v2\/types\/page"}],"author":[{"embeddable":true,"href":"https:\/\/agora.xtec.cat\/institutlasureda\/wp-json\/wp\/v2\/users\/11"}],"replies":[{"embeddable":true,"href":"https:\/\/agora.xtec.cat\/institutlasureda\/wp-json\/wp\/v2\/comments?post=2259"}],"version-history":[{"count":5,"href":"https:\/\/agora.xtec.cat\/institutlasureda\/wp-json\/wp\/v2\/pages\/2259\/revisions"}],"predecessor-version":[{"id":4183,"href":"https:\/\/agora.xtec.cat\/institutlasureda\/wp-json\/wp\/v2\/pages\/2259\/revisions\/4183"}],"wp:attachment":[{"href":"https:\/\/agora.xtec.cat\/institutlasureda\/wp-json\/wp\/v2\/media?parent=2259"}],"curies":[{"name":"wp","href":"https:\/\/api.w.org\/{rel}","templated":true}]}}