{"id":195,"date":"2014-09-22T10:39:39","date_gmt":"2014-09-22T10:39:39","guid":{"rendered":"http:\/\/agora.xtec.cat\/institutlasureda\/?page_id=195"},"modified":"2024-07-04T09:44:14","modified_gmt":"2024-07-04T07:44:14","slug":"estudis","status":"publish","type":"page","link":"https:\/\/agora.xtec.cat\/institutlasureda\/estudis\/","title":{"rendered":"Estudis i mat\u00e8ries"},"content":{"rendered":"<header class=\"entry-header\" style=\"color: #444444;\">L&#8217;Institut La Sureda t\u00e9 actualment una oferta formativa de 1r d&#8217;ESO a 4t d&#8217;ESO.<\/header>\n<header><\/header>\n<header><\/header>\n<header class=\"entry-header\" style=\"color: #444444;\">\n<ul>\n<li><strong>Mat\u00e8ries comunes<\/strong>:\n<ul style=\"list-style-type: circle;\">\n<li><span style=\"font-family: inherit; font-size: 1em;\">Llengua catalana i literatura<\/span><\/li>\n<li>Llengua castellana i literatura<\/li>\n<li>Llengua estrangera<\/li>\n<li>Ci\u00e8ncies socials: geografia i hist\u00f2ria<\/li>\n<li>Ci\u00e8ncies de la naturalesa: biologia i geologia<\/li>\n<li>Tecnologia<\/li>\n<li>Matem\u00e0tiques<\/li>\n<li>Educaci\u00f3 f\u00edsica<\/li>\n<li>M\u00fasica<\/li>\n<li>Educaci\u00f3 visual i pl\u00e0stica<\/li>\n<li>Religi\u00f3 o cultura i valors \u00e8tics<\/li>\n<\/ul>\n<\/li>\n<li><strong>Mat\u00e8ries Optatives dels diversos cursos<\/strong>: Medi ambient, Franc\u00e8s, Rob\u00f2tica, Refor\u00e7, Educaci\u00f3 Visual i Pl\u00e0stica, Esports, Economia, F\u00edsica, Dibuix, Tecnologia, Biologia, Cultura Cl\u00e0ssica, M\u00fasica, Cultura Cient\u00edfica, Filosofia.<\/li>\n<\/ul>\n<p><strong>Mat\u00e8ries<\/strong> que es cursen <strong>en angl\u00e8s: <\/strong>Educaci\u00f3 f\u00edsica, EVP i laboratori.<\/p>\n<p><strong>Treball de s\u00edntesi<\/strong>: Realitzem dos projectes interdisciplinaris en setmanes diferents del curs i d&#8217;aqu\u00ed es treu la qualificaci\u00f3 del treball de s\u00edntesi. Aquests projectes s\u00f3n de tem\u00e0tiques diferents. Fins ara, els projectes que s&#8217;han dut a terme s\u00f3n les seg\u00fcents:<\/p>\n<p>1r i 2n d&#8217;ESO<\/p>\n<ul>\n<li>Pirates i corsaris<\/li>\n<li>Entrepans La Sureda<\/li>\n<li>Contes Tragirats<\/li>\n<li>Projecte Circ<\/li>\n<li>Cooperem per tornar als or\u00edgens<\/li>\n<\/ul>\n<\/header>\n<header class=\"entry-header\" style=\"color: #444444;\">3r d&#8217;ESO<\/p>\n<ul>\n<li>Enfoquem-nos<\/li>\n<li>Fem les maletes<\/li>\n<\/ul>\n<p>4t d&#8217;ESO<\/p>\n<ul>\n<li>Posem fil a l&#8217;agulla<\/li>\n<li>Tips and go away!<\/li>\n<\/ul>\n<\/header>\n","protected":false},"excerpt":{"rendered":"<p>L&#8217;Institut La Sureda t\u00e9 actualment una oferta formativa de 1r d&#8217;ESO a 4t d&#8217;ESO. Mat\u00e8ries comunes: Llengua catalana i literatura Llengua castellana i literatura Llengua estrangera Ci\u00e8ncies socials: geografia i hist\u00f2ria Ci\u00e8ncies de la naturalesa: biologia i geologia Tecnologia Matem\u00e0tiques Educaci\u00f3 f\u00edsica M\u00fasica Educaci\u00f3 visual i pl\u00e0stica Religi\u00f3 o cultura i valors \u00e8tics Mat\u00e8ries Optatives [&hellip;]<\/p>\n","protected":false},"author":1,"featured_media":0,"parent":0,"menu_order":0,"comment_status":"closed","ping_status":"closed","template":"","meta":{"_bbp_topic_count":0,"_bbp_reply_count":0,"_bbp_total_topic_count":0,"_bbp_total_reply_count":0,"_bbp_voice_count":0,"_bbp_anonymous_reply_count":0,"_bbp_topic_count_hidden":0,"_bbp_reply_count_hidden":0,"_bbp_forum_subforum_count":0,"site-sidebar-layout":"default","site-content-layout":"","ast-site-content-layout":"","site-content-style":"default","site-sidebar-style":"default","ast-global-header-display":"","ast-banner-title-visibility":"","ast-main-header-display":"","ast-hfb-above-header-display":"","ast-hfb-below-header-display":"","ast-hfb-mobile-header-display":"","site-post-title":"","ast-breadcrumbs-content":"","ast-featured-img":"","footer-sml-layout":"","theme-transparent-header-meta":"","adv-header-id-meta":"","stick-header-meta":"","header-above-stick-meta":"","header-main-stick-meta":"","header-below-stick-meta":"","astra-migrate-meta-layouts":"default","ast-page-background-enabled":"default","ast-page-background-meta":{"desktop":{"background-color":"var(--ast-global-color-4)","background-image":"","background-repeat":"repeat","background-position":"center center","background-size":"auto","background-attachment":"scroll","background-type":"","background-media":"","overlay-type":"","overlay-color":"","overlay-opacity":"","overlay-gradient":""},"tablet":{"background-color":"","background-image":"","background-repeat":"repeat","background-position":"center center","background-size":"auto","background-attachment":"scroll","background-type":"","background-media":"","overlay-type":"","overlay-color":"","overlay-opacity":"","overlay-gradient":""},"mobile":{"background-color":"","background-image":"","background-repeat":"repeat","background-position":"center center","background-size":"auto","background-attachment":"scroll","background-type":"","background-media":"","overlay-type":"","overlay-color":"","overlay-opacity":"","overlay-gradient":""}},"ast-content-background-meta":{"desktop":{"background-color":"var(--ast-global-color-5)","background-image":"","background-repeat":"repeat","background-position":"center center","background-size":"auto","background-attachment":"scroll","background-type":"","background-media":"","overlay-type":"","overlay-color":"","overlay-opacity":"","overlay-gradient":""},"tablet":{"background-color":"var(--ast-global-color-5)","background-image":"","background-repeat":"repeat","background-position":"center center","background-size":"auto","background-attachment":"scroll","background-type":"","background-media":"","overlay-type":"","overlay-color":"","overlay-opacity":"","overlay-gradient":""},"mobile":{"background-color":"var(--ast-global-color-5)","background-image":"","background-repeat":"repeat","background-position":"center center","background-size":"auto","background-attachment":"scroll","background-type":"","background-media":"","overlay-type":"","overlay-color":"","overlay-opacity":"","overlay-gradient":""}},"footnotes":""},"class_list":["post-195","page","type-page","status-publish","hentry"],"post_mailing_queue_ids":[],"_links":{"self":[{"href":"https:\/\/agora.xtec.cat\/institutlasureda\/wp-json\/wp\/v2\/pages\/195","targetHints":{"allow":["GET"]}}],"collection":[{"href":"https:\/\/agora.xtec.cat\/institutlasureda\/wp-json\/wp\/v2\/pages"}],"about":[{"href":"https:\/\/agora.xtec.cat\/institutlasureda\/wp-json\/wp\/v2\/types\/page"}],"author":[{"embeddable":true,"href":"https:\/\/agora.xtec.cat\/institutlasureda\/wp-json\/wp\/v2\/users\/1"}],"replies":[{"embeddable":true,"href":"https:\/\/agora.xtec.cat\/institutlasureda\/wp-json\/wp\/v2\/comments?post=195"}],"version-history":[{"count":4,"href":"https:\/\/agora.xtec.cat\/institutlasureda\/wp-json\/wp\/v2\/pages\/195\/revisions"}],"predecessor-version":[{"id":3757,"href":"https:\/\/agora.xtec.cat\/institutlasureda\/wp-json\/wp\/v2\/pages\/195\/revisions\/3757"}],"wp:attachment":[{"href":"https:\/\/agora.xtec.cat\/institutlasureda\/wp-json\/wp\/v2\/media?parent=195"}],"curies":[{"name":"wp","href":"https:\/\/api.w.org\/{rel}","templated":true}]}}