{"id":4085,"date":"2023-05-31T18:01:59","date_gmt":"2023-05-31T16:01:59","guid":{"rendered":"https:\/\/agora.xtec.cat\/institutgranollers\/?page_id=4085"},"modified":"2023-06-05T16:31:45","modified_gmt":"2023-06-05T14:31:45","slug":"cultura-digital","status":"publish","type":"page","link":"https:\/\/agora.xtec.cat\/institutgranollers\/estrategia-digital-de-centre-edc\/cultura-digital\/","title":{"rendered":"Cultura Digital"},"content":{"rendered":"<h3 class=\"western\" align=\"left\"><strong><span style=\"color: #ff0000;\"><span style=\"font-family: arial;\"><span style=\"font-size: x-large;\"><b>Cultura Digital<\/b><\/span><\/span><\/span><\/strong><\/h3>\n<p><span style=\"color: #444444;\"><span style=\"font-family: Open Sans, Arial, Helvetica, sans-serif;\"><span style=\"font-size: medium;\">El document de l\u2019EDC ser\u00e0 la refer\u00e8ncia del centre en l\u2019\u00e0mbit de tecnologies digitals. Per tant, \u00e9s important que aquest document reculli la gesti\u00f3 di\u00e0ria de l\u2019organitzaci\u00f3 digital del centre:<br \/>\n<\/span><\/span><\/span><span style=\"color: #444444;\"><span style=\"font-family: Open Sans, Arial, Helvetica, sans-serif;\"><span style=\"font-size: medium;\">&#8211; Qu\u00e8 est\u00e0 fent el centre en temes digitals?<br \/>\n&#8211; Quines accions el centre ja t\u00e9 consolidades i funcionen?\u00a0<\/span><\/span><\/span><\/p>\n<p>&nbsp;<\/p>\n<p><img loading=\"lazy\" decoding=\"async\" class=\"aligncenter\" src=\"https:\/\/projectes.xtec.cat\/edc-suport\/wp-content\/uploads\/usu2435\/2021\/03\/2_Qu%C3%A8-%C3%A9s-la-Cultura-Digital-dun-centre_v3-1024x724.jpg\" width=\"521\" height=\"369\" \/><\/p>\n<p>&nbsp;<\/p>\n<p align=\"justify\">Aquest document presenta tots els serveis, guies, protocols i actuacions de l\u2019Institut Marta Estrada relacionats amb l\u2019estrat\u00e8gia digital del centre.<br \/>\nEn la seg\u00fcent taula podeu clicar sobre els vincles per veure en detall totes aquestes actuacions:<\/p>\n<table class=\" alignleft\" style=\"width: 92.4983%; height: 683px;\" width=\"964\" cellspacing=\"0\" cellpadding=\"6\">\n<tbody>\n<tr style=\"height: 111px;\">\n<td style=\"background: #d3f2f8; width: 34.6525%; height: 111px;\" bgcolor=\"#d3f2f8\" width=\"435\">\n<p align=\"left\"><span style=\"font-family: Arial, sans-serif;\"><span style=\"font-size: medium;\"><b><br \/>\nDesplegament curricular de la compet\u00e8ncia digital de l\u2019alumnat<\/b><\/span><\/span><\/p>\n<\/td>\n<td style=\"background: #d3f2f8; width: 77.3168%; height: 111px;\" bgcolor=\"#d3f2f8\" width=\"504\"><span style=\"font-family: Arial, sans-serif;\"><span style=\"font-size: medium;\"><br \/>\nL\u2019assoliment de la compet\u00e8ncia digital de l\u2019alumnat s\u2019ha d\u2019aconseguir de forma transversal amb la implicaci\u00f3 de totes les mat\u00e8ries o \u00e0mbits, en els diferents nivells i cursos.<br \/>\n<\/span><\/span><\/td>\n<\/tr>\n<tr style=\"height: 137px;\">\n<td style=\"background: #f6f9d4; width: 34.6525%; height: 137px;\" bgcolor=\"#f6f9d4\" width=\"435\">\n<p align=\"left\"><span style=\"font-family: Arial, sans-serif;\"><span style=\"font-size: medium;\"><b><br \/>\nDescripci\u00f3 dels serveis digitals que s\u2019ofereixen a alumnes, professorat i fam\u00edlies, i procediments de gesti\u00f3 <\/b><\/span><\/span><\/p>\n<\/td>\n<td style=\"background: #f6f9d4; width: 77.3168%; height: 137px;\" bgcolor=\"#f6f9d4\" width=\"504\"><span style=\"font-family: Arial, sans-serif;\"><span style=\"font-size: medium;\"><br \/>\nServeis digitals propis del centre \/ Serveis digitals externs al centre \/ Procediment d\u2019alta d\u2019usuaris (alumnat, professorat i fam\u00edlia) \/ Acords d\u2019\u00fas de la plataforma EVA \/ Organitzaci\u00f3 de la documentaci\u00f3 digital del centre \/ Gesti\u00f3 de les aules inform\u00e0tiques, dels carros d\u2019ordinadors i dels ordinadors de pr\u00e9stec,<\/span><\/span><\/td>\n<\/tr>\n<tr style=\"height: 152px;\">\n<td style=\"background: #d3f2f8; width: 34.6525%; height: 152px;\" bgcolor=\"#d3f2f8\" width=\"435\">\n<p align=\"left\"><span style=\"font-family: Arial, sans-serif;\"><span style=\"font-size: medium;\"><b><br \/>\n<span style=\"text-decoration: underline;\"><a href=\"https:\/\/docs.google.com\/document\/d\/1AYJ0WGEgbfQC20jDY35H_TMg29-Hl9s1cTV1SLxLY5A\/edit?usp=sharing\" target=\"_blank\" rel=\"noopener\">Acolliment digital dels alumnes, docents i fam\u00edlies de nova incorporaci\u00f3<\/a><\/span><\/b><\/span><\/span><\/p>\n<\/td>\n<td style=\"background: #d3f2f8; width: 77.3168%; height: 152px;\" bgcolor=\"#d3f2f8\" width=\"504\"><span style=\"font-family: Arial, sans-serif;\"><span style=\"font-size: medium;\"><br \/>\nPlanificaci\u00f3 de la incorporaci\u00f3 de nou alumnat al centre en temes digitals: usuaris, serveis que poden utilitzar, formaci\u00f3 inicial, normativa d\u2019\u00fas, etc. \/Planificaci\u00f3 de la incorporaci\u00f3 de nous docents en temes digitals: usuaris, serveis que pot utilitzar, disponibilitat d\u2019ordinadors, formaci\u00f3 metodol\u00f2gica, etc. \/Planificaci\u00f3 de la incorporaci\u00f3 de les fam\u00edlies en temes digitals: usuaris, serveis que pot utilitzar, formaci\u00f3 inicial, etc.<\/span><\/span><\/td>\n<\/tr>\n<tr style=\"height: 111px;\">\n<td style=\"background: #f6f9d4; width: 34.6525%; height: 111px;\" bgcolor=\"#f6f9d4\" width=\"435\">\n<p align=\"left\"><span style=\"font-family: Arial, sans-serif;\"><span style=\"font-size: medium;\"><b><br \/>\nComunicacions amb la comunitat educativa<\/b><\/span><\/span><\/p>\n<\/td>\n<td style=\"background: #f6f9d4; width: 77.3168%; height: 111px;\" bgcolor=\"#f6f9d4\" width=\"504\">\n<p align=\"justify\"><span style=\"font-family: Arial, sans-serif;\"><span style=\"font-size: medium;\">Disseny de la comunicaci\u00f3 digital fam\u00edlies-centre (tutors, professorat, direcci\u00f3\u2026), alumnat-professorat i entre el mateix professorat. <\/span><\/span><\/p>\n<\/td>\n<\/tr>\n<tr style=\"height: 86px;\">\n<td style=\"background: #d3f2f8; width: 34.6525%; height: 86px;\" bgcolor=\"#d3f2f8\" width=\"435\">\n<p align=\"left\"><span style=\"font-family: Arial, sans-serif;\"><span style=\"font-size: medium;\"><b><br \/>\n<span style=\"text-decoration: underline;\"><a href=\"https:\/\/docs.google.com\/document\/d\/1kV8NU3WBpok7Af2M4XpAFA2RUVwwvjDe\/edit?usp=sharing&amp;ouid=101219410086893792420&amp;rtpof=true&amp;sd=true\" target=\"_blank\" rel=\"noopener\">Portals web i xarxes socials<\/a><\/span><\/b><\/span><\/span><\/p>\n<\/td>\n<td style=\"background: #d3f2f8; width: 77.3168%; height: 86px;\" bgcolor=\"#d3f2f8\" width=\"504\"><span style=\"font-family: Arial, sans-serif;\"><span style=\"font-size: medium;\"><br \/>\nOrganitzaci\u00f3 del manteniment de la informaci\u00f3 dels portals i de les xarxes socials del centre. <\/span><\/span><\/td>\n<\/tr>\n<tr style=\"height: 86px;\">\n<td style=\"background: #f6f9d4; width: 34.6525%; height: 86px;\" bgcolor=\"#f6f9d4\" width=\"435\">\n<p align=\"left\"><strong><span style=\"color: #444444;\"><span style=\"font-family: Arial, sans-serif;\"><span style=\"font-size: medium;\"><b><br \/>\nAcords o protocols de centre referents a l\u2019EDC <\/b><\/span><\/span><\/span><\/strong><b> <\/b><\/p>\n<\/td>\n<td style=\"background: #f6f9d4; width: 77.3168%; height: 86px;\" bgcolor=\"#f6f9d4\" width=\"504\"><span style=\"font-family: Arial, sans-serif;\"><span style=\"font-size: medium;\"><br \/>\nAltres procediments o acords que el centre hagi definit respecte a l\u2019estrat\u00e8gia digital: \u00fas de m\u00f2bils al centre, \u00fas de l\u2019EVA, revisi\u00f3 i utilitzaci\u00f3 d\u2019aplicacions al n\u00favol.<\/span><\/span><\/td>\n<\/tr>\n<\/tbody>\n<\/table>\n<p>&nbsp;<\/p>\n<p align=\"justify\">\n","protected":false},"excerpt":{"rendered":"<p>Cultura Digital<br \/>\nEl document de l\u2019EDC ser\u00e0 la refer\u00e8ncia del centre en l\u2019\u00e0mbit de tecnologies digitals. Per tant, \u00e9s important que aquest document reculli la gesti\u00f3 di\u00e0ria de l\u2019organitzaci\u00f3 digital del centre:<br \/>\n&#8211; Qu\u00e8 est\u00e0 fent el centre en temes digitals?<br \/>\n&#8211; Quines accions el centre ja t\u00e9&hellip;  <a href=\"https:\/\/agora.xtec.cat\/institutgranollers\/estrategia-digital-de-centre-edc\/cultura-digital\/\" title=\"Read Cultura Digital\">Llegeix m\u00e9s\u00bb<\/a><\/p>\n","protected":false},"author":1,"featured_media":0,"parent":4078,"menu_order":0,"comment_status":"closed","ping_status":"closed","template":"","meta":{"_bbp_topic_count":0,"_bbp_reply_count":0,"_bbp_total_topic_count":0,"_bbp_total_reply_count":0,"_bbp_voice_count":0,"_bbp_anonymous_reply_count":0,"_bbp_topic_count_hidden":0,"_bbp_reply_count_hidden":0,"_bbp_forum_subforum_count":0,"footnotes":""},"class_list":["post-4085","page","type-page","status-publish","hentry"],"post_mailing_queue_ids":[],"_links":{"self":[{"href":"https:\/\/agora.xtec.cat\/institutgranollers\/wp-json\/wp\/v2\/pages\/4085","targetHints":{"allow":["GET"]}}],"collection":[{"href":"https:\/\/agora.xtec.cat\/institutgranollers\/wp-json\/wp\/v2\/pages"}],"about":[{"href":"https:\/\/agora.xtec.cat\/institutgranollers\/wp-json\/wp\/v2\/types\/page"}],"author":[{"embeddable":true,"href":"https:\/\/agora.xtec.cat\/institutgranollers\/wp-json\/wp\/v2\/users\/1"}],"replies":[{"embeddable":true,"href":"https:\/\/agora.xtec.cat\/institutgranollers\/wp-json\/wp\/v2\/comments?post=4085"}],"version-history":[{"count":4,"href":"https:\/\/agora.xtec.cat\/institutgranollers\/wp-json\/wp\/v2\/pages\/4085\/revisions"}],"predecessor-version":[{"id":4128,"href":"https:\/\/agora.xtec.cat\/institutgranollers\/wp-json\/wp\/v2\/pages\/4085\/revisions\/4128"}],"up":[{"embeddable":true,"href":"https:\/\/agora.xtec.cat\/institutgranollers\/wp-json\/wp\/v2\/pages\/4078"}],"wp:attachment":[{"href":"https:\/\/agora.xtec.cat\/institutgranollers\/wp-json\/wp\/v2\/media?parent=4085"}],"curies":[{"name":"wp","href":"https:\/\/api.w.org\/{rel}","templated":true}]}}