{"id":4083,"date":"2023-05-31T18:00:57","date_gmt":"2023-05-31T16:00:57","guid":{"rendered":"https:\/\/agora.xtec.cat\/institutgranollers\/?page_id=4083"},"modified":"2025-01-26T20:07:52","modified_gmt":"2025-01-26T19:07:52","slug":"estrategia","status":"publish","type":"page","link":"https:\/\/agora.xtec.cat\/institutgranollers\/estrategia-digital-de-centre-edc\/estrategia\/","title":{"rendered":"Part estrat\u00e8gica"},"content":{"rendered":"<h3 class=\"western\" align=\"left\"><strong><span style=\"color: #ff0000;\"><span style=\"font-family: arial;\"><span style=\"font-size: x-large;\"><b>Estrat\u00e8gia<\/b><\/span><\/span><\/span><\/strong><\/h3>\n<p>Per dissenyar una bona EDC caldr\u00e0 seguir unes fases determinades. Aquestes fases ens ajudaran a definir el cam\u00ed cap on volem dirigir-nos, digitalment parlant, i com volem aconseguir aquesta fita. Mitjan\u00e7ant l&#8217;\u00fas de diferents instruments, serem capa\u00e7os de <span style=\"color: #212121;\"><span style=\"font-family: Open Sans;\"><span style=\"font-size: medium;\"><span style=\"color: #444444;\"><span style=\"font-family: Open Sans, Arial, Helvetica, sans-serif;\">concretar quin grau de maduresa digital necessitem que assoleixi el centre en cada \u00e0mbit (alumnat, professorat i centre), i com ho durem a terme.<\/span><\/span><\/span><\/span><\/span><\/p>\n<p><strong>Fases de la part estrat\u00e8gica:<\/strong><\/p>\n<ul>\n<li><strong><span style=\"color: #444444;\"><span style=\"font-family: Open Sans, Arial, Helvetica, sans-serif;\"><span style=\"font-size: medium;\"><b>Diagnosi: <\/b><\/span><\/span><\/span><\/strong><span style=\"color: #444444;\"><span style=\"font-family: Open Sans, Arial, Helvetica, sans-serif;\"><span style=\"font-size: medium;\">eines d\u2019an\u00e0lisi per detectar els punts forts i els punts d\u00e8bils del centre:<\/span><\/span><\/span><b> <\/b><span style=\"color: #444444;\"><span style=\"font-family: Open Sans, Arial, Helvetica, sans-serif;\"><span style=\"font-size: medium;\"> an\u00e0lisi dels indicadors de centre, realitzaci\u00f3 d\u2019enquestes a la comunitat escolar, entrevistes, observacions, \u00fas de la r\u00fabrica del pla TAC, de l\u2019eina SELFIE, etc.<\/span><\/span><\/span><\/li>\n<li><strong><span style=\"color: #444444;\"><span style=\"font-family: Open Sans, Arial, Helvetica, sans-serif;\"><span style=\"font-size: medium;\"><b>Objectius de l\u2019Estrat\u00e8gia Digital: <\/b><\/span><\/span><\/span><\/strong><span style=\"color: #444444;\"><span style=\"font-family: Open Sans, Arial, Helvetica, sans-serif;\"><span style=\"font-size: medium;\">s\u00f3n els<\/span><\/span><\/span><b> <\/b><span style=\"color: #444444;\"><span style=\"font-family: Open Sans, Arial, Helvetica, sans-serif;\"><span style=\"font-size: medium;\">que es concret<\/span><\/span><\/span><span style=\"color: #444444;\"><span style=\"font-family: Open Sans, Arial, Helvetica, sans-serif;\"><span style=\"font-size: medium;\">aran<\/span><\/span><\/span><span style=\"color: #444444;\"><span style=\"font-family: Open Sans, Arial, Helvetica, sans-serif;\"><span style=\"font-size: medium;\"> a mitj\u00e0 termini (3 o 4 anys).<br \/>\n<\/span><\/span><\/span><\/li>\n<li><strong><span style=\"color: #444444;\"><span style=\"font-family: Open Sans, Arial, Helvetica, sans-serif;\"><span style=\"font-size: medium;\"><b>Planificaci\u00f3 i seguiment: <\/b><\/span><\/span><\/span><\/strong><span style=\"color: #444444;\"><span style=\"font-family: Open Sans, Arial, Helvetica, sans-serif;\"><span style=\"font-size: medium;\"> accions detallades per tal d\u2019assolir els objectius fixats. <\/span><\/span><\/span><\/li>\n<li>\n<p align=\"justify\"><strong><span style=\"color: #444444;\"><span style=\"font-family: Open Sans, Arial, Helvetica, sans-serif;\"><span style=\"font-size: medium;\"><b>Avaluaci\u00f3 i millora: <\/b><\/span><\/span><\/span><\/strong><span style=\"color: #444444;\"><span style=\"font-family: Open Sans, Arial, Helvetica, sans-serif;\"><span style=\"font-size: medium;\">concre<\/span><\/span><\/span><span style=\"color: #444444;\"><span style=\"font-family: Open Sans, Arial, Helvetica, sans-serif;\"><span style=\"font-size: medium;\">ci\u00f3 dels<\/span><\/span><\/span><span style=\"color: #444444;\"><span style=\"font-family: Open Sans, Arial, Helvetica, sans-serif;\"><span style=\"font-size: medium;\"> indicadors d\u2019assoliments per cada objectiu i <\/span><\/span><\/span><span style=\"color: #444444;\"><span style=\"font-family: Open Sans, Arial, Helvetica, sans-serif;\"><span style=\"font-size: medium;\">dels<\/span><\/span><\/span><span style=\"color: #444444;\"><span style=\"font-family: Open Sans, Arial, Helvetica, sans-serif;\"><span style=\"font-size: medium;\"> indicadors de seguiment de cada activitat.<\/span><\/span><\/span><\/p>\n<\/li>\n<\/ul>\n<p><img loading=\"lazy\" decoding=\"async\" class=\"aligncenter\" src=\"https:\/\/agora.xtec.cat\/ies-dperramon\/wp-content\/uploads\/usu947\/2022\/07\/FA.png\" width=\"425\" height=\"302\" \/><\/p>\n<p><strong>Per veure com hem implementat les 4 fases a l&#8217;Institut Marta Estrada, clica en qualsevol de les imatges:<\/strong><\/p>\n<dl>\n<dd>\n<table class=\" aligncenter\" style=\"width: 383px; border-color: #f5f5ed;\" width=\"383\" cellspacing=\"0\" cellpadding=\"4\">\n<tbody>\n<tr>\n<td style=\"width: 195.188px;\">\n<p align=\"center\"><a href=\"https:\/\/drive.google.com\/file\/d\/1JTTelPhpUQp02hSUYw2u8Cps67usbb_Y\/view?usp=sharing\"><img loading=\"lazy\" decoding=\"async\" class=\"\" src=\"https:\/\/cdn-icons-png.flaticon.com\/512\/1786\/1786559.png\" alt=\"Diagn\u00f3stico - Iconos gratis de comunicaciones\" width=\"101\" height=\"101\" \/><\/a><\/p>\n<p style=\"text-align: center;\">Diagnosi<\/p>\n<\/td>\n<td style=\"width: 185.797px;\">\n<p align=\"center\"><a href=\"https:\/\/drive.google.com\/file\/d\/1JTTelPhpUQp02hSUYw2u8Cps67usbb_Y\/view?usp=sharing\"><img loading=\"lazy\" decoding=\"async\" class=\"\" src=\"https:\/\/2.bp.blogspot.com\/-f4AYYliqj4M\/WRhhcyCEhqI\/AAAAAAAAQAU\/e6QZ2axj4lEGnkZnpDb2baZSP0Z9R7G7gCLcB\/s1600\/proyecto%2Bde%2Bvida.png\" alt=\"Curso: Seminario Fundamentos e-learning, Tema: Proyecto final\" width=\"139\" height=\"105\" \/><\/a><\/p>\n<p align=\"center\">Objectius<\/p>\n<\/td>\n<\/tr>\n<tr>\n<td style=\"width: 195.188px;\">\n<p align=\"center\"><a href=\"https:\/\/drive.google.com\/file\/d\/1JTTelPhpUQp02hSUYw2u8Cps67usbb_Y\/view?usp=sharing\"><img loading=\"lazy\" decoding=\"async\" class=\"\" src=\"https:\/\/img.freepik.com\/vector-premium\/icono-delgado-color-coleccion-verificacion-planificacion-negocios-concepto-finanzas-ilustracion-vectorial_168824-105.jpg\" alt=\"Icono delgado de color de colecci\u00f3n de verificaci\u00f3n de planificaci\u00f3n de negocios y concepto de finanzas ilustraci\u00f3n vectorial | Vector Premium\" width=\"126\" height=\"126\" \/><\/a><\/p>\n<p style=\"text-align: left;\">Planificaci\u00f3 i seguiment de\u00a0 \u00a0 \u00a0 \u00a0 \u00a0 \u00a0 \u00a0 \u00a0 les activitats<\/p>\n<\/td>\n<td style=\"width: 185.797px;\">\n<p align=\"center\"><a href=\"https:\/\/drive.google.com\/file\/d\/1JTTelPhpUQp02hSUYw2u8Cps67usbb_Y\/view?usp=sharing\"><img loading=\"lazy\" decoding=\"async\" class=\"alignnone wp-image-4119\" src=\"https:\/\/agora.xtec.cat\/institutgranollers\/wp-content\/uploads\/usu289\/2023\/06\/benfet.png\" alt=\"\" width=\"124\" height=\"124\" srcset=\"https:\/\/agora.xtec.cat\/institutgranollers\/wp-content\/uploads\/usu289\/2023\/06\/benfet.png 225w, https:\/\/agora.xtec.cat\/institutgranollers\/wp-content\/uploads\/usu289\/2023\/06\/benfet-150x150.png 150w\" sizes=\"auto, (max-width: 124px) 100vw, 124px\" \/><\/a><\/p>\n<p align=\"center\">Avaluaci\u00f3 i millora<\/p>\n<\/td>\n<\/tr>\n<\/tbody>\n<\/table>\n<\/dd>\n<\/dl>\n<p>&nbsp;<\/p>\n","protected":false},"excerpt":{"rendered":"<p>Estrat\u00e8gia<br \/>\nPer dissenyar una bona EDC caldr\u00e0 seguir unes fases determinades. Aquestes fases ens ajudaran a definir el cam\u00ed cap on volem dirigir-nos, digitalment parlant, i com volem aconseguir aquesta fita. Mitjan\u00e7ant l&#8217;\u00fas de diferents instruments, serem capa\u00e7os de concretar quin grau de maduresa digital necessitem&hellip;  <a href=\"https:\/\/agora.xtec.cat\/institutgranollers\/estrategia-digital-de-centre-edc\/estrategia\/\" title=\"Read Part estrat\u00e8gica\">Llegeix m\u00e9s\u00bb<\/a><\/p>\n","protected":false},"author":1,"featured_media":0,"parent":4078,"menu_order":0,"comment_status":"closed","ping_status":"closed","template":"","meta":{"_bbp_topic_count":0,"_bbp_reply_count":0,"_bbp_total_topic_count":0,"_bbp_total_reply_count":0,"_bbp_voice_count":0,"_bbp_anonymous_reply_count":0,"_bbp_topic_count_hidden":0,"_bbp_reply_count_hidden":0,"_bbp_forum_subforum_count":0,"footnotes":""},"class_list":["post-4083","page","type-page","status-publish","hentry"],"post_mailing_queue_ids":[],"_links":{"self":[{"href":"https:\/\/agora.xtec.cat\/institutgranollers\/wp-json\/wp\/v2\/pages\/4083","targetHints":{"allow":["GET"]}}],"collection":[{"href":"https:\/\/agora.xtec.cat\/institutgranollers\/wp-json\/wp\/v2\/pages"}],"about":[{"href":"https:\/\/agora.xtec.cat\/institutgranollers\/wp-json\/wp\/v2\/types\/page"}],"author":[{"embeddable":true,"href":"https:\/\/agora.xtec.cat\/institutgranollers\/wp-json\/wp\/v2\/users\/1"}],"replies":[{"embeddable":true,"href":"https:\/\/agora.xtec.cat\/institutgranollers\/wp-json\/wp\/v2\/comments?post=4083"}],"version-history":[{"count":7,"href":"https:\/\/agora.xtec.cat\/institutgranollers\/wp-json\/wp\/v2\/pages\/4083\/revisions"}],"predecessor-version":[{"id":4663,"href":"https:\/\/agora.xtec.cat\/institutgranollers\/wp-json\/wp\/v2\/pages\/4083\/revisions\/4663"}],"up":[{"embeddable":true,"href":"https:\/\/agora.xtec.cat\/institutgranollers\/wp-json\/wp\/v2\/pages\/4078"}],"wp:attachment":[{"href":"https:\/\/agora.xtec.cat\/institutgranollers\/wp-json\/wp\/v2\/media?parent=4083"}],"curies":[{"name":"wp","href":"https:\/\/api.w.org\/{rel}","templated":true}]}}