{"id":4078,"date":"2023-05-31T17:55:34","date_gmt":"2023-05-31T15:55:34","guid":{"rendered":"https:\/\/agora.xtec.cat\/institutgranollers\/?page_id=4078"},"modified":"2023-06-05T14:02:10","modified_gmt":"2023-06-05T12:02:10","slug":"estrategia-digital-de-centre-edc","status":"publish","type":"page","link":"https:\/\/agora.xtec.cat\/institutgranollers\/estrategia-digital-de-centre-edc\/","title":{"rendered":"Estrat\u00e8gia Digital de Centre &#8211; EDC"},"content":{"rendered":"<h3 class=\"western\" align=\"left\"><strong><span style=\"color: #ff0000;\"><span style=\"font-family: arial;\"><span style=\"font-size: x-large;\"><b>Estrat\u00e8gia Digital de Centre<\/b><\/span><\/span><\/span><\/strong><\/h3>\n<p>L\u2019Estrat\u00e8gia Digital de Centre (EDC) \u00e9s un document pr\u00e0ctic que recull totes les accions que es realitzen actualment en el centre &#8211; i les que es realitzaran a mitj\u00e0 termini -, per aconseguir la m\u00e0xima compet\u00e8ncia digital de l\u2019alumnat, del professorat i del centre educatiu.<\/p>\n<p>Ha de tenir com a referent el Pla d\u2019educaci\u00f3 digital de Catalunya (PEDC), on s\u2019indica la necessitat d\u2019assolir la fita d\u2019una societat digitalment competent, fent \u00e8mfasi en l\u2019equitat i tenint en compte l\u2019evoluci\u00f3 del context social i tecnol\u00f2gic.<\/p>\n<p>&nbsp;<\/p>\n<p><img loading=\"lazy\" decoding=\"async\" class=\"aligncenter\" src=\"https:\/\/projectes.xtec.cat\/edc-suport\/wp-content\/uploads\/usu2435\/2021\/03\/1_Qu%C3%A8-%C3%A9s-lEDC_v3-1-1024x724.jpg\" width=\"478\" height=\"338\" \/><\/p>\n<p>&nbsp;<\/p>\n<p><strong>Qu\u00e8 volem aconseguir amb l&#8217;elaboraci\u00f3 del Pla estrat\u00e8gic Digital en el nostre Institut?<\/strong><\/p>\n<p>Amb la implantaci\u00f3 de l&#8217;Estrat\u00e8gia Digital de Centre, busquem assolir els seg\u00fcents objectius:<\/p>\n<ul>\n<li style=\"list-style-type: none;\">\n<ul>\n<li>Assegurar la compet\u00e8ncia digital de tot l&#8217;alumnat i professorat.<\/li>\n<li>Implementar el desplegament curricular digital per a tota l&#8217;etapa de l&#8217;ESO.<\/li>\n<li>Facilitar la inclusi\u00f3 digital de tots els agents de la comunitat educativa.<\/li>\n<li>Documentar els protocols de desplegament de cultura digital del centre.<\/li>\n<\/ul>\n<\/li>\n<\/ul>\n<p align=\"left\"><strong>Com desenvoluparem l&#8217;Estrat\u00e8gia Digital de Centre a l&#8217;Institut Marta Estrada?<\/strong><\/p>\n<p align=\"left\"><span style=\"color: #212121;\"><span style=\"font-family: Open Sans;\"><span style=\"font-size: medium;\"><span style=\"color: #444444;\"><span style=\"font-family: Open Sans, Arial, Helvetica, sans-serif;\">L\u2019EDC t\u00e9, b\u00e0sicament dues parts:<\/span><\/span><\/span><\/span><\/span><\/p>\n<ol>\n<li style=\"list-style-type: none;\">\n<ol>\n<li><span style=\"color: #212121;\"><span style=\"font-family: Open Sans;\"><span style=\"font-size: medium;\"><span style=\"color: #444444;\"><span style=\"font-family: Open Sans, Arial, Helvetica, sans-serif;\">Una primera part que \u00e9s m\u00e9s <\/span><\/span><strong><span style=\"color: #444444;\"><span style=\"font-family: Open Sans, Arial, Helvetica, sans-serif;\">estrat\u00e8gica<\/span><\/span><\/strong><span style=\"color: #444444;\"><span style=\"font-family: Open Sans, Arial, Helvetica, sans-serif;\"><strong>\u00a0<\/strong>(objectius, activitats, planificaci\u00f3, etc.), on es defineix on vol arribar el centre digitalment parlant. <\/span><\/span><\/span><\/span><\/span><\/li>\n<li><span style=\"color: #212121;\"><span style=\"font-family: Open Sans;\"><span style=\"font-size: medium;\"><span style=\"color: #444444;\"><span style=\"font-family: Open Sans, Arial, Helvetica, sans-serif;\">La segona part mostra la\u00a0<\/span><\/span><strong><span style=\"color: #444444;\"><span style=\"font-family: Open Sans, Arial, Helvetica, sans-serif;\">cultura digital,<\/span><\/span><\/strong><span style=\"color: #444444;\"><span style=\"font-family: Open Sans, Arial, Helvetica, sans-serif;\">\u00a0ja que \u00e9s on es va recollint el que el centre ja t\u00e9 establert en aquest sentit.<\/span><\/span><\/span><\/span><\/span><\/li>\n<\/ol>\n<\/li>\n<\/ol>\n<p><span style=\"color: #444444;\"><span style=\"font-family: Open Sans, Arial, Helvetica, sans-serif;\"><span style=\"font-size: medium;\">Per entendre\u2019ns, <\/span><\/span><\/span><\/p>\n<ol>\n<li style=\"list-style-type: none;\">\n<ol style=\"list-style-type: lower-alpha;\">\n<li><span style=\"color: #444444;\"><span style=\"font-family: Open Sans, Arial, Helvetica, sans-serif;\"><span style=\"font-size: medium;\">la <em>part estrat\u00e8gica<\/em> \u00e9s com volem que acabi sent el centre i com aconseguir-ho, <\/span><\/span><\/span><em><span style=\"color: #444444;\"><span style=\"font-family: Open Sans, Arial, Helvetica, sans-serif;\"><span style=\"font-size: medium;\"><i><b>on volem anar?,<\/b><\/i><\/span><\/span><\/span><\/em><span style=\"color: #444444;\"><span style=\"font-family: Open Sans, Arial, Helvetica, sans-serif;\"><span style=\"font-size: medium;\">\u00a0i <\/span><\/span><\/span><\/li>\n<li><span style=\"color: #444444;\"><span style=\"font-family: Open Sans, Arial, Helvetica, sans-serif;\"><span style=\"font-size: medium;\">la <em>part de cultura digital<\/em> s\u00f3n els plans, procediments, protocols, normatives, serveis i acords que el centre ja utilitza, <\/span><\/span><\/span><strong><span style=\"color: #444444;\"><span style=\"font-family: Open Sans, Arial, Helvetica, sans-serif;\"><span style=\"font-size: medium;\"><i><b>que estem fent?<\/b><\/i><\/span><\/span><\/span><\/strong><\/li>\n<\/ol>\n<\/li>\n<\/ol>\n<p><img loading=\"lazy\" decoding=\"async\" class=\"aligncenter\" src=\"https:\/\/projectes.xtec.cat\/edc-suport\/wp-content\/uploads\/usu2435\/2021\/03\/img_EDC_graph_01-574x1024.png\" width=\"282\" height=\"503\" \/><\/p>\n<p style=\"text-align: center;\">Podeu visitar les parts del Pla Estrat\u00e8gic Digital de Centre clicant en els seg\u00fcents links:<\/p>\n<h4 style=\"text-align: center;\"><span style=\"text-decoration: underline;\"><a href=\"https:\/\/agora.xtec.cat\/institutgranollers\/estrategia-digital-de-centre-edc\/estrategia\/\" target=\"_blank\" rel=\"noopener\">Estrat\u00e8gia<\/a><\/span><\/h4>\n<h4 style=\"text-align: center;\"><span style=\"text-decoration: underline;\"><a href=\"https:\/\/agora.xtec.cat\/institutgranollers\/estrategia-digital-de-centre-edc\/cultura-digital\/\" target=\"_blank\" rel=\"noopener\">Cultura Digital<\/a><\/span><\/h4>\n","protected":false},"excerpt":{"rendered":"<p>Estrat\u00e8gia Digital de Centre<br \/>\nL\u2019Estrat\u00e8gia Digital de Centre (EDC) \u00e9s un document pr\u00e0ctic que recull totes les accions que es realitzen actualment en el centre &#8211; i les que es realitzaran a mitj\u00e0 termini -, per aconseguir la m\u00e0xima compet\u00e8ncia digital de l\u2019alumnat, del professorat i&hellip;  <a href=\"https:\/\/agora.xtec.cat\/institutgranollers\/estrategia-digital-de-centre-edc\/\" title=\"Read Estrat\u00e8gia Digital de Centre &#8211; EDC\">Llegeix m\u00e9s\u00bb<\/a><\/p>\n","protected":false},"author":1,"featured_media":0,"parent":0,"menu_order":0,"comment_status":"closed","ping_status":"closed","template":"","meta":{"_bbp_topic_count":0,"_bbp_reply_count":0,"_bbp_total_topic_count":0,"_bbp_total_reply_count":0,"_bbp_voice_count":0,"_bbp_anonymous_reply_count":0,"_bbp_topic_count_hidden":0,"_bbp_reply_count_hidden":0,"_bbp_forum_subforum_count":0,"footnotes":""},"class_list":["post-4078","page","type-page","status-publish","hentry"],"post_mailing_queue_ids":[],"_links":{"self":[{"href":"https:\/\/agora.xtec.cat\/institutgranollers\/wp-json\/wp\/v2\/pages\/4078","targetHints":{"allow":["GET"]}}],"collection":[{"href":"https:\/\/agora.xtec.cat\/institutgranollers\/wp-json\/wp\/v2\/pages"}],"about":[{"href":"https:\/\/agora.xtec.cat\/institutgranollers\/wp-json\/wp\/v2\/types\/page"}],"author":[{"embeddable":true,"href":"https:\/\/agora.xtec.cat\/institutgranollers\/wp-json\/wp\/v2\/users\/1"}],"replies":[{"embeddable":true,"href":"https:\/\/agora.xtec.cat\/institutgranollers\/wp-json\/wp\/v2\/comments?post=4078"}],"version-history":[{"count":4,"href":"https:\/\/agora.xtec.cat\/institutgranollers\/wp-json\/wp\/v2\/pages\/4078\/revisions"}],"predecessor-version":[{"id":4116,"href":"https:\/\/agora.xtec.cat\/institutgranollers\/wp-json\/wp\/v2\/pages\/4078\/revisions\/4116"}],"wp:attachment":[{"href":"https:\/\/agora.xtec.cat\/institutgranollers\/wp-json\/wp\/v2\/media?parent=4078"}],"curies":[{"name":"wp","href":"https:\/\/api.w.org\/{rel}","templated":true}]}}