{"id":532,"date":"2017-11-09T12:30:07","date_gmt":"2017-11-09T11:30:07","guid":{"rendered":"http:\/\/agora.xtec.cat\/institutgiola\/?page_id=532"},"modified":"2021-07-10T15:38:53","modified_gmt":"2021-07-10T13:38:53","slug":"nofc","status":"publish","type":"page","link":"https:\/\/agora.xtec.cat\/institutgiola\/documents-i-formularis\/nofc\/","title":{"rendered":"NOFC"},"content":{"rendered":"<p><span style=\"font-weight: 400;\"><a href=\"https:\/\/docs.google.com\/document\/d\/10wHE68ma1m7UHntzXu7wBtYdrbjhTc_A6Sj12rY4pOk\/edit?usp=sharing\">Les normes d\u2019organitzaci\u00f3 i funcionament del centre (NOFC)<\/a> \u00e9s l\u2019eina que regula com portem a terme les tasques funcionals, administratives i pedag\u00f2giques a l\u2019institut, establint les normes i pautes de relaci\u00f3 entre els sectors que formem part de la comunitat educativa de l\u2019Institut Giola.\u00a0<\/span><\/p>\n<p><span style=\"font-weight: 400;\">L&#8217;organitzaci\u00f3 no \u00e9s una finalitat en si mateixa, sin\u00f3 un instrument per desenvolupar i fer possible el projecte educatiu i, en \u00faltim terme, assolir l&#8217;\u00e8xit educatiu.\u00a0<\/span><\/p>\n<p><span style=\"font-weight: 400;\">Aquest document vol facilitar la vida di\u00e0ria del centre, de manera que tothom pugui saber en cada moment quina actuaci\u00f3 ha de dur a terme, clarificar les responsabilitats i els drets i fomentar la participaci\u00f3, la col\u00b7laboraci\u00f3 i la iniciativa.<\/span><\/p>\n<p><span style=\"font-weight: 400;\">Els centres educatius han d&#8217;elaborar les normes d&#8217;organitzaci\u00f3 i funcionament (NOFC), d&#8217;acord amb el que estableix el <\/span><a href=\"https:\/\/dibaaps.diba.cat\/scripts\/ftpisa.aspx?fnew?cido&amp;dogc\/2010\/08\/20100805\/10209099.pdf\"><span style=\"font-weight: 400;\">Decret 102\/2010, d&#8217;autonomia dels centres educatius<\/span><\/a><span style=\"font-weight: 400;\">. El director o directora del centre impulsa l&#8217;elaboraci\u00f3 de les NOFC, amb la participaci\u00f3 del claustre, i de les successives adequacions d&#8217;acord amb les necessitats del projecte educatiu del centre; les aprova (amb la consulta pr\u00e8via preceptiva del consell escolar), i vetlla perqu\u00e8 s&#8217;apliquin.<\/span><\/p>\n","protected":false},"excerpt":{"rendered":"<p>Les normes d\u2019organitzaci\u00f3 i funcionament del centre (NOFC) \u00e9s l\u2019eina que regula com portem a terme les tasques funcionals, administratives i pedag\u00f2giques a l\u2019institut, establint les normes i pautes de relaci\u00f3 entre els sectors que formem part de la comunitat educativa de l\u2019Institut Giola.\u00a0 L&#8217;organitzaci\u00f3 no \u00e9s una finalitat en si mateixa, sin\u00f3 un instrument [&hellip;]<\/p>\n","protected":false},"author":1,"featured_media":0,"parent":496,"menu_order":20,"comment_status":"closed","ping_status":"closed","template":"page-templates\/side-menu.php","meta":{"_bbp_topic_count":0,"_bbp_reply_count":0,"_bbp_total_topic_count":0,"_bbp_total_reply_count":0,"_bbp_voice_count":0,"_bbp_anonymous_reply_count":0,"_bbp_topic_count_hidden":0,"_bbp_reply_count_hidden":0,"_bbp_forum_subforum_count":0,"site-sidebar-layout":"default","site-content-layout":"","ast-site-content-layout":"","site-content-style":"default","site-sidebar-style":"default","ast-global-header-display":"","ast-banner-title-visibility":"","ast-main-header-display":"","ast-hfb-above-header-display":"","ast-hfb-below-header-display":"","ast-hfb-mobile-header-display":"","site-post-title":"","ast-breadcrumbs-content":"","ast-featured-img":"","footer-sml-layout":"","theme-transparent-header-meta":"","adv-header-id-meta":"","stick-header-meta":"","header-above-stick-meta":"","header-main-stick-meta":"","header-below-stick-meta":"","astra-migrate-meta-layouts":"default","ast-page-background-enabled":"default","ast-page-background-meta":{"desktop":{"background-color":"var(--ast-global-color-4)","background-image":"","background-repeat":"repeat","background-position":"center center","background-size":"auto","background-attachment":"scroll","background-type":"","background-media":"","overlay-type":"","overlay-color":"","overlay-opacity":"","overlay-gradient":""},"tablet":{"background-color":"","background-image":"","background-repeat":"repeat","background-position":"center center","background-size":"auto","background-attachment":"scroll","background-type":"","background-media":"","overlay-type":"","overlay-color":"","overlay-opacity":"","overlay-gradient":""},"mobile":{"background-color":"","background-image":"","background-repeat":"repeat","background-position":"center center","background-size":"auto","background-attachment":"scroll","background-type":"","background-media":"","overlay-type":"","overlay-color":"","overlay-opacity":"","overlay-gradient":""}},"ast-content-background-meta":{"desktop":{"background-color":"var(--ast-global-color-5)","background-image":"","background-repeat":"repeat","background-position":"center center","background-size":"auto","background-attachment":"scroll","background-type":"","background-media":"","overlay-type":"","overlay-color":"","overlay-opacity":"","overlay-gradient":""},"tablet":{"background-color":"var(--ast-global-color-5)","background-image":"","background-repeat":"repeat","background-position":"center center","background-size":"auto","background-attachment":"scroll","background-type":"","background-media":"","overlay-type":"","overlay-color":"","overlay-opacity":"","overlay-gradient":""},"mobile":{"background-color":"var(--ast-global-color-5)","background-image":"","background-repeat":"repeat","background-position":"center center","background-size":"auto","background-attachment":"scroll","background-type":"","background-media":"","overlay-type":"","overlay-color":"","overlay-opacity":"","overlay-gradient":""}},"footnotes":""},"class_list":["post-532","page","type-page","status-publish","hentry"],"post_mailing_queue_ids":[],"_links":{"self":[{"href":"https:\/\/agora.xtec.cat\/institutgiola\/wp-json\/wp\/v2\/pages\/532","targetHints":{"allow":["GET"]}}],"collection":[{"href":"https:\/\/agora.xtec.cat\/institutgiola\/wp-json\/wp\/v2\/pages"}],"about":[{"href":"https:\/\/agora.xtec.cat\/institutgiola\/wp-json\/wp\/v2\/types\/page"}],"author":[{"embeddable":true,"href":"https:\/\/agora.xtec.cat\/institutgiola\/wp-json\/wp\/v2\/users\/1"}],"replies":[{"embeddable":true,"href":"https:\/\/agora.xtec.cat\/institutgiola\/wp-json\/wp\/v2\/comments?post=532"}],"version-history":[{"count":3,"href":"https:\/\/agora.xtec.cat\/institutgiola\/wp-json\/wp\/v2\/pages\/532\/revisions"}],"predecessor-version":[{"id":17860,"href":"https:\/\/agora.xtec.cat\/institutgiola\/wp-json\/wp\/v2\/pages\/532\/revisions\/17860"}],"up":[{"embeddable":true,"href":"https:\/\/agora.xtec.cat\/institutgiola\/wp-json\/wp\/v2\/pages\/496"}],"wp:attachment":[{"href":"https:\/\/agora.xtec.cat\/institutgiola\/wp-json\/wp\/v2\/media?parent=532"}],"curies":[{"name":"wp","href":"https:\/\/api.w.org\/{rel}","templated":true}]}}