{"id":527,"date":"2017-11-09T12:13:42","date_gmt":"2017-11-09T11:13:42","guid":{"rendered":"http:\/\/agora.xtec.cat\/institutgiola\/?page_id=527"},"modified":"2022-03-29T19:58:48","modified_gmt":"2022-03-29T17:58:48","slug":"projecte-educatiu","status":"publish","type":"page","link":"https:\/\/agora.xtec.cat\/institutgiola\/documents-i-formularis\/projecte-educatiu\/","title":{"rendered":"Projecte Educatiu"},"content":{"rendered":"<p><a href=\"https:\/\/docs.google.com\/document\/d\/1cwusLR-pWr6k_0ZJhP-1aMb12ta9TVmMD9-gLUsAQOU\/edit\">El projecte educatiu de centre<\/a> (PEC) \u00e9s el document estrat\u00e8gic marc de la instituci\u00f3 escolar que en defineix el funcionament en l\u2019\u00e0mbit curricular, organitzatiu, de gesti\u00f3 econ\u00f2mica i de gesti\u00f3 de personal, adaptat a la realitat dels alumnes i a l\u2019entorn. En aquest sentit, concreta, interpreta i aplica les previsions de la normativa vigent als trets caracter\u00edstics del centre, d\u2019acord amb les necessitats educatives dels alumnes i els objectius del centre.<br \/>\nEl PEC orienta i vincula les actuacions de tots els membres de la comunitat escolar, que l\u2019han de respectar. Els criteris pedag\u00f2gics del projecte educatiu del centre regeixen i orienten l\u2019activitat professional de tot el personal que hi\u00a0 treballa. L\u2019exercici professional del personal i les seves funcions es desenvolupen d\u2019acord amb la normativa vigent i d\u2019acord amb els principis, valors, objectius i continguts d\u2019aquest document.<\/p>\n<p>Aquest \u00e9s un document adre\u00e7at a tota la comunitat escolar. Per facilitar la identificaci\u00f3 dels criteris de centre i situar-los en el context adequat, en alguns apartats hem introdu\u00eft aspectes normatius, comuns a tots els centres. Per facilitar-ne la consulta, l\u2019\u00edndex estructura l\u2019exposici\u00f3 per \u00e0mbits d\u2019inter\u00e8s.<\/p>\n","protected":false},"excerpt":{"rendered":"<p>El projecte educatiu de centre (PEC) \u00e9s el document estrat\u00e8gic marc de la instituci\u00f3 escolar que en defineix el funcionament en l\u2019\u00e0mbit curricular, organitzatiu, de gesti\u00f3 econ\u00f2mica i de gesti\u00f3 de personal, adaptat a la realitat dels alumnes i a l\u2019entorn. En aquest sentit, concreta, interpreta i aplica les previsions de la normativa vigent als [&hellip;]<\/p>\n","protected":false},"author":1,"featured_media":0,"parent":496,"menu_order":20,"comment_status":"closed","ping_status":"closed","template":"page-templates\/side-menu.php","meta":{"_bbp_topic_count":0,"_bbp_reply_count":0,"_bbp_total_topic_count":0,"_bbp_total_reply_count":0,"_bbp_voice_count":0,"_bbp_anonymous_reply_count":0,"_bbp_topic_count_hidden":0,"_bbp_reply_count_hidden":0,"_bbp_forum_subforum_count":0,"site-sidebar-layout":"default","site-content-layout":"","ast-site-content-layout":"","site-content-style":"default","site-sidebar-style":"default","ast-global-header-display":"","ast-banner-title-visibility":"","ast-main-header-display":"","ast-hfb-above-header-display":"","ast-hfb-below-header-display":"","ast-hfb-mobile-header-display":"","site-post-title":"","ast-breadcrumbs-content":"","ast-featured-img":"","footer-sml-layout":"","theme-transparent-header-meta":"","adv-header-id-meta":"","stick-header-meta":"","header-above-stick-meta":"","header-main-stick-meta":"","header-below-stick-meta":"","astra-migrate-meta-layouts":"default","ast-page-background-enabled":"default","ast-page-background-meta":{"desktop":{"background-color":"var(--ast-global-color-4)","background-image":"","background-repeat":"repeat","background-position":"center center","background-size":"auto","background-attachment":"scroll","background-type":"","background-media":"","overlay-type":"","overlay-color":"","overlay-opacity":"","overlay-gradient":""},"tablet":{"background-color":"","background-image":"","background-repeat":"repeat","background-position":"center center","background-size":"auto","background-attachment":"scroll","background-type":"","background-media":"","overlay-type":"","overlay-color":"","overlay-opacity":"","overlay-gradient":""},"mobile":{"background-color":"","background-image":"","background-repeat":"repeat","background-position":"center center","background-size":"auto","background-attachment":"scroll","background-type":"","background-media":"","overlay-type":"","overlay-color":"","overlay-opacity":"","overlay-gradient":""}},"ast-content-background-meta":{"desktop":{"background-color":"var(--ast-global-color-5)","background-image":"","background-repeat":"repeat","background-position":"center center","background-size":"auto","background-attachment":"scroll","background-type":"","background-media":"","overlay-type":"","overlay-color":"","overlay-opacity":"","overlay-gradient":""},"tablet":{"background-color":"var(--ast-global-color-5)","background-image":"","background-repeat":"repeat","background-position":"center center","background-size":"auto","background-attachment":"scroll","background-type":"","background-media":"","overlay-type":"","overlay-color":"","overlay-opacity":"","overlay-gradient":""},"mobile":{"background-color":"var(--ast-global-color-5)","background-image":"","background-repeat":"repeat","background-position":"center center","background-size":"auto","background-attachment":"scroll","background-type":"","background-media":"","overlay-type":"","overlay-color":"","overlay-opacity":"","overlay-gradient":""}},"footnotes":""},"class_list":["post-527","page","type-page","status-publish","hentry"],"post_mailing_queue_ids":[],"_links":{"self":[{"href":"https:\/\/agora.xtec.cat\/institutgiola\/wp-json\/wp\/v2\/pages\/527","targetHints":{"allow":["GET"]}}],"collection":[{"href":"https:\/\/agora.xtec.cat\/institutgiola\/wp-json\/wp\/v2\/pages"}],"about":[{"href":"https:\/\/agora.xtec.cat\/institutgiola\/wp-json\/wp\/v2\/types\/page"}],"author":[{"embeddable":true,"href":"https:\/\/agora.xtec.cat\/institutgiola\/wp-json\/wp\/v2\/users\/1"}],"replies":[{"embeddable":true,"href":"https:\/\/agora.xtec.cat\/institutgiola\/wp-json\/wp\/v2\/comments?post=527"}],"version-history":[{"count":3,"href":"https:\/\/agora.xtec.cat\/institutgiola\/wp-json\/wp\/v2\/pages\/527\/revisions"}],"predecessor-version":[{"id":17965,"href":"https:\/\/agora.xtec.cat\/institutgiola\/wp-json\/wp\/v2\/pages\/527\/revisions\/17965"}],"up":[{"embeddable":true,"href":"https:\/\/agora.xtec.cat\/institutgiola\/wp-json\/wp\/v2\/pages\/496"}],"wp:attachment":[{"href":"https:\/\/agora.xtec.cat\/institutgiola\/wp-json\/wp\/v2\/media?parent=527"}],"curies":[{"name":"wp","href":"https:\/\/api.w.org\/{rel}","templated":true}]}}