{"id":496,"date":"2017-11-08T11:56:02","date_gmt":"2017-11-08T10:56:02","guid":{"rendered":"http:\/\/agora.xtec.cat\/institutgiola\/?page_id=496"},"modified":"2025-06-25T09:04:03","modified_gmt":"2025-06-25T07:04:03","slug":"documents-i-formularis","status":"publish","type":"page","link":"https:\/\/agora.xtec.cat\/institutgiola\/documents-i-formularis\/","title":{"rendered":"Documentaci\u00f3 estrat\u00e8gica"},"content":{"rendered":"\n<p>El Departament d&#8217;Educaci\u00f3, als Documents per a l&#8217;organitzaci\u00f3 i gesti\u00f3 de centes publicats amb data del 2 de juliol de 2021, indica que els centres educatius han de publicar al seu web els documents vigents i informaci\u00f3 que s&#8217;indiquen a continuaci\u00f3:<\/p>\n\n\n\n<p>Els documents es poden descarregar clicant a l&#8217;enlla\u00e7.<\/p>\n\n\n\n<ul class=\"wp-block-list\">\n<li><a href=\"https:\/\/docs.google.com\/document\/d\/1cwusLR-pWr6k_0ZJhP-1aMb12ta9TVmMD9-gLUsAQOU\/edit\">El projecte educatiu del centre<\/a> (PEC), que inclou <a href=\"https:\/\/docs.google.com\/document\/d\/1F7x-KgZdiNqDNIaktJAA-7sPELEJtPLD2uSoDC6sjsk\/edit?usp=sharing\">el projecte ling\u00fc\u00edstic <\/a>(PLC)<\/li>\n\n\n\n<li>Les <a href=\"https:\/\/docs.google.com\/document\/d\/10wHE68ma1m7UHntzXu7wBtYdrbjhTc_A6Sj12rY4pOk\/edit?usp=sharing\">normes d&#8217;organitzaci\u00f3 i funcionament del centre<\/a> (NOFC)\u00a0i la carta de<br>comprom\u00eds educatiu vigent (<a href=\"https:\/\/docs.google.com\/document\/d\/12PD6nsZFD8sc0Y4t_s-ruKz_YJw8-fosWNf1sxK_-Mo\/edit?usp=sharing\">Carta ESO<\/a> i <a href=\"https:\/\/docs.google.com\/document\/d\/1PEaIoCBp7XCyYqzGvedZmJfzpSTZJhEGUaK8zmUn5rA\/edit?usp=sharing\">Carta Postobligat\u00f2ria<\/a>)<\/li>\n\n\n\n<li>Els <a href=\"https:\/\/agora.xtec.cat\/institutgiola\/consell-escolar\/acords\/\" target=\"_blank\" rel=\"noopener\">acords del consell escolar<\/a>: els acords presos a la reuni\u00f3 de forma breu i que s&#8217;han de fer p\u00fablics tenint en compte la protecci\u00f3 de dades personals.<\/li>\n\n\n\n<li>Els imports que ha acordat el consell escolar sobre les <a href=\"https:\/\/docs.google.com\/document\/d\/1N824ZQ1AFdwqXG7g-ppRRDP0FV02WCAtCTxlTFtx3GU\/edit?tab=t.0\" data-type=\"link\" data-id=\"https:\/\/docs.google.com\/document\/d\/1N824ZQ1AFdwqXG7g-ppRRDP0FV02WCAtCTxlTFtx3GU\/edit?tab=t.0\">aportacions volunt\u00e0ries de les fam\u00edlies per material escolar i per activitats complement\u00e0ries<\/a>.<\/li>\n<\/ul>\n\n\n\n<p>Tamb\u00e9 cal publicar al web del centre la informaci\u00f3 seg\u00fcent:<\/p>\n\n\n\n<ul class=\"wp-block-list\">\n<li>L&#8217;estructura organitzativa interna que es recull a les <a href=\"https:\/\/agora.xtec.cat\/institutgiola\/documents-i-formularis\/nofc\/\" target=\"_blank\" rel=\"noopener\">NOFC<\/a>, afegint-hi la identificaci\u00f3 dels components de l&#8217;equip directiu i l&#8217;especificaci\u00f3 del perfil i traject\u00f2ria professionals<\/li>\n\n\n\n<li><a href=\"https:\/\/docs.google.com\/document\/d\/13ACtYL4SuuJNu1U54SrXXDaLqO7Kn9mcCKPPB8baI_w\/edit\" target=\"_blank\" rel=\"noopener\">El pressupost<\/a>, amb la descripci\u00f3 de les partides pressupost\u00e0ries anuals i les dades de l&#8217;execuci\u00f3 i liquidaci\u00f3.<\/li>\n\n\n\n<li>La relaci\u00f3 de <a href=\"https:\/\/agora.xtec.cat\/institutgiola\/documents-i-formularis\/relacio-convenis\/\" target=\"_blank\" rel=\"noopener\">convenis vigents<\/a>.<\/li>\n<\/ul>\n\n\n\n<p>La resta dels documents han d&#8217;estar disponibles per a la comunitat educativa, per\u00f2 no s\u00f3n de car\u00e0cter p\u00fablic, perqu\u00e8 poden contenir dades sensibles. Els documents que formen part d&#8217;aquest bloc s\u00f3n:<\/p>\n\n\n\n<ul class=\"wp-block-list\">\n<li>El projecte de direcci\u00f3 (PdD 20-24)<\/li>\n\n\n\n<li>La programaci\u00f3 general anual (PGA)<\/li>\n\n\n\n<li>La mem\u00f2ria anual (MA)<\/li>\n\n\n\n<li>Els acords de corresponsabilitat<\/li>\n<\/ul>\n","protected":false},"excerpt":{"rendered":"<p>El Departament d&#8217;Educaci\u00f3, als Documents per a l&#8217;organitzaci\u00f3 i gesti\u00f3 de centes publicats amb data del 2 de juliol de 2021, indica que els centres educatius han de publicar al seu web els documents vigents i informaci\u00f3 que s&#8217;indiquen a continuaci\u00f3: Els documents es poden descarregar clicant a l&#8217;enlla\u00e7. Tamb\u00e9 cal publicar al web del [&hellip;]<\/p>\n","protected":false},"author":1,"featured_media":0,"parent":0,"menu_order":0,"comment_status":"closed","ping_status":"closed","template":"","meta":{"_bbp_topic_count":0,"_bbp_reply_count":0,"_bbp_total_topic_count":0,"_bbp_total_reply_count":0,"_bbp_voice_count":0,"_bbp_anonymous_reply_count":0,"_bbp_topic_count_hidden":0,"_bbp_reply_count_hidden":0,"_bbp_forum_subforum_count":0,"site-sidebar-layout":"default","site-content-layout":"","ast-site-content-layout":"default","site-content-style":"default","site-sidebar-style":"default","ast-global-header-display":"","ast-banner-title-visibility":"","ast-main-header-display":"","ast-hfb-above-header-display":"","ast-hfb-below-header-display":"","ast-hfb-mobile-header-display":"","site-post-title":"","ast-breadcrumbs-content":"","ast-featured-img":"","footer-sml-layout":"","theme-transparent-header-meta":"","adv-header-id-meta":"","stick-header-meta":"","header-above-stick-meta":"","header-main-stick-meta":"","header-below-stick-meta":"","astra-migrate-meta-layouts":"set","ast-page-background-enabled":"default","ast-page-background-meta":{"desktop":{"background-color":"var(--ast-global-color-4)","background-image":"","background-repeat":"repeat","background-position":"center center","background-size":"auto","background-attachment":"scroll","background-type":"","background-media":"","overlay-type":"","overlay-color":"","overlay-opacity":"","overlay-gradient":""},"tablet":{"background-color":"","background-image":"","background-repeat":"repeat","background-position":"center center","background-size":"auto","background-attachment":"scroll","background-type":"","background-media":"","overlay-type":"","overlay-color":"","overlay-opacity":"","overlay-gradient":""},"mobile":{"background-color":"","background-image":"","background-repeat":"repeat","background-position":"center center","background-size":"auto","background-attachment":"scroll","background-type":"","background-media":"","overlay-type":"","overlay-color":"","overlay-opacity":"","overlay-gradient":""}},"ast-content-background-meta":{"desktop":{"background-color":"var(--ast-global-color-5)","background-image":"","background-repeat":"repeat","background-position":"center center","background-size":"auto","background-attachment":"scroll","background-type":"","background-media":"","overlay-type":"","overlay-color":"","overlay-opacity":"","overlay-gradient":""},"tablet":{"background-color":"var(--ast-global-color-5)","background-image":"","background-repeat":"repeat","background-position":"center center","background-size":"auto","background-attachment":"scroll","background-type":"","background-media":"","overlay-type":"","overlay-color":"","overlay-opacity":"","overlay-gradient":""},"mobile":{"background-color":"var(--ast-global-color-5)","background-image":"","background-repeat":"repeat","background-position":"center center","background-size":"auto","background-attachment":"scroll","background-type":"","background-media":"","overlay-type":"","overlay-color":"","overlay-opacity":"","overlay-gradient":""}},"footnotes":""},"class_list":["post-496","page","type-page","status-publish","hentry"],"post_mailing_queue_ids":[],"_links":{"self":[{"href":"https:\/\/agora.xtec.cat\/institutgiola\/wp-json\/wp\/v2\/pages\/496","targetHints":{"allow":["GET"]}}],"collection":[{"href":"https:\/\/agora.xtec.cat\/institutgiola\/wp-json\/wp\/v2\/pages"}],"about":[{"href":"https:\/\/agora.xtec.cat\/institutgiola\/wp-json\/wp\/v2\/types\/page"}],"author":[{"embeddable":true,"href":"https:\/\/agora.xtec.cat\/institutgiola\/wp-json\/wp\/v2\/users\/1"}],"replies":[{"embeddable":true,"href":"https:\/\/agora.xtec.cat\/institutgiola\/wp-json\/wp\/v2\/comments?post=496"}],"version-history":[{"count":6,"href":"https:\/\/agora.xtec.cat\/institutgiola\/wp-json\/wp\/v2\/pages\/496\/revisions"}],"predecessor-version":[{"id":19174,"href":"https:\/\/agora.xtec.cat\/institutgiola\/wp-json\/wp\/v2\/pages\/496\/revisions\/19174"}],"wp:attachment":[{"href":"https:\/\/agora.xtec.cat\/institutgiola\/wp-json\/wp\/v2\/media?parent=496"}],"curies":[{"name":"wp","href":"https:\/\/api.w.org\/{rel}","templated":true}]}}