{"id":21,"date":"2014-09-17T16:14:14","date_gmt":"2014-09-17T16:14:14","guid":{"rendered":"http:\/\/agora.xtec.cat\/institutgiola\/?page_id=21"},"modified":"2022-07-07T13:19:02","modified_gmt":"2022-07-07T11:19:02","slug":"on-som","status":"publish","type":"page","link":"https:\/\/agora.xtec.cat\/institutgiola\/linstitut\/on-som\/","title":{"rendered":"On som"},"content":{"rendered":"<p style=\"color: #666666;\"><strong>Institut Giola<\/strong><br \/>\nCarrer Tulipa s\/n<br \/>\n08450 Llinars del Vall\u00e8s<\/p>\n<p style=\"color: #666666;\">938412866<\/p>\n<p><iframe loading=\"lazy\" style=\"border: 0;\" src=\"https:\/\/www.google.com\/maps\/embed?pb=!1m14!1m8!1m3!1d11925.81537878308!2d2.3977871!3d41.6459353!3m2!1i1024!2i768!4f13.1!3m3!1m2!1s0x0%3A0xcd6e3956d53c5413!2sInstituto+Giola!5e0!3m2!1sca!2ses!4v1506928944914\" width=\"600\" height=\"450\" frameborder=\"0\" allowfullscreen=\"allowfullscreen\"><\/iframe><br \/>\n<strong>Com arribar-hi:<br \/>\n<\/strong><\/p>\n<ul>\n<li>Per tren: Estaci\u00f3 Llinars del Vall\u00e8s de la l\u00ednia R4<\/li>\n<li>Amb cotxe: AP7- sortida Cardedeu<\/li>\n<\/ul>\n<p><strong>Escoles adscrites a l&#8217;institut:<br \/>\n<\/strong><\/p>\n<p><a href=\"http:\/\/escolasanroma.cat\/\">Escola Salvador Sanrom\u00e0 <\/a>(Lllinars del Vall\u00e8s).<\/p>\n<p><a href=\"http:\/\/agora.xtec.cat\/ceipdamiamateu\/\">Escola Dami\u00e0 Mateu<\/a>\u00a0(Lllinars del Vall\u00e8s).<\/p>\n<p><a href=\"http:\/\/agora.xtec.cat\/ceip-trentapasses\/moodle\/\">Escola Trentapasses<\/a> (Vilalba Sasserra).<\/p>\n<p><strong>Correus electr\u00f2nics de contacte<\/strong><\/p>\n<p><span style=\"font-size: medium;\">B\u00fastia General: institutgiola@xtec.cat<\/span><\/p>\n","protected":false},"excerpt":{"rendered":"<p>Institut Giola Carrer Tulipa s\/n 08450 Llinars del Vall\u00e8s 938412866 Com arribar-hi: Per tren: Estaci\u00f3 Llinars del Vall\u00e8s de la l\u00ednia R4 Amb cotxe: AP7- sortida Cardedeu Escoles adscrites a l&#8217;institut: Escola Salvador Sanrom\u00e0 (Lllinars del Vall\u00e8s). Escola Dami\u00e0 Mateu\u00a0(Lllinars del Vall\u00e8s). Escola Trentapasses (Vilalba Sasserra). Correus electr\u00f2nics de contacte B\u00fastia General: institutgiola@xtec.cat<\/p>\n","protected":false},"author":1,"featured_media":0,"parent":19,"menu_order":10,"comment_status":"closed","ping_status":"closed","template":"page-templates\/side-menu.php","meta":{"_bbp_topic_count":0,"_bbp_reply_count":0,"_bbp_total_topic_count":0,"_bbp_total_reply_count":0,"_bbp_voice_count":0,"_bbp_anonymous_reply_count":0,"_bbp_topic_count_hidden":0,"_bbp_reply_count_hidden":0,"_bbp_forum_subforum_count":0,"site-sidebar-layout":"default","site-content-layout":"","ast-site-content-layout":"","site-content-style":"default","site-sidebar-style":"default","ast-global-header-display":"","ast-banner-title-visibility":"","ast-main-header-display":"","ast-hfb-above-header-display":"","ast-hfb-below-header-display":"","ast-hfb-mobile-header-display":"","site-post-title":"","ast-breadcrumbs-content":"","ast-featured-img":"","footer-sml-layout":"","theme-transparent-header-meta":"","adv-header-id-meta":"","stick-header-meta":"","header-above-stick-meta":"","header-main-stick-meta":"","header-below-stick-meta":"","astra-migrate-meta-layouts":"default","ast-page-background-enabled":"default","ast-page-background-meta":{"desktop":{"background-color":"var(--ast-global-color-4)","background-image":"","background-repeat":"repeat","background-position":"center center","background-size":"auto","background-attachment":"scroll","background-type":"","background-media":"","overlay-type":"","overlay-color":"","overlay-opacity":"","overlay-gradient":""},"tablet":{"background-color":"","background-image":"","background-repeat":"repeat","background-position":"center center","background-size":"auto","background-attachment":"scroll","background-type":"","background-media":"","overlay-type":"","overlay-color":"","overlay-opacity":"","overlay-gradient":""},"mobile":{"background-color":"","background-image":"","background-repeat":"repeat","background-position":"center center","background-size":"auto","background-attachment":"scroll","background-type":"","background-media":"","overlay-type":"","overlay-color":"","overlay-opacity":"","overlay-gradient":""}},"ast-content-background-meta":{"desktop":{"background-color":"var(--ast-global-color-5)","background-image":"","background-repeat":"repeat","background-position":"center center","background-size":"auto","background-attachment":"scroll","background-type":"","background-media":"","overlay-type":"","overlay-color":"","overlay-opacity":"","overlay-gradient":""},"tablet":{"background-color":"var(--ast-global-color-5)","background-image":"","background-repeat":"repeat","background-position":"center center","background-size":"auto","background-attachment":"scroll","background-type":"","background-media":"","overlay-type":"","overlay-color":"","overlay-opacity":"","overlay-gradient":""},"mobile":{"background-color":"var(--ast-global-color-5)","background-image":"","background-repeat":"repeat","background-position":"center center","background-size":"auto","background-attachment":"scroll","background-type":"","background-media":"","overlay-type":"","overlay-color":"","overlay-opacity":"","overlay-gradient":""}},"footnotes":""},"class_list":["post-21","page","type-page","status-publish","hentry"],"post_mailing_queue_ids":[],"_links":{"self":[{"href":"https:\/\/agora.xtec.cat\/institutgiola\/wp-json\/wp\/v2\/pages\/21","targetHints":{"allow":["GET"]}}],"collection":[{"href":"https:\/\/agora.xtec.cat\/institutgiola\/wp-json\/wp\/v2\/pages"}],"about":[{"href":"https:\/\/agora.xtec.cat\/institutgiola\/wp-json\/wp\/v2\/types\/page"}],"author":[{"embeddable":true,"href":"https:\/\/agora.xtec.cat\/institutgiola\/wp-json\/wp\/v2\/users\/1"}],"replies":[{"embeddable":true,"href":"https:\/\/agora.xtec.cat\/institutgiola\/wp-json\/wp\/v2\/comments?post=21"}],"version-history":[{"count":3,"href":"https:\/\/agora.xtec.cat\/institutgiola\/wp-json\/wp\/v2\/pages\/21\/revisions"}],"predecessor-version":[{"id":18030,"href":"https:\/\/agora.xtec.cat\/institutgiola\/wp-json\/wp\/v2\/pages\/21\/revisions\/18030"}],"up":[{"embeddable":true,"href":"https:\/\/agora.xtec.cat\/institutgiola\/wp-json\/wp\/v2\/pages\/19"}],"wp:attachment":[{"href":"https:\/\/agora.xtec.cat\/institutgiola\/wp-json\/wp\/v2\/media?parent=21"}],"curies":[{"name":"wp","href":"https:\/\/api.w.org\/{rel}","templated":true}]}}