{"id":195,"date":"2014-09-22T10:39:39","date_gmt":"2014-09-22T10:39:39","guid":{"rendered":"http:\/\/agora.xtec.cat\/institutgiola\/?page_id=195"},"modified":"2023-04-14T14:23:32","modified_gmt":"2023-04-14T12:23:32","slug":"estudis","status":"publish","type":"page","link":"https:\/\/agora.xtec.cat\/institutgiola\/estudis\/","title":{"rendered":"Estudis"},"content":{"rendered":"<ul class=\"sub-menu menu-even sub-sub-menu menu-depth-2\">\n<li>\n<h4><a href=\"https:\/\/agora.xtec.cat\/institutgiola\/estudis\/eso\/\" target=\"_blank\" rel=\"noopener\">4 l\u00ednies d&#8217;ESO<\/a><\/h4>\n<\/li>\n<li>\n<h4><a href=\"https:\/\/agora.xtec.cat\/institutgiola\/estudis\/batxillerat\/\" target=\"_blank\" rel=\"noopener\">2 l\u00ednies de batxillerat<\/a><\/h4>\n<\/li>\n<li>\n<h4>4 cicles formatius:<\/h4>\n<\/li>\n<li id=\"nav-menu-item-640\" class=\"sub-menu-item sub-sub-menu-item menu-item-even menu-item-depth-2 menu-item menu-item-type-taxonomy menu-item-object-category current-menu-item\"><a href=\"https:\/\/agora.xtec.cat\/institutgiola\/estudis\/cicles-formatius\/cfgm-gestio-administrativa\/\" target=\"_blank\" rel=\"noopener\">CFGM Gesti\u00f3 Administrativa<\/a><\/li>\n<li id=\"nav-menu-item-641\" class=\"sub-menu-item sub-sub-menu-item menu-item-even menu-item-depth-2 menu-item menu-item-type-taxonomy menu-item-object-category\"><a href=\"https:\/\/agora.xtec.cat\/institutgiola\/estudis\/cicles-formatius\/cfgm-installacions-electriques\/\" target=\"_blank\" rel=\"noopener\">CFGM Instal\u00b7lacions El\u00e8ctriques<\/a><\/li>\n<li id=\"nav-menu-item-642\" class=\"sub-menu-item sub-sub-menu-item menu-item-even menu-item-depth-2 menu-item menu-item-type-taxonomy menu-item-object-category\"><a href=\"https:\/\/agora.xtec.cat\/institutgiola\/estudis\/cicles-formatius\/cfgm-produccio-agropecuaria\/\" target=\"_blank\" rel=\"noopener\">CFGM Producci\u00f3 Agropecu\u00e0ria<\/a><\/li>\n<li id=\"nav-menu-item-643\" class=\"sub-menu-item sub-sub-menu-item menu-item-even menu-item-depth-2 menu-item menu-item-type-taxonomy menu-item-object-category\"><a href=\"https:\/\/agora.xtec.cat\/institutgiola\/estudis\/cicles-formatius\/cfgs-administracio-i-finances\/\" target=\"_blank\" rel=\"noopener\">CFGS Administraci\u00f3 i Finances<\/a><\/li>\n<\/ul>\n","protected":false},"excerpt":{"rendered":"<p>4 l\u00ednies d&#8217;ESO 2 l\u00ednies de batxillerat 4 cicles formatius: CFGM Gesti\u00f3 Administrativa CFGM Instal\u00b7lacions El\u00e8ctriques CFGM Producci\u00f3 Agropecu\u00e0ria CFGS Administraci\u00f3 i Finances<\/p>\n","protected":false},"author":1,"featured_media":0,"parent":0,"menu_order":0,"comment_status":"closed","ping_status":"closed","template":"page-templates\/side-menu.php","meta":{"_bbp_topic_count":0,"_bbp_reply_count":0,"_bbp_total_topic_count":0,"_bbp_total_reply_count":0,"_bbp_voice_count":0,"_bbp_anonymous_reply_count":0,"_bbp_topic_count_hidden":0,"_bbp_reply_count_hidden":0,"_bbp_forum_subforum_count":0,"site-sidebar-layout":"default","site-content-layout":"","ast-site-content-layout":"","site-content-style":"default","site-sidebar-style":"default","ast-global-header-display":"","ast-banner-title-visibility":"","ast-main-header-display":"","ast-hfb-above-header-display":"","ast-hfb-below-header-display":"","ast-hfb-mobile-header-display":"","site-post-title":"","ast-breadcrumbs-content":"","ast-featured-img":"","footer-sml-layout":"","theme-transparent-header-meta":"","adv-header-id-meta":"","stick-header-meta":"","header-above-stick-meta":"","header-main-stick-meta":"","header-below-stick-meta":"","astra-migrate-meta-layouts":"default","ast-page-background-enabled":"default","ast-page-background-meta":{"desktop":{"background-color":"var(--ast-global-color-4)","background-image":"","background-repeat":"repeat","background-position":"center center","background-size":"auto","background-attachment":"scroll","background-type":"","background-media":"","overlay-type":"","overlay-color":"","overlay-opacity":"","overlay-gradient":""},"tablet":{"background-color":"","background-image":"","background-repeat":"repeat","background-position":"center center","background-size":"auto","background-attachment":"scroll","background-type":"","background-media":"","overlay-type":"","overlay-color":"","overlay-opacity":"","overlay-gradient":""},"mobile":{"background-color":"","background-image":"","background-repeat":"repeat","background-position":"center center","background-size":"auto","background-attachment":"scroll","background-type":"","background-media":"","overlay-type":"","overlay-color":"","overlay-opacity":"","overlay-gradient":""}},"ast-content-background-meta":{"desktop":{"background-color":"var(--ast-global-color-5)","background-image":"","background-repeat":"repeat","background-position":"center center","background-size":"auto","background-attachment":"scroll","background-type":"","background-media":"","overlay-type":"","overlay-color":"","overlay-opacity":"","overlay-gradient":""},"tablet":{"background-color":"var(--ast-global-color-5)","background-image":"","background-repeat":"repeat","background-position":"center center","background-size":"auto","background-attachment":"scroll","background-type":"","background-media":"","overlay-type":"","overlay-color":"","overlay-opacity":"","overlay-gradient":""},"mobile":{"background-color":"var(--ast-global-color-5)","background-image":"","background-repeat":"repeat","background-position":"center center","background-size":"auto","background-attachment":"scroll","background-type":"","background-media":"","overlay-type":"","overlay-color":"","overlay-opacity":"","overlay-gradient":""}},"footnotes":""},"class_list":["post-195","page","type-page","status-publish","hentry"],"post_mailing_queue_ids":[],"_links":{"self":[{"href":"https:\/\/agora.xtec.cat\/institutgiola\/wp-json\/wp\/v2\/pages\/195","targetHints":{"allow":["GET"]}}],"collection":[{"href":"https:\/\/agora.xtec.cat\/institutgiola\/wp-json\/wp\/v2\/pages"}],"about":[{"href":"https:\/\/agora.xtec.cat\/institutgiola\/wp-json\/wp\/v2\/types\/page"}],"author":[{"embeddable":true,"href":"https:\/\/agora.xtec.cat\/institutgiola\/wp-json\/wp\/v2\/users\/1"}],"replies":[{"embeddable":true,"href":"https:\/\/agora.xtec.cat\/institutgiola\/wp-json\/wp\/v2\/comments?post=195"}],"version-history":[{"count":3,"href":"https:\/\/agora.xtec.cat\/institutgiola\/wp-json\/wp\/v2\/pages\/195\/revisions"}],"predecessor-version":[{"id":18599,"href":"https:\/\/agora.xtec.cat\/institutgiola\/wp-json\/wp\/v2\/pages\/195\/revisions\/18599"}],"wp:attachment":[{"href":"https:\/\/agora.xtec.cat\/institutgiola\/wp-json\/wp\/v2\/media?parent=195"}],"curies":[{"name":"wp","href":"https:\/\/api.w.org\/{rel}","templated":true}]}}