{"id":19356,"date":"2026-01-14T11:18:26","date_gmt":"2026-01-14T10:18:26","guid":{"rendered":"https:\/\/agora.xtec.cat\/institutgiola\/?page_id=19356"},"modified":"2026-03-26T12:10:59","modified_gmt":"2026-03-26T11:10:59","slug":"escola-de-families","status":"publish","type":"page","link":"https:\/\/agora.xtec.cat\/institutgiola\/escola-de-families\/","title":{"rendered":"Escola de fam\u00edlies"},"content":{"rendered":"\n<p>Amb l&#8217;any nou arrenquem un nou projecte a l&#8217;institut Giola. Encap\u00e7alat per la Laura Ballestero, coordinadora de 1r d&#8217;ESO, neix l&#8217;Escola de fam\u00edlies.<\/p>\n\n\n\n<p>Amb aquest projecte, s&#8217;ofereix a les fam\u00edlies del centre un espai d&#8217;acompanyament, suport i informaci\u00f3 on compartir experi\u00e8ncies i desenvolupar estrat\u00e8gies per ajudar-les a acompanyar els seus fills i filles.<\/p>\n\n\n\n<p>Veieu les dates de totes les sessions.<\/p>\n\n\n\n<figure class=\"wp-block-image size-full\"><a href=\"https:\/\/agora.xtec.cat\/institutgiola\/wp-content\/uploads\/usu1680\/2026\/03\/resum-escola-families.png\"><img loading=\"lazy\" decoding=\"async\" width=\"502\" height=\"711\" src=\"https:\/\/agora.xtec.cat\/institutgiola\/wp-content\/uploads\/usu1680\/2026\/03\/resum-escola-families.png\" alt=\"\" class=\"wp-image-19427\" srcset=\"https:\/\/agora.xtec.cat\/institutgiola\/wp-content\/uploads\/usu1680\/2026\/03\/resum-escola-families.png 502w, https:\/\/agora.xtec.cat\/institutgiola\/wp-content\/uploads\/usu1680\/2026\/03\/resum-escola-families-212x300.png 212w\" sizes=\"auto, (max-width: 502px) 100vw, 502px\" \/><\/a><\/figure>\n\n\n\n<p>A continuaci\u00f3 us deixem les presentacions de les dues primeres sessions:<\/p>\n\n\n\n<p><a href=\"https:\/\/agora.xtec.cat\/institutgiola\/wp-content\/uploads\/usu1680\/2026\/03\/E.F_1_Limits-i-consequencies.pdf\">Sessi\u00f3 1: L\u00edmits i conseq\u00fc\u00e8ncies<\/a><\/p>\n\n\n\n<p><a href=\"https:\/\/agora.xtec.cat\/institutgiola\/wp-content\/uploads\/usu1680\/2026\/03\/E.F_2_Habits-saludables.pdf\">Sessi\u00f3 2: H\u00e0bits saludables<\/a><\/p>\n\n\n\n<p><a href=\"https:\/\/agora.xtec.cat\/institutgiola\/wp-content\/uploads\/usu1680\/2026\/03\/E.F_3_Gestio-emocional-i-tolerancia-a-la-frustracio-1.pdf\">Sessi\u00f3 3: Gesti\u00f3 emocional i toler\u00e0ncia a la frustraci\u00f3<\/a><\/p>\n\n\n\n<p><\/p>\n","protected":false},"excerpt":{"rendered":"<p>Amb l&#8217;any nou arrenquem un nou projecte a l&#8217;institut Giola. Encap\u00e7alat per la Laura Ballestero, coordinadora de 1r d&#8217;ESO, neix l&#8217;Escola de fam\u00edlies. Amb aquest projecte, s&#8217;ofereix a les fam\u00edlies del centre un espai d&#8217;acompanyament, suport i informaci\u00f3 on compartir experi\u00e8ncies i desenvolupar estrat\u00e8gies per ajudar-les a acompanyar els seus fills i filles. Veieu les [&hellip;]<\/p>\n","protected":false},"author":1,"featured_media":19358,"parent":0,"menu_order":0,"comment_status":"closed","ping_status":"close","template":"","meta":{"_bbp_topic_count":0,"_bbp_reply_count":0,"_bbp_total_topic_count":0,"_bbp_total_reply_count":0,"_bbp_voice_count":0,"_bbp_anonymous_reply_count":0,"_bbp_topic_count_hidden":0,"_bbp_reply_count_hidden":0,"_bbp_forum_subforum_count":0,"site-sidebar-layout":"default","site-content-layout":"","ast-site-content-layout":"default","site-content-style":"default","site-sidebar-style":"default","ast-global-header-display":"","ast-banner-title-visibility":"","ast-main-header-display":"","ast-hfb-above-header-display":"","ast-hfb-below-header-display":"","ast-hfb-mobile-header-display":"","site-post-title":"","ast-breadcrumbs-content":"","ast-featured-img":"","footer-sml-layout":"","theme-transparent-header-meta":"","adv-header-id-meta":"","stick-header-meta":"","header-above-stick-meta":"","header-main-stick-meta":"","header-below-stick-meta":"","astra-migrate-meta-layouts":"set","ast-page-background-enabled":"default","ast-page-background-meta":{"desktop":{"background-color":"var(--ast-global-color-4)","background-image":"","background-repeat":"repeat","background-position":"center center","background-size":"auto","background-attachment":"scroll","background-type":"","background-media":"","overlay-type":"","overlay-color":"","overlay-opacity":"","overlay-gradient":""},"tablet":{"background-color":"","background-image":"","background-repeat":"repeat","background-position":"center center","background-size":"auto","background-attachment":"scroll","background-type":"","background-media":"","overlay-type":"","overlay-color":"","overlay-opacity":"","overlay-gradient":""},"mobile":{"background-color":"","background-image":"","background-repeat":"repeat","background-position":"center center","background-size":"auto","background-attachment":"scroll","background-type":"","background-media":"","overlay-type":"","overlay-color":"","overlay-opacity":"","overlay-gradient":""}},"ast-content-background-meta":{"desktop":{"background-color":"var(--ast-global-color-5)","background-image":"","background-repeat":"repeat","background-position":"center center","background-size":"auto","background-attachment":"scroll","background-type":"","background-media":"","overlay-type":"","overlay-color":"","overlay-opacity":"","overlay-gradient":""},"tablet":{"background-color":"var(--ast-global-color-5)","background-image":"","background-repeat":"repeat","background-position":"center center","background-size":"auto","background-attachment":"scroll","background-type":"","background-media":"","overlay-type":"","overlay-color":"","overlay-opacity":"","overlay-gradient":""},"mobile":{"background-color":"var(--ast-global-color-5)","background-image":"","background-repeat":"repeat","background-position":"center center","background-size":"auto","background-attachment":"scroll","background-type":"","background-media":"","overlay-type":"","overlay-color":"","overlay-opacity":"","overlay-gradient":""}},"footnotes":""},"class_list":["post-19356","page","type-page","status-publish","has-post-thumbnail","hentry"],"post_mailing_queue_ids":[],"_links":{"self":[{"href":"https:\/\/agora.xtec.cat\/institutgiola\/wp-json\/wp\/v2\/pages\/19356","targetHints":{"allow":["GET"]}}],"collection":[{"href":"https:\/\/agora.xtec.cat\/institutgiola\/wp-json\/wp\/v2\/pages"}],"about":[{"href":"https:\/\/agora.xtec.cat\/institutgiola\/wp-json\/wp\/v2\/types\/page"}],"author":[{"embeddable":true,"href":"https:\/\/agora.xtec.cat\/institutgiola\/wp-json\/wp\/v2\/users\/1"}],"replies":[{"embeddable":true,"href":"https:\/\/agora.xtec.cat\/institutgiola\/wp-json\/wp\/v2\/comments?post=19356"}],"version-history":[{"count":6,"href":"https:\/\/agora.xtec.cat\/institutgiola\/wp-json\/wp\/v2\/pages\/19356\/revisions"}],"predecessor-version":[{"id":19449,"href":"https:\/\/agora.xtec.cat\/institutgiola\/wp-json\/wp\/v2\/pages\/19356\/revisions\/19449"}],"wp:featuredmedia":[{"embeddable":true,"href":"https:\/\/agora.xtec.cat\/institutgiola\/wp-json\/wp\/v2\/media\/19358"}],"wp:attachment":[{"href":"https:\/\/agora.xtec.cat\/institutgiola\/wp-json\/wp\/v2\/media?parent=19356"}],"curies":[{"name":"wp","href":"https:\/\/api.w.org\/{rel}","templated":true}]}}