{"id":18339,"date":"2022-10-12T12:21:56","date_gmt":"2022-10-12T10:21:56","guid":{"rendered":"https:\/\/agora.xtec.cat\/institutgiola\/?page_id=18339"},"modified":"2022-10-20T12:16:12","modified_gmt":"2022-10-20T10:16:12","slug":"programa-salut-i-escola","status":"publish","type":"page","link":"https:\/\/agora.xtec.cat\/institutgiola\/serveis\/programa-salut-i-escola\/","title":{"rendered":"Programa Salut i Escola"},"content":{"rendered":"<p>El Programa Salut i Escola neix amb l\u2019objectiu de <strong>millorar la salut dels adolescents<\/strong>. El Departament de Salut amb l\u2019Ag\u00e8ncia de Salut P\u00fablica de Catalunya a trav\u00e9s dels Centres d\u2019Atenci\u00f3 Prim\u00e0ria de Salut, ofereix un servei de Consulta Oberta dins dels centres educatius perqu\u00e8 les noies i els nois puguin assessorar-se sobre temes relacionats amb la salut.<\/p>\n<p>Cada dimarts, disposarem de la col\u00b7laboraci\u00f3 de la <strong>Cristina D\u00edaz<\/strong>, infermera, per a atendre, assessorar i escoltar l&#8217;alumnat que ho vulguin o ho necessitin. Poden demanar hora i concertar-la o b\u00e9 anar al seu despatx a l\u2019institut d\u2019<strong>11:45 a 14:15 <\/strong>(davant de gu\u00e0rdies).<\/p>\n<p>Es tracta d\u2019un servei voluntari i de prevenci\u00f3, no d\u2019assist\u00e8ncia en cas de malaltia o de problemes ja instaurats. Si es detecta quelcom urgent, els professionals del CAP mateixos faran la derivaci\u00f3 al CAP.<\/p>\n<p><a href=\"https:\/\/agora.xtec.cat\/institutgiola\/wp-content\/uploads\/usu1680\/2022\/10\/TRIPTIC-SiE-Families.pdf\" target=\"_blank\" rel=\"noopener\">TR\u00cdPTIC Salut i Escola &#8211; Fam\u00edlies<\/a><\/p>\n","protected":false},"excerpt":{"rendered":"<p>El Programa Salut i Escola neix amb l\u2019objectiu de millorar la salut dels adolescents. El Departament de Salut amb l\u2019Ag\u00e8ncia de Salut P\u00fablica de Catalunya a trav\u00e9s dels Centres d\u2019Atenci\u00f3 Prim\u00e0ria de Salut, ofereix un servei de Consulta Oberta dins dels centres educatius perqu\u00e8 les noies i els nois puguin assessorar-se sobre temes relacionats amb [&hellip;]<\/p>\n","protected":false},"author":1,"featured_media":0,"parent":63,"menu_order":0,"comment_status":"closed","ping_status":"closed","template":"page-templates\/side-menu.php","meta":{"_bbp_topic_count":0,"_bbp_reply_count":0,"_bbp_total_topic_count":0,"_bbp_total_reply_count":0,"_bbp_voice_count":0,"_bbp_anonymous_reply_count":0,"_bbp_topic_count_hidden":0,"_bbp_reply_count_hidden":0,"_bbp_forum_subforum_count":0,"site-sidebar-layout":"default","site-content-layout":"","ast-site-content-layout":"","site-content-style":"default","site-sidebar-style":"default","ast-global-header-display":"","ast-banner-title-visibility":"","ast-main-header-display":"","ast-hfb-above-header-display":"","ast-hfb-below-header-display":"","ast-hfb-mobile-header-display":"","site-post-title":"","ast-breadcrumbs-content":"","ast-featured-img":"","footer-sml-layout":"","theme-transparent-header-meta":"","adv-header-id-meta":"","stick-header-meta":"","header-above-stick-meta":"","header-main-stick-meta":"","header-below-stick-meta":"","astra-migrate-meta-layouts":"default","ast-page-background-enabled":"default","ast-page-background-meta":{"desktop":{"background-color":"var(--ast-global-color-4)","background-image":"","background-repeat":"repeat","background-position":"center center","background-size":"auto","background-attachment":"scroll","background-type":"","background-media":"","overlay-type":"","overlay-color":"","overlay-opacity":"","overlay-gradient":""},"tablet":{"background-color":"","background-image":"","background-repeat":"repeat","background-position":"center center","background-size":"auto","background-attachment":"scroll","background-type":"","background-media":"","overlay-type":"","overlay-color":"","overlay-opacity":"","overlay-gradient":""},"mobile":{"background-color":"","background-image":"","background-repeat":"repeat","background-position":"center center","background-size":"auto","background-attachment":"scroll","background-type":"","background-media":"","overlay-type":"","overlay-color":"","overlay-opacity":"","overlay-gradient":""}},"ast-content-background-meta":{"desktop":{"background-color":"var(--ast-global-color-5)","background-image":"","background-repeat":"repeat","background-position":"center center","background-size":"auto","background-attachment":"scroll","background-type":"","background-media":"","overlay-type":"","overlay-color":"","overlay-opacity":"","overlay-gradient":""},"tablet":{"background-color":"var(--ast-global-color-5)","background-image":"","background-repeat":"repeat","background-position":"center center","background-size":"auto","background-attachment":"scroll","background-type":"","background-media":"","overlay-type":"","overlay-color":"","overlay-opacity":"","overlay-gradient":""},"mobile":{"background-color":"var(--ast-global-color-5)","background-image":"","background-repeat":"repeat","background-position":"center center","background-size":"auto","background-attachment":"scroll","background-type":"","background-media":"","overlay-type":"","overlay-color":"","overlay-opacity":"","overlay-gradient":""}},"footnotes":""},"class_list":["post-18339","page","type-page","status-publish","hentry"],"post_mailing_queue_ids":[],"_links":{"self":[{"href":"https:\/\/agora.xtec.cat\/institutgiola\/wp-json\/wp\/v2\/pages\/18339","targetHints":{"allow":["GET"]}}],"collection":[{"href":"https:\/\/agora.xtec.cat\/institutgiola\/wp-json\/wp\/v2\/pages"}],"about":[{"href":"https:\/\/agora.xtec.cat\/institutgiola\/wp-json\/wp\/v2\/types\/page"}],"author":[{"embeddable":true,"href":"https:\/\/agora.xtec.cat\/institutgiola\/wp-json\/wp\/v2\/users\/1"}],"replies":[{"embeddable":true,"href":"https:\/\/agora.xtec.cat\/institutgiola\/wp-json\/wp\/v2\/comments?post=18339"}],"version-history":[{"count":2,"href":"https:\/\/agora.xtec.cat\/institutgiola\/wp-json\/wp\/v2\/pages\/18339\/revisions"}],"predecessor-version":[{"id":18348,"href":"https:\/\/agora.xtec.cat\/institutgiola\/wp-json\/wp\/v2\/pages\/18339\/revisions\/18348"}],"up":[{"embeddable":true,"href":"https:\/\/agora.xtec.cat\/institutgiola\/wp-json\/wp\/v2\/pages\/63"}],"wp:attachment":[{"href":"https:\/\/agora.xtec.cat\/institutgiola\/wp-json\/wp\/v2\/media?parent=18339"}],"curies":[{"name":"wp","href":"https:\/\/api.w.org\/{rel}","templated":true}]}}