{"id":18278,"date":"2022-09-27T12:18:37","date_gmt":"2022-09-27T10:18:37","guid":{"rendered":"https:\/\/agora.xtec.cat\/institutgiola\/?page_id=18278"},"modified":"2025-04-05T08:25:39","modified_gmt":"2025-04-05T06:25:39","slug":"cfgs-administracio-i-finances","status":"publish","type":"page","link":"https:\/\/agora.xtec.cat\/institutgiola\/estudis\/cicles-formatius\/cfgs-administracio-i-finances\/","title":{"rendered":"CFGS Administraci\u00f3 i Finances"},"content":{"rendered":"<p><strong>Cicle Formatiu de Grau Superior<\/strong><br \/>\n<strong>ADMINISTRACI\u00d3 I FINANCES<\/strong><\/p>\n<p><a href=\"https:\/\/agora.xtec.cat\/institutgiola\/wp-content\/uploads\/usu1680\/2025\/04\/TRIPTIC-AIF.pdf\">Tr\u00edptic informatiu AiF<\/a><\/p>\n<p><strong>Qu\u00e8 hi aprendr\u00e0s?<\/strong><br \/>\nA organitzar i executar les operacions de gesti\u00f3 i administraci\u00f3 en els processos laborals, comptables, fiscals i financers d\u2019una empresa p\u00fablica o privada, aplicant la normativa vigent i els protocols de gesti\u00f3 de qualitat, gestionant la informaci\u00f3, assegurant la satisfacci\u00f3 del client i\/o usuari i actuant segons les normes de prevenci\u00f3 de riscos laborals i de protecci\u00f3 mediambiental.<\/p>\n<p><strong>Qu\u00e8 vol dir en modalitat dual? (opcional)<\/strong><br \/>\nFa refer\u00e8ncia a la divisi\u00f3 de l\u2019estada a l\u2019empresa en dues fases. A la primera, l\u2019alumne s\u2019hi incorpora per realitzar unes pr\u00e0ctiques i per adaptar-se al funcionament de l\u2019empresa. En finalitzar aquest per\u00edode, s\u2019inicia l\u2019estada remunerada en modalitat de contracte o beca, atenent als criteris d\u2019acc\u00e9s pr\u00e8viament acordats entre l\u2019empresa i l\u2019institut.<\/p>\n<p><strong>Com \u00e9s el treball durant el curs?<\/strong><br \/>\nL\u2019aprenentatge es duu a terme d\u2019una manera molt pr\u00e0ctica. L\u2019alumnat realitza des d\u2019un primer moment les tasques administratives que es porten a terme en els diferents departaments d\u2019una organitzaci\u00f3: tramitaci\u00f3, elaboraci\u00f3, classificaci\u00f3, registre i arxiu de documents i comunicacions; gesti\u00f3 dels processos de tramitaci\u00f3 administrativa en les \u00e0rees comercial, financera, comptable i fiscal; gesti\u00f3 comptable i fiscal; supervisi\u00f3 de la gesti\u00f3 de tresoreria, la captaci\u00f3 de recursos financers i l\u2019estudi de viabilitat de projectes d\u2019inversi\u00f3; organitzaci\u00f3 i supervisi\u00f3 de la gesti\u00f3 administrativa de personal; gesti\u00f3 administrativa dels processos comercials; tramitaci\u00f3, gesti\u00f3 i presentaci\u00f3 de documents en diferents organismes i administracions p\u00fabliques.<\/p>\n<p><strong>M\u00f2duls formatius:<\/strong><\/p>\n<p>0647. Gesti\u00f3 de la documentaci\u00f3 jur\u00eddica i empresarial.<br \/>\n0648. Recursos humans i responsabilitat social corporativa.<br \/>\n0649. Ofim\u00e0tica i proc\u00e9s de la informaci\u00f3.<br \/>\n0650. Proc\u00e9s integral de l\u2019activitat comercial.<br \/>\n0651. Comunicaci\u00f3 i atenci\u00f3 al client.<br \/>\n0652. Gesti\u00f3 de recursos humans.<br \/>\n0653. Gesti\u00f3 financera.<br \/>\n0654. Comptabilitat i fiscalitat.<br \/>\n0655. Gesti\u00f3 log\u00edstica i comercial .<br \/>\n0656. Simulaci\u00f3 empresarial.<br \/>\nC076. Catal\u00e0 \/ Aran\u00e8s professional.<br \/>\n0179. Angl\u00e8s professional.<br \/>\n1665. Digitalitzaci\u00f3 aplicada als sectors productius.<br \/>\n1708. Sostenibilitat aplicada al sistema productiu.<br \/>\n1709. Itinerari personal per a l\u2019ocupabilitat I.<br \/>\n1710. Itinerari personal per a l&#8217;ocupabilitat II.<br \/>\n0657. Projecte intermodular d\u2019administraci\u00f3 i finances.<br \/>\nM\u00f2dul professional optatiu.<\/p>\n<p><strong>Organitzaci\u00f3<\/strong><br \/>\nDurada: 2000 hores<br \/>\nDistribuci\u00f3: 2 cursos<br \/>\nHorari: matins<\/p>\n<p><strong>Condicions d\u2019acc\u00e9s<\/strong><br \/>\nLes que marca la normativa espec\u00edfica per accedir a Cicles Formatius de Grau Superior. A m\u00e9s, cal disposar de:<br \/>\n\u2022 Ordinador port\u00e0til<\/p>\n<p><strong>De qu\u00e8 pots treballar, quan acabis?<\/strong><br \/>\nUn cop finalitzat el cicle obtindr\u00e0s un t\u00edtol de t\u00e8cnic superior i podr\u00e0s treballar en els seg\u00fcents \u00e0mbits: sector financer, bancs privats i p\u00fablics, corporacions i institucions de cr\u00e8dit i financeres, assegurances, empreses de serveis financers, ag\u00e8ncies de r\u00e0ting, empreses de gesti\u00f3 de cobraments, assessories jur\u00eddiques, fiscals i gestories, serveis d\u2019auditoria comptable, fiscal i econ\u00f2mica.<\/p>\n<p><strong>Podr\u00e0s treballar com:<\/strong><br \/>\n&#8211; Administratiu\/iva d\u2019oficina o despatx professional.<br \/>\n&#8211; Administratiu\/iva comercial.<br \/>\n&#8211; Administratiu\/iva comptable.<br \/>\n&#8211; Administratiu\/iva financer.<br \/>\n&#8211; Administratiu\/iva de log\u00edstica.<br \/>\n&#8211; Administratiu\/iva de banca i assegurances.<br \/>\n&#8211; Administratiu\/iva de recursos humans.<br \/>\n&#8211; Administratiu\/iva de l\u2019administraci\u00f3 p\u00fablica.<br \/>\n&#8211; Administratiu\/iva d\u2019assessories jur\u00eddiques, comptables, laborals, fiscals o gestories.<br \/>\n&#8211; T\u00e8cnic\/a en gesti\u00f3 de cobraments.<br \/>\n&#8211; Responsable d\u2019atenci\u00f3 al client.<\/p>\n<p><strong>I si vols continuar estudiant, pots:<\/strong><br \/>\n\u2022 Seguir amb un altre cicle formatiu de Grau Superior<br \/>\n\u2022 Accedir a la Universitat<\/p>\n","protected":false},"excerpt":{"rendered":"<p>Cicle Formatiu de Grau Superior ADMINISTRACI\u00d3 I FINANCES Tr\u00edptic informatiu AiF Qu\u00e8 hi aprendr\u00e0s? A organitzar i executar les operacions de gesti\u00f3 i administraci\u00f3 en els processos laborals, comptables, fiscals i financers d\u2019una empresa p\u00fablica o privada, aplicant la normativa vigent i els protocols de gesti\u00f3 de qualitat, gestionant la informaci\u00f3, assegurant la satisfacci\u00f3 del [&hellip;]<\/p>\n","protected":false},"author":1,"featured_media":0,"parent":18266,"menu_order":0,"comment_status":"closed","ping_status":"closed","template":"","meta":{"_bbp_topic_count":0,"_bbp_reply_count":0,"_bbp_total_topic_count":0,"_bbp_total_reply_count":0,"_bbp_voice_count":0,"_bbp_anonymous_reply_count":0,"_bbp_topic_count_hidden":0,"_bbp_reply_count_hidden":0,"_bbp_forum_subforum_count":0,"site-sidebar-layout":"default","site-content-layout":"","ast-site-content-layout":"default","site-content-style":"default","site-sidebar-style":"default","ast-global-header-display":"","ast-banner-title-visibility":"","ast-main-header-display":"","ast-hfb-above-header-display":"","ast-hfb-below-header-display":"","ast-hfb-mobile-header-display":"","site-post-title":"","ast-breadcrumbs-content":"","ast-featured-img":"","footer-sml-layout":"","theme-transparent-header-meta":"","adv-header-id-meta":"","stick-header-meta":"","header-above-stick-meta":"","header-main-stick-meta":"","header-below-stick-meta":"","astra-migrate-meta-layouts":"set","ast-page-background-enabled":"default","ast-page-background-meta":{"desktop":{"background-color":"var(--ast-global-color-4)","background-image":"","background-repeat":"repeat","background-position":"center center","background-size":"auto","background-attachment":"scroll","background-type":"","background-media":"","overlay-type":"","overlay-color":"","overlay-opacity":"","overlay-gradient":""},"tablet":{"background-color":"","background-image":"","background-repeat":"repeat","background-position":"center center","background-size":"auto","background-attachment":"scroll","background-type":"","background-media":"","overlay-type":"","overlay-color":"","overlay-opacity":"","overlay-gradient":""},"mobile":{"background-color":"","background-image":"","background-repeat":"repeat","background-position":"center center","background-size":"auto","background-attachment":"scroll","background-type":"","background-media":"","overlay-type":"","overlay-color":"","overlay-opacity":"","overlay-gradient":""}},"ast-content-background-meta":{"desktop":{"background-color":"var(--ast-global-color-5)","background-image":"","background-repeat":"repeat","background-position":"center center","background-size":"auto","background-attachment":"scroll","background-type":"","background-media":"","overlay-type":"","overlay-color":"","overlay-opacity":"","overlay-gradient":""},"tablet":{"background-color":"var(--ast-global-color-5)","background-image":"","background-repeat":"repeat","background-position":"center center","background-size":"auto","background-attachment":"scroll","background-type":"","background-media":"","overlay-type":"","overlay-color":"","overlay-opacity":"","overlay-gradient":""},"mobile":{"background-color":"var(--ast-global-color-5)","background-image":"","background-repeat":"repeat","background-position":"center center","background-size":"auto","background-attachment":"scroll","background-type":"","background-media":"","overlay-type":"","overlay-color":"","overlay-opacity":"","overlay-gradient":""}},"footnotes":""},"class_list":["post-18278","page","type-page","status-publish","hentry"],"post_mailing_queue_ids":[],"_links":{"self":[{"href":"https:\/\/agora.xtec.cat\/institutgiola\/wp-json\/wp\/v2\/pages\/18278","targetHints":{"allow":["GET"]}}],"collection":[{"href":"https:\/\/agora.xtec.cat\/institutgiola\/wp-json\/wp\/v2\/pages"}],"about":[{"href":"https:\/\/agora.xtec.cat\/institutgiola\/wp-json\/wp\/v2\/types\/page"}],"author":[{"embeddable":true,"href":"https:\/\/agora.xtec.cat\/institutgiola\/wp-json\/wp\/v2\/users\/1"}],"replies":[{"embeddable":true,"href":"https:\/\/agora.xtec.cat\/institutgiola\/wp-json\/wp\/v2\/comments?post=18278"}],"version-history":[{"count":6,"href":"https:\/\/agora.xtec.cat\/institutgiola\/wp-json\/wp\/v2\/pages\/18278\/revisions"}],"predecessor-version":[{"id":19136,"href":"https:\/\/agora.xtec.cat\/institutgiola\/wp-json\/wp\/v2\/pages\/18278\/revisions\/19136"}],"up":[{"embeddable":true,"href":"https:\/\/agora.xtec.cat\/institutgiola\/wp-json\/wp\/v2\/pages\/18266"}],"wp:attachment":[{"href":"https:\/\/agora.xtec.cat\/institutgiola\/wp-json\/wp\/v2\/media?parent=18278"}],"curies":[{"name":"wp","href":"https:\/\/api.w.org\/{rel}","templated":true}]}}