{"id":18276,"date":"2022-09-27T12:18:08","date_gmt":"2022-09-27T10:18:08","guid":{"rendered":"https:\/\/agora.xtec.cat\/institutgiola\/?page_id=18276"},"modified":"2025-04-05T08:23:12","modified_gmt":"2025-04-05T06:23:12","slug":"cfgm-produccio-agropecuaria","status":"publish","type":"page","link":"https:\/\/agora.xtec.cat\/institutgiola\/estudis\/cicles-formatius\/cfgm-produccio-agropecuaria\/","title":{"rendered":"CFGM Producci\u00f3 Agropecu\u00e0ria"},"content":{"rendered":"<p><strong>Cicle Formatiu de Grau Mitj\u00e0<\/strong>:<br \/>\n<strong>PRODUCCI\u00d3 AGROPECU\u00c0RIA<\/strong><\/p>\n<p><a href=\"https:\/\/agora.xtec.cat\/institutgiola\/wp-content\/uploads\/usu1680\/2025\/04\/TRIPTIC-PA.pdf\">Tr\u00edptic informatiu PA<\/a><\/p>\n<p><strong>Qu\u00e8 hi aprendr\u00e0s?<\/strong><br \/>\nA produir aliments vegetals i a con\u00e8ixer les t\u00e8cniques per produir aliments d\u2019origen animal aplicant criteris ecol\u00f2gics i mediambientals. A m\u00e9s, aprendr\u00e0s a vetllar per la qualitat del producte, a instal\u00b7lar els equipaments necessaris, aix\u00ed com a realitzar-ne el seu manteniment, respectant les condicions de seguretat laboral i de benestar vegetal i animal.<\/p>\n<p><strong>Qu\u00e8 vol dir modalitat dual? (opcional)<\/strong><br \/>\nFa refer\u00e8ncia a qu\u00e8 l\u2019estada a l\u2019empresa es divideix en dues fases. A la primera, l\u2019alumne s\u2019hi incorpora per a realitzar unes pr\u00e0ctiques i per a adaptar-se al funcionament de l\u2019empresa. En finalitzar aquest per\u00edode, s\u2019inicia l\u2019estada remunerada en modalitat de contracte o beca, atenent els criteris d\u2019acc\u00e9s pr\u00e8viament acordats entre l\u2019empresa i l\u2019Institut.<\/p>\n<p><strong>Com \u00e9s el treball durant el curs?<\/strong><br \/>\nL\u2019aprenentatge es du a terme per mitj\u00e0 del projecte Cooperativa EcoGiola. L\u2019alumnat realitza les tasques necess\u00e0ries per tirar endavant una cooperativa de producci\u00f3 vegetal i ramadera en els horts i galliners de l\u2019Institut. Es fomenta que l\u2019alumnat prenguin la iniciativa. Els coneixements te\u00f2rics per a fer aquesta feina s\u2019adquireixen a les classes te\u00f2riques, de manera que l\u2019horari lectiu setmanal es divideix en teoria i pr\u00e0ctica. A m\u00e9s, es visiten explotacions agr\u00e0ries de la comarca.<\/p>\n<p><strong>M\u00f2duls Formatius<\/strong><\/p>\n<p>0404 Fonaments agron\u00f2mics<br \/>\n0405 Fonaments zoot\u00e8cnics<br \/>\n0407 Taller i equips de tracci\u00f3<br \/>\n0408 Infraestructures i instal\u00b7lacions agr\u00edcoles<br \/>\n0409 Principis de sanitat vegetal<br \/>\n0475 Implantaci\u00f3 de cultius<br \/>\n0476 Producci\u00f3 agr\u00edcola<br \/>\n0477 Producci\u00f3 de llet, ous i animals per a vida<br \/>\n0478 Producci\u00f3 de carn i altres produccions ramaderes<br \/>\n0479 Control fitosanitari<br \/>\n0156 Angl\u00e8s professional<br \/>\n1664 Digitalitzaci\u00f3 aplicada als sectors productius<br \/>\n1708 Sostenibilitat aplicada al sistema productiu<br \/>\n1709 Itinerari personal per a l&#8217;ocupabilitat I<br \/>\n1710 Itinerari personal per a l&#8217;ocupabilitat II<br \/>\nM\u00f2dul professional optatiu<br \/>\n1713 Projecte intermodular<\/p>\n<p><strong>Organitzaci\u00f3<\/strong><br \/>\nDurada: 2000 hores<br \/>\nDistribuci\u00f3: 2 cursos<br \/>\nHorari: matins<\/p>\n<p><strong>Condicions d\u2019acc\u00e9s<\/strong><br \/>\nLes que marca la normativa espec\u00edfica per accedir a Cicles Formatius de Grau Mitj\u00e0. A m\u00e9s, cal disposar de:<br \/>\n\u2219 Ordinador port\u00e0til.<br \/>\n\u2219 Roba de treball, cal\u00e7at de seguretat i tisores de podar.<\/p>\n<p><strong>Sortides <\/strong><br \/>\n<strong>De qu\u00e8 pots treballar, quan acabis?<\/strong><br \/>\nUn cop finalitzat el cicle obtindr\u00e0s un t\u00edtol de t\u00e8cnic i podr\u00e0s treballar en tot tipus d\u2019explotacions agr\u00e0ries, convencionals o agroecol\u00f2giques, com a agricultor\/a, horticultor\/a, fructicultor\/a, floricultor\/a, criador\/a de bestiar o productor\/a de derivats l\u00e0ctics i c\u00e0rnics.<br \/>\nI si vols continuar estudiant, pots:<br \/>\n\u2219 Seguir amb un altre cicle formatiu de Grau Mitj\u00e0 o Superior.<br \/>\n\u2219 Accedir al Batxillerat.<\/p>\n<p><a href=\"https:\/\/agora.xtec.cat\/institutgiola\/wp-content\/uploads\/usu1680\/2023\/03\/agro1.png\"><img loading=\"lazy\" decoding=\"async\" class=\"alignnone size-full wp-image-18516\" src=\"https:\/\/agora.xtec.cat\/institutgiola\/wp-content\/uploads\/usu1680\/2023\/03\/agro1.png\" alt=\"\" width=\"255\" height=\"177\" \/><\/a><a href=\"https:\/\/agora.xtec.cat\/institutgiola\/wp-content\/uploads\/usu1680\/2023\/03\/agro2.png\"><img loading=\"lazy\" decoding=\"async\" class=\"alignnone size-full wp-image-18517\" src=\"https:\/\/agora.xtec.cat\/institutgiola\/wp-content\/uploads\/usu1680\/2023\/03\/agro2.png\" alt=\"\" width=\"321\" height=\"181\" srcset=\"https:\/\/agora.xtec.cat\/institutgiola\/wp-content\/uploads\/usu1680\/2023\/03\/agro2.png 321w, https:\/\/agora.xtec.cat\/institutgiola\/wp-content\/uploads\/usu1680\/2023\/03\/agro2-300x169.png 300w\" sizes=\"auto, (max-width: 321px) 100vw, 321px\" \/><\/a><a href=\"https:\/\/agora.xtec.cat\/institutgiola\/wp-content\/uploads\/usu1680\/2023\/03\/agro5.png\"><img loading=\"lazy\" decoding=\"async\" class=\"alignnone size-full wp-image-18518\" src=\"https:\/\/agora.xtec.cat\/institutgiola\/wp-content\/uploads\/usu1680\/2023\/03\/agro5.png\" alt=\"\" width=\"321\" height=\"181\" srcset=\"https:\/\/agora.xtec.cat\/institutgiola\/wp-content\/uploads\/usu1680\/2023\/03\/agro5.png 321w, https:\/\/agora.xtec.cat\/institutgiola\/wp-content\/uploads\/usu1680\/2023\/03\/agro5-300x169.png 300w\" sizes=\"auto, (max-width: 321px) 100vw, 321px\" \/><\/a><a href=\"https:\/\/agora.xtec.cat\/institutgiola\/wp-content\/uploads\/usu1680\/2023\/03\/agro3.png\"><img loading=\"lazy\" decoding=\"async\" class=\"alignnone size-full wp-image-18519\" src=\"https:\/\/agora.xtec.cat\/institutgiola\/wp-content\/uploads\/usu1680\/2023\/03\/agro3.png\" alt=\"\" width=\"157\" height=\"144\" \/><\/a><a href=\"https:\/\/agora.xtec.cat\/institutgiola\/wp-content\/uploads\/usu1680\/2023\/03\/agro4.png\"><img loading=\"lazy\" decoding=\"async\" class=\"alignnone size-full wp-image-18520\" src=\"https:\/\/agora.xtec.cat\/institutgiola\/wp-content\/uploads\/usu1680\/2023\/03\/agro4.png\" alt=\"\" width=\"147\" height=\"144\" \/><\/a><\/p>\n<p><strong>Segueix-nos a Instagram:<\/strong><\/p>\n<p><span class=\"atwho-query\">@cicleagrari_giola<\/span><\/p>\n","protected":false},"excerpt":{"rendered":"<p>Cicle Formatiu de Grau Mitj\u00e0: PRODUCCI\u00d3 AGROPECU\u00c0RIA Tr\u00edptic informatiu PA Qu\u00e8 hi aprendr\u00e0s? A produir aliments vegetals i a con\u00e8ixer les t\u00e8cniques per produir aliments d\u2019origen animal aplicant criteris ecol\u00f2gics i mediambientals. A m\u00e9s, aprendr\u00e0s a vetllar per la qualitat del producte, a instal\u00b7lar els equipaments necessaris, aix\u00ed com a realitzar-ne el seu manteniment, respectant [&hellip;]<\/p>\n","protected":false},"author":1,"featured_media":0,"parent":18266,"menu_order":0,"comment_status":"closed","ping_status":"closed","template":"","meta":{"_bbp_topic_count":0,"_bbp_reply_count":0,"_bbp_total_topic_count":0,"_bbp_total_reply_count":0,"_bbp_voice_count":0,"_bbp_anonymous_reply_count":0,"_bbp_topic_count_hidden":0,"_bbp_reply_count_hidden":0,"_bbp_forum_subforum_count":0,"site-sidebar-layout":"default","site-content-layout":"","ast-site-content-layout":"default","site-content-style":"default","site-sidebar-style":"default","ast-global-header-display":"","ast-banner-title-visibility":"","ast-main-header-display":"","ast-hfb-above-header-display":"","ast-hfb-below-header-display":"","ast-hfb-mobile-header-display":"","site-post-title":"","ast-breadcrumbs-content":"","ast-featured-img":"","footer-sml-layout":"","theme-transparent-header-meta":"","adv-header-id-meta":"","stick-header-meta":"","header-above-stick-meta":"","header-main-stick-meta":"","header-below-stick-meta":"","astra-migrate-meta-layouts":"set","ast-page-background-enabled":"default","ast-page-background-meta":{"desktop":{"background-color":"var(--ast-global-color-4)","background-image":"","background-repeat":"repeat","background-position":"center center","background-size":"auto","background-attachment":"scroll","background-type":"","background-media":"","overlay-type":"","overlay-color":"","overlay-opacity":"","overlay-gradient":""},"tablet":{"background-color":"","background-image":"","background-repeat":"repeat","background-position":"center center","background-size":"auto","background-attachment":"scroll","background-type":"","background-media":"","overlay-type":"","overlay-color":"","overlay-opacity":"","overlay-gradient":""},"mobile":{"background-color":"","background-image":"","background-repeat":"repeat","background-position":"center center","background-size":"auto","background-attachment":"scroll","background-type":"","background-media":"","overlay-type":"","overlay-color":"","overlay-opacity":"","overlay-gradient":""}},"ast-content-background-meta":{"desktop":{"background-color":"var(--ast-global-color-5)","background-image":"","background-repeat":"repeat","background-position":"center center","background-size":"auto","background-attachment":"scroll","background-type":"","background-media":"","overlay-type":"","overlay-color":"","overlay-opacity":"","overlay-gradient":""},"tablet":{"background-color":"var(--ast-global-color-5)","background-image":"","background-repeat":"repeat","background-position":"center center","background-size":"auto","background-attachment":"scroll","background-type":"","background-media":"","overlay-type":"","overlay-color":"","overlay-opacity":"","overlay-gradient":""},"mobile":{"background-color":"var(--ast-global-color-5)","background-image":"","background-repeat":"repeat","background-position":"center center","background-size":"auto","background-attachment":"scroll","background-type":"","background-media":"","overlay-type":"","overlay-color":"","overlay-opacity":"","overlay-gradient":""}},"footnotes":""},"class_list":["post-18276","page","type-page","status-publish","hentry"],"post_mailing_queue_ids":[],"_links":{"self":[{"href":"https:\/\/agora.xtec.cat\/institutgiola\/wp-json\/wp\/v2\/pages\/18276","targetHints":{"allow":["GET"]}}],"collection":[{"href":"https:\/\/agora.xtec.cat\/institutgiola\/wp-json\/wp\/v2\/pages"}],"about":[{"href":"https:\/\/agora.xtec.cat\/institutgiola\/wp-json\/wp\/v2\/types\/page"}],"author":[{"embeddable":true,"href":"https:\/\/agora.xtec.cat\/institutgiola\/wp-json\/wp\/v2\/users\/1"}],"replies":[{"embeddable":true,"href":"https:\/\/agora.xtec.cat\/institutgiola\/wp-json\/wp\/v2\/comments?post=18276"}],"version-history":[{"count":6,"href":"https:\/\/agora.xtec.cat\/institutgiola\/wp-json\/wp\/v2\/pages\/18276\/revisions"}],"predecessor-version":[{"id":19130,"href":"https:\/\/agora.xtec.cat\/institutgiola\/wp-json\/wp\/v2\/pages\/18276\/revisions\/19130"}],"up":[{"embeddable":true,"href":"https:\/\/agora.xtec.cat\/institutgiola\/wp-json\/wp\/v2\/pages\/18266"}],"wp:attachment":[{"href":"https:\/\/agora.xtec.cat\/institutgiola\/wp-json\/wp\/v2\/media?parent=18276"}],"curies":[{"name":"wp","href":"https:\/\/api.w.org\/{rel}","templated":true}]}}