{"id":18274,"date":"2022-09-27T12:17:40","date_gmt":"2022-09-27T10:17:40","guid":{"rendered":"https:\/\/agora.xtec.cat\/institutgiola\/?page_id=18274"},"modified":"2025-04-05T08:23:59","modified_gmt":"2025-04-05T06:23:59","slug":"cfgm-installacions-electriques","status":"publish","type":"page","link":"https:\/\/agora.xtec.cat\/institutgiola\/estudis\/cicles-formatius\/cfgm-installacions-electriques\/","title":{"rendered":"CFGM Instal\u00b7lacions El\u00e8ctriques"},"content":{"rendered":"<p><strong>Cicle Formatiu de Grau Mig<\/strong><\/p>\n<p><strong>INSTAL\u00b7LACIONS EL\u00c8CTRIQUES I AUTOM\u00c0TIQUES (EE10)<\/strong><\/p>\n<p><a href=\"https:\/\/agora.xtec.cat\/institutgiola\/wp-content\/uploads\/usu1680\/2025\/04\/TRIPTIC-IEA.pdf\">Tr\u00edptic informatiu IEA<\/a><\/p>\n<p><strong>Qu\u00e8 aprendr\u00e0s?<\/strong><br \/>\nEl cicle \u00e9s una introducci\u00f3 als oficis m\u00e9s significatius del sector el\u00e8ctric.<\/p>\n<p>Estudiar\u00e0s i posar\u00e0s en pr\u00e0ctica temes sobre instal\u00b7lacions d&#8217;habitatges, i edificis , aix\u00ed com temes sobre automatitzaci\u00f3 i control industrial, energia solar, antenes, m\u00e0quines el\u00e8ctriques, i un llarg etc..<\/p>\n<p><strong>Qu\u00e8 vol dir en modalitat dual?<\/strong><br \/>\n\u00c9s una forma de cursar la FP, cursant una gran part del cicle dins d&#8217;una empresa com a treballador remunerat a una empresa. Aquesta part a l&#8217;empresa, fa que no hagis de fer gran n\u00famero de les hores lectives a l&#8217;institut.<\/p>\n<p><strong>Com \u00e9s el treball durant el curs?<\/strong><br \/>\nL&#8217;aprenentatge es duu a terme d&#8217;una manera molt pr\u00e0ctica.<br \/>\nTot el cicle es fa sobre projectes. A primer curs projectes individuals, i a segon curs en grup. Es tracta d&#8217;aprendre el m\u00e9s possible a partir de construir un projecte basat en realitats.<\/p>\n<p><strong>M\u00f2duls formatius:<\/strong><\/p>\n<p>0232. Automatismes industrials<br \/>\n0233. Electr\u00f2nica<br \/>\n0234. Electrot\u00e8cnia<br \/>\n0235. Instal\u00b7lacions el\u00e8ctriques interiors<br \/>\n0236. Instal\u00b7lacions de distribuci\u00f3<br \/>\n0237. Infraestructures comunes de telecomunicaci\u00f3 en habitatges i edificis<br \/>\n0238. Instal\u00b7lacions dom\u00f2tiques<br \/>\n0239. Instal\u00b7lacions solars fotovoltaiques<br \/>\n0240. M\u00e0quines el\u00e8ctriques<br \/>\n0156. Angl\u00e8s professional.<br \/>\n1664. Digitalitzaci\u00f3 aplicada als sectors productius.<br \/>\n1708. Sostenibilitat aplicada al sistema productiu.<br \/>\n1709. Itinerari personal per a l&#8217;ocupabilitat I.<br \/>\n1710. Itinerari personal per a l&#8217;ocupabilitat II<br \/>\n1713. Projecte intermodular<br \/>\nM\u00f2dul professional optatiu.<\/p>\n<p><strong>Organitzaci\u00f3<\/strong><br \/>\nDurada: 2000 hores<br \/>\nDistribuci\u00f3: 2 cursos<br \/>\nHorari: matins<\/p>\n<p><strong>Condicions d&#8217;acc\u00e9s<\/strong><br \/>\nLes que marca la normativa espec\u00edfica per accedir a Cicles Formatius. Cal tenir l&#8217;ESO o equivalent,,<\/p>\n<p>De qu\u00e8 pots treballar, quan acabis?<br \/>\nB\u00e0sicament podr\u00e0s treballar en dos sectors.<\/p>\n<p><strong>Instal\u00b7lacions:<\/strong><br \/>\nLa finalitzaci\u00f3 d&#8217;aquest cicle t&#8217;habita com a INSTAL\u00b7LADOR EL\u00c8CTRIC AUTORITZAT, i per tant podr\u00e0s legalitzar les teves instal\u00b7lacions i\/o muntar la teva petita empresa instal\u00b7ladora.<\/p>\n<p>Instal\u00b7lacions dom\u00e8stiques, industrial i d&#8217;edificis.<br \/>\nInstal\u00b7lacions de comunicacions<br \/>\nInstal\u00b7lacions fotovoltaiques<br \/>\nInstal.lacions p\u00fabliques enllumenat<br \/>\nInstal.lacions de distribuci\u00f3 de companyies com ENDESA<\/p>\n<p><strong>Sector industrial<\/strong><\/p>\n<p>Manteniment el\u00e8ctric automatitzaci\u00f3 industrial<br \/>\nManteniment m\u00e0quines el\u00e8ctriques.<br \/>\nQuadrista industrial.<\/p>\n<p>I si vols continuar estudiant, pots:<br \/>\nSeguir amb un altre cicle formatiu de Grau Superior<\/p>\n","protected":false},"excerpt":{"rendered":"<p>Cicle Formatiu de Grau Mig INSTAL\u00b7LACIONS EL\u00c8CTRIQUES I AUTOM\u00c0TIQUES (EE10) Tr\u00edptic informatiu IEA Qu\u00e8 aprendr\u00e0s? El cicle \u00e9s una introducci\u00f3 als oficis m\u00e9s significatius del sector el\u00e8ctric. Estudiar\u00e0s i posar\u00e0s en pr\u00e0ctica temes sobre instal\u00b7lacions d&#8217;habitatges, i edificis , aix\u00ed com temes sobre automatitzaci\u00f3 i control industrial, energia solar, antenes, m\u00e0quines el\u00e8ctriques, i un llarg [&hellip;]<\/p>\n","protected":false},"author":1,"featured_media":0,"parent":18266,"menu_order":0,"comment_status":"closed","ping_status":"closed","template":"","meta":{"_bbp_topic_count":0,"_bbp_reply_count":0,"_bbp_total_topic_count":0,"_bbp_total_reply_count":0,"_bbp_voice_count":0,"_bbp_anonymous_reply_count":0,"_bbp_topic_count_hidden":0,"_bbp_reply_count_hidden":0,"_bbp_forum_subforum_count":0,"site-sidebar-layout":"default","site-content-layout":"","ast-site-content-layout":"default","site-content-style":"default","site-sidebar-style":"default","ast-global-header-display":"","ast-banner-title-visibility":"","ast-main-header-display":"","ast-hfb-above-header-display":"","ast-hfb-below-header-display":"","ast-hfb-mobile-header-display":"","site-post-title":"","ast-breadcrumbs-content":"","ast-featured-img":"","footer-sml-layout":"","theme-transparent-header-meta":"","adv-header-id-meta":"","stick-header-meta":"","header-above-stick-meta":"","header-main-stick-meta":"","header-below-stick-meta":"","astra-migrate-meta-layouts":"set","ast-page-background-enabled":"default","ast-page-background-meta":{"desktop":{"background-color":"var(--ast-global-color-4)","background-image":"","background-repeat":"repeat","background-position":"center center","background-size":"auto","background-attachment":"scroll","background-type":"","background-media":"","overlay-type":"","overlay-color":"","overlay-opacity":"","overlay-gradient":""},"tablet":{"background-color":"","background-image":"","background-repeat":"repeat","background-position":"center center","background-size":"auto","background-attachment":"scroll","background-type":"","background-media":"","overlay-type":"","overlay-color":"","overlay-opacity":"","overlay-gradient":""},"mobile":{"background-color":"","background-image":"","background-repeat":"repeat","background-position":"center center","background-size":"auto","background-attachment":"scroll","background-type":"","background-media":"","overlay-type":"","overlay-color":"","overlay-opacity":"","overlay-gradient":""}},"ast-content-background-meta":{"desktop":{"background-color":"var(--ast-global-color-5)","background-image":"","background-repeat":"repeat","background-position":"center center","background-size":"auto","background-attachment":"scroll","background-type":"","background-media":"","overlay-type":"","overlay-color":"","overlay-opacity":"","overlay-gradient":""},"tablet":{"background-color":"var(--ast-global-color-5)","background-image":"","background-repeat":"repeat","background-position":"center center","background-size":"auto","background-attachment":"scroll","background-type":"","background-media":"","overlay-type":"","overlay-color":"","overlay-opacity":"","overlay-gradient":""},"mobile":{"background-color":"var(--ast-global-color-5)","background-image":"","background-repeat":"repeat","background-position":"center center","background-size":"auto","background-attachment":"scroll","background-type":"","background-media":"","overlay-type":"","overlay-color":"","overlay-opacity":"","overlay-gradient":""}},"footnotes":""},"class_list":["post-18274","page","type-page","status-publish","hentry"],"post_mailing_queue_ids":[],"_links":{"self":[{"href":"https:\/\/agora.xtec.cat\/institutgiola\/wp-json\/wp\/v2\/pages\/18274","targetHints":{"allow":["GET"]}}],"collection":[{"href":"https:\/\/agora.xtec.cat\/institutgiola\/wp-json\/wp\/v2\/pages"}],"about":[{"href":"https:\/\/agora.xtec.cat\/institutgiola\/wp-json\/wp\/v2\/types\/page"}],"author":[{"embeddable":true,"href":"https:\/\/agora.xtec.cat\/institutgiola\/wp-json\/wp\/v2\/users\/1"}],"replies":[{"embeddable":true,"href":"https:\/\/agora.xtec.cat\/institutgiola\/wp-json\/wp\/v2\/comments?post=18274"}],"version-history":[{"count":5,"href":"https:\/\/agora.xtec.cat\/institutgiola\/wp-json\/wp\/v2\/pages\/18274\/revisions"}],"predecessor-version":[{"id":19132,"href":"https:\/\/agora.xtec.cat\/institutgiola\/wp-json\/wp\/v2\/pages\/18274\/revisions\/19132"}],"up":[{"embeddable":true,"href":"https:\/\/agora.xtec.cat\/institutgiola\/wp-json\/wp\/v2\/pages\/18266"}],"wp:attachment":[{"href":"https:\/\/agora.xtec.cat\/institutgiola\/wp-json\/wp\/v2\/media?parent=18274"}],"curies":[{"name":"wp","href":"https:\/\/api.w.org\/{rel}","templated":true}]}}