{"id":18272,"date":"2022-09-27T12:17:00","date_gmt":"2022-09-27T10:17:00","guid":{"rendered":"https:\/\/agora.xtec.cat\/institutgiola\/?page_id=18272"},"modified":"2025-04-05T08:24:58","modified_gmt":"2025-04-05T06:24:58","slug":"cfgm-gestio-administrativa","status":"publish","type":"page","link":"https:\/\/agora.xtec.cat\/institutgiola\/estudis\/cicles-formatius\/cfgm-gestio-administrativa\/","title":{"rendered":"CFGM Gesti\u00f3 Administrativa"},"content":{"rendered":"<p><strong>Cicle Formatiu de Grau Mitj\u00e0<\/strong><br \/>\n<strong>GESTI\u00d3 ADMINISTRATIVA<\/strong><\/p>\n<p><a href=\"https:\/\/agora.xtec.cat\/institutgiola\/wp-content\/uploads\/usu1680\/2025\/04\/TRIPTIC-GA.pdf\">Tr\u00edptic informatiu GA<\/a><\/p>\n<p><strong>Qu\u00e8 hi aprendr\u00e0s?<\/strong><br \/>\nA exercir tasques de suport administratiu en l\u2019\u00e0mbit laboral, comptable, comercial, financer i fiscal, aix\u00ed com d\u2019atenci\u00f3 al client\/usuari, en empreses p\u00fabliques i privades.<\/p>\n<p><strong>Com \u00e9s el treball durant el curs?<\/strong><br \/>\nL\u2019aprenentatge es duu a terme d\u2019una manera molt pr\u00e0ctica. L\u2019alumnat realitza des d\u2019un primer moment les tasques administratives que es porten a terme en els diferents departaments d\u2019una organitzaci\u00f3: tramitaci\u00f3, elaboraci\u00f3, classificaci\u00f3, registre i arxiu de documents i comunicacions segons els par\u00e0metres establerts per l\u2019empresa; registre comptable de les operacions de l\u2019empresa; gestions administratives de tresoreria; gestions administratives de les \u00e0rees de selecci\u00f3 i formaci\u00f3 dels recursos humans; suport administratiu en la gesti\u00f3 laboral; gestions administratives de l\u2019activitat comercial; activitats d\u2019atenci\u00f3 al client\/usuari assegurant els nivells establerts i tenint en compte la imatge de l\u2019empresa\/instituci\u00f3.<\/p>\n<p><strong>M\u00f2duls formatius:<\/strong><\/p>\n<p>0437. Comunicaci\u00f3 empresarial i atenci\u00f3 al client.<br \/>\n0438. Operacions administratives de compravenda.<br \/>\n0439. Empresa i administraci\u00f3.<br \/>\n0440. Tractament inform\u00e0tic de la informaci\u00f3.<br \/>\n0441. T\u00e8cnica comptable.<br \/>\n0442. Operacions administratives de recursos humans.<br \/>\n0443. Tractament de la documentaci\u00f3 comptable.<br \/>\n0446. Empresa a l\u2019 aula.<br \/>\n0448. Operacions auxiliars de gesti\u00f3 de tresoreria.<br \/>\nC056. Catal\u00e0\/ Aran\u00e8s professional.<br \/>\n0156. Angl\u00e8s professional.<br \/>\n1664. Digitalitzaci\u00f3 aplicada als sectors productius.<br \/>\n1708. Sostenibilitat aplicada al sistema productiu.<br \/>\n1709. Itinerari personal per a l&#8217;ocupabilitat I.<br \/>\n1710. Itinerari personal per a l&#8217;ocupabilitat II.<br \/>\n1713. Projecte intermodular.<br \/>\nM\u00f2dul professional optatiu.<\/p>\n<p><strong>Organitzaci\u00f3<\/strong><br \/>\nDurada: 2000 hores<br \/>\nDistribuci\u00f3: 2 cursos<br \/>\nHorari: matins<\/p>\n<p><strong>Condicions d\u2019acc\u00e9s<\/strong><br \/>\nLes que marca la normativa espec\u00edfica per accedir a Cicles Formatius de Grau Mitj\u00e0. A m\u00e9s, cal disposar de:<br \/>\n\u2022 Ordinador port\u00e0til (SO Windows)<\/p>\n<p><strong>De qu\u00e8 pots treballar, quan acabis?<\/strong><br \/>\nUn cop finalitzat el cicle obtindr\u00e0s un t\u00edtol de t\u00e8cnic i podr\u00e0s treballar en empreses grans, mitjanes o petites, especialment del sector de serveis.<\/p>\n<p><strong>Podr\u00e0s treballar com:<\/strong><br \/>\n&#8211; Auxiliar administratiu\/iva.<br \/>\n&#8211; Ajudant d\u2019oficina.<br \/>\n&#8211; Auxiliar administratiu\/iva de cobraments i pagaments.<br \/>\n&#8211; Administratiu\/iva comercial.<br \/>\n&#8211; Auxiliar administratiu\/iva de gesti\u00f3 de personal.<br \/>\n&#8211; Auxiliar administratiu\/iva de les administracions p\u00fabliques.<br \/>\n&#8211; Recepcionista.<br \/>\n&#8211; Empleat\/ada d\u2019atenci\u00f3 al client.<br \/>\n&#8211; Empleat\/ada de tresoreria.<br \/>\n&#8211; Empleat\/ada de mitjans de pagament.<\/p>\n<p><strong>I si vols continuar estudiant, pots:<\/strong><br \/>\n\u2022 Seguir amb un altre cicle formatiu de Grau Mitj\u00e0 o Superior<br \/>\n\u2022 Accedir al Batxillerat<\/p>\n","protected":false},"excerpt":{"rendered":"<p>Cicle Formatiu de Grau Mitj\u00e0 GESTI\u00d3 ADMINISTRATIVA Tr\u00edptic informatiu GA Qu\u00e8 hi aprendr\u00e0s? A exercir tasques de suport administratiu en l\u2019\u00e0mbit laboral, comptable, comercial, financer i fiscal, aix\u00ed com d\u2019atenci\u00f3 al client\/usuari, en empreses p\u00fabliques i privades. Com \u00e9s el treball durant el curs? L\u2019aprenentatge es duu a terme d\u2019una manera molt pr\u00e0ctica. L\u2019alumnat realitza [&hellip;]<\/p>\n","protected":false},"author":1,"featured_media":0,"parent":18266,"menu_order":0,"comment_status":"closed","ping_status":"closed","template":"","meta":{"_bbp_topic_count":0,"_bbp_reply_count":0,"_bbp_total_topic_count":0,"_bbp_total_reply_count":0,"_bbp_voice_count":0,"_bbp_anonymous_reply_count":0,"_bbp_topic_count_hidden":0,"_bbp_reply_count_hidden":0,"_bbp_forum_subforum_count":0,"site-sidebar-layout":"default","site-content-layout":"","ast-site-content-layout":"default","site-content-style":"default","site-sidebar-style":"default","ast-global-header-display":"","ast-banner-title-visibility":"","ast-main-header-display":"","ast-hfb-above-header-display":"","ast-hfb-below-header-display":"","ast-hfb-mobile-header-display":"","site-post-title":"","ast-breadcrumbs-content":"","ast-featured-img":"","footer-sml-layout":"","theme-transparent-header-meta":"","adv-header-id-meta":"","stick-header-meta":"","header-above-stick-meta":"","header-main-stick-meta":"","header-below-stick-meta":"","astra-migrate-meta-layouts":"set","ast-page-background-enabled":"default","ast-page-background-meta":{"desktop":{"background-color":"var(--ast-global-color-4)","background-image":"","background-repeat":"repeat","background-position":"center center","background-size":"auto","background-attachment":"scroll","background-type":"","background-media":"","overlay-type":"","overlay-color":"","overlay-opacity":"","overlay-gradient":""},"tablet":{"background-color":"","background-image":"","background-repeat":"repeat","background-position":"center center","background-size":"auto","background-attachment":"scroll","background-type":"","background-media":"","overlay-type":"","overlay-color":"","overlay-opacity":"","overlay-gradient":""},"mobile":{"background-color":"","background-image":"","background-repeat":"repeat","background-position":"center center","background-size":"auto","background-attachment":"scroll","background-type":"","background-media":"","overlay-type":"","overlay-color":"","overlay-opacity":"","overlay-gradient":""}},"ast-content-background-meta":{"desktop":{"background-color":"var(--ast-global-color-5)","background-image":"","background-repeat":"repeat","background-position":"center center","background-size":"auto","background-attachment":"scroll","background-type":"","background-media":"","overlay-type":"","overlay-color":"","overlay-opacity":"","overlay-gradient":""},"tablet":{"background-color":"var(--ast-global-color-5)","background-image":"","background-repeat":"repeat","background-position":"center center","background-size":"auto","background-attachment":"scroll","background-type":"","background-media":"","overlay-type":"","overlay-color":"","overlay-opacity":"","overlay-gradient":""},"mobile":{"background-color":"var(--ast-global-color-5)","background-image":"","background-repeat":"repeat","background-position":"center center","background-size":"auto","background-attachment":"scroll","background-type":"","background-media":"","overlay-type":"","overlay-color":"","overlay-opacity":"","overlay-gradient":""}},"footnotes":""},"class_list":["post-18272","page","type-page","status-publish","hentry"],"post_mailing_queue_ids":[],"_links":{"self":[{"href":"https:\/\/agora.xtec.cat\/institutgiola\/wp-json\/wp\/v2\/pages\/18272","targetHints":{"allow":["GET"]}}],"collection":[{"href":"https:\/\/agora.xtec.cat\/institutgiola\/wp-json\/wp\/v2\/pages"}],"about":[{"href":"https:\/\/agora.xtec.cat\/institutgiola\/wp-json\/wp\/v2\/types\/page"}],"author":[{"embeddable":true,"href":"https:\/\/agora.xtec.cat\/institutgiola\/wp-json\/wp\/v2\/users\/1"}],"replies":[{"embeddable":true,"href":"https:\/\/agora.xtec.cat\/institutgiola\/wp-json\/wp\/v2\/comments?post=18272"}],"version-history":[{"count":6,"href":"https:\/\/agora.xtec.cat\/institutgiola\/wp-json\/wp\/v2\/pages\/18272\/revisions"}],"predecessor-version":[{"id":19134,"href":"https:\/\/agora.xtec.cat\/institutgiola\/wp-json\/wp\/v2\/pages\/18272\/revisions\/19134"}],"up":[{"embeddable":true,"href":"https:\/\/agora.xtec.cat\/institutgiola\/wp-json\/wp\/v2\/pages\/18266"}],"wp:attachment":[{"href":"https:\/\/agora.xtec.cat\/institutgiola\/wp-json\/wp\/v2\/media?parent=18272"}],"curies":[{"name":"wp","href":"https:\/\/api.w.org\/{rel}","templated":true}]}}