{"id":18262,"date":"2022-09-27T12:13:48","date_gmt":"2022-09-27T10:13:48","guid":{"rendered":"https:\/\/agora.xtec.cat\/institutgiola\/?page_id=18262"},"modified":"2026-03-03T18:35:00","modified_gmt":"2026-03-03T17:35:00","slug":"eso","status":"publish","type":"page","link":"https:\/\/agora.xtec.cat\/institutgiola\/estudis\/eso\/","title":{"rendered":"ESO"},"content":{"rendered":"\n<p>4 l\u00ednies d&#8217;ESO.<\/p>\n\n\n\n<p><a href=\"https:\/\/docs.google.com\/presentation\/d\/1SrziCRLMjKB3u_pjeXKTDUnu7pINn177NMyphz8L60w\/edit?slide=id.g77d33b8e94_0_17#slide=id.g77d33b8e94_0_17\" target=\"_blank\" rel=\"noreferrer noopener\">Informaci\u00f3 preinscripci\u00f3.&nbsp;<\/a><\/p>\n\n\n\n<p><a href=\"https:\/\/docs.google.com\/document\/d\/15kbUd9GaNEgFBwGihs4HS8m6O9HpcFE93h8vy1vwD28\/edit?tab=t.0\" target=\"_blank\" rel=\"noreferrer noopener\">Calendari preinscripci\u00f3 i matr\u00edcula. <\/a><\/p>\n\n\n\n<p><a href=\"https:\/\/docs.google.com\/presentation\/d\/1xpZTCfQMcd_l0OZgC7BKfwEVDrzdzkzA7_RkM9b3G84\/edit?slide=id.p1#slide=id.p1\" target=\"_blank\" rel=\"noreferrer noopener\">Informaci\u00f3 ESO al Giola<\/a><\/p>\n\n\n\n<figure class=\"wp-block-image\"><a href=\"https:\/\/docs.google.com\/presentation\/d\/1xpZTCfQMcd_l0OZgC7BKfwEVDrzdzkzA7_RkM9b3G84\/edit?slide=id.p1#slide=id.p1\" target=\"_blank\" rel=\"noopener\"><img loading=\"lazy\" decoding=\"async\" width=\"1024\" height=\"569\" src=\"https:\/\/agora.xtec.cat\/institutgiola\/wp-content\/uploads\/usu1680\/2023\/02\/presentacio_ESO-1-1024x569.png\" alt=\"\" class=\"wp-image-18484\" srcset=\"https:\/\/agora.xtec.cat\/institutgiola\/wp-content\/uploads\/usu1680\/2023\/02\/presentacio_ESO-1-1024x569.png 1024w, https:\/\/agora.xtec.cat\/institutgiola\/wp-content\/uploads\/usu1680\/2023\/02\/presentacio_ESO-1-300x167.png 300w, https:\/\/agora.xtec.cat\/institutgiola\/wp-content\/uploads\/usu1680\/2023\/02\/presentacio_ESO-1-768x427.png 768w, https:\/\/agora.xtec.cat\/institutgiola\/wp-content\/uploads\/usu1680\/2023\/02\/presentacio_ESO-1.png 1115w\" sizes=\"auto, (max-width: 1024px) 100vw, 1024px\" \/><\/a><\/figure>\n","protected":false},"excerpt":{"rendered":"<p>4 l\u00ednies d&#8217;ESO. Informaci\u00f3 preinscripci\u00f3.&nbsp; Calendari preinscripci\u00f3 i matr\u00edcula. Informaci\u00f3 ESO al Giola<\/p>\n","protected":false},"author":1,"featured_media":0,"parent":195,"menu_order":0,"comment_status":"closed","ping_status":"closed","template":"","meta":{"_bbp_topic_count":0,"_bbp_reply_count":0,"_bbp_total_topic_count":0,"_bbp_total_reply_count":0,"_bbp_voice_count":0,"_bbp_anonymous_reply_count":0,"_bbp_topic_count_hidden":0,"_bbp_reply_count_hidden":0,"_bbp_forum_subforum_count":0,"site-sidebar-layout":"default","site-content-layout":"","ast-site-content-layout":"default","site-content-style":"default","site-sidebar-style":"default","ast-global-header-display":"","ast-banner-title-visibility":"","ast-main-header-display":"","ast-hfb-above-header-display":"","ast-hfb-below-header-display":"","ast-hfb-mobile-header-display":"","site-post-title":"","ast-breadcrumbs-content":"","ast-featured-img":"","footer-sml-layout":"","theme-transparent-header-meta":"","adv-header-id-meta":"","stick-header-meta":"","header-above-stick-meta":"","header-main-stick-meta":"","header-below-stick-meta":"","astra-migrate-meta-layouts":"set","ast-page-background-enabled":"default","ast-page-background-meta":{"desktop":{"background-color":"var(--ast-global-color-4)","background-image":"","background-repeat":"repeat","background-position":"center center","background-size":"auto","background-attachment":"scroll","background-type":"","background-media":"","overlay-type":"","overlay-color":"","overlay-opacity":"","overlay-gradient":""},"tablet":{"background-color":"","background-image":"","background-repeat":"repeat","background-position":"center center","background-size":"auto","background-attachment":"scroll","background-type":"","background-media":"","overlay-type":"","overlay-color":"","overlay-opacity":"","overlay-gradient":""},"mobile":{"background-color":"","background-image":"","background-repeat":"repeat","background-position":"center center","background-size":"auto","background-attachment":"scroll","background-type":"","background-media":"","overlay-type":"","overlay-color":"","overlay-opacity":"","overlay-gradient":""}},"ast-content-background-meta":{"desktop":{"background-color":"var(--ast-global-color-5)","background-image":"","background-repeat":"repeat","background-position":"center center","background-size":"auto","background-attachment":"scroll","background-type":"","background-media":"","overlay-type":"","overlay-color":"","overlay-opacity":"","overlay-gradient":""},"tablet":{"background-color":"var(--ast-global-color-5)","background-image":"","background-repeat":"repeat","background-position":"center center","background-size":"auto","background-attachment":"scroll","background-type":"","background-media":"","overlay-type":"","overlay-color":"","overlay-opacity":"","overlay-gradient":""},"mobile":{"background-color":"var(--ast-global-color-5)","background-image":"","background-repeat":"repeat","background-position":"center center","background-size":"auto","background-attachment":"scroll","background-type":"","background-media":"","overlay-type":"","overlay-color":"","overlay-opacity":"","overlay-gradient":""}},"footnotes":""},"class_list":["post-18262","page","type-page","status-publish","hentry"],"post_mailing_queue_ids":[],"_links":{"self":[{"href":"https:\/\/agora.xtec.cat\/institutgiola\/wp-json\/wp\/v2\/pages\/18262","targetHints":{"allow":["GET"]}}],"collection":[{"href":"https:\/\/agora.xtec.cat\/institutgiola\/wp-json\/wp\/v2\/pages"}],"about":[{"href":"https:\/\/agora.xtec.cat\/institutgiola\/wp-json\/wp\/v2\/types\/page"}],"author":[{"embeddable":true,"href":"https:\/\/agora.xtec.cat\/institutgiola\/wp-json\/wp\/v2\/users\/1"}],"replies":[{"embeddable":true,"href":"https:\/\/agora.xtec.cat\/institutgiola\/wp-json\/wp\/v2\/comments?post=18262"}],"version-history":[{"count":6,"href":"https:\/\/agora.xtec.cat\/institutgiola\/wp-json\/wp\/v2\/pages\/18262\/revisions"}],"predecessor-version":[{"id":19403,"href":"https:\/\/agora.xtec.cat\/institutgiola\/wp-json\/wp\/v2\/pages\/18262\/revisions\/19403"}],"up":[{"embeddable":true,"href":"https:\/\/agora.xtec.cat\/institutgiola\/wp-json\/wp\/v2\/pages\/195"}],"wp:attachment":[{"href":"https:\/\/agora.xtec.cat\/institutgiola\/wp-json\/wp\/v2\/media?parent=18262"}],"curies":[{"name":"wp","href":"https:\/\/api.w.org\/{rel}","templated":true}]}}