{"id":17035,"date":"2019-11-05T11:01:11","date_gmt":"2019-11-05T10:01:11","guid":{"rendered":"http:\/\/agora.xtec.cat\/institutgiola\/?page_id=17035"},"modified":"2019-11-05T11:01:11","modified_gmt":"2019-11-05T10:01:11","slug":"missio-visio-i-valors","status":"publish","type":"page","link":"https:\/\/agora.xtec.cat\/institutgiola\/linstitut\/missio-visio-i-valors\/","title":{"rendered":"Missi\u00f3, Visi\u00f3 i Valors"},"content":{"rendered":"<p><i><strong>Missi\u00f3<\/strong><br \/>\nFormar els alumnes d&#8217;acord amb els principis de l&#8217;escola p\u00fablica catalana.<\/p>\n<p><strong>Visi\u00f3<\/strong><br \/>\nSer un centre de prestigi i refer\u00e8ncia. Afavorir el di\u00e0leg i les relacions amb la comunitat educativa, el teixit associatiu i empresarial i els altres centres.<\/p>\n<p><strong>Valors<\/strong><br \/>\nEls principis \u00e8tics i de funcionament que guien el treball quotidi\u00e0 al nostre centre requereixen el comprom\u00eds compartit per tots i conformen la nostra cultura: creixement personal, conviv\u00e8ncia i sostenibilitat.<\/i><\/p>\n","protected":false},"excerpt":{"rendered":"<p>Missi\u00f3 Formar els alumnes d&#8217;acord amb els principis de l&#8217;escola p\u00fablica catalana. Visi\u00f3 Ser un centre de prestigi i refer\u00e8ncia. Afavorir el di\u00e0leg i les relacions amb la comunitat educativa, el teixit associatiu i empresarial i els altres centres. Valors Els principis \u00e8tics i de funcionament que guien el treball quotidi\u00e0 al nostre centre requereixen [&hellip;]<\/p>\n","protected":false},"author":1,"featured_media":0,"parent":19,"menu_order":90,"comment_status":"closed","ping_status":"closed","template":"page-templates\/side-menu.php","meta":{"_bbp_topic_count":0,"_bbp_reply_count":0,"_bbp_total_topic_count":0,"_bbp_total_reply_count":0,"_bbp_voice_count":0,"_bbp_anonymous_reply_count":0,"_bbp_topic_count_hidden":0,"_bbp_reply_count_hidden":0,"_bbp_forum_subforum_count":0,"site-sidebar-layout":"default","site-content-layout":"","ast-site-content-layout":"","site-content-style":"default","site-sidebar-style":"default","ast-global-header-display":"","ast-banner-title-visibility":"","ast-main-header-display":"","ast-hfb-above-header-display":"","ast-hfb-below-header-display":"","ast-hfb-mobile-header-display":"","site-post-title":"","ast-breadcrumbs-content":"","ast-featured-img":"","footer-sml-layout":"","theme-transparent-header-meta":"","adv-header-id-meta":"","stick-header-meta":"","header-above-stick-meta":"","header-main-stick-meta":"","header-below-stick-meta":"","astra-migrate-meta-layouts":"default","ast-page-background-enabled":"default","ast-page-background-meta":{"desktop":{"background-color":"var(--ast-global-color-4)","background-image":"","background-repeat":"repeat","background-position":"center center","background-size":"auto","background-attachment":"scroll","background-type":"","background-media":"","overlay-type":"","overlay-color":"","overlay-opacity":"","overlay-gradient":""},"tablet":{"background-color":"","background-image":"","background-repeat":"repeat","background-position":"center center","background-size":"auto","background-attachment":"scroll","background-type":"","background-media":"","overlay-type":"","overlay-color":"","overlay-opacity":"","overlay-gradient":""},"mobile":{"background-color":"","background-image":"","background-repeat":"repeat","background-position":"center center","background-size":"auto","background-attachment":"scroll","background-type":"","background-media":"","overlay-type":"","overlay-color":"","overlay-opacity":"","overlay-gradient":""}},"ast-content-background-meta":{"desktop":{"background-color":"var(--ast-global-color-5)","background-image":"","background-repeat":"repeat","background-position":"center center","background-size":"auto","background-attachment":"scroll","background-type":"","background-media":"","overlay-type":"","overlay-color":"","overlay-opacity":"","overlay-gradient":""},"tablet":{"background-color":"var(--ast-global-color-5)","background-image":"","background-repeat":"repeat","background-position":"center center","background-size":"auto","background-attachment":"scroll","background-type":"","background-media":"","overlay-type":"","overlay-color":"","overlay-opacity":"","overlay-gradient":""},"mobile":{"background-color":"var(--ast-global-color-5)","background-image":"","background-repeat":"repeat","background-position":"center center","background-size":"auto","background-attachment":"scroll","background-type":"","background-media":"","overlay-type":"","overlay-color":"","overlay-opacity":"","overlay-gradient":""}},"footnotes":""},"class_list":["post-17035","page","type-page","status-publish","hentry"],"post_mailing_queue_ids":[],"_links":{"self":[{"href":"https:\/\/agora.xtec.cat\/institutgiola\/wp-json\/wp\/v2\/pages\/17035","targetHints":{"allow":["GET"]}}],"collection":[{"href":"https:\/\/agora.xtec.cat\/institutgiola\/wp-json\/wp\/v2\/pages"}],"about":[{"href":"https:\/\/agora.xtec.cat\/institutgiola\/wp-json\/wp\/v2\/types\/page"}],"author":[{"embeddable":true,"href":"https:\/\/agora.xtec.cat\/institutgiola\/wp-json\/wp\/v2\/users\/1"}],"replies":[{"embeddable":true,"href":"https:\/\/agora.xtec.cat\/institutgiola\/wp-json\/wp\/v2\/comments?post=17035"}],"version-history":[{"count":1,"href":"https:\/\/agora.xtec.cat\/institutgiola\/wp-json\/wp\/v2\/pages\/17035\/revisions"}],"predecessor-version":[{"id":17036,"href":"https:\/\/agora.xtec.cat\/institutgiola\/wp-json\/wp\/v2\/pages\/17035\/revisions\/17036"}],"up":[{"embeddable":true,"href":"https:\/\/agora.xtec.cat\/institutgiola\/wp-json\/wp\/v2\/pages\/19"}],"wp:attachment":[{"href":"https:\/\/agora.xtec.cat\/institutgiola\/wp-json\/wp\/v2\/media?parent=17035"}],"curies":[{"name":"wp","href":"https:\/\/api.w.org\/{rel}","templated":true}]}}