{"id":17006,"date":"2019-10-24T12:59:50","date_gmt":"2019-10-24T10:59:50","guid":{"rendered":"http:\/\/agora.xtec.cat\/institutgiola\/?page_id=17006"},"modified":"2019-11-26T12:43:57","modified_gmt":"2019-11-26T11:43:57","slug":"relacio-convenis","status":"publish","type":"page","link":"https:\/\/agora.xtec.cat\/institutgiola\/documents-i-formularis\/relacio-convenis\/","title":{"rendered":"Relaci\u00f3 convenis"},"content":{"rendered":"<table>\n<tbody>\n<tr>\n<td width=\"308\">FCT<\/td>\n<td width=\"331\">DUAL<\/td>\n<td width=\"256\">ALTRES<\/td>\n<\/tr>\n<tr>\n<td width=\"308\">Iow Momentum<\/td>\n<td width=\"331\">Gesab<\/td>\n<td width=\"256\">&nbsp;<\/td>\n<\/tr>\n<tr>\n<td width=\"308\">Hospital sant Celoni<\/td>\n<td width=\"331\">Carethy<\/td>\n<td width=\"256\">Ajuntament de Llinars del Vall\u00e8s:<\/p>\n<p>Project Singular<\/td>\n<\/tr>\n<tr>\n<td width=\"308\">Itec Measuri<\/td>\n<td width=\"331\">KH Lloreda<\/td>\n<td width=\"256\">Ajuntament de Llinars del Vall\u00e8s:<\/p>\n<p>Cessi\u00f3 espais<\/p>\n<p>&nbsp;<\/td>\n<\/tr>\n<tr>\n<td width=\"308\">Carethy<\/td>\n<td width=\"331\">Oxiris<\/td>\n<td width=\"256\">&nbsp;<\/td>\n<\/tr>\n<tr>\n<td width=\"308\">Ajuntament Cabrera de Mar<\/td>\n<td width=\"331\">Satcrm<\/td>\n<td width=\"256\">&nbsp;<\/td>\n<\/tr>\n<tr>\n<td width=\"308\">Prosiscat<\/td>\n<td width=\"331\">Zeller Plastik<\/td>\n<td width=\"256\">&nbsp;<\/td>\n<\/tr>\n<tr>\n<td width=\"308\">Beauty by dia<\/td>\n<td width=\"331\">Inautec\u00a0S.L<\/td>\n<td width=\"256\">&nbsp;<\/td>\n<\/tr>\n<tr>\n<td width=\"308\">Asialink<\/td>\n<td width=\"331\">Instal.lacions JE<\/td>\n<td width=\"256\">&nbsp;<\/td>\n<\/tr>\n<tr>\n<td width=\"308\">Farmedco<\/td>\n<td width=\"331\">Instaldi S.L<\/td>\n<td width=\"256\">&nbsp;<\/td>\n<\/tr>\n<tr>\n<td width=\"308\">BCM Integra Comunicaci\u00f3<\/td>\n<td width=\"331\">&nbsp;<\/td>\n<td width=\"256\">&nbsp;<\/td>\n<\/tr>\n<tr>\n<td width=\"308\">David Garc\u00eda Martinez\u00a0(Aut\u00f3nom)<\/td>\n<td width=\"331\">&nbsp;<\/td>\n<td width=\"256\">&nbsp;<\/td>\n<\/tr>\n<tr>\n<td width=\"308\">Motor Car 2000<\/td>\n<td width=\"331\">&nbsp;<\/td>\n<td width=\"256\">&nbsp;<\/td>\n<\/tr>\n<tr>\n<td width=\"308\">Aycon S,L<\/td>\n<td width=\"331\">&nbsp;<\/td>\n<td width=\"256\">&nbsp;<\/td>\n<\/tr>\n<tr>\n<td width=\"308\">Fundaci\u00f3 Viver de Bell-lloc<\/td>\n<td width=\"331\">&nbsp;<\/td>\n<td width=\"256\">&nbsp;<\/td>\n<\/tr>\n<tr>\n<td width=\"308\">Horta la Fanecada SL<\/td>\n<td width=\"331\">&nbsp;<\/td>\n<td width=\"256\">&nbsp;<\/td>\n<\/tr>\n<tr>\n<td width=\"308\">Xavier Pujadas Vila<\/td>\n<td width=\"331\">&nbsp;<\/td>\n<td width=\"256\">&nbsp;<\/td>\n<\/tr>\n<tr>\n<td width=\"308\">Granja Xaid\u00f3<\/td>\n<td width=\"331\">&nbsp;<\/td>\n<td width=\"256\">&nbsp;<\/td>\n<\/tr>\n<tr>\n<td width=\"308\">Cal Cerd\u00e0 Eco SL<\/td>\n<td width=\"331\">&nbsp;<\/td>\n<td width=\"256\">&nbsp;<\/td>\n<\/tr>\n<tr>\n<td width=\"308\">Berta Cordom\u00ed Duatis<\/td>\n<td width=\"331\">&nbsp;<\/td>\n<td width=\"256\">&nbsp;<\/td>\n<\/tr>\n<tr>\n<td width=\"308\">Can Farr\u00e9s<\/td>\n<td width=\"331\">&nbsp;<\/td>\n<td width=\"256\">&nbsp;<\/td>\n<\/tr>\n<tr>\n<td width=\"308\">Can Gel SCP<\/td>\n<td width=\"331\">&nbsp;<\/td>\n<td width=\"256\">&nbsp;<\/td>\n<\/tr>\n<tr>\n<td width=\"308\">Finques la Clau Verda<\/td>\n<td width=\"331\">&nbsp;<\/td>\n<td width=\"256\">&nbsp;<\/td>\n<\/tr>\n<tr>\n<td width=\"308\">Finques Can Font<\/td>\n<td width=\"331\">&nbsp;<\/td>\n<td width=\"256\">&nbsp;<\/td>\n<\/tr>\n<tr>\n<td width=\"308\">Biblioteca de Palautordera<\/td>\n<td width=\"331\">&nbsp;<\/td>\n<td width=\"256\">&nbsp;<\/td>\n<\/tr>\n<tr>\n<td width=\"308\">Escola de M\u00fasica de Llinars del Vall\u00e8s<\/td>\n<td width=\"331\">&nbsp;<\/td>\n<td width=\"256\">&nbsp;<\/td>\n<\/tr>\n<tr>\n<td width=\"308\">NGLOBA Devices SL<\/td>\n<td width=\"331\">&nbsp;<\/td>\n<td width=\"256\">&nbsp;<\/td>\n<\/tr>\n<tr>\n<td width=\"308\">Assegurances Mafre<\/td>\n<td width=\"331\">&nbsp;<\/td>\n<td width=\"256\">&nbsp;<\/td>\n<\/tr>\n<tr>\n<td width=\"308\">Mas Bag\u00e0 (Ajuntament de Llinars del Vall\u00e8s)<\/td>\n<td width=\"331\">&nbsp;<\/td>\n<td width=\"256\">&nbsp;<\/td>\n<\/tr>\n<tr>\n<td width=\"308\">Institut Pla Marcell (Cardedeu)<\/td>\n<td width=\"331\">&nbsp;<\/td>\n<td width=\"256\">&nbsp;<\/td>\n<\/tr>\n<tr>\n<td width=\"308\">Escola Salvador Santrom\u00e0 (Llinars del Vall\u00e8s)<\/td>\n<td width=\"331\">&nbsp;<\/td>\n<td width=\"256\">&nbsp;<\/td>\n<\/tr>\n<\/tbody>\n<\/table>\n","protected":false},"excerpt":{"rendered":"<p>FCT DUAL ALTRES Iow Momentum Gesab &nbsp; Hospital sant Celoni Carethy Ajuntament de Llinars del Vall\u00e8s: Project Singular Itec Measuri KH Lloreda Ajuntament de Llinars del Vall\u00e8s: Cessi\u00f3 espais &nbsp; Carethy Oxiris &nbsp; Ajuntament Cabrera de Mar Satcrm &nbsp; Prosiscat Zeller Plastik &nbsp; Beauty by dia Inautec\u00a0S.L &nbsp; Asialink Instal.lacions JE &nbsp; Farmedco Instaldi S.L [&hellip;]<\/p>\n","protected":false},"author":1,"featured_media":0,"parent":496,"menu_order":90,"comment_status":"closed","ping_status":"closed","template":"page-templates\/side-menu.php","meta":{"_bbp_topic_count":0,"_bbp_reply_count":0,"_bbp_total_topic_count":0,"_bbp_total_reply_count":0,"_bbp_voice_count":0,"_bbp_anonymous_reply_count":0,"_bbp_topic_count_hidden":0,"_bbp_reply_count_hidden":0,"_bbp_forum_subforum_count":0,"site-sidebar-layout":"default","site-content-layout":"","ast-site-content-layout":"","site-content-style":"default","site-sidebar-style":"default","ast-global-header-display":"","ast-banner-title-visibility":"","ast-main-header-display":"","ast-hfb-above-header-display":"","ast-hfb-below-header-display":"","ast-hfb-mobile-header-display":"","site-post-title":"","ast-breadcrumbs-content":"","ast-featured-img":"","footer-sml-layout":"","theme-transparent-header-meta":"","adv-header-id-meta":"","stick-header-meta":"","header-above-stick-meta":"","header-main-stick-meta":"","header-below-stick-meta":"","astra-migrate-meta-layouts":"default","ast-page-background-enabled":"default","ast-page-background-meta":{"desktop":{"background-color":"var(--ast-global-color-4)","background-image":"","background-repeat":"repeat","background-position":"center center","background-size":"auto","background-attachment":"scroll","background-type":"","background-media":"","overlay-type":"","overlay-color":"","overlay-opacity":"","overlay-gradient":""},"tablet":{"background-color":"","background-image":"","background-repeat":"repeat","background-position":"center center","background-size":"auto","background-attachment":"scroll","background-type":"","background-media":"","overlay-type":"","overlay-color":"","overlay-opacity":"","overlay-gradient":""},"mobile":{"background-color":"","background-image":"","background-repeat":"repeat","background-position":"center center","background-size":"auto","background-attachment":"scroll","background-type":"","background-media":"","overlay-type":"","overlay-color":"","overlay-opacity":"","overlay-gradient":""}},"ast-content-background-meta":{"desktop":{"background-color":"var(--ast-global-color-5)","background-image":"","background-repeat":"repeat","background-position":"center center","background-size":"auto","background-attachment":"scroll","background-type":"","background-media":"","overlay-type":"","overlay-color":"","overlay-opacity":"","overlay-gradient":""},"tablet":{"background-color":"var(--ast-global-color-5)","background-image":"","background-repeat":"repeat","background-position":"center center","background-size":"auto","background-attachment":"scroll","background-type":"","background-media":"","overlay-type":"","overlay-color":"","overlay-opacity":"","overlay-gradient":""},"mobile":{"background-color":"var(--ast-global-color-5)","background-image":"","background-repeat":"repeat","background-position":"center center","background-size":"auto","background-attachment":"scroll","background-type":"","background-media":"","overlay-type":"","overlay-color":"","overlay-opacity":"","overlay-gradient":""}},"footnotes":""},"class_list":["post-17006","page","type-page","status-publish","hentry"],"post_mailing_queue_ids":[],"_links":{"self":[{"href":"https:\/\/agora.xtec.cat\/institutgiola\/wp-json\/wp\/v2\/pages\/17006","targetHints":{"allow":["GET"]}}],"collection":[{"href":"https:\/\/agora.xtec.cat\/institutgiola\/wp-json\/wp\/v2\/pages"}],"about":[{"href":"https:\/\/agora.xtec.cat\/institutgiola\/wp-json\/wp\/v2\/types\/page"}],"author":[{"embeddable":true,"href":"https:\/\/agora.xtec.cat\/institutgiola\/wp-json\/wp\/v2\/users\/1"}],"replies":[{"embeddable":true,"href":"https:\/\/agora.xtec.cat\/institutgiola\/wp-json\/wp\/v2\/comments?post=17006"}],"version-history":[{"count":1,"href":"https:\/\/agora.xtec.cat\/institutgiola\/wp-json\/wp\/v2\/pages\/17006\/revisions"}],"predecessor-version":[{"id":17007,"href":"https:\/\/agora.xtec.cat\/institutgiola\/wp-json\/wp\/v2\/pages\/17006\/revisions\/17007"}],"up":[{"embeddable":true,"href":"https:\/\/agora.xtec.cat\/institutgiola\/wp-json\/wp\/v2\/pages\/496"}],"wp:attachment":[{"href":"https:\/\/agora.xtec.cat\/institutgiola\/wp-json\/wp\/v2\/media?parent=17006"}],"curies":[{"name":"wp","href":"https:\/\/api.w.org\/{rel}","templated":true}]}}