{"id":906,"date":"2024-04-18T16:05:58","date_gmt":"2024-04-18T14:05:58","guid":{"rendered":"https:\/\/agora.xtec.cat\/institutescolasallaresipla\/?page_id=906"},"modified":"2025-01-09T16:39:54","modified_gmt":"2025-01-09T15:39:54","slug":"projectes-singulars-eso","status":"publish","type":"page","link":"https:\/\/agora.xtec.cat\/institutescolasallaresipla\/projecte-educatiu\/eso\/projectes-singulars-eso\/","title":{"rendered":"Projectes singulars (ESO)"},"content":{"rendered":"<p><strong>Aula Oberta<\/strong><\/p>\n<p>Una significativa mesura de suport addicional a l\u2019atenci\u00f3 educativa i a la diversitat, adre\u00e7ada a alumnat de 3r i 4t d&#8217;ESO, de qu\u00e8 disposem en el centre \u00e9s el projecte de diversificaci\u00f3 curricular <em>Aula Oberta<\/em>.<\/p>\n<p>L\u2019objectiu d\u2019aquest projecte \u00e9s afavorir que l&#8217;alumnat pugui assolir els objectius i les compet\u00e8ncies b\u00e0siques de l&#8217;etapa i obtenir el T\u00edtol de graduat en educaci\u00f3 secund\u00e0ria obligat\u00f2ria a trav\u00e9s d\u2019una adaptaci\u00f3 del curr\u00edculum, uns criteris d&#8217;avaluaci\u00f3 espec\u00edfics, una metodologia pr\u00e0ctica i personalitzada i amb un enfocament globalitzat, interdisciplinari i competencial de l&#8217;aprenentatge.<\/p>\n<p><strong>Optatives de l&#8217;ESO<\/strong><\/p>\n<ul>\n<li><b>Franc\u00e8s:<\/b> <span style=\"font-weight: 400;\">aquesta mat\u00e8ria et servir\u00e0 per a con\u00e8ixer la cultura i la llengua francesa, desenvolupant les capacitats i estrat\u00e8gies ling\u00fc\u00edstiques necess\u00e0ries per a fer front a situacions de comunicaci\u00f3 reals.<\/span><\/li>\n<li><b>Rob\u00f2tica:<\/b> <span style=\"font-weight: 400;\">aprendr\u00e0s llenguatge de programaci\u00f3, identificar\u00e0s components electr\u00f2nics anal\u00f2gics i digitals. Interconnectar\u00e0s components i dissenyar\u00e0s programes perqu\u00e8 un dispositiu faci una tasca pr\u00e8viament planificada<\/span><\/li>\n<li><b>Conjunt instrumental:<\/b> <span style=\"font-weight: 400;\">a l\u2019optativa de Conjunt Instrumental es potencia el vessant art\u00edstic del nostre alumnat, treballant la m\u00fasica justament amb altres disciplines art\u00edstiques com la dansa o l\u2019expressi\u00f3 corporal. L\u2019alumnat apr\u00e8n a comunicar-se a trav\u00e9s de diferents instruments musicals i a gaudir de la m\u00fasica.<\/span><\/li>\n<li><b>Cuida\u2019t:<\/b> <span style=\"font-weight: 400;\">cuida\u2019t \u00e9s una optativa que cuida el nostre alumnat. T\u00e9 com a objectiu educar en valors saludables que acompanyin als nens i nenes durant tota la seva vida i que s\u2019acabin convertint en un estil de vida. La mat\u00e8ria treballa temes tan interessants com l\u2019esport, la dieta o l\u2019equilibri psicoemocional.<\/span><\/li>\n<li><b>C\u00e0psules art\u00edstiques:<\/b><span style=\"font-weight: 400;\"> l\u2019art \u00e9s un pilar b\u00e0sic de totes les cultures de la nostra civilitzaci\u00f3. Ens permet con\u00e8ixer-nos com a persones i a entendre el nostre passat. L&#8217;optativa de <\/span>C\u00e0psules art\u00edstiques portar\u00e0 el nostre alumnat a fer un viatge a trav\u00e9s de les diferents manifestacions art\u00edstiques de tots els temps. Tot aix\u00f2, aplicat d\u2019una manera pr\u00e0ctica i divertida, far\u00e0 d\u2019aquesta optativa una gran manera de descobrir l\u2019art.<\/li>\n<li><b>Cultura cl\u00e0ssica:<\/b> <span style=\"font-weight: 400;\">la cultura cl\u00e0ssica \u00e9s una assignatura en la qual s&#8217;estudien diferents aspectes de la cultura grega i romana antigues que continuen vius i presents encara avui, en tots els aspectes de la cultura occidental: mitologia, literatura, educaci\u00f3, costums, economia, dret, organitzaci\u00f3 social, ex\u00e8rcit, hist\u00f2ria, art, llengua\u2026<\/span><\/li>\n<li><b>Emprenedoria:<\/b> <span style=\"font-weight: 400;\">la mat\u00e8ria d&#8217;emprenedoria contribuir\u00e0 a dotar a qualsevol alumne que la cursi d&#8217;habilitats per a emprendre qualsevol projecte futur de la seva vida.<\/span><\/li>\n<li><b>Digitalitzaci\u00f3:<\/b><span style=\"font-weight: 400;\"> digitalitzaci\u00f3 \u00e9s una assignatura optativa, on, amb un car\u00e0cter pr\u00e0ctic, aprendr\u00e0s l&#8217;\u00fas de diferents eines digitals, el funcionament i l&#8217;\u00fas \u00f2ptim dels motors de cerca en internet, disseny de contingut digital com a v\u00eddeos i imatges, i programaci\u00f3.<\/span><\/li>\n<\/ul>\n","protected":false},"excerpt":{"rendered":"<p>Aula Oberta Una significativa mesura de suport addicional a l\u2019atenci\u00f3 educativa i a la diversitat, adre\u00e7ada a alumnat de 3r i 4t d&#8217;ESO, de qu\u00e8 disposem en el centre \u00e9s el projecte de diversificaci\u00f3 curricular Aula Oberta. L\u2019objectiu d\u2019aquest projecte \u00e9s afavorir que l&#8217;alumnat pugui assolir els objectius i les compet\u00e8ncies b\u00e0siques de l&#8217;etapa i [&hellip;]<\/p>\n","protected":false},"author":4,"featured_media":0,"parent":876,"menu_order":10,"comment_status":"closed","ping_status":"closed","template":"page-templates\/side-menu.php","meta":{"_bbp_topic_count":0,"_bbp_reply_count":0,"_bbp_total_topic_count":0,"_bbp_total_reply_count":0,"_bbp_voice_count":0,"_bbp_anonymous_reply_count":0,"_bbp_topic_count_hidden":0,"_bbp_reply_count_hidden":0,"_bbp_forum_subforum_count":0,"site-sidebar-layout":"default","site-content-layout":"","ast-site-content-layout":"","site-content-style":"default","site-sidebar-style":"default","ast-global-header-display":"","ast-banner-title-visibility":"","ast-main-header-display":"","ast-hfb-above-header-display":"","ast-hfb-below-header-display":"","ast-hfb-mobile-header-display":"","site-post-title":"","ast-breadcrumbs-content":"","ast-featured-img":"","footer-sml-layout":"","theme-transparent-header-meta":"","adv-header-id-meta":"","stick-header-meta":"","header-above-stick-meta":"","header-main-stick-meta":"","header-below-stick-meta":"","astra-migrate-meta-layouts":"default","ast-page-background-enabled":"default","ast-page-background-meta":{"desktop":{"background-color":"var(--ast-global-color-4)","background-image":"","background-repeat":"repeat","background-position":"center center","background-size":"auto","background-attachment":"scroll","background-type":"","background-media":"","overlay-type":"","overlay-color":"","overlay-opacity":"","overlay-gradient":""},"tablet":{"background-color":"","background-image":"","background-repeat":"repeat","background-position":"center center","background-size":"auto","background-attachment":"scroll","background-type":"","background-media":"","overlay-type":"","overlay-color":"","overlay-opacity":"","overlay-gradient":""},"mobile":{"background-color":"","background-image":"","background-repeat":"repeat","background-position":"center center","background-size":"auto","background-attachment":"scroll","background-type":"","background-media":"","overlay-type":"","overlay-color":"","overlay-opacity":"","overlay-gradient":""}},"ast-content-background-meta":{"desktop":{"background-color":"var(--ast-global-color-5)","background-image":"","background-repeat":"repeat","background-position":"center center","background-size":"auto","background-attachment":"scroll","background-type":"","background-media":"","overlay-type":"","overlay-color":"","overlay-opacity":"","overlay-gradient":""},"tablet":{"background-color":"var(--ast-global-color-5)","background-image":"","background-repeat":"repeat","background-position":"center center","background-size":"auto","background-attachment":"scroll","background-type":"","background-media":"","overlay-type":"","overlay-color":"","overlay-opacity":"","overlay-gradient":""},"mobile":{"background-color":"var(--ast-global-color-5)","background-image":"","background-repeat":"repeat","background-position":"center center","background-size":"auto","background-attachment":"scroll","background-type":"","background-media":"","overlay-type":"","overlay-color":"","overlay-opacity":"","overlay-gradient":""}},"footnotes":""},"class_list":["post-906","page","type-page","status-publish","hentry"],"post_mailing_queue_ids":[],"_links":{"self":[{"href":"https:\/\/agora.xtec.cat\/institutescolasallaresipla\/wp-json\/wp\/v2\/pages\/906","targetHints":{"allow":["GET"]}}],"collection":[{"href":"https:\/\/agora.xtec.cat\/institutescolasallaresipla\/wp-json\/wp\/v2\/pages"}],"about":[{"href":"https:\/\/agora.xtec.cat\/institutescolasallaresipla\/wp-json\/wp\/v2\/types\/page"}],"author":[{"embeddable":true,"href":"https:\/\/agora.xtec.cat\/institutescolasallaresipla\/wp-json\/wp\/v2\/users\/4"}],"replies":[{"embeddable":true,"href":"https:\/\/agora.xtec.cat\/institutescolasallaresipla\/wp-json\/wp\/v2\/comments?post=906"}],"version-history":[{"count":6,"href":"https:\/\/agora.xtec.cat\/institutescolasallaresipla\/wp-json\/wp\/v2\/pages\/906\/revisions"}],"predecessor-version":[{"id":1023,"href":"https:\/\/agora.xtec.cat\/institutescolasallaresipla\/wp-json\/wp\/v2\/pages\/906\/revisions\/1023"}],"up":[{"embeddable":true,"href":"https:\/\/agora.xtec.cat\/institutescolasallaresipla\/wp-json\/wp\/v2\/pages\/876"}],"wp:attachment":[{"href":"https:\/\/agora.xtec.cat\/institutescolasallaresipla\/wp-json\/wp\/v2\/media?parent=906"}],"curies":[{"name":"wp","href":"https:\/\/api.w.org\/{rel}","templated":true}]}}