{"id":659,"date":"2024-03-01T12:38:41","date_gmt":"2024-03-01T11:38:41","guid":{"rendered":"https:\/\/agora.xtec.cat\/institutescolasallaresipla\/?page_id=659"},"modified":"2025-11-06T15:07:18","modified_gmt":"2025-11-06T14:07:18","slug":"capses-de-coneixement","status":"publish","type":"page","link":"https:\/\/agora.xtec.cat\/institutescolasallaresipla\/projecte-educatiu\/primaria\/capses-de-coneixement\/","title":{"rendered":"Capses d&#8217;aprenentatge"},"content":{"rendered":"<p>Les capses de coneixement \u00e9s una activitat en qu\u00e8 els infants realitzen de forma aut\u00f2noma una recerca d&#8217;informaci\u00f3 que porta a la producci\u00f3 d&#8217;una presentaci\u00f3 de qualsevol mena, digital o mural.\u00a0 L&#8217;alumnat de cicle superior i primer d&#8217;ESO s&#8217;agrupa en grups mixtos de tres alumnes, evitant que siguin familiars, que trien una de les propostes de capsa que es presenten en format f\u00edsic, com a reclam.<\/p>\n<p>Un cop triada la capsa, el grup segueix les pautes que se&#8217;ls indica per comen\u00e7ar la recerca i pensar en el material que necessitaran per fer la producci\u00f3. A m\u00e9s, han de trobar les dades que necessiten, ordenar la informaci\u00f3 en general que se&#8217;ls va apareixent a mesura que avancen en la recerca i saber treballar de forma col\u00b7laborativa en grup, potenciant la compet\u00e8ncia d&#8217;\u201c<em>aprendre a aprendre\u201d.<\/em><\/p>\n<p>A m\u00e9s a m\u00e9s, a final de curs, existeix la possibilitat de presentar les nostres produccions davant d&#8217;altres centres a la trobada que es fa a la Universitat Aut\u00f2noma de Barcelona.<\/p>\n<p style=\"text-align: center;\"><a href=\"https:\/\/agora.xtec.cat\/institutescolasallaresipla\/wp-content\/uploads\/usu3028\/2025\/11\/IMG-20250605-WA0038.jpg\"><img loading=\"lazy\" decoding=\"async\" class=\"alignnone  wp-image-1449\" src=\"https:\/\/agora.xtec.cat\/institutescolasallaresipla\/wp-content\/uploads\/usu3028\/2025\/11\/IMG-20250605-WA0038-1024x771.jpg\" alt=\"\" width=\"316\" height=\"238\" srcset=\"https:\/\/agora.xtec.cat\/institutescolasallaresipla\/wp-content\/uploads\/usu3028\/2025\/11\/IMG-20250605-WA0038-1024x771.jpg 1024w, https:\/\/agora.xtec.cat\/institutescolasallaresipla\/wp-content\/uploads\/usu3028\/2025\/11\/IMG-20250605-WA0038-300x226.jpg 300w, https:\/\/agora.xtec.cat\/institutescolasallaresipla\/wp-content\/uploads\/usu3028\/2025\/11\/IMG-20250605-WA0038-768x578.jpg 768w, https:\/\/agora.xtec.cat\/institutescolasallaresipla\/wp-content\/uploads\/usu3028\/2025\/11\/IMG-20250605-WA0038-1536x1156.jpg 1536w, https:\/\/agora.xtec.cat\/institutescolasallaresipla\/wp-content\/uploads\/usu3028\/2025\/11\/IMG-20250605-WA0038.jpg 1600w\" sizes=\"auto, (max-width: 316px) 100vw, 316px\" \/><\/a> <a href=\"https:\/\/agora.xtec.cat\/institutescolasallaresipla\/wp-content\/uploads\/usu3028\/2025\/11\/IMG-20250605-WA0053.jpg\"><img loading=\"lazy\" decoding=\"async\" class=\"alignnone  wp-image-1450\" src=\"https:\/\/agora.xtec.cat\/institutescolasallaresipla\/wp-content\/uploads\/usu3028\/2025\/11\/IMG-20250605-WA0053-771x1024.jpg\" alt=\"\" width=\"293\" height=\"389\" srcset=\"https:\/\/agora.xtec.cat\/institutescolasallaresipla\/wp-content\/uploads\/usu3028\/2025\/11\/IMG-20250605-WA0053-771x1024.jpg 771w, https:\/\/agora.xtec.cat\/institutescolasallaresipla\/wp-content\/uploads\/usu3028\/2025\/11\/IMG-20250605-WA0053-226x300.jpg 226w, https:\/\/agora.xtec.cat\/institutescolasallaresipla\/wp-content\/uploads\/usu3028\/2025\/11\/IMG-20250605-WA0053-768x1021.jpg 768w, https:\/\/agora.xtec.cat\/institutescolasallaresipla\/wp-content\/uploads\/usu3028\/2025\/11\/IMG-20250605-WA0053-1156x1536.jpg 1156w, https:\/\/agora.xtec.cat\/institutescolasallaresipla\/wp-content\/uploads\/usu3028\/2025\/11\/IMG-20250605-WA0053.jpg 1204w\" sizes=\"auto, (max-width: 293px) 100vw, 293px\" \/><\/a><\/p>\n<p><!--a=1--><\/p>\n","protected":false},"excerpt":{"rendered":"<p>Les capses de coneixement \u00e9s una activitat en qu\u00e8 els infants realitzen de forma aut\u00f2noma una recerca d&#8217;informaci\u00f3 que porta a la producci\u00f3 d&#8217;una presentaci\u00f3 de qualsevol mena, digital o mural.\u00a0 L&#8217;alumnat de cicle superior i primer d&#8217;ESO s&#8217;agrupa en grups mixtos de tres alumnes, evitant que siguin familiars, que trien una de les propostes [&hellip;]<\/p>\n","protected":false},"author":1,"featured_media":0,"parent":601,"menu_order":5,"comment_status":"closed","ping_status":"closed","template":"","meta":{"_bbp_topic_count":0,"_bbp_reply_count":0,"_bbp_total_topic_count":0,"_bbp_total_reply_count":0,"_bbp_voice_count":0,"_bbp_anonymous_reply_count":0,"_bbp_topic_count_hidden":0,"_bbp_reply_count_hidden":0,"_bbp_forum_subforum_count":0,"site-sidebar-layout":"default","site-content-layout":"","ast-site-content-layout":"default","site-content-style":"default","site-sidebar-style":"default","ast-global-header-display":"","ast-banner-title-visibility":"","ast-main-header-display":"","ast-hfb-above-header-display":"","ast-hfb-below-header-display":"","ast-hfb-mobile-header-display":"","site-post-title":"","ast-breadcrumbs-content":"","ast-featured-img":"","footer-sml-layout":"","theme-transparent-header-meta":"default","adv-header-id-meta":"","stick-header-meta":"","header-above-stick-meta":"","header-main-stick-meta":"","header-below-stick-meta":"","astra-migrate-meta-layouts":"set","ast-page-background-enabled":"default","ast-page-background-meta":{"desktop":{"background-color":"var(--ast-global-color-4)","background-image":"","background-repeat":"repeat","background-position":"center center","background-size":"auto","background-attachment":"scroll","background-type":"","background-media":"","overlay-type":"","overlay-color":"","overlay-opacity":"","overlay-gradient":""},"tablet":{"background-color":"","background-image":"","background-repeat":"repeat","background-position":"center center","background-size":"auto","background-attachment":"scroll","background-type":"","background-media":"","overlay-type":"","overlay-color":"","overlay-opacity":"","overlay-gradient":""},"mobile":{"background-color":"","background-image":"","background-repeat":"repeat","background-position":"center center","background-size":"auto","background-attachment":"scroll","background-type":"","background-media":"","overlay-type":"","overlay-color":"","overlay-opacity":"","overlay-gradient":""}},"ast-content-background-meta":{"desktop":{"background-color":"var(--ast-global-color-5)","background-image":"","background-repeat":"repeat","background-position":"center center","background-size":"auto","background-attachment":"scroll","background-type":"","background-media":"","overlay-type":"","overlay-color":"","overlay-opacity":"","overlay-gradient":""},"tablet":{"background-color":"var(--ast-global-color-5)","background-image":"","background-repeat":"repeat","background-position":"center center","background-size":"auto","background-attachment":"scroll","background-type":"","background-media":"","overlay-type":"","overlay-color":"","overlay-opacity":"","overlay-gradient":""},"mobile":{"background-color":"var(--ast-global-color-5)","background-image":"","background-repeat":"repeat","background-position":"center center","background-size":"auto","background-attachment":"scroll","background-type":"","background-media":"","overlay-type":"","overlay-color":"","overlay-opacity":"","overlay-gradient":""}},"footnotes":""},"class_list":["post-659","page","type-page","status-publish","hentry"],"post_mailing_queue_ids":[],"_links":{"self":[{"href":"https:\/\/agora.xtec.cat\/institutescolasallaresipla\/wp-json\/wp\/v2\/pages\/659","targetHints":{"allow":["GET"]}}],"collection":[{"href":"https:\/\/agora.xtec.cat\/institutescolasallaresipla\/wp-json\/wp\/v2\/pages"}],"about":[{"href":"https:\/\/agora.xtec.cat\/institutescolasallaresipla\/wp-json\/wp\/v2\/types\/page"}],"author":[{"embeddable":true,"href":"https:\/\/agora.xtec.cat\/institutescolasallaresipla\/wp-json\/wp\/v2\/users\/1"}],"replies":[{"embeddable":true,"href":"https:\/\/agora.xtec.cat\/institutescolasallaresipla\/wp-json\/wp\/v2\/comments?post=659"}],"version-history":[{"count":6,"href":"https:\/\/agora.xtec.cat\/institutescolasallaresipla\/wp-json\/wp\/v2\/pages\/659\/revisions"}],"predecessor-version":[{"id":1452,"href":"https:\/\/agora.xtec.cat\/institutescolasallaresipla\/wp-json\/wp\/v2\/pages\/659\/revisions\/1452"}],"up":[{"embeddable":true,"href":"https:\/\/agora.xtec.cat\/institutescolasallaresipla\/wp-json\/wp\/v2\/pages\/601"}],"wp:attachment":[{"href":"https:\/\/agora.xtec.cat\/institutescolasallaresipla\/wp-json\/wp\/v2\/media?parent=659"}],"curies":[{"name":"wp","href":"https:\/\/api.w.org\/{rel}","templated":true}]}}