{"id":633,"date":"2024-02-29T12:57:07","date_gmt":"2024-02-29T11:57:07","guid":{"rendered":"https:\/\/agora.xtec.cat\/institutescolasallaresipla\/?page_id=633"},"modified":"2026-02-04T15:46:03","modified_gmt":"2026-02-04T14:46:03","slug":"projectes-artistics","status":"publish","type":"page","link":"https:\/\/agora.xtec.cat\/institutescolasallaresipla\/projecte-educatiu\/projectes-artistics\/","title":{"rendered":"Projectes de centre"},"content":{"rendered":"<p style=\"text-align: left;\">Cada any, al nostre centre es realitzen diferents projectes. Aquests poden ser art\u00edstics, socials, audiovisuals&#8230; En aquesta p\u00e0gina, un deixem un recull dels que s&#8217;han fet amb el pas dels cursos.<\/p>\n<h3 class=\"entry-title\"><span style=\"color: #ff6600;\">Projecte revista &#8220;La veu del Sallar\u00e8s&#8221;<\/span><\/h3>\n<p>Aquest curs, un any m\u00e9s, els i les alumnes de 3r d&#8217;Aula Oberta, s&#8217;encarreguen de la <strong>Veu del Sallar\u00e8s. <\/strong>Dediquen moltes hores de feina per fer una revista molt interessant sobre el nostre centre. Hi trobareu entrevistes, not\u00edcies, passatemps, receptes i altres articles interessants. Us convidem a llegir-la! Aqu\u00ed us deixem l&#8217;exemplar d&#8217;aquest mes:<\/p>\n<p><a href=\"https:\/\/agora.xtec.cat\/institutescolasallaresipla\/wp-content\/uploads\/usu3028\/2025\/11\/revista-Octubre-2025_compressed.pdf\" target=\"_blank\" rel=\"noopener\"><img loading=\"lazy\" decoding=\"async\" class=\"aligncenter wp-image-1611\" src=\"https:\/\/agora.xtec.cat\/institutescolasallaresipla\/wp-content\/uploads\/usu3028\/2025\/11\/Captura-de-pantalla-2025-11-19-154016-1024x316.png\" alt=\"\" width=\"569\" height=\"176\" srcset=\"https:\/\/agora.xtec.cat\/institutescolasallaresipla\/wp-content\/uploads\/usu3028\/2025\/11\/Captura-de-pantalla-2025-11-19-154016-1024x316.png 1024w, https:\/\/agora.xtec.cat\/institutescolasallaresipla\/wp-content\/uploads\/usu3028\/2025\/11\/Captura-de-pantalla-2025-11-19-154016-300x93.png 300w, https:\/\/agora.xtec.cat\/institutescolasallaresipla\/wp-content\/uploads\/usu3028\/2025\/11\/Captura-de-pantalla-2025-11-19-154016-768x237.png 768w, https:\/\/agora.xtec.cat\/institutescolasallaresipla\/wp-content\/uploads\/usu3028\/2025\/11\/Captura-de-pantalla-2025-11-19-154016.png 1189w\" sizes=\"auto, (max-width: 569px) 100vw, 569px\" \/><\/a><\/p>\n<h3 class=\"entry-title\"><span style=\"color: #ff6600;\">Projecte canal &#8220;Sallar\u00e8s Podcast&#8221;<\/span><\/h3>\n<div>Aquest projecte \u00e9s un programa de divulgaci\u00f3 hist\u00f2rica realitzat pels alumnes d&#8217;ESO de l&#8217;Institut Escola Joan Sallar\u00e8s i Pla. El seu repte \u00e9s intentar apropar la divulgaci\u00f3 hist\u00f2rica al nostre entorn m\u00e9s proper. Explicaran els fets hist\u00f2rics i faran entrevistes a alguns dels personatges hist\u00f2rics que van protagonitzar aquella \u00e8poca. Esperem que us agradi!<\/div>\n<div><\/div>\n<div style=\"text-align: center;\"><a href=\"https:\/\/www.ivoox.com\/escuchar-audios-sallares-podcast_al_28735766_1.html?show=programs\" target=\"_blank\" rel=\"noopener\"><img loading=\"lazy\" decoding=\"async\" class=\"alignnone wp-image-1549\" src=\"https:\/\/agora.xtec.cat\/institutescolasallaresipla\/wp-content\/uploads\/usu3028\/2025\/11\/Captura-de-pantalla-2025-11-10-215626.png\" alt=\"\" width=\"251\" height=\"158\" srcset=\"https:\/\/agora.xtec.cat\/institutescolasallaresipla\/wp-content\/uploads\/usu3028\/2025\/11\/Captura-de-pantalla-2025-11-10-215626.png 484w, https:\/\/agora.xtec.cat\/institutescolasallaresipla\/wp-content\/uploads\/usu3028\/2025\/11\/Captura-de-pantalla-2025-11-10-215626-300x188.png 300w\" sizes=\"auto, (max-width: 251px) 100vw, 251px\" \/><\/a><\/div>\n<div>_________________________________________________________________________<\/div>\n<h3 class=\"entry-title\"><span style=\"color: #ff6600;\">Projecte &#8220;Roc\u00f2drom&#8221; 2025<\/span><\/h3>\n<p style=\"text-align: left;\">Tal com el seu nom indica, aquest curs s&#8217;ha instal\u00b7lat un Roc\u00f2drom al gimn\u00e0s on tots els alumnes podran gaudir de l&#8217;activitat d&#8217;escalada al nostre Institut Escola. La instal\u00b7laci\u00f3 s&#8217;ha fet en un mur ubicat al gimn\u00e0s i ha estat elaborada per l&#8217;empresa professional Gecko Walls.<\/p>\n<p><a href=\"https:\/\/agora.xtec.cat\/institutescolasallaresipla\/wp-content\/uploads\/usu3028\/2025\/11\/Screenshot_20251106_140752_Instagram.jpg\"><img loading=\"lazy\" decoding=\"async\" class=\"wp-image-1433 aligncenter\" src=\"https:\/\/agora.xtec.cat\/institutescolasallaresipla\/wp-content\/uploads\/usu3028\/2025\/11\/Screenshot_20251106_140752_Instagram-1024x511.jpg\" alt=\"\" width=\"551\" height=\"275\" srcset=\"https:\/\/agora.xtec.cat\/institutescolasallaresipla\/wp-content\/uploads\/usu3028\/2025\/11\/Screenshot_20251106_140752_Instagram-1024x511.jpg 1024w, https:\/\/agora.xtec.cat\/institutescolasallaresipla\/wp-content\/uploads\/usu3028\/2025\/11\/Screenshot_20251106_140752_Instagram-300x150.jpg 300w, https:\/\/agora.xtec.cat\/institutescolasallaresipla\/wp-content\/uploads\/usu3028\/2025\/11\/Screenshot_20251106_140752_Instagram-768x383.jpg 768w, https:\/\/agora.xtec.cat\/institutescolasallaresipla\/wp-content\/uploads\/usu3028\/2025\/11\/Screenshot_20251106_140752_Instagram.jpg 1080w\" sizes=\"auto, (max-width: 551px) 100vw, 551px\" \/><\/a><\/p>\n<p>_________________________________________________________________________<\/p>\n<h3 class=\"entry-title\"><span style=\"color: #ff6600;\">Projecte &#8220;La petita pu\u00e7a: aprenem jugant i cantant&#8221; 24-25<\/span><\/h3>\n<p>Durant el curs 2024-2025, els alumnes de primer de prim\u00e0ria van participar en el projecte interdisciplinar &#8220;La petit pu\u00e7a&#8221;, una cantata que treballa la igualtat\u00a0entre nens i nenes. Els infants van gaudir aprenent-se textos i can\u00e7ons, creant coreografies i ajudant a fer el vestuari.<br \/>\nAquest projecte va permetre als infants desenvolupar compet\u00e8ncies musicals, teatrals i d\u2019arts pl\u00e0stiques, alhora que treballaven valors socials i c\u00edvics. El resultat final va ser un espectacle que les fam\u00edlies van poder gaudir al juny de 2025.<br \/>\n\u201cLa petita pu\u00e7a\u201d ens convida a imaginar una societat sense discriminaci\u00f3 de g\u00e8nere i a reflexionar sobre la import\u00e0ncia de la igualtat i el respecte, recordant que tots som \u00fanics i especials.<\/p>\n<p style=\"text-align: center;\"><a href=\"https:\/\/agora.xtec.cat\/institutescolasallaresipla\/wp-content\/uploads\/usu3028\/2025\/11\/WhatsApp-Image-2025-11-12-at-18.06.43.jpeg\"><img loading=\"lazy\" decoding=\"async\" class=\"alignnone wp-image-1582\" src=\"https:\/\/agora.xtec.cat\/institutescolasallaresipla\/wp-content\/uploads\/usu3028\/2025\/11\/WhatsApp-Image-2025-11-12-at-18.06.43.jpeg\" alt=\"\" width=\"264\" height=\"264\" srcset=\"https:\/\/agora.xtec.cat\/institutescolasallaresipla\/wp-content\/uploads\/usu3028\/2025\/11\/WhatsApp-Image-2025-11-12-at-18.06.43.jpeg 400w, https:\/\/agora.xtec.cat\/institutescolasallaresipla\/wp-content\/uploads\/usu3028\/2025\/11\/WhatsApp-Image-2025-11-12-at-18.06.43-300x300.jpeg 300w, https:\/\/agora.xtec.cat\/institutescolasallaresipla\/wp-content\/uploads\/usu3028\/2025\/11\/WhatsApp-Image-2025-11-12-at-18.06.43-150x150.jpeg 150w\" sizes=\"auto, (max-width: 264px) 100vw, 264px\" \/> \u00a0<\/a><a href=\"https:\/\/agora.xtec.cat\/institutescolasallaresipla\/wp-content\/uploads\/usu3028\/2025\/11\/WhatsApp-Image-2025-11-12-at-17.57.07-1.jpeg\"><img loading=\"lazy\" decoding=\"async\" class=\"alignnone wp-image-1583\" src=\"https:\/\/agora.xtec.cat\/institutescolasallaresipla\/wp-content\/uploads\/usu3028\/2025\/11\/WhatsApp-Image-2025-11-12-at-17.57.07-1-1024x1018.jpeg\" alt=\"\" width=\"268\" height=\"266\" srcset=\"https:\/\/agora.xtec.cat\/institutescolasallaresipla\/wp-content\/uploads\/usu3028\/2025\/11\/WhatsApp-Image-2025-11-12-at-17.57.07-1-1024x1018.jpeg 1024w, https:\/\/agora.xtec.cat\/institutescolasallaresipla\/wp-content\/uploads\/usu3028\/2025\/11\/WhatsApp-Image-2025-11-12-at-17.57.07-1-300x298.jpeg 300w, https:\/\/agora.xtec.cat\/institutescolasallaresipla\/wp-content\/uploads\/usu3028\/2025\/11\/WhatsApp-Image-2025-11-12-at-17.57.07-1-150x150.jpeg 150w, https:\/\/agora.xtec.cat\/institutescolasallaresipla\/wp-content\/uploads\/usu3028\/2025\/11\/WhatsApp-Image-2025-11-12-at-17.57.07-1-768x763.jpeg 768w, https:\/\/agora.xtec.cat\/institutescolasallaresipla\/wp-content\/uploads\/usu3028\/2025\/11\/WhatsApp-Image-2025-11-12-at-17.57.07-1.jpeg 1189w\" sizes=\"auto, (max-width: 268px) 100vw, 268px\" \/><\/a><\/p>\n<p>_________________________________________________________________________<\/p>\n<h3 class=\"entry-title\"><span style=\"color: #ff6600;\">Projecte c\u00e0psules art\u00edstiques 24-25<\/span><\/h3>\n<p>A l&#8217;assignatura optativa de C\u00e0psules Art\u00edstiques de 1r, 2n i 3r de l&#8217;ESO, un grup de 20 alumnes i la professora Eva Pachecho d&#8217;Educaci\u00f3 Visual i Pl\u00e0stica es van proposar donar COLOR al nostre centre. Per aquest motiu, el curs passat van pintar el mobiliari exterior dels nostres patis i tamb\u00e9 van fer murals amb pintura i esprai.<\/p>\n<p>Aquestes van ser algunes fotos dels seus progressos.<\/p>\n<p><a href=\"https:\/\/agora.xtec.cat\/institutescolasallaresipla\/wp-content\/uploads\/usu3028\/2024\/10\/Diseno-sin-titulo.jpg\"><img loading=\"lazy\" decoding=\"async\" class=\"wp-image-1140 aligncenter\" src=\"https:\/\/agora.xtec.cat\/institutescolasallaresipla\/wp-content\/uploads\/usu3028\/2024\/10\/Diseno-sin-titulo-1024x1024.jpg\" alt=\"\" width=\"423\" height=\"423\" srcset=\"https:\/\/agora.xtec.cat\/institutescolasallaresipla\/wp-content\/uploads\/usu3028\/2024\/10\/Diseno-sin-titulo-1024x1024.jpg 1024w, https:\/\/agora.xtec.cat\/institutescolasallaresipla\/wp-content\/uploads\/usu3028\/2024\/10\/Diseno-sin-titulo-300x300.jpg 300w, https:\/\/agora.xtec.cat\/institutescolasallaresipla\/wp-content\/uploads\/usu3028\/2024\/10\/Diseno-sin-titulo-150x150.jpg 150w, https:\/\/agora.xtec.cat\/institutescolasallaresipla\/wp-content\/uploads\/usu3028\/2024\/10\/Diseno-sin-titulo-768x768.jpg 768w, https:\/\/agora.xtec.cat\/institutescolasallaresipla\/wp-content\/uploads\/usu3028\/2024\/10\/Diseno-sin-titulo.jpg 1080w\" sizes=\"auto, (max-width: 423px) 100vw, 423px\" \/><\/a><\/p>\n<p style=\"text-align: left;\">_________________________________________________________________________<\/p>\n<h3 class=\"entry-title\"><span style=\"color: #ff6600;\">Projecte &#8220;El petit pr\u00edncep&#8221; 22-23<\/span><\/h3>\n<p>Des de principis de curs, les diferents aules de l\u2019escola, des d\u2019infantil fins a l\u2019ESO, van participar del projecte de la <strong>cantata del Petit Pr\u00edncep<\/strong>. Aquesta Cantata, amb m\u00fasica de Ricard Gimeno i lletra del poeta Jordi Enjuanes, ha estat representada un munt de vegades arreu de Catalunya. El curs 22-23, el nostre Institut Escola va voler fer la seva versi\u00f3 d\u2019aquesta bonica i universal hist\u00f2ria que parla de la infantesa i el descobriment del m\u00f3n.<\/p>\n<p>El projecte va comptar amb la participaci\u00f3 d\u2019un grup de mares de l\u2019escola que van participar del projecte anual del Sallar\u00e8s que aquell any girava al voltant del <strong>PETIT PR\u00cdNCEP<\/strong> en el 80\u00e8 aniversari de la creaci\u00f3 d\u2019aquesta obra liter\u00e0ria de l\u2019escriptor Antoine de Saint-Exup\u00e9ry.<\/p>\n<p>Aqu\u00ed podreu veure el curtmetratge resultat del projecte:<\/p>\n<p><a href=\"https:\/\/youtu.be\/PaP6RLW9axM\" target=\"_blank\" rel=\"noopener\"><img loading=\"lazy\" decoding=\"async\" class=\"aligncenter wp-image-1458\" src=\"https:\/\/agora.xtec.cat\/institutescolasallaresipla\/wp-content\/uploads\/usu3028\/2025\/11\/Princpito.png\" alt=\"\" width=\"147\" height=\"166\" \/><\/a><\/p>\n<h3><\/h3>\n<h3>______________________________________________<\/h3>\n<h3 class=\"entry-title\"><span style=\"color: #ff6600;\">Projecte &#8220;Sallar\u00e8s Soundcloud&#8221;\u00a0<\/span><\/h3>\n<p>&nbsp;<\/p>\n<p>Projecte musical de cursos anteriors on es poden escoltar les creacions, cantates i teatre musical que l&#8217;alumnat ha fet al llarg dels anys.<\/p>\n<p>&nbsp;<\/p>\n<p><a href=\"https:\/\/soundcloud.com\/sip-mus\" target=\"_blank\" rel=\"https:\/\/soundcloud.com\/sip-mus noopener\"><img loading=\"lazy\" decoding=\"async\" class=\"wp-image-1638 aligncenter\" src=\"https:\/\/agora.xtec.cat\/institutescolasallaresipla\/wp-content\/uploads\/usu3028\/2026\/02\/Captura-de-pantalla-2026-02-04-153322.png\" alt=\"\" width=\"576\" height=\"131\" srcset=\"https:\/\/agora.xtec.cat\/institutescolasallaresipla\/wp-content\/uploads\/usu3028\/2026\/02\/Captura-de-pantalla-2026-02-04-153322.png 875w, https:\/\/agora.xtec.cat\/institutescolasallaresipla\/wp-content\/uploads\/usu3028\/2026\/02\/Captura-de-pantalla-2026-02-04-153322-300x68.png 300w, https:\/\/agora.xtec.cat\/institutescolasallaresipla\/wp-content\/uploads\/usu3028\/2026\/02\/Captura-de-pantalla-2026-02-04-153322-768x175.png 768w\" sizes=\"auto, (max-width: 576px) 100vw, 576px\" \/><\/a><\/p>\n<p>&nbsp;<\/p>\n<p>_________________________________________________________________________<\/p>\n<p>&nbsp;<\/p>\n<h3 class=\"entry-title\"><\/h3>\n<p><!--a=1--><!--a=1--><\/p>\n<p><!--a=1--><!--a=1--><!--a=1--><!--a=1--><!--a=1--><\/p>\n<p><!--a=1--><\/p>\n<p><!----comment node----><!--a=1--><\/p>\n<p><!----comment node----><!--a=1--><!--a=1--><\/p>\n<p><!----comment node----><!--a=1--><\/p>\n<p><!----comment node----><!--a=1--><\/p>\n","protected":false},"excerpt":{"rendered":"<p>Cada any, al nostre centre es realitzen diferents projectes. Aquests poden ser art\u00edstics, socials, audiovisuals&#8230; En aquesta p\u00e0gina, un deixem un recull dels que s&#8217;han fet amb el pas dels cursos. Projecte revista &#8220;La veu del Sallar\u00e8s&#8221; Aquest curs, un any m\u00e9s, els i les alumnes de 3r d&#8217;Aula Oberta, s&#8217;encarreguen de la Veu del [&hellip;]<\/p>\n","protected":false},"author":1,"featured_media":0,"parent":57,"menu_order":4,"comment_status":"closed","ping_status":"closed","template":"","meta":{"_bbp_topic_count":0,"_bbp_reply_count":0,"_bbp_total_topic_count":0,"_bbp_total_reply_count":0,"_bbp_voice_count":0,"_bbp_anonymous_reply_count":0,"_bbp_topic_count_hidden":0,"_bbp_reply_count_hidden":0,"_bbp_forum_subforum_count":0,"site-sidebar-layout":"default","site-content-layout":"","ast-site-content-layout":"default","site-content-style":"default","site-sidebar-style":"default","ast-global-header-display":"","ast-banner-title-visibility":"","ast-main-header-display":"","ast-hfb-above-header-display":"","ast-hfb-below-header-display":"","ast-hfb-mobile-header-display":"","site-post-title":"","ast-breadcrumbs-content":"","ast-featured-img":"","footer-sml-layout":"","theme-transparent-header-meta":"default","adv-header-id-meta":"","stick-header-meta":"","header-above-stick-meta":"","header-main-stick-meta":"","header-below-stick-meta":"","astra-migrate-meta-layouts":"set","ast-page-background-enabled":"default","ast-page-background-meta":{"desktop":{"background-color":"var(--ast-global-color-4)","background-image":"","background-repeat":"repeat","background-position":"center center","background-size":"auto","background-attachment":"scroll","background-type":"","background-media":"","overlay-type":"","overlay-color":"","overlay-opacity":"","overlay-gradient":""},"tablet":{"background-color":"","background-image":"","background-repeat":"repeat","background-position":"center center","background-size":"auto","background-attachment":"scroll","background-type":"","background-media":"","overlay-type":"","overlay-color":"","overlay-opacity":"","overlay-gradient":""},"mobile":{"background-color":"","background-image":"","background-repeat":"repeat","background-position":"center center","background-size":"auto","background-attachment":"scroll","background-type":"","background-media":"","overlay-type":"","overlay-color":"","overlay-opacity":"","overlay-gradient":""}},"ast-content-background-meta":{"desktop":{"background-color":"var(--ast-global-color-5)","background-image":"","background-repeat":"repeat","background-position":"center center","background-size":"auto","background-attachment":"scroll","background-type":"","background-media":"","overlay-type":"","overlay-color":"","overlay-opacity":"","overlay-gradient":""},"tablet":{"background-color":"var(--ast-global-color-5)","background-image":"","background-repeat":"repeat","background-position":"center center","background-size":"auto","background-attachment":"scroll","background-type":"","background-media":"","overlay-type":"","overlay-color":"","overlay-opacity":"","overlay-gradient":""},"mobile":{"background-color":"var(--ast-global-color-5)","background-image":"","background-repeat":"repeat","background-position":"center center","background-size":"auto","background-attachment":"scroll","background-type":"","background-media":"","overlay-type":"","overlay-color":"","overlay-opacity":"","overlay-gradient":""}},"footnotes":""},"class_list":["post-633","page","type-page","status-publish","hentry"],"post_mailing_queue_ids":[],"_links":{"self":[{"href":"https:\/\/agora.xtec.cat\/institutescolasallaresipla\/wp-json\/wp\/v2\/pages\/633","targetHints":{"allow":["GET"]}}],"collection":[{"href":"https:\/\/agora.xtec.cat\/institutescolasallaresipla\/wp-json\/wp\/v2\/pages"}],"about":[{"href":"https:\/\/agora.xtec.cat\/institutescolasallaresipla\/wp-json\/wp\/v2\/types\/page"}],"author":[{"embeddable":true,"href":"https:\/\/agora.xtec.cat\/institutescolasallaresipla\/wp-json\/wp\/v2\/users\/1"}],"replies":[{"embeddable":true,"href":"https:\/\/agora.xtec.cat\/institutescolasallaresipla\/wp-json\/wp\/v2\/comments?post=633"}],"version-history":[{"count":7,"href":"https:\/\/agora.xtec.cat\/institutescolasallaresipla\/wp-json\/wp\/v2\/pages\/633\/revisions"}],"predecessor-version":[{"id":1643,"href":"https:\/\/agora.xtec.cat\/institutescolasallaresipla\/wp-json\/wp\/v2\/pages\/633\/revisions\/1643"}],"up":[{"embeddable":true,"href":"https:\/\/agora.xtec.cat\/institutescolasallaresipla\/wp-json\/wp\/v2\/pages\/57"}],"wp:attachment":[{"href":"https:\/\/agora.xtec.cat\/institutescolasallaresipla\/wp-json\/wp\/v2\/media?parent=633"}],"curies":[{"name":"wp","href":"https:\/\/api.w.org\/{rel}","templated":true}]}}