{"id":601,"date":"2024-02-29T12:20:29","date_gmt":"2024-02-29T11:20:29","guid":{"rendered":"https:\/\/agora.xtec.cat\/institutescolasallaresipla\/?page_id=601"},"modified":"2025-11-06T16:26:25","modified_gmt":"2025-11-06T15:26:25","slug":"primaria","status":"publish","type":"page","link":"https:\/\/agora.xtec.cat\/institutescolasallaresipla\/projecte-educatiu\/primaria\/","title":{"rendered":"Prim\u00e0ria"},"content":{"rendered":"<p>A les aules de prim\u00e0ria fomentem el treball manipulatiu i vivencial per afavorir l&#8217;aprenentatge significatiu del nostre alumnat. Busquem dur a terme activitats relacionades amb la seva vida quotidiana i en les que participin activament. Tamb\u00e9 ens dividim dintre de les possibilitats en grups m\u00e9s redu\u00efts, per tal de fomentar l&#8217;aprenentatge personalitzat.<\/p>\n<p>En aquesta etapa treballem a partir de:<\/p>\n<table style=\"border-collapse: collapse; width: 100%; height: 305px;\">\n<tbody>\n<tr style=\"height: 139px;\">\n<td style=\"width: 50%; height: 139px;\"><a href=\"https:\/\/agora.xtec.cat\/institutescolasallaresipla\/projecte-educatiu\/primaria\/espais-daprenentatge-funcional-eaf\/\"><img loading=\"lazy\" decoding=\"async\" class=\"wp-image-1445 aligncenter\" src=\"https:\/\/agora.xtec.cat\/institutescolasallaresipla\/wp-content\/uploads\/usu3028\/2025\/11\/Espais-daprenentatge-funcional-1.png\" alt=\"\" width=\"271\" height=\"140\" srcset=\"https:\/\/agora.xtec.cat\/institutescolasallaresipla\/wp-content\/uploads\/usu3028\/2025\/11\/Espais-daprenentatge-funcional-1.png 880w, https:\/\/agora.xtec.cat\/institutescolasallaresipla\/wp-content\/uploads\/usu3028\/2025\/11\/Espais-daprenentatge-funcional-1-300x155.png 300w, https:\/\/agora.xtec.cat\/institutescolasallaresipla\/wp-content\/uploads\/usu3028\/2025\/11\/Espais-daprenentatge-funcional-1-768x396.png 768w\" sizes=\"auto, (max-width: 271px) 100vw, 271px\" \/><\/a><\/td>\n<td style=\"width: 50%; height: 139px;\"><a href=\"https:\/\/agora.xtec.cat\/institutescolasallaresipla\/projecte-educatiu\/primaria\/capses-de-coneixement\/\"><img loading=\"lazy\" decoding=\"async\" class=\"wp-image-1446 aligncenter\" src=\"https:\/\/agora.xtec.cat\/institutescolasallaresipla\/wp-content\/uploads\/usu3028\/2025\/11\/Capses.png\" alt=\"\" width=\"301\" height=\"82\" srcset=\"https:\/\/agora.xtec.cat\/institutescolasallaresipla\/wp-content\/uploads\/usu3028\/2025\/11\/Capses.png 565w, https:\/\/agora.xtec.cat\/institutescolasallaresipla\/wp-content\/uploads\/usu3028\/2025\/11\/Capses-300x82.png 300w\" sizes=\"auto, (max-width: 301px) 100vw, 301px\" \/><\/a><\/td>\n<\/tr>\n<tr style=\"height: 166px;\">\n<td style=\"width: 50%; height: 166px;\"><a href=\"https:\/\/agora.xtec.cat\/institutescolasallaresipla\/projecte-educatiu\/primaria\/projectes\/\"><img loading=\"lazy\" decoding=\"async\" class=\"wp-image-1447 aligncenter\" src=\"https:\/\/agora.xtec.cat\/institutescolasallaresipla\/wp-content\/uploads\/usu3028\/2025\/11\/Projectes.png\" alt=\"\" width=\"263\" height=\"174\" srcset=\"https:\/\/agora.xtec.cat\/institutescolasallaresipla\/wp-content\/uploads\/usu3028\/2025\/11\/Projectes.png 601w, https:\/\/agora.xtec.cat\/institutescolasallaresipla\/wp-content\/uploads\/usu3028\/2025\/11\/Projectes-300x198.png 300w\" sizes=\"auto, (max-width: 263px) 100vw, 263px\" \/><\/a><\/td>\n<td style=\"width: 50%; height: 166px;\"><a href=\"https:\/\/agora.xtec.cat\/institutescolasallaresipla\/projecte-educatiu\/primaria\/innovamat\/\"><img loading=\"lazy\" decoding=\"async\" class=\"aligncenter\" src=\"https:\/\/encrypted-tbn0.gstatic.com\/images?q=tbn:ANd9GcScmwQHmV7Y92po96zydM_OvLTd7YYjzIswWQ&amp;s\" alt=\"Los gui\u00f1os detr\u00e1s de nuestro nuevo logo - Innovamat Blog\" width=\"266\" height=\"133\" \/><\/a><\/td>\n<\/tr>\n<\/tbody>\n<\/table>\n<p>&nbsp;<\/p>\n<p><!--a=1--><\/p>\n<p><!--a=1--><\/p>\n<p><!--a=1--><!--a=1--><!--a=1--><\/p>\n<p><!--a=1--><\/p>\n<p><!----comment node----><!--a=1--><\/p>\n","protected":false},"excerpt":{"rendered":"<p>A les aules de prim\u00e0ria fomentem el treball manipulatiu i vivencial per afavorir l&#8217;aprenentatge significatiu del nostre alumnat. Busquem dur a terme activitats relacionades amb la seva vida quotidiana i en les que participin activament. Tamb\u00e9 ens dividim dintre de les possibilitats en grups m\u00e9s redu\u00efts, per tal de fomentar l&#8217;aprenentatge personalitzat. En aquesta etapa [&hellip;]<\/p>\n","protected":false},"author":1,"featured_media":0,"parent":57,"menu_order":3,"comment_status":"closed","ping_status":"closed","template":"","meta":{"_bbp_topic_count":0,"_bbp_reply_count":0,"_bbp_total_topic_count":0,"_bbp_total_reply_count":0,"_bbp_voice_count":0,"_bbp_anonymous_reply_count":0,"_bbp_topic_count_hidden":0,"_bbp_reply_count_hidden":0,"_bbp_forum_subforum_count":0,"site-sidebar-layout":"default","site-content-layout":"","ast-site-content-layout":"default","site-content-style":"default","site-sidebar-style":"default","ast-global-header-display":"","ast-banner-title-visibility":"","ast-main-header-display":"","ast-hfb-above-header-display":"","ast-hfb-below-header-display":"","ast-hfb-mobile-header-display":"","site-post-title":"","ast-breadcrumbs-content":"","ast-featured-img":"","footer-sml-layout":"","theme-transparent-header-meta":"default","adv-header-id-meta":"","stick-header-meta":"","header-above-stick-meta":"","header-main-stick-meta":"","header-below-stick-meta":"","astra-migrate-meta-layouts":"set","ast-page-background-enabled":"default","ast-page-background-meta":{"desktop":{"background-color":"var(--ast-global-color-4)","background-image":"","background-repeat":"repeat","background-position":"center center","background-size":"auto","background-attachment":"scroll","background-type":"","background-media":"","overlay-type":"","overlay-color":"","overlay-opacity":"","overlay-gradient":""},"tablet":{"background-color":"","background-image":"","background-repeat":"repeat","background-position":"center center","background-size":"auto","background-attachment":"scroll","background-type":"","background-media":"","overlay-type":"","overlay-color":"","overlay-opacity":"","overlay-gradient":""},"mobile":{"background-color":"","background-image":"","background-repeat":"repeat","background-position":"center center","background-size":"auto","background-attachment":"scroll","background-type":"","background-media":"","overlay-type":"","overlay-color":"","overlay-opacity":"","overlay-gradient":""}},"ast-content-background-meta":{"desktop":{"background-color":"var(--ast-global-color-5)","background-image":"","background-repeat":"repeat","background-position":"center center","background-size":"auto","background-attachment":"scroll","background-type":"","background-media":"","overlay-type":"","overlay-color":"","overlay-opacity":"","overlay-gradient":""},"tablet":{"background-color":"var(--ast-global-color-5)","background-image":"","background-repeat":"repeat","background-position":"center center","background-size":"auto","background-attachment":"scroll","background-type":"","background-media":"","overlay-type":"","overlay-color":"","overlay-opacity":"","overlay-gradient":""},"mobile":{"background-color":"var(--ast-global-color-5)","background-image":"","background-repeat":"repeat","background-position":"center center","background-size":"auto","background-attachment":"scroll","background-type":"","background-media":"","overlay-type":"","overlay-color":"","overlay-opacity":"","overlay-gradient":""}},"footnotes":""},"class_list":["post-601","page","type-page","status-publish","hentry"],"post_mailing_queue_ids":[],"_links":{"self":[{"href":"https:\/\/agora.xtec.cat\/institutescolasallaresipla\/wp-json\/wp\/v2\/pages\/601","targetHints":{"allow":["GET"]}}],"collection":[{"href":"https:\/\/agora.xtec.cat\/institutescolasallaresipla\/wp-json\/wp\/v2\/pages"}],"about":[{"href":"https:\/\/agora.xtec.cat\/institutescolasallaresipla\/wp-json\/wp\/v2\/types\/page"}],"author":[{"embeddable":true,"href":"https:\/\/agora.xtec.cat\/institutescolasallaresipla\/wp-json\/wp\/v2\/users\/1"}],"replies":[{"embeddable":true,"href":"https:\/\/agora.xtec.cat\/institutescolasallaresipla\/wp-json\/wp\/v2\/comments?post=601"}],"version-history":[{"count":6,"href":"https:\/\/agora.xtec.cat\/institutescolasallaresipla\/wp-json\/wp\/v2\/pages\/601\/revisions"}],"predecessor-version":[{"id":1488,"href":"https:\/\/agora.xtec.cat\/institutescolasallaresipla\/wp-json\/wp\/v2\/pages\/601\/revisions\/1488"}],"up":[{"embeddable":true,"href":"https:\/\/agora.xtec.cat\/institutescolasallaresipla\/wp-json\/wp\/v2\/pages\/57"}],"wp:attachment":[{"href":"https:\/\/agora.xtec.cat\/institutescolasallaresipla\/wp-json\/wp\/v2\/media?parent=601"}],"curies":[{"name":"wp","href":"https:\/\/api.w.org\/{rel}","templated":true}]}}