{"id":55,"date":"2014-09-17T16:59:49","date_gmt":"2014-09-17T16:59:49","guid":{"rendered":"http:\/\/agora.xtec.cat\/institutescolasallaresipla\/?page_id=55"},"modified":"2025-11-11T21:41:38","modified_gmt":"2025-11-11T20:41:38","slug":"horaris","status":"publish","type":"page","link":"https:\/\/agora.xtec.cat\/institutescolasallaresipla\/linstitut-escola\/horaris\/","title":{"rendered":"Horaris"},"content":{"rendered":"<div class=\"adr\">El nostre\u00a0<strong>horari<\/strong>\u00a0d\u2019 aquest curs \u00e9s :<\/div>\n<div><\/div>\n<ul>\n<li class=\"adr\"><em><strong>Educaci\u00f3 Infantil<\/strong><\/em>: pel mat\u00ed de 8:30 a 12:15h i per la tarda de 15:00 a 16\u201930 h.<\/li>\n<li class=\"adr\"><em><strong>Educaci\u00f3 Prim\u00e0ria<\/strong><\/em>: pel mat\u00ed de 8:30 a 13:00h i per la tarda de 15:00 a 16:30 h. Dijous: horari nom\u00e9s\u00a0de mat\u00ed, tarda no lectiva.<\/li>\n<li class=\"adr\"><em><strong>Educaci\u00f3 Secund\u00e0ria (ESO):\u00a0<\/strong><\/em>Dilluns, dimecres i divendres pel mat\u00ed de 8:00 a 13:30h i per la tarda de 15:00 a 16:00h. Dimarts i dijous nom\u00e9s pel mat\u00ed de 8:00 a 13:30h, tardes no lectives.<\/li>\n<\/ul>\n<div class=\"adr\">\n<div><\/div>\n<\/div>\n<div><strong>Els dijous a la tarda no hi ha classes lectives, per coordinaci\u00f3 de l\u2019equip docent.<\/strong><\/div>\n","protected":false},"excerpt":{"rendered":"<p>El nostre\u00a0horari\u00a0d\u2019 aquest curs \u00e9s : Educaci\u00f3 Infantil: pel mat\u00ed de 8:30 a 12:15h i per la tarda de 15:00 a 16\u201930 h. Educaci\u00f3 Prim\u00e0ria: pel mat\u00ed de 8:30 a 13:00h i per la tarda de 15:00 a 16:30 h. Dijous: horari nom\u00e9s\u00a0de mat\u00ed, tarda no lectiva. Educaci\u00f3 Secund\u00e0ria (ESO):\u00a0Dilluns, dimecres i divendres pel mat\u00ed [&hellip;]<\/p>\n","protected":false},"author":1,"featured_media":0,"parent":19,"menu_order":80,"comment_status":"closed","ping_status":"closed","template":"","meta":{"_bbp_topic_count":0,"_bbp_reply_count":0,"_bbp_total_topic_count":0,"_bbp_total_reply_count":0,"_bbp_voice_count":0,"_bbp_anonymous_reply_count":0,"_bbp_topic_count_hidden":0,"_bbp_reply_count_hidden":0,"_bbp_forum_subforum_count":0,"site-sidebar-layout":"default","site-content-layout":"","ast-site-content-layout":"","site-content-style":"default","site-sidebar-style":"default","ast-global-header-display":"","ast-banner-title-visibility":"","ast-main-header-display":"","ast-hfb-above-header-display":"","ast-hfb-below-header-display":"","ast-hfb-mobile-header-display":"","site-post-title":"","ast-breadcrumbs-content":"","ast-featured-img":"","footer-sml-layout":"","theme-transparent-header-meta":"","adv-header-id-meta":"","stick-header-meta":"","header-above-stick-meta":"","header-main-stick-meta":"","header-below-stick-meta":"","astra-migrate-meta-layouts":"default","ast-page-background-enabled":"default","ast-page-background-meta":{"desktop":{"background-color":"var(--ast-global-color-4)","background-image":"","background-repeat":"repeat","background-position":"center center","background-size":"auto","background-attachment":"scroll","background-type":"","background-media":"","overlay-type":"","overlay-color":"","overlay-opacity":"","overlay-gradient":""},"tablet":{"background-color":"","background-image":"","background-repeat":"repeat","background-position":"center center","background-size":"auto","background-attachment":"scroll","background-type":"","background-media":"","overlay-type":"","overlay-color":"","overlay-opacity":"","overlay-gradient":""},"mobile":{"background-color":"","background-image":"","background-repeat":"repeat","background-position":"center center","background-size":"auto","background-attachment":"scroll","background-type":"","background-media":"","overlay-type":"","overlay-color":"","overlay-opacity":"","overlay-gradient":""}},"ast-content-background-meta":{"desktop":{"background-color":"var(--ast-global-color-5)","background-image":"","background-repeat":"repeat","background-position":"center center","background-size":"auto","background-attachment":"scroll","background-type":"","background-media":"","overlay-type":"","overlay-color":"","overlay-opacity":"","overlay-gradient":""},"tablet":{"background-color":"var(--ast-global-color-5)","background-image":"","background-repeat":"repeat","background-position":"center center","background-size":"auto","background-attachment":"scroll","background-type":"","background-media":"","overlay-type":"","overlay-color":"","overlay-opacity":"","overlay-gradient":""},"mobile":{"background-color":"var(--ast-global-color-5)","background-image":"","background-repeat":"repeat","background-position":"center center","background-size":"auto","background-attachment":"scroll","background-type":"","background-media":"","overlay-type":"","overlay-color":"","overlay-opacity":"","overlay-gradient":""}},"footnotes":""},"class_list":["post-55","page","type-page","status-publish","hentry"],"post_mailing_queue_ids":[],"_links":{"self":[{"href":"https:\/\/agora.xtec.cat\/institutescolasallaresipla\/wp-json\/wp\/v2\/pages\/55","targetHints":{"allow":["GET"]}}],"collection":[{"href":"https:\/\/agora.xtec.cat\/institutescolasallaresipla\/wp-json\/wp\/v2\/pages"}],"about":[{"href":"https:\/\/agora.xtec.cat\/institutescolasallaresipla\/wp-json\/wp\/v2\/types\/page"}],"author":[{"embeddable":true,"href":"https:\/\/agora.xtec.cat\/institutescolasallaresipla\/wp-json\/wp\/v2\/users\/1"}],"replies":[{"embeddable":true,"href":"https:\/\/agora.xtec.cat\/institutescolasallaresipla\/wp-json\/wp\/v2\/comments?post=55"}],"version-history":[{"count":1,"href":"https:\/\/agora.xtec.cat\/institutescolasallaresipla\/wp-json\/wp\/v2\/pages\/55\/revisions"}],"predecessor-version":[{"id":845,"href":"https:\/\/agora.xtec.cat\/institutescolasallaresipla\/wp-json\/wp\/v2\/pages\/55\/revisions\/845"}],"up":[{"embeddable":true,"href":"https:\/\/agora.xtec.cat\/institutescolasallaresipla\/wp-json\/wp\/v2\/pages\/19"}],"wp:attachment":[{"href":"https:\/\/agora.xtec.cat\/institutescolasallaresipla\/wp-json\/wp\/v2\/media?parent=55"}],"curies":[{"name":"wp","href":"https:\/\/api.w.org\/{rel}","templated":true}]}}