{"id":43,"date":"2014-09-17T16:45:07","date_gmt":"2014-09-17T16:45:07","guid":{"rendered":"http:\/\/agora.xtec.cat\/institutescolasallaresipla\/?page_id=43"},"modified":"2026-02-04T16:00:44","modified_gmt":"2026-02-04T15:00:44","slug":"consell-escolar","status":"publish","type":"page","link":"https:\/\/agora.xtec.cat\/institutescolasallaresipla\/linstitut-escola\/consell-escolar\/","title":{"rendered":"Consell escolar"},"content":{"rendered":"<p align=\"justify\">El<strong> Consell Escolar<\/strong> del nostre centre, despr\u00e9s de la renovaci\u00f3 de desembre de 2025, es composa de les seg\u00fcents comissions :<\/p>\n<p align=\"justify\"><span style=\"color: #000000;\"><span style=\"font-family: Arial, sans-serif;\"><span style=\"font-size: medium;\"><b>Comissi\u00f3 Permanent<\/b><\/span><\/span><\/span><\/p>\n<table width=\"597\" cellspacing=\"0\" cellpadding=\"2\" bgcolor=\"#ffffff\">\n<tbody>\n<tr valign=\"top\">\n<td width=\"320\">\n<p align=\"justify\"><span style=\"color: #000000;\"><span style=\"font-family: Arial, sans-serif;\"><span style=\"font-size: medium;\">Sr. Francisco Salmer\u00f3n\u00a0<\/span><\/span><\/span><\/p>\n<\/td>\n<td width=\"267\">\n<p align=\"justify\"><span style=\"color: #000000;\"><span style=\"font-family: Arial, sans-serif;\"><span style=\"font-size: medium;\">President (director del centre)<\/span><\/span><\/span><\/p>\n<\/td>\n<\/tr>\n<tr valign=\"top\" bgcolor=\"#f9f9f9\">\n<td width=\"320\">\n<p align=\"justify\"><span style=\"color: #000000;\"><span style=\"font-family: Arial, sans-serif;\"><span style=\"font-size: medium;\">Sra. Noem\u00ed Juan<\/span><\/span><\/span><\/p>\n<\/td>\n<td width=\"267\">\n<p align=\"justify\"><span style=\"color: #000000;\">\u00a0<span style=\"font-family: Arial, sans-serif;\"><span style=\"font-size: medium;\">Cap d\u2019Estudis <\/span><\/span><span style=\"font-family: Arial, sans-serif;\"><span style=\"font-size: medium;\">Prim\u00e0ria<\/span><\/span><\/span><\/p>\n<\/td>\n<\/tr>\n<tr valign=\"top\" bgcolor=\"#f9f9f9\">\n<td width=\"320\">\n<p align=\"justify\"><span style=\"color: #000000;\"><span style=\"font-family: Arial, sans-serif;\"><span style=\"font-size: medium;\">Sr. Sergio G\u00f3mez<\/span><\/span><\/span><\/p>\n<\/td>\n<td width=\"267\">\n<p align=\"justify\"><span style=\"color: #000000;\"><span style=\"font-family: Arial, sans-serif;\"><span style=\"font-size: medium;\">Cap d\u2019Estudis <\/span><\/span><span style=\"font-family: Arial, sans-serif;\"><span style=\"font-size: medium;\">Secund\u00e0ria<\/span><\/span><\/span><\/p>\n<\/td>\n<\/tr>\n<tr valign=\"top\">\n<td width=\"320\">\n<p align=\"justify\"><span style=\"color: #222222;\"><span style=\"font-family: Arial, sans-serif;\"><span style=\"font-size: medium;\">Sra.S\u00f2nia Castro\u00a0<\/span><\/span><\/span><\/p>\n<\/td>\n<td width=\"267\">\n<p align=\"justify\"><span style=\"color: #000000;\"><span style=\"font-family: Arial, sans-serif;\"><span style=\"font-size: medium;\">Representant pares<\/span><\/span><\/span><\/p>\n<\/td>\n<\/tr>\n<tr valign=\"top\" bgcolor=\"#f9f9f9\">\n<td width=\"320\">\n<p align=\"justify\"><span style=\"color: #000000;\"><span style=\"font-family: Arial, sans-serif;\"><span style=\"font-size: medium;\">Sr.\/a Olga Navarro<\/span><\/span><\/span><\/p>\n<\/td>\n<td width=\"267\">\n<p align=\"justify\"><span style=\"color: #000000;\"><span style=\"font-family: Arial, sans-serif;\"><span style=\"font-size: medium;\">Representant professors<\/span><\/span><\/span><\/p>\n<\/td>\n<\/tr>\n<tr valign=\"top\">\n<td width=\"320\">\n<p align=\"justify\"><span style=\"color: #000000;\"><span style=\"font-family: Arial, sans-serif;\"><span style=\"font-size: medium;\">Sr. Jaume Moya<\/span><\/span><\/span><\/p>\n<\/td>\n<td width=\"267\">\n<p align=\"justify\"><span style=\"color: #000000;\"><span style=\"font-family: Arial, sans-serif;\"><span style=\"font-size: medium;\">Secretari (secretari del centre)<\/span><\/span><\/span><\/p>\n<\/td>\n<\/tr>\n<\/tbody>\n<\/table>\n<p align=\"justify\"><span style=\"color: #000000;\"><span style=\"font-family: Arial, sans-serif;\"><span style=\"font-size: medium;\"><b>Comissi\u00f3 Econ\u00f2mica<\/b><\/span><\/span><\/span><\/p>\n<table width=\"597\" cellspacing=\"0\" cellpadding=\"2\" bgcolor=\"#ffffff\">\n<tbody>\n<tr valign=\"top\">\n<td width=\"317\">\n<p align=\"justify\"><span style=\"color: #000000;\"><span style=\"font-family: Arial, sans-serif;\"><span style=\"font-size: medium;\">Sr.\/a Francisco Salmer\u00f3n\u00a0<\/span><\/span><\/span><\/p>\n<\/td>\n<td width=\"270\">\n<p align=\"justify\"><span style=\"color: #000000;\"><span style=\"font-family: Arial, sans-serif;\"><span style=\"font-size: medium;\">President (director\/a del centre)<\/span><\/span><\/span><\/p>\n<\/td>\n<\/tr>\n<tr valign=\"top\" bgcolor=\"#f9f9f9\">\n<td width=\"317\">\n<p align=\"justify\"><span style=\"color: #000000;\"><span style=\"font-family: Arial, sans-serif;\"><span style=\"font-size: medium;\">Sra.\u00a0Kawtar Riche<\/span><\/span><\/span><\/p>\n<\/td>\n<td width=\"270\">\n<p align=\"justify\"><span style=\"color: #000000;\"><span style=\"font-family: Arial, sans-serif;\"><span style=\"font-size: medium;\">Representant pares<\/span><\/span><\/span><\/p>\n<\/td>\n<\/tr>\n<tr valign=\"top\">\n<td width=\"317\">\n<p align=\"justify\"><span style=\"color: #000000;\"><span style=\"font-family: Arial, sans-serif;\"><span style=\"font-size: medium;\">Sra.\u00a0Pilar Vilaburg\u00e8s<\/span><\/span><\/span><\/p>\n<\/td>\n<td width=\"270\">\n<p align=\"justify\"><span style=\"color: #000000;\"><span style=\"font-family: Arial, sans-serif;\"><span style=\"font-size: medium;\">Representant professors<\/span><\/span><\/span><\/p>\n<\/td>\n<\/tr>\n<tr valign=\"top\" bgcolor=\"#f9f9f9\">\n<td width=\"317\">\n<p align=\"justify\"><span style=\"color: #000000;\"><span style=\"font-family: Arial, sans-serif;\"><span style=\"font-size: medium;\">Sr.\/a Jaume Moya\u00a0<\/span><\/span><\/span><\/p>\n<\/td>\n<td width=\"270\">\n<p align=\"justify\"><span style=\"color: #000000;\"><span style=\"font-family: Arial, sans-serif;\"><span style=\"font-size: medium;\">Secretari (secretari del centre)<\/span><\/span><\/span><\/p>\n<\/td>\n<\/tr>\n<\/tbody>\n<\/table>\n<dl>\n<dd><span style=\"color: #222222;\">\u00a0<\/span><\/dd>\n<\/dl>\n<p align=\"justify\"><span style=\"color: #000000;\"><span style=\"font-family: Arial, sans-serif;\"><span style=\"font-size: medium;\"><b>Comissi\u00f3 de Conviv\u00e8ncia<\/b><\/span><\/span><\/span><\/p>\n<table width=\"599\" cellspacing=\"0\" cellpadding=\"2\" bgcolor=\"#ffffff\">\n<tbody>\n<tr valign=\"top\">\n<td width=\"315\">\n<p align=\"justify\"><span style=\"color: #000000;\"><span style=\"font-family: Arial, sans-serif;\"><span style=\"font-size: medium;\">Sr. Francisco Salmer\u00f3n\u00a0<\/span><\/span><\/span><\/p>\n<\/td>\n<td width=\"274\">\n<p align=\"justify\"><span style=\"color: #000000;\"><span style=\"font-family: Arial, sans-serif;\"><span style=\"font-size: medium;\">President (director del centre)<\/span><\/span><\/span><\/p>\n<\/td>\n<\/tr>\n<tr valign=\"top\" bgcolor=\"#f9f9f9\">\n<td width=\"315\">\n<p align=\"justify\"><span style=\"color: #000000;\"><span style=\"font-family: Arial, sans-serif;\"><span style=\"font-size: medium;\">Sra.\u00a0Itto Hacini<\/span><\/span><\/span><\/p>\n<\/td>\n<td width=\"274\">\n<p align=\"justify\"><span style=\"color: #000000;\"><span style=\"font-family: Arial, sans-serif;\"><span style=\"font-size: medium;\">Representant pares<\/span><\/span><\/span><\/p>\n<\/td>\n<\/tr>\n<tr valign=\"top\">\n<td width=\"315\">\n<p align=\"justify\"><span style=\"color: #000000;\"><span style=\"font-family: Arial, sans-serif;\"><span style=\"font-size: medium;\">Sra. Kawtar Riche<\/span><\/span><\/span><\/p>\n<\/td>\n<td width=\"274\">\n<p align=\"justify\"><span style=\"color: #000000;\"><span style=\"font-family: Arial, sans-serif;\"><span style=\"font-size: medium;\">Representant pares<\/span><\/span><\/span><\/p>\n<\/td>\n<\/tr>\n<tr valign=\"top\" bgcolor=\"#f9f9f9\">\n<td width=\"315\">\n<p align=\"justify\"><span style=\"color: #000000;\"><span style=\"font-family: Arial, sans-serif;\"><span style=\"font-size: medium;\">Sr. Jos\u00e9 Antonio Mill\u00e1n<\/span><\/span><\/span><\/p>\n<\/td>\n<td width=\"274\">\n<p align=\"justify\"><span style=\"color: #000000;\"><span style=\"font-family: Arial, sans-serif;\"><span style=\"font-size: medium;\">Representant professors<\/span><\/span><\/span><\/p>\n<\/td>\n<\/tr>\n<tr valign=\"top\">\n<td width=\"315\">\n<p align=\"justify\"><span style=\"color: #000000;\"><span style=\"font-family: Arial, sans-serif;\"><span style=\"font-size: medium;\">Sra. X\u00e8nia Claret<\/span><\/span><\/span><\/p>\n<\/td>\n<td width=\"274\">\n<p align=\"justify\"><span style=\"color: #000000;\"><span style=\"font-family: Arial, sans-serif;\"><span style=\"font-size: medium;\">Representant professors<\/span><\/span><\/span><\/p>\n<\/td>\n<\/tr>\n<tr valign=\"top\" bgcolor=\"#f9f9f9\">\n<td width=\"315\">\n<p align=\"justify\"><span style=\"color: #000000;\"><span style=\"font-family: Arial, sans-serif;\"><span style=\"font-size: medium;\">Sr. Jaume Moya\u00a0<\/span><\/span><\/span><\/p>\n<\/td>\n<td width=\"274\">\n<p align=\"justify\"><span style=\"color: #000000;\"><span style=\"font-family: Arial, sans-serif;\"><span style=\"font-size: medium;\">Secretari (secretari del centre)<\/span><\/span><\/span><\/p>\n<\/td>\n<\/tr>\n<\/tbody>\n<\/table>\n<p align=\"justify\"><span style=\"color: #000000;\"><span style=\"font-family: Arial, sans-serif;\"><span style=\"font-size: medium;\"><b>Comissi\u00f3 de Menjador<\/b><\/span><\/span><\/span><\/p>\n<table width=\"604\" cellspacing=\"0\" cellpadding=\"2\" bgcolor=\"#ffffff\">\n<tbody>\n<tr valign=\"top\">\n<td width=\"317\">\n<p align=\"justify\"><span style=\"color: #000000;\"><span style=\"font-family: Arial, sans-serif;\"><span style=\"font-size: medium;\">Sr. Francisco Salmer\u00f3n\u00a0<\/span><\/span><\/span><\/p>\n<\/td>\n<td width=\"277\">\n<p align=\"justify\"><span style=\"color: #000000;\"><span style=\"font-family: Arial, sans-serif;\"><span style=\"font-size: medium;\">President (director del centre)<\/span><\/span><\/span><\/p>\n<\/td>\n<\/tr>\n<tr valign=\"top\" bgcolor=\"#f9f9f9\">\n<td width=\"317\">\n<p align=\"justify\"><span style=\"color: #000000;\"><span style=\"font-family: Arial, sans-serif;\"><span style=\"font-size: medium;\">A concretar<\/span><\/span><\/span><\/p>\n<\/td>\n<td width=\"277\">\n<p align=\"justify\"><span style=\"color: #000000;\"><span style=\"font-family: Arial, sans-serif;\"><span style=\"font-size: medium;\">Representant pares<\/span><\/span><\/span><\/p>\n<\/td>\n<\/tr>\n<tr valign=\"top\">\n<td width=\"317\">\n<p align=\"justify\"><span style=\"color: #000000;\"><span style=\"font-family: Arial, sans-serif;\"><span style=\"font-size: medium;\">Sra. Olga Navarro<\/span><\/span><\/span><\/p>\n<\/td>\n<td width=\"277\">\n<p align=\"justify\"><span style=\"color: #000000;\"><span style=\"font-family: Arial, sans-serif;\"><span style=\"font-size: medium;\">Representant professors<\/span><\/span><\/span><\/p>\n<\/td>\n<\/tr>\n<tr valign=\"top\" bgcolor=\"#f9f9f9\">\n<td width=\"317\">\n<p align=\"justify\"><span style=\"color: #000000;\"><span style=\"font-family: Arial, sans-serif;\"><span style=\"font-size: medium;\">Sr. Jaume Moya\u00a0<\/span><\/span><\/span><\/p>\n<\/td>\n<td width=\"277\">\n<p align=\"justify\"><span style=\"color: #000000;\"><span style=\"font-family: Arial, sans-serif;\"><span style=\"font-size: medium;\">Secretari (secretari del centre)<\/span><\/span><\/span><\/p>\n<\/td>\n<\/tr>\n<\/tbody>\n<\/table>\n<p>Podeu consultar les funcions del consell a l&#8217; <a href=\"https:\/\/agora.xtec.cat\/iescarrascobarcelona\/wp-content\/uploads\/usu2495\/2021\/04\/Funcions-Consell-Escolar.pdf\" target=\"_blank\" rel=\"noopener\">ENLLA\u00c7 <\/a>seg\u00fcent.<\/p>\n","protected":false},"excerpt":{"rendered":"<p>El Consell Escolar del nostre centre, despr\u00e9s de la renovaci\u00f3 de desembre de 2025, es composa de les seg\u00fcents comissions : Comissi\u00f3 Permanent Sr. Francisco Salmer\u00f3n\u00a0 President (director del centre) Sra. Noem\u00ed Juan \u00a0Cap d\u2019Estudis Prim\u00e0ria Sr. Sergio G\u00f3mez Cap d\u2019Estudis Secund\u00e0ria Sra.S\u00f2nia Castro\u00a0 Representant pares Sr.\/a Olga Navarro Representant professors Sr. Jaume Moya Secretari [&hellip;]<\/p>\n","protected":false},"author":1,"featured_media":0,"parent":19,"menu_order":40,"comment_status":"closed","ping_status":"closed","template":"","meta":{"_bbp_topic_count":0,"_bbp_reply_count":0,"_bbp_total_topic_count":0,"_bbp_total_reply_count":0,"_bbp_voice_count":0,"_bbp_anonymous_reply_count":0,"_bbp_topic_count_hidden":0,"_bbp_reply_count_hidden":0,"_bbp_forum_subforum_count":0,"site-sidebar-layout":"default","site-content-layout":"","ast-site-content-layout":"default","site-content-style":"default","site-sidebar-style":"default","ast-global-header-display":"","ast-banner-title-visibility":"","ast-main-header-display":"","ast-hfb-above-header-display":"","ast-hfb-below-header-display":"","ast-hfb-mobile-header-display":"","site-post-title":"","ast-breadcrumbs-content":"","ast-featured-img":"","footer-sml-layout":"","theme-transparent-header-meta":"default","adv-header-id-meta":"","stick-header-meta":"","header-above-stick-meta":"","header-main-stick-meta":"","header-below-stick-meta":"","astra-migrate-meta-layouts":"set","ast-page-background-enabled":"default","ast-page-background-meta":{"desktop":{"background-color":"var(--ast-global-color-4)","background-image":"","background-repeat":"repeat","background-position":"center center","background-size":"auto","background-attachment":"scroll","background-type":"","background-media":"","overlay-type":"","overlay-color":"","overlay-opacity":"","overlay-gradient":""},"tablet":{"background-color":"","background-image":"","background-repeat":"repeat","background-position":"center center","background-size":"auto","background-attachment":"scroll","background-type":"","background-media":"","overlay-type":"","overlay-color":"","overlay-opacity":"","overlay-gradient":""},"mobile":{"background-color":"","background-image":"","background-repeat":"repeat","background-position":"center center","background-size":"auto","background-attachment":"scroll","background-type":"","background-media":"","overlay-type":"","overlay-color":"","overlay-opacity":"","overlay-gradient":""}},"ast-content-background-meta":{"desktop":{"background-color":"var(--ast-global-color-5)","background-image":"","background-repeat":"repeat","background-position":"center center","background-size":"auto","background-attachment":"scroll","background-type":"","background-media":"","overlay-type":"","overlay-color":"","overlay-opacity":"","overlay-gradient":""},"tablet":{"background-color":"var(--ast-global-color-5)","background-image":"","background-repeat":"repeat","background-position":"center center","background-size":"auto","background-attachment":"scroll","background-type":"","background-media":"","overlay-type":"","overlay-color":"","overlay-opacity":"","overlay-gradient":""},"mobile":{"background-color":"var(--ast-global-color-5)","background-image":"","background-repeat":"repeat","background-position":"center center","background-size":"auto","background-attachment":"scroll","background-type":"","background-media":"","overlay-type":"","overlay-color":"","overlay-opacity":"","overlay-gradient":""}},"footnotes":""},"class_list":["post-43","page","type-page","status-publish","hentry"],"post_mailing_queue_ids":[],"_links":{"self":[{"href":"https:\/\/agora.xtec.cat\/institutescolasallaresipla\/wp-json\/wp\/v2\/pages\/43","targetHints":{"allow":["GET"]}}],"collection":[{"href":"https:\/\/agora.xtec.cat\/institutescolasallaresipla\/wp-json\/wp\/v2\/pages"}],"about":[{"href":"https:\/\/agora.xtec.cat\/institutescolasallaresipla\/wp-json\/wp\/v2\/types\/page"}],"author":[{"embeddable":true,"href":"https:\/\/agora.xtec.cat\/institutescolasallaresipla\/wp-json\/wp\/v2\/users\/1"}],"replies":[{"embeddable":true,"href":"https:\/\/agora.xtec.cat\/institutescolasallaresipla\/wp-json\/wp\/v2\/comments?post=43"}],"version-history":[{"count":6,"href":"https:\/\/agora.xtec.cat\/institutescolasallaresipla\/wp-json\/wp\/v2\/pages\/43\/revisions"}],"predecessor-version":[{"id":1647,"href":"https:\/\/agora.xtec.cat\/institutescolasallaresipla\/wp-json\/wp\/v2\/pages\/43\/revisions\/1647"}],"up":[{"embeddable":true,"href":"https:\/\/agora.xtec.cat\/institutescolasallaresipla\/wp-json\/wp\/v2\/pages\/19"}],"wp:attachment":[{"href":"https:\/\/agora.xtec.cat\/institutescolasallaresipla\/wp-json\/wp\/v2\/media?parent=43"}],"curies":[{"name":"wp","href":"https:\/\/api.w.org\/{rel}","templated":true}]}}