{"id":1585,"date":"2025-11-13T15:14:06","date_gmt":"2025-11-13T14:14:06","guid":{"rendered":"https:\/\/agora.xtec.cat\/institutescolasallaresipla\/?page_id=1585"},"modified":"2025-11-20T16:13:19","modified_gmt":"2025-11-20T15:13:19","slug":"families","status":"publish","type":"page","link":"https:\/\/agora.xtec.cat\/institutescolasallaresipla\/projecte-educatiu\/families\/","title":{"rendered":"Fam\u00edlies"},"content":{"rendered":"<p>Al nostre Institut Escola ens encanta compartir moments amb les nostres fam\u00edlies. Per aquest motiu, durant el curs 2024-2025 intentarem dur a terme alguna activitat a l&#8217;aula amb els familiars amb la contribuci\u00f3 del <strong>Pla Educatiu d&#8217;Entorn<\/strong>.<\/p>\n<p>En aquesta p\u00e0gina trobareu el recull d&#8217;aquestes.<\/p>\n<h4>Cicle inicial:<\/h4>\n<h4>Primer de prim\u00e0ria &#8211; Fem ci\u00e8ncia.<\/h4>\n<p style=\"text-align: center;\"><a href=\"https:\/\/agora.xtec.cat\/institutescolasallaresipla\/wp-content\/uploads\/usu3028\/2025\/11\/WhatsApp-Image-2025-11-13-at-12.34.39.jpeg\"><img loading=\"lazy\" decoding=\"async\" class=\"alignnone wp-image-1586\" src=\"https:\/\/agora.xtec.cat\/institutescolasallaresipla\/wp-content\/uploads\/usu3028\/2025\/11\/WhatsApp-Image-2025-11-13-at-12.34.39-575x1024.jpeg\" alt=\"\" width=\"170\" height=\"303\" srcset=\"https:\/\/agora.xtec.cat\/institutescolasallaresipla\/wp-content\/uploads\/usu3028\/2025\/11\/WhatsApp-Image-2025-11-13-at-12.34.39-575x1024.jpeg 575w, https:\/\/agora.xtec.cat\/institutescolasallaresipla\/wp-content\/uploads\/usu3028\/2025\/11\/WhatsApp-Image-2025-11-13-at-12.34.39-169x300.jpeg 169w, https:\/\/agora.xtec.cat\/institutescolasallaresipla\/wp-content\/uploads\/usu3028\/2025\/11\/WhatsApp-Image-2025-11-13-at-12.34.39-768x1367.jpeg 768w, https:\/\/agora.xtec.cat\/institutescolasallaresipla\/wp-content\/uploads\/usu3028\/2025\/11\/WhatsApp-Image-2025-11-13-at-12.34.39-863x1536.jpeg 863w, https:\/\/agora.xtec.cat\/institutescolasallaresipla\/wp-content\/uploads\/usu3028\/2025\/11\/WhatsApp-Image-2025-11-13-at-12.34.39.jpeg 899w\" sizes=\"auto, (max-width: 170px) 100vw, 170px\" \/><\/a> \u00a0<a href=\"https:\/\/agora.xtec.cat\/institutescolasallaresipla\/wp-content\/uploads\/usu3028\/2025\/11\/WhatsApp-Image-2025-11-13-at-15.12.19-2.jpeg\"><img loading=\"lazy\" decoding=\"async\" class=\"alignnone wp-image-1588\" src=\"https:\/\/agora.xtec.cat\/institutescolasallaresipla\/wp-content\/uploads\/usu3028\/2025\/11\/WhatsApp-Image-2025-11-13-at-15.12.19-2-1024x768.jpeg\" alt=\"\" width=\"401\" height=\"301\" srcset=\"https:\/\/agora.xtec.cat\/institutescolasallaresipla\/wp-content\/uploads\/usu3028\/2025\/11\/WhatsApp-Image-2025-11-13-at-15.12.19-2-1024x768.jpeg 1024w, https:\/\/agora.xtec.cat\/institutescolasallaresipla\/wp-content\/uploads\/usu3028\/2025\/11\/WhatsApp-Image-2025-11-13-at-15.12.19-2-300x225.jpeg 300w, https:\/\/agora.xtec.cat\/institutescolasallaresipla\/wp-content\/uploads\/usu3028\/2025\/11\/WhatsApp-Image-2025-11-13-at-15.12.19-2-768x576.jpeg 768w, https:\/\/agora.xtec.cat\/institutescolasallaresipla\/wp-content\/uploads\/usu3028\/2025\/11\/WhatsApp-Image-2025-11-13-at-15.12.19-2-1536x1152.jpeg 1536w, https:\/\/agora.xtec.cat\/institutescolasallaresipla\/wp-content\/uploads\/usu3028\/2025\/11\/WhatsApp-Image-2025-11-13-at-15.12.19-2.jpeg 1600w\" sizes=\"auto, (max-width: 401px) 100vw, 401px\" \/><\/a> <a href=\"https:\/\/agora.xtec.cat\/institutescolasallaresipla\/wp-content\/uploads\/usu3028\/2025\/11\/WhatsApp-Image-2025-11-13-at-15.12.19-1.jpeg\"><img loading=\"lazy\" decoding=\"async\" class=\"alignnone wp-image-1589\" src=\"https:\/\/agora.xtec.cat\/institutescolasallaresipla\/wp-content\/uploads\/usu3028\/2025\/11\/WhatsApp-Image-2025-11-13-at-15.12.19-1-1024x768.jpeg\" alt=\"\" width=\"324\" height=\"243\" srcset=\"https:\/\/agora.xtec.cat\/institutescolasallaresipla\/wp-content\/uploads\/usu3028\/2025\/11\/WhatsApp-Image-2025-11-13-at-15.12.19-1-1024x768.jpeg 1024w, https:\/\/agora.xtec.cat\/institutescolasallaresipla\/wp-content\/uploads\/usu3028\/2025\/11\/WhatsApp-Image-2025-11-13-at-15.12.19-1-300x225.jpeg 300w, https:\/\/agora.xtec.cat\/institutescolasallaresipla\/wp-content\/uploads\/usu3028\/2025\/11\/WhatsApp-Image-2025-11-13-at-15.12.19-1-768x576.jpeg 768w, https:\/\/agora.xtec.cat\/institutescolasallaresipla\/wp-content\/uploads\/usu3028\/2025\/11\/WhatsApp-Image-2025-11-13-at-15.12.19-1-1536x1152.jpeg 1536w, https:\/\/agora.xtec.cat\/institutescolasallaresipla\/wp-content\/uploads\/usu3028\/2025\/11\/WhatsApp-Image-2025-11-13-at-15.12.19-1.jpeg 1600w\" sizes=\"auto, (max-width: 324px) 100vw, 324px\" \/><\/a> <a href=\"https:\/\/agora.xtec.cat\/institutescolasallaresipla\/wp-content\/uploads\/usu3028\/2025\/11\/WhatsApp-Image-2025-11-13-at-15.12.19.jpeg\"><img loading=\"lazy\" decoding=\"async\" class=\"alignnone wp-image-1590\" src=\"https:\/\/agora.xtec.cat\/institutescolasallaresipla\/wp-content\/uploads\/usu3028\/2025\/11\/WhatsApp-Image-2025-11-13-at-15.12.19-1024x768.jpeg\" alt=\"\" width=\"325\" height=\"244\" srcset=\"https:\/\/agora.xtec.cat\/institutescolasallaresipla\/wp-content\/uploads\/usu3028\/2025\/11\/WhatsApp-Image-2025-11-13-at-15.12.19-1024x768.jpeg 1024w, https:\/\/agora.xtec.cat\/institutescolasallaresipla\/wp-content\/uploads\/usu3028\/2025\/11\/WhatsApp-Image-2025-11-13-at-15.12.19-300x225.jpeg 300w, https:\/\/agora.xtec.cat\/institutescolasallaresipla\/wp-content\/uploads\/usu3028\/2025\/11\/WhatsApp-Image-2025-11-13-at-15.12.19-768x576.jpeg 768w, https:\/\/agora.xtec.cat\/institutescolasallaresipla\/wp-content\/uploads\/usu3028\/2025\/11\/WhatsApp-Image-2025-11-13-at-15.12.19-1536x1152.jpeg 1536w, https:\/\/agora.xtec.cat\/institutescolasallaresipla\/wp-content\/uploads\/usu3028\/2025\/11\/WhatsApp-Image-2025-11-13-at-15.12.19.jpeg 1600w\" sizes=\"auto, (max-width: 325px) 100vw, 325px\" \/><\/a><\/p>\n<h4>Segon de prim\u00e0ria &#8211; Laboratori de lectura<\/h4>\n<p>La classe de 2n de prim\u00e0ria va gaudir d&#8217;un taller de contes i lectura molt bonic. Van poder fullejar, llegir i sentir diferents contes repartits per l&#8217;aula. A m\u00e9s, van completar-ho amb activitats relacionades amb les hist\u00f2ries: dibuixos, jocs, manualitats, entre d&#8217;altres.<\/p>\n<p style=\"text-align: center;\"><a href=\"https:\/\/agora.xtec.cat\/institutescolasallaresipla\/wp-content\/uploads\/usu3028\/2025\/11\/WhatsApp-Image-2025-11-13-at-16.10.56-3.jpeg\"><img loading=\"lazy\" decoding=\"async\" class=\"alignnone wp-image-1596\" src=\"https:\/\/agora.xtec.cat\/institutescolasallaresipla\/wp-content\/uploads\/usu3028\/2025\/11\/WhatsApp-Image-2025-11-13-at-16.10.56-3-1024x768.jpeg\" alt=\"\" width=\"324\" height=\"243\" srcset=\"https:\/\/agora.xtec.cat\/institutescolasallaresipla\/wp-content\/uploads\/usu3028\/2025\/11\/WhatsApp-Image-2025-11-13-at-16.10.56-3-1024x768.jpeg 1024w, https:\/\/agora.xtec.cat\/institutescolasallaresipla\/wp-content\/uploads\/usu3028\/2025\/11\/WhatsApp-Image-2025-11-13-at-16.10.56-3-300x225.jpeg 300w, https:\/\/agora.xtec.cat\/institutescolasallaresipla\/wp-content\/uploads\/usu3028\/2025\/11\/WhatsApp-Image-2025-11-13-at-16.10.56-3-768x576.jpeg 768w, https:\/\/agora.xtec.cat\/institutescolasallaresipla\/wp-content\/uploads\/usu3028\/2025\/11\/WhatsApp-Image-2025-11-13-at-16.10.56-3-1536x1152.jpeg 1536w, https:\/\/agora.xtec.cat\/institutescolasallaresipla\/wp-content\/uploads\/usu3028\/2025\/11\/WhatsApp-Image-2025-11-13-at-16.10.56-3.jpeg 1600w\" sizes=\"auto, (max-width: 324px) 100vw, 324px\" \/><\/a> <a href=\"https:\/\/agora.xtec.cat\/institutescolasallaresipla\/wp-content\/uploads\/usu3028\/2025\/11\/WhatsApp-Image-2025-11-13-at-16.10.56-1.jpeg\"><img loading=\"lazy\" decoding=\"async\" class=\"alignnone wp-image-1598\" src=\"https:\/\/agora.xtec.cat\/institutescolasallaresipla\/wp-content\/uploads\/usu3028\/2025\/11\/WhatsApp-Image-2025-11-13-at-16.10.56-1-1024x768.jpeg\" alt=\"\" width=\"325\" height=\"244\" srcset=\"https:\/\/agora.xtec.cat\/institutescolasallaresipla\/wp-content\/uploads\/usu3028\/2025\/11\/WhatsApp-Image-2025-11-13-at-16.10.56-1-1024x768.jpeg 1024w, https:\/\/agora.xtec.cat\/institutescolasallaresipla\/wp-content\/uploads\/usu3028\/2025\/11\/WhatsApp-Image-2025-11-13-at-16.10.56-1-300x225.jpeg 300w, https:\/\/agora.xtec.cat\/institutescolasallaresipla\/wp-content\/uploads\/usu3028\/2025\/11\/WhatsApp-Image-2025-11-13-at-16.10.56-1-768x576.jpeg 768w, https:\/\/agora.xtec.cat\/institutescolasallaresipla\/wp-content\/uploads\/usu3028\/2025\/11\/WhatsApp-Image-2025-11-13-at-16.10.56-1-1536x1152.jpeg 1536w, https:\/\/agora.xtec.cat\/institutescolasallaresipla\/wp-content\/uploads\/usu3028\/2025\/11\/WhatsApp-Image-2025-11-13-at-16.10.56-1.jpeg 1600w\" sizes=\"auto, (max-width: 325px) 100vw, 325px\" \/><\/a><\/p>\n<p style=\"text-align: center;\"><a href=\"https:\/\/agora.xtec.cat\/institutescolasallaresipla\/wp-content\/uploads\/usu3028\/2025\/11\/WhatsApp-Image-2025-11-13-at-16.10.56-2.jpeg\"><img loading=\"lazy\" decoding=\"async\" class=\"alignnone wp-image-1597\" src=\"https:\/\/agora.xtec.cat\/institutescolasallaresipla\/wp-content\/uploads\/usu3028\/2025\/11\/WhatsApp-Image-2025-11-13-at-16.10.56-2-1024x768.jpeg\" alt=\"\" width=\"563\" height=\"423\" srcset=\"https:\/\/agora.xtec.cat\/institutescolasallaresipla\/wp-content\/uploads\/usu3028\/2025\/11\/WhatsApp-Image-2025-11-13-at-16.10.56-2-1024x768.jpeg 1024w, https:\/\/agora.xtec.cat\/institutescolasallaresipla\/wp-content\/uploads\/usu3028\/2025\/11\/WhatsApp-Image-2025-11-13-at-16.10.56-2-300x225.jpeg 300w, https:\/\/agora.xtec.cat\/institutescolasallaresipla\/wp-content\/uploads\/usu3028\/2025\/11\/WhatsApp-Image-2025-11-13-at-16.10.56-2-768x576.jpeg 768w, https:\/\/agora.xtec.cat\/institutescolasallaresipla\/wp-content\/uploads\/usu3028\/2025\/11\/WhatsApp-Image-2025-11-13-at-16.10.56-2-1536x1152.jpeg 1536w, https:\/\/agora.xtec.cat\/institutescolasallaresipla\/wp-content\/uploads\/usu3028\/2025\/11\/WhatsApp-Image-2025-11-13-at-16.10.56-2.jpeg 1600w\" sizes=\"auto, (max-width: 563px) 100vw, 563px\" \/><\/a><\/p>\n<h4>Cicle mitj\u00e0:<\/h4>\n<h4>Quart de prim\u00e0ria &#8211; Esmorzar saludable<\/h4>\n<p>Els alumnes de quart van participar en un taller d\u2019esmorzar saludable. Alguns familiars els van ajudar a cuinar i preparar les diferents receptes. Per acabar, van poder tastar el que van preparar.<\/p>\n<p style=\"text-align: center;\"><a href=\"https:\/\/agora.xtec.cat\/institutescolasallaresipla\/wp-content\/uploads\/usu3028\/2025\/11\/IMG_20251001_113616-1-1-scaled.jpg\"><img loading=\"lazy\" decoding=\"async\" class=\"alignnone wp-image-1618\" src=\"https:\/\/agora.xtec.cat\/institutescolasallaresipla\/wp-content\/uploads\/usu3028\/2025\/11\/IMG_20251001_113616-1-1-1024x768.jpg\" alt=\"\" width=\"375\" height=\"282\" srcset=\"https:\/\/agora.xtec.cat\/institutescolasallaresipla\/wp-content\/uploads\/usu3028\/2025\/11\/IMG_20251001_113616-1-1-1024x768.jpg 1024w, https:\/\/agora.xtec.cat\/institutescolasallaresipla\/wp-content\/uploads\/usu3028\/2025\/11\/IMG_20251001_113616-1-1-300x225.jpg 300w, https:\/\/agora.xtec.cat\/institutescolasallaresipla\/wp-content\/uploads\/usu3028\/2025\/11\/IMG_20251001_113616-1-1-768x576.jpg 768w, https:\/\/agora.xtec.cat\/institutescolasallaresipla\/wp-content\/uploads\/usu3028\/2025\/11\/IMG_20251001_113616-1-1-1536x1152.jpg 1536w, https:\/\/agora.xtec.cat\/institutescolasallaresipla\/wp-content\/uploads\/usu3028\/2025\/11\/IMG_20251001_113616-1-1-2048x1536.jpg 2048w\" sizes=\"auto, (max-width: 375px) 100vw, 375px\" \/><\/a><a href=\"https:\/\/agora.xtec.cat\/institutescolasallaresipla\/wp-content\/uploads\/usu3028\/2025\/11\/IMG_9036-1-scaled.jpg\"> <img loading=\"lazy\" decoding=\"async\" class=\"alignnone wp-image-1619\" src=\"https:\/\/agora.xtec.cat\/institutescolasallaresipla\/wp-content\/uploads\/usu3028\/2025\/11\/IMG_9036-1-768x1024.jpg\" alt=\"\" width=\"212\" height=\"283\" srcset=\"https:\/\/agora.xtec.cat\/institutescolasallaresipla\/wp-content\/uploads\/usu3028\/2025\/11\/IMG_9036-1-768x1024.jpg 768w, https:\/\/agora.xtec.cat\/institutescolasallaresipla\/wp-content\/uploads\/usu3028\/2025\/11\/IMG_9036-1-225x300.jpg 225w, https:\/\/agora.xtec.cat\/institutescolasallaresipla\/wp-content\/uploads\/usu3028\/2025\/11\/IMG_9036-1-1152x1536.jpg 1152w, https:\/\/agora.xtec.cat\/institutescolasallaresipla\/wp-content\/uploads\/usu3028\/2025\/11\/IMG_9036-1-1536x2048.jpg 1536w, https:\/\/agora.xtec.cat\/institutescolasallaresipla\/wp-content\/uploads\/usu3028\/2025\/11\/IMG_9036-1-scaled.jpg 1920w\" sizes=\"auto, (max-width: 212px) 100vw, 212px\" \/><\/a><\/p>\n<h4>Cicle superior:<\/h4>\n<h4>Cinqu\u00e8 de prim\u00e0ria &#8211; Creem robots<\/h4>\n<p>Els nens i nenes de la classe de 5\u00e8 van gaudir, juntament amb les seves fam\u00edlies, del taller \u201cCreem robots\u201d. Un taller en el qual havien d&#8217;elaborar un petit circuit el\u00e8ctric, per aconseguir crear un robot ben original. Amb ajuda de les nostres fam\u00edlies, vam connectar les piles, amb el motor i l&#8217;h\u00e8lix per construir el circuit que li donaria moviment a la nostra creaci\u00f3. Finalment, els vam poder decorar com m\u00e9s ens va agradar.<\/p>\n<p style=\"text-align: center;\"><a href=\"https:\/\/agora.xtec.cat\/institutescolasallaresipla\/wp-content\/uploads\/usu3028\/2025\/11\/Captura-de-pantalla-2025-11-18-134442.png\"><img loading=\"lazy\" decoding=\"async\" class=\"alignnone wp-image-1606\" src=\"https:\/\/agora.xtec.cat\/institutescolasallaresipla\/wp-content\/uploads\/usu3028\/2025\/11\/Captura-de-pantalla-2025-11-18-134442.png\" alt=\"\" width=\"381\" height=\"247\" srcset=\"https:\/\/agora.xtec.cat\/institutescolasallaresipla\/wp-content\/uploads\/usu3028\/2025\/11\/Captura-de-pantalla-2025-11-18-134442.png 810w, https:\/\/agora.xtec.cat\/institutescolasallaresipla\/wp-content\/uploads\/usu3028\/2025\/11\/Captura-de-pantalla-2025-11-18-134442-300x195.png 300w, https:\/\/agora.xtec.cat\/institutescolasallaresipla\/wp-content\/uploads\/usu3028\/2025\/11\/Captura-de-pantalla-2025-11-18-134442-768x499.png 768w\" sizes=\"auto, (max-width: 381px) 100vw, 381px\" \/><\/a> <a href=\"https:\/\/agora.xtec.cat\/institutescolasallaresipla\/wp-content\/uploads\/usu3028\/2025\/11\/Captura-de-pantalla-2025-11-18-134401.png\"><img loading=\"lazy\" decoding=\"async\" class=\"alignnone wp-image-1607\" src=\"https:\/\/agora.xtec.cat\/institutescolasallaresipla\/wp-content\/uploads\/usu3028\/2025\/11\/Captura-de-pantalla-2025-11-18-134401.png\" alt=\"\" width=\"269\" height=\"247\" srcset=\"https:\/\/agora.xtec.cat\/institutescolasallaresipla\/wp-content\/uploads\/usu3028\/2025\/11\/Captura-de-pantalla-2025-11-18-134401.png 507w, https:\/\/agora.xtec.cat\/institutescolasallaresipla\/wp-content\/uploads\/usu3028\/2025\/11\/Captura-de-pantalla-2025-11-18-134401-300x276.png 300w\" sizes=\"auto, (max-width: 269px) 100vw, 269px\" \/><\/a> <a href=\"https:\/\/agora.xtec.cat\/institutescolasallaresipla\/wp-content\/uploads\/usu3028\/2025\/11\/Captura-de-pantalla-2025-11-18-134330.png\"><img loading=\"lazy\" decoding=\"async\" class=\"alignnone size-large wp-image-1608\" src=\"https:\/\/agora.xtec.cat\/institutescolasallaresipla\/wp-content\/uploads\/usu3028\/2025\/11\/Captura-de-pantalla-2025-11-18-134330.png\" alt=\"\" width=\"520\" height=\"210\" srcset=\"https:\/\/agora.xtec.cat\/institutescolasallaresipla\/wp-content\/uploads\/usu3028\/2025\/11\/Captura-de-pantalla-2025-11-18-134330.png 520w, https:\/\/agora.xtec.cat\/institutescolasallaresipla\/wp-content\/uploads\/usu3028\/2025\/11\/Captura-de-pantalla-2025-11-18-134330-300x121.png 300w\" sizes=\"auto, (max-width: 520px) 100vw, 520px\" \/><\/a><\/p>\n<h4>Sis\u00e8: 19 de novembre<\/h4>\n<h4>Infantil: segon trimestre<\/h4>\n<h4>Tercer: pr\u00f2ximament<\/h4>\n<p><!--a=1--><\/p>\n<p><!--a=1--><\/p>\n<p><!--a=1--><!--a=1--><\/p>\n<p><!--a=1--><\/p>\n<p><!--a=1--><\/p>\n<p><!--a=1--><\/p>\n<p><!--a=1--><\/p>\n<p><!--a=1--><\/p>\n","protected":false},"excerpt":{"rendered":"<p>Al nostre Institut Escola ens encanta compartir moments amb les nostres fam\u00edlies. Per aquest motiu, durant el curs 2024-2025 intentarem dur a terme alguna activitat a l&#8217;aula amb els familiars amb la contribuci\u00f3 del Pla Educatiu d&#8217;Entorn. En aquesta p\u00e0gina trobareu el recull d&#8217;aquestes. Cicle inicial: Primer de prim\u00e0ria &#8211; Fem ci\u00e8ncia. \u00a0 Segon de [&hellip;]<\/p>\n","protected":false},"author":3,"featured_media":0,"parent":57,"menu_order":50,"comment_status":"closed","ping_status":"closed","template":"","meta":{"_bbp_topic_count":0,"_bbp_reply_count":0,"_bbp_total_topic_count":0,"_bbp_total_reply_count":0,"_bbp_voice_count":0,"_bbp_anonymous_reply_count":0,"_bbp_topic_count_hidden":0,"_bbp_reply_count_hidden":0,"_bbp_forum_subforum_count":0,"site-sidebar-layout":"default","site-content-layout":"","ast-site-content-layout":"default","site-content-style":"default","site-sidebar-style":"default","ast-global-header-display":"","ast-banner-title-visibility":"","ast-main-header-display":"","ast-hfb-above-header-display":"","ast-hfb-below-header-display":"","ast-hfb-mobile-header-display":"","site-post-title":"","ast-breadcrumbs-content":"","ast-featured-img":"","footer-sml-layout":"","theme-transparent-header-meta":"default","adv-header-id-meta":"","stick-header-meta":"","header-above-stick-meta":"","header-main-stick-meta":"","header-below-stick-meta":"","astra-migrate-meta-layouts":"set","ast-page-background-enabled":"default","ast-page-background-meta":{"desktop":{"background-color":"var(--ast-global-color-4)","background-image":"","background-repeat":"repeat","background-position":"center center","background-size":"auto","background-attachment":"scroll","background-type":"","background-media":"","overlay-type":"","overlay-color":"","overlay-opacity":"","overlay-gradient":""},"tablet":{"background-color":"","background-image":"","background-repeat":"repeat","background-position":"center center","background-size":"auto","background-attachment":"scroll","background-type":"","background-media":"","overlay-type":"","overlay-color":"","overlay-opacity":"","overlay-gradient":""},"mobile":{"background-color":"","background-image":"","background-repeat":"repeat","background-position":"center center","background-size":"auto","background-attachment":"scroll","background-type":"","background-media":"","overlay-type":"","overlay-color":"","overlay-opacity":"","overlay-gradient":""}},"ast-content-background-meta":{"desktop":{"background-color":"var(--ast-global-color-5)","background-image":"","background-repeat":"repeat","background-position":"center center","background-size":"auto","background-attachment":"scroll","background-type":"","background-media":"","overlay-type":"","overlay-color":"","overlay-opacity":"","overlay-gradient":""},"tablet":{"background-color":"var(--ast-global-color-5)","background-image":"","background-repeat":"repeat","background-position":"center center","background-size":"auto","background-attachment":"scroll","background-type":"","background-media":"","overlay-type":"","overlay-color":"","overlay-opacity":"","overlay-gradient":""},"mobile":{"background-color":"var(--ast-global-color-5)","background-image":"","background-repeat":"repeat","background-position":"center center","background-size":"auto","background-attachment":"scroll","background-type":"","background-media":"","overlay-type":"","overlay-color":"","overlay-opacity":"","overlay-gradient":""}},"footnotes":""},"class_list":["post-1585","page","type-page","status-publish","hentry"],"post_mailing_queue_ids":[],"_links":{"self":[{"href":"https:\/\/agora.xtec.cat\/institutescolasallaresipla\/wp-json\/wp\/v2\/pages\/1585","targetHints":{"allow":["GET"]}}],"collection":[{"href":"https:\/\/agora.xtec.cat\/institutescolasallaresipla\/wp-json\/wp\/v2\/pages"}],"about":[{"href":"https:\/\/agora.xtec.cat\/institutescolasallaresipla\/wp-json\/wp\/v2\/types\/page"}],"author":[{"embeddable":true,"href":"https:\/\/agora.xtec.cat\/institutescolasallaresipla\/wp-json\/wp\/v2\/users\/3"}],"replies":[{"embeddable":true,"href":"https:\/\/agora.xtec.cat\/institutescolasallaresipla\/wp-json\/wp\/v2\/comments?post=1585"}],"version-history":[{"count":6,"href":"https:\/\/agora.xtec.cat\/institutescolasallaresipla\/wp-json\/wp\/v2\/pages\/1585\/revisions"}],"predecessor-version":[{"id":1621,"href":"https:\/\/agora.xtec.cat\/institutescolasallaresipla\/wp-json\/wp\/v2\/pages\/1585\/revisions\/1621"}],"up":[{"embeddable":true,"href":"https:\/\/agora.xtec.cat\/institutescolasallaresipla\/wp-json\/wp\/v2\/pages\/57"}],"wp:attachment":[{"href":"https:\/\/agora.xtec.cat\/institutescolasallaresipla\/wp-json\/wp\/v2\/media?parent=1585"}],"curies":[{"name":"wp","href":"https:\/\/api.w.org\/{rel}","templated":true}]}}