{"id":1442,"date":"2025-11-06T14:35:58","date_gmt":"2025-11-06T13:35:58","guid":{"rendered":"https:\/\/agora.xtec.cat\/institutescolasallaresipla\/?page_id=1442"},"modified":"2025-11-12T15:54:54","modified_gmt":"2025-11-12T14:54:54","slug":"innovamat","status":"publish","type":"page","link":"https:\/\/agora.xtec.cat\/institutescolasallaresipla\/projecte-educatiu\/primaria\/innovamat\/","title":{"rendered":"Innovamat"},"content":{"rendered":"<p>Des de fa ja uns quants cursos, a tota la prim\u00e0ria treballem les matem\u00e0tiques amb Innovamat, una editorial especialitzada en l&#8217;educaci\u00f3 de les matem\u00e0tiques basada en la recerca i l&#8217;experi\u00e8ncia a l&#8217;aula. El nostre alumnat setmanalment treballa de manera manipulativa, resol reptes i practica amb la plataforma digital, per tal d&#8217;assolir els diferents objectius d&#8217;aquesta \u00e0rea.<\/p>\n<p><a href=\"https:\/\/www.innovamat.com\/programa-matematicas-primaria\/\"><img loading=\"lazy\" decoding=\"async\" class=\" wp-image-1577 aligncenter\" src=\"https:\/\/agora.xtec.cat\/institutescolasallaresipla\/wp-content\/uploads\/usu3028\/2025\/11\/innovamat.jpg\" alt=\"\" width=\"413\" height=\"308\" srcset=\"https:\/\/agora.xtec.cat\/institutescolasallaresipla\/wp-content\/uploads\/usu3028\/2025\/11\/innovamat.jpg 558w, https:\/\/agora.xtec.cat\/institutescolasallaresipla\/wp-content\/uploads\/usu3028\/2025\/11\/innovamat-300x224.jpg 300w\" sizes=\"auto, (max-width: 413px) 100vw, 413px\" \/><\/a><\/p>\n<p><!--a=1--><\/p>\n","protected":false},"excerpt":{"rendered":"<p>Des de fa ja uns quants cursos, a tota la prim\u00e0ria treballem les matem\u00e0tiques amb Innovamat, una editorial especialitzada en l&#8217;educaci\u00f3 de les matem\u00e0tiques basada en la recerca i l&#8217;experi\u00e8ncia a l&#8217;aula. El nostre alumnat setmanalment treballa de manera manipulativa, resol reptes i practica amb la plataforma digital, per tal d&#8217;assolir els diferents objectius d&#8217;aquesta [&hellip;]<\/p>\n","protected":false},"author":3,"featured_media":0,"parent":601,"menu_order":40,"comment_status":"closed","ping_status":"closed","template":"","meta":{"_bbp_topic_count":0,"_bbp_reply_count":0,"_bbp_total_topic_count":0,"_bbp_total_reply_count":0,"_bbp_voice_count":0,"_bbp_anonymous_reply_count":0,"_bbp_topic_count_hidden":0,"_bbp_reply_count_hidden":0,"_bbp_forum_subforum_count":0,"site-sidebar-layout":"default","site-content-layout":"","ast-site-content-layout":"default","site-content-style":"default","site-sidebar-style":"default","ast-global-header-display":"","ast-banner-title-visibility":"","ast-main-header-display":"","ast-hfb-above-header-display":"","ast-hfb-below-header-display":"","ast-hfb-mobile-header-display":"","site-post-title":"","ast-breadcrumbs-content":"","ast-featured-img":"","footer-sml-layout":"","theme-transparent-header-meta":"default","adv-header-id-meta":"","stick-header-meta":"","header-above-stick-meta":"","header-main-stick-meta":"","header-below-stick-meta":"","astra-migrate-meta-layouts":"set","ast-page-background-enabled":"default","ast-page-background-meta":{"desktop":{"background-color":"var(--ast-global-color-4)","background-image":"","background-repeat":"repeat","background-position":"center center","background-size":"auto","background-attachment":"scroll","background-type":"","background-media":"","overlay-type":"","overlay-color":"","overlay-opacity":"","overlay-gradient":""},"tablet":{"background-color":"","background-image":"","background-repeat":"repeat","background-position":"center center","background-size":"auto","background-attachment":"scroll","background-type":"","background-media":"","overlay-type":"","overlay-color":"","overlay-opacity":"","overlay-gradient":""},"mobile":{"background-color":"","background-image":"","background-repeat":"repeat","background-position":"center center","background-size":"auto","background-attachment":"scroll","background-type":"","background-media":"","overlay-type":"","overlay-color":"","overlay-opacity":"","overlay-gradient":""}},"ast-content-background-meta":{"desktop":{"background-color":"var(--ast-global-color-5)","background-image":"","background-repeat":"repeat","background-position":"center center","background-size":"auto","background-attachment":"scroll","background-type":"","background-media":"","overlay-type":"","overlay-color":"","overlay-opacity":"","overlay-gradient":""},"tablet":{"background-color":"var(--ast-global-color-5)","background-image":"","background-repeat":"repeat","background-position":"center center","background-size":"auto","background-attachment":"scroll","background-type":"","background-media":"","overlay-type":"","overlay-color":"","overlay-opacity":"","overlay-gradient":""},"mobile":{"background-color":"var(--ast-global-color-5)","background-image":"","background-repeat":"repeat","background-position":"center center","background-size":"auto","background-attachment":"scroll","background-type":"","background-media":"","overlay-type":"","overlay-color":"","overlay-opacity":"","overlay-gradient":""}},"footnotes":""},"class_list":["post-1442","page","type-page","status-publish","hentry"],"post_mailing_queue_ids":[],"_links":{"self":[{"href":"https:\/\/agora.xtec.cat\/institutescolasallaresipla\/wp-json\/wp\/v2\/pages\/1442","targetHints":{"allow":["GET"]}}],"collection":[{"href":"https:\/\/agora.xtec.cat\/institutescolasallaresipla\/wp-json\/wp\/v2\/pages"}],"about":[{"href":"https:\/\/agora.xtec.cat\/institutescolasallaresipla\/wp-json\/wp\/v2\/types\/page"}],"author":[{"embeddable":true,"href":"https:\/\/agora.xtec.cat\/institutescolasallaresipla\/wp-json\/wp\/v2\/users\/3"}],"replies":[{"embeddable":true,"href":"https:\/\/agora.xtec.cat\/institutescolasallaresipla\/wp-json\/wp\/v2\/comments?post=1442"}],"version-history":[{"count":4,"href":"https:\/\/agora.xtec.cat\/institutescolasallaresipla\/wp-json\/wp\/v2\/pages\/1442\/revisions"}],"predecessor-version":[{"id":1580,"href":"https:\/\/agora.xtec.cat\/institutescolasallaresipla\/wp-json\/wp\/v2\/pages\/1442\/revisions\/1580"}],"up":[{"embeddable":true,"href":"https:\/\/agora.xtec.cat\/institutescolasallaresipla\/wp-json\/wp\/v2\/pages\/601"}],"wp:attachment":[{"href":"https:\/\/agora.xtec.cat\/institutescolasallaresipla\/wp-json\/wp\/v2\/media?parent=1442"}],"curies":[{"name":"wp","href":"https:\/\/api.w.org\/{rel}","templated":true}]}}