{"id":1098,"date":"2024-10-10T13:34:58","date_gmt":"2024-10-10T11:34:58","guid":{"rendered":"https:\/\/agora.xtec.cat\/institutescolasallaresipla\/?page_id=1098"},"modified":"2025-11-11T21:41:38","modified_gmt":"2025-11-11T20:41:38","slug":"castanyada","status":"publish","type":"page","link":"https:\/\/agora.xtec.cat\/institutescolasallaresipla\/festes\/castanyada\/","title":{"rendered":"Castanyada 2025"},"content":{"rendered":"<p>Un curs m\u00e9s, hem celebrat plegats la Castanyada. Una festa de tardor que ens encanta! Com no ens ha d&#8217;agradar si aprofitem per torrar i menjar castanyes, cuinar i gaudir d&#8217;uns bons panellets, rebre la visita de l&#8217;estimada castanyera, decorar les nostres aules i passadissos i acabar celebrant plegats la tardor al Parc Central. Tot aix\u00f2, col\u00b7laborant i gaudint petits, mitjans i grans.<\/p>\n<p>Us deixem algunes imatges del que ha estat aquesta setmana al nostre centre.<\/p>\n<h4><span style=\"color: #ff6600;\"><strong>Castanyada<\/strong><\/span><\/h4>\n<h4><a href=\"https:\/\/agora.xtec.cat\/institutescolasallaresipla\/wp-content\/uploads\/usu3028\/2025\/11\/20251030_091916.heic\"><img decoding=\"async\" class=\"alignnone size-full wp-image-1468\" src=\"https:\/\/agora.xtec.cat\/institutescolasallaresipla\/wp-content\/uploads\/usu3028\/2025\/11\/20251030_091916.heic\" alt=\"\" \/><\/a> <a href=\"https:\/\/agora.xtec.cat\/institutescolasallaresipla\/wp-content\/uploads\/usu3028\/2025\/11\/Castanyes-i-panellets.png\"><img loading=\"lazy\" decoding=\"async\" class=\"alignnone size-large wp-image-1472\" src=\"https:\/\/agora.xtec.cat\/institutescolasallaresipla\/wp-content\/uploads\/usu3028\/2025\/11\/Castanyes-i-panellets-1024x297.png\" alt=\"\" width=\"1024\" height=\"297\" srcset=\"https:\/\/agora.xtec.cat\/institutescolasallaresipla\/wp-content\/uploads\/usu3028\/2025\/11\/Castanyes-i-panellets-1024x297.png 1024w, https:\/\/agora.xtec.cat\/institutescolasallaresipla\/wp-content\/uploads\/usu3028\/2025\/11\/Castanyes-i-panellets-300x87.png 300w, https:\/\/agora.xtec.cat\/institutescolasallaresipla\/wp-content\/uploads\/usu3028\/2025\/11\/Castanyes-i-panellets-768x223.png 768w, https:\/\/agora.xtec.cat\/institutescolasallaresipla\/wp-content\/uploads\/usu3028\/2025\/11\/Castanyes-i-panellets.png 1047w\" sizes=\"auto, (max-width: 1024px) 100vw, 1024px\" \/><\/a><\/h4>\n<h4><\/h4>\n<p>Si vols veure un tastet de l&#8217;emotiva visita de la nostra estimada castanyera, fes clic al <a href=\"https:\/\/drive.google.com\/file\/d\/1mmZ6XB-O8SdC4KGrRVRTTaQgdI0R9nIv\/view?usp=sharing\" target=\"_blank\" rel=\"noopener\">play!<\/a><\/p>\n<p><a href=\"https:\/\/agora.xtec.cat\/institutescolasallaresipla\/wp-content\/uploads\/usu3028\/2025\/11\/Captura-de-pantalla-2025-11-06-162040.png\"><img loading=\"lazy\" decoding=\"async\" class=\"alignnone wp-image-1482 aligncenter\" src=\"https:\/\/agora.xtec.cat\/institutescolasallaresipla\/wp-content\/uploads\/usu3028\/2025\/11\/Captura-de-pantalla-2025-11-06-162040.png\" alt=\"\" width=\"291\" height=\"217\" srcset=\"https:\/\/agora.xtec.cat\/institutescolasallaresipla\/wp-content\/uploads\/usu3028\/2025\/11\/Captura-de-pantalla-2025-11-06-162040.png 451w, https:\/\/agora.xtec.cat\/institutescolasallaresipla\/wp-content\/uploads\/usu3028\/2025\/11\/Captura-de-pantalla-2025-11-06-162040-300x224.png 300w\" sizes=\"auto, (max-width: 291px) 100vw, 291px\" \/><\/a><\/p>\n<h4><span style=\"color: #ff6600;\"><strong>Exposici\u00f3 de la tardor 2025<\/strong><\/span><\/h4>\n<p>L&#8217;exposici\u00f3 de la tardor ha estat tot un \u00e8xit, amb manualitats molt originals barrejant la castanyada i el <em>Halloween<\/em>, que s&#8217;han exposat al passad\u00eds de secretaria de l&#8217;escola per tal que tota la nostra comunitat la pogu\u00e9s veure. Agra\u00efm a tots i totes les participants d&#8217;enguany. Vols veure com ha quedat?<\/p>\n<p><a href=\"https:\/\/drive.google.com\/file\/d\/1kSQVVmM_pOKVN35Lo3J4J__RBIPr2aas\/view?usp=sharing\" target=\"_blank\" rel=\"noopener\"><img loading=\"lazy\" decoding=\"async\" class=\"wp-image-1474 aligncenter\" src=\"https:\/\/agora.xtec.cat\/institutescolasallaresipla\/wp-content\/uploads\/usu3028\/2025\/11\/Video.png\" alt=\"\" width=\"211\" height=\"69\" srcset=\"https:\/\/agora.xtec.cat\/institutescolasallaresipla\/wp-content\/uploads\/usu3028\/2025\/11\/Video.png 589w, https:\/\/agora.xtec.cat\/institutescolasallaresipla\/wp-content\/uploads\/usu3028\/2025\/11\/Video-300x98.png 300w\" sizes=\"auto, (max-width: 211px) 100vw, 211px\" \/><\/a><\/p>\n<h3><span style=\"color: #ff6600;\"><strong>Les guanyadores de l&#8217;exposici\u00f3<\/strong><\/span><\/h3>\n<table style=\"border-collapse: collapse; width: 100%; height: 218px;\">\n<tbody>\n<tr style=\"height: 218px;\">\n<td style=\"width: 33.3333%; height: 218px; text-align: center;\"><a href=\"https:\/\/agora.xtec.cat\/institutescolasallaresipla\/wp-content\/uploads\/usu3028\/2025\/11\/Primer-premi.png\"><img loading=\"lazy\" decoding=\"async\" class=\"alignnone wp-image-1477\" src=\"https:\/\/agora.xtec.cat\/institutescolasallaresipla\/wp-content\/uploads\/usu3028\/2025\/11\/Primer-premi.png\" alt=\"\" width=\"170\" height=\"153\" \/><\/a><br \/>\n<strong>Primer premi<\/strong><\/td>\n<td style=\"width: 33.3333%; height: 218px; text-align: center;\"><a href=\"https:\/\/agora.xtec.cat\/institutescolasallaresipla\/wp-content\/uploads\/usu3028\/2025\/11\/2n-premi.png\"><img loading=\"lazy\" decoding=\"async\" class=\"alignnone wp-image-1476\" src=\"https:\/\/agora.xtec.cat\/institutescolasallaresipla\/wp-content\/uploads\/usu3028\/2025\/11\/2n-premi.png\" alt=\"\" width=\"176\" height=\"148\" \/><\/a><br \/>\n<strong>Segon premi<\/strong><\/td>\n<td style=\"width: 33.3333%; height: 218px; text-align: center;\"><strong><a style=\"font-size: 16px; font-style: normal; font-weight: 400; transition-property: all; color: #3a3a3a;\" href=\"https:\/\/agora.xtec.cat\/institutescolasallaresipla\/wp-content\/uploads\/usu3028\/2025\/11\/3r-premi.png\"><img loading=\"lazy\" decoding=\"async\" class=\"alignnone wp-image-1475\" src=\"https:\/\/agora.xtec.cat\/institutescolasallaresipla\/wp-content\/uploads\/usu3028\/2025\/11\/3r-premi.png\" alt=\"\" width=\"234\" height=\"162\" \/><\/a>Tercer premi<\/strong><\/td>\n<\/tr>\n<\/tbody>\n<\/table>\n<h3><\/h3>\n<p>&nbsp;<\/p>\n<p><!--a=1--><!--a=1--><\/p>\n<p><!--a=1--><\/p>\n<p><!--a=1--><\/p>\n<p><!--a=1--><\/p>\n<p><!--a=1--><\/p>\n<p><!--a=1--><\/p>\n<p><!--a=1--><\/p>\n<p><!--a=1--><\/p>\n","protected":false},"excerpt":{"rendered":"<p>Un curs m\u00e9s, hem celebrat plegats la Castanyada. Una festa de tardor que ens encanta! Com no ens ha d&#8217;agradar si aprofitem per torrar i menjar castanyes, cuinar i gaudir d&#8217;uns bons panellets, rebre la visita de l&#8217;estimada castanyera, decorar les nostres aules i passadissos i acabar celebrant plegats la tardor al Parc Central. Tot [&hellip;]<\/p>\n","protected":false},"author":1,"featured_media":0,"parent":619,"menu_order":10,"comment_status":"closed","ping_status":"closed","template":"","meta":{"_bbp_topic_count":0,"_bbp_reply_count":0,"_bbp_total_topic_count":0,"_bbp_total_reply_count":0,"_bbp_voice_count":0,"_bbp_anonymous_reply_count":0,"_bbp_topic_count_hidden":0,"_bbp_reply_count_hidden":0,"_bbp_forum_subforum_count":0,"site-sidebar-layout":"default","site-content-layout":"","ast-site-content-layout":"default","site-content-style":"default","site-sidebar-style":"default","ast-global-header-display":"","ast-banner-title-visibility":"","ast-main-header-display":"","ast-hfb-above-header-display":"","ast-hfb-below-header-display":"","ast-hfb-mobile-header-display":"","site-post-title":"","ast-breadcrumbs-content":"","ast-featured-img":"","footer-sml-layout":"","theme-transparent-header-meta":"default","adv-header-id-meta":"","stick-header-meta":"","header-above-stick-meta":"","header-main-stick-meta":"","header-below-stick-meta":"","astra-migrate-meta-layouts":"set","ast-page-background-enabled":"default","ast-page-background-meta":{"desktop":{"background-color":"var(--ast-global-color-4)","background-image":"","background-repeat":"repeat","background-position":"center center","background-size":"auto","background-attachment":"scroll","background-type":"","background-media":"","overlay-type":"","overlay-color":"","overlay-opacity":"","overlay-gradient":""},"tablet":{"background-color":"","background-image":"","background-repeat":"repeat","background-position":"center center","background-size":"auto","background-attachment":"scroll","background-type":"","background-media":"","overlay-type":"","overlay-color":"","overlay-opacity":"","overlay-gradient":""},"mobile":{"background-color":"","background-image":"","background-repeat":"repeat","background-position":"center center","background-size":"auto","background-attachment":"scroll","background-type":"","background-media":"","overlay-type":"","overlay-color":"","overlay-opacity":"","overlay-gradient":""}},"ast-content-background-meta":{"desktop":{"background-color":"var(--ast-global-color-5)","background-image":"","background-repeat":"repeat","background-position":"center center","background-size":"auto","background-attachment":"scroll","background-type":"","background-media":"","overlay-type":"","overlay-color":"","overlay-opacity":"","overlay-gradient":""},"tablet":{"background-color":"var(--ast-global-color-5)","background-image":"","background-repeat":"repeat","background-position":"center center","background-size":"auto","background-attachment":"scroll","background-type":"","background-media":"","overlay-type":"","overlay-color":"","overlay-opacity":"","overlay-gradient":""},"mobile":{"background-color":"var(--ast-global-color-5)","background-image":"","background-repeat":"repeat","background-position":"center center","background-size":"auto","background-attachment":"scroll","background-type":"","background-media":"","overlay-type":"","overlay-color":"","overlay-opacity":"","overlay-gradient":""}},"footnotes":""},"class_list":["post-1098","page","type-page","status-publish","hentry"],"post_mailing_queue_ids":[],"_links":{"self":[{"href":"https:\/\/agora.xtec.cat\/institutescolasallaresipla\/wp-json\/wp\/v2\/pages\/1098","targetHints":{"allow":["GET"]}}],"collection":[{"href":"https:\/\/agora.xtec.cat\/institutescolasallaresipla\/wp-json\/wp\/v2\/pages"}],"about":[{"href":"https:\/\/agora.xtec.cat\/institutescolasallaresipla\/wp-json\/wp\/v2\/types\/page"}],"author":[{"embeddable":true,"href":"https:\/\/agora.xtec.cat\/institutescolasallaresipla\/wp-json\/wp\/v2\/users\/1"}],"replies":[{"embeddable":true,"href":"https:\/\/agora.xtec.cat\/institutescolasallaresipla\/wp-json\/wp\/v2\/comments?post=1098"}],"version-history":[{"count":8,"href":"https:\/\/agora.xtec.cat\/institutescolasallaresipla\/wp-json\/wp\/v2\/pages\/1098\/revisions"}],"predecessor-version":[{"id":1573,"href":"https:\/\/agora.xtec.cat\/institutescolasallaresipla\/wp-json\/wp\/v2\/pages\/1098\/revisions\/1573"}],"up":[{"embeddable":true,"href":"https:\/\/agora.xtec.cat\/institutescolasallaresipla\/wp-json\/wp\/v2\/pages\/619"}],"wp:attachment":[{"href":"https:\/\/agora.xtec.cat\/institutescolasallaresipla\/wp-json\/wp\/v2\/media?parent=1098"}],"curies":[{"name":"wp","href":"https:\/\/api.w.org\/{rel}","templated":true}]}}