{"id":1086,"date":"2024-09-20T11:57:07","date_gmt":"2024-09-20T09:57:07","guid":{"rendered":"https:\/\/agora.xtec.cat\/institutescolasallaresipla\/?page_id=1086"},"modified":"2025-02-24T15:10:11","modified_gmt":"2025-02-24T14:10:11","slug":"espais-daprenentatge-funcional-eaf","status":"publish","type":"page","link":"https:\/\/agora.xtec.cat\/institutescolasallaresipla\/projecte-educatiu\/primaria\/espais-daprenentatge-funcional-eaf\/","title":{"rendered":"Espais d&#8217;Aprenentatge Funcional (EAF)"},"content":{"rendered":"<p>A partir del curs 24-25, en els espais d&#8217;aprenentatge funcional aprenem en grups internivell de cicle a prim\u00e0ria. Ho fem a partir d&#8217;activitats plenament funcionals i competencials; aspectes rellevants per millorar l&#8217;\u00fas de la llengua i la compet\u00e8ncia matem\u00e0tica i cient\u00edfica. Les propostes s\u00f3n engrescadores i els reptes adequats a cada nivell. En total, s\u00f3n unitats de sis sessions, que realitzen en grups un cop per setmana, al llarg de tot el curs.<\/p>\n<ul>\n<li><strong>Cicle inicial: <\/strong>rob\u00f2tica, teatre, fem una festa, parc central i orientaci\u00f3 a l&#8217;espai.<\/li>\n<\/ul>\n<p style=\"text-align: center;\"><a href=\"https:\/\/agora.xtec.cat\/institutescolasallaresipla\/wp-content\/uploads\/usu3028\/2025\/02\/IMG-20250120-WA0008.jpg\"><img loading=\"lazy\" decoding=\"async\" class=\"alignnone  wp-image-1275\" src=\"https:\/\/agora.xtec.cat\/institutescolasallaresipla\/wp-content\/uploads\/usu3028\/2025\/02\/IMG-20250120-WA0008-1024x768.jpg\" alt=\"\" width=\"328\" height=\"246\" srcset=\"https:\/\/agora.xtec.cat\/institutescolasallaresipla\/wp-content\/uploads\/usu3028\/2025\/02\/IMG-20250120-WA0008-1024x768.jpg 1024w, https:\/\/agora.xtec.cat\/institutescolasallaresipla\/wp-content\/uploads\/usu3028\/2025\/02\/IMG-20250120-WA0008-300x225.jpg 300w, https:\/\/agora.xtec.cat\/institutescolasallaresipla\/wp-content\/uploads\/usu3028\/2025\/02\/IMG-20250120-WA0008-768x576.jpg 768w, https:\/\/agora.xtec.cat\/institutescolasallaresipla\/wp-content\/uploads\/usu3028\/2025\/02\/IMG-20250120-WA0008-1536x1152.jpg 1536w, https:\/\/agora.xtec.cat\/institutescolasallaresipla\/wp-content\/uploads\/usu3028\/2025\/02\/IMG-20250120-WA0008-200x150.jpg 200w, https:\/\/agora.xtec.cat\/institutescolasallaresipla\/wp-content\/uploads\/usu3028\/2025\/02\/IMG-20250120-WA0008.jpg 1600w\" sizes=\"auto, (max-width: 328px) 100vw, 328px\" \/><\/a> <a href=\"https:\/\/agora.xtec.cat\/institutescolasallaresipla\/wp-content\/uploads\/usu3028\/2025\/02\/IMG-20250120-WA0011.jpg\"><img loading=\"lazy\" decoding=\"async\" class=\"alignnone  wp-image-1273\" src=\"https:\/\/agora.xtec.cat\/institutescolasallaresipla\/wp-content\/uploads\/usu3028\/2025\/02\/IMG-20250120-WA0011-1024x768.jpg\" alt=\"\" width=\"327\" height=\"245\" srcset=\"https:\/\/agora.xtec.cat\/institutescolasallaresipla\/wp-content\/uploads\/usu3028\/2025\/02\/IMG-20250120-WA0011-1024x768.jpg 1024w, https:\/\/agora.xtec.cat\/institutescolasallaresipla\/wp-content\/uploads\/usu3028\/2025\/02\/IMG-20250120-WA0011-300x225.jpg 300w, https:\/\/agora.xtec.cat\/institutescolasallaresipla\/wp-content\/uploads\/usu3028\/2025\/02\/IMG-20250120-WA0011-768x576.jpg 768w, https:\/\/agora.xtec.cat\/institutescolasallaresipla\/wp-content\/uploads\/usu3028\/2025\/02\/IMG-20250120-WA0011-1536x1152.jpg 1536w, https:\/\/agora.xtec.cat\/institutescolasallaresipla\/wp-content\/uploads\/usu3028\/2025\/02\/IMG-20250120-WA0011-200x150.jpg 200w, https:\/\/agora.xtec.cat\/institutescolasallaresipla\/wp-content\/uploads\/usu3028\/2025\/02\/IMG-20250120-WA0011.jpg 1600w\" sizes=\"auto, (max-width: 327px) 100vw, 327px\" \/><\/a><a href=\"https:\/\/agora.xtec.cat\/institutescolasallaresipla\/wp-content\/uploads\/usu3028\/2025\/02\/IMG-20250120-WA0019.jpg\"><img loading=\"lazy\" decoding=\"async\" class=\"alignnone wp-image-1272 \" src=\"https:\/\/agora.xtec.cat\/institutescolasallaresipla\/wp-content\/uploads\/usu3028\/2025\/02\/IMG-20250120-WA0019-e1740405557888-1024x679.jpg\" alt=\"\" width=\"334\" height=\"221\" srcset=\"https:\/\/agora.xtec.cat\/institutescolasallaresipla\/wp-content\/uploads\/usu3028\/2025\/02\/IMG-20250120-WA0019-e1740405557888-1024x679.jpg 1024w, https:\/\/agora.xtec.cat\/institutescolasallaresipla\/wp-content\/uploads\/usu3028\/2025\/02\/IMG-20250120-WA0019-e1740405557888-300x199.jpg 300w, https:\/\/agora.xtec.cat\/institutescolasallaresipla\/wp-content\/uploads\/usu3028\/2025\/02\/IMG-20250120-WA0019-e1740405557888-768x509.jpg 768w, https:\/\/agora.xtec.cat\/institutescolasallaresipla\/wp-content\/uploads\/usu3028\/2025\/02\/IMG-20250120-WA0019-e1740405557888.jpg 1389w\" sizes=\"auto, (max-width: 334px) 100vw, 334px\" \/> <\/a><img loading=\"lazy\" decoding=\"async\" class=\"alignnone  wp-image-1277\" src=\"https:\/\/agora.xtec.cat\/institutescolasallaresipla\/wp-content\/uploads\/usu3028\/2025\/02\/IMG-20250113-WA0001-1024x768.jpg\" alt=\"\" width=\"295\" height=\"221\" srcset=\"https:\/\/agora.xtec.cat\/institutescolasallaresipla\/wp-content\/uploads\/usu3028\/2025\/02\/IMG-20250113-WA0001-1024x768.jpg 1024w, https:\/\/agora.xtec.cat\/institutescolasallaresipla\/wp-content\/uploads\/usu3028\/2025\/02\/IMG-20250113-WA0001-300x225.jpg 300w, https:\/\/agora.xtec.cat\/institutescolasallaresipla\/wp-content\/uploads\/usu3028\/2025\/02\/IMG-20250113-WA0001-768x576.jpg 768w, https:\/\/agora.xtec.cat\/institutescolasallaresipla\/wp-content\/uploads\/usu3028\/2025\/02\/IMG-20250113-WA0001-1536x1152.jpg 1536w, https:\/\/agora.xtec.cat\/institutescolasallaresipla\/wp-content\/uploads\/usu3028\/2025\/02\/IMG-20250113-WA0001-200x150.jpg 200w, https:\/\/agora.xtec.cat\/institutescolasallaresipla\/wp-content\/uploads\/usu3028\/2025\/02\/IMG-20250113-WA0001.jpg 2000w\" sizes=\"auto, (max-width: 295px) 100vw, 295px\" \/><a style=\"font-family: inherit; font-size: 1em;\" href=\"https:\/\/agora.xtec.cat\/institutescolasallaresipla\/wp-content\/uploads\/usu3028\/2025\/02\/IMG-20250120-WA0004.jpg\"><img loading=\"lazy\" decoding=\"async\" class=\"alignnone  wp-image-1276\" src=\"https:\/\/agora.xtec.cat\/institutescolasallaresipla\/wp-content\/uploads\/usu3028\/2025\/02\/IMG-20250120-WA0004-1024x768.jpg\" alt=\"\" width=\"338\" height=\"254\" srcset=\"https:\/\/agora.xtec.cat\/institutescolasallaresipla\/wp-content\/uploads\/usu3028\/2025\/02\/IMG-20250120-WA0004-1024x768.jpg 1024w, https:\/\/agora.xtec.cat\/institutescolasallaresipla\/wp-content\/uploads\/usu3028\/2025\/02\/IMG-20250120-WA0004-300x225.jpg 300w, https:\/\/agora.xtec.cat\/institutescolasallaresipla\/wp-content\/uploads\/usu3028\/2025\/02\/IMG-20250120-WA0004-768x576.jpg 768w, https:\/\/agora.xtec.cat\/institutescolasallaresipla\/wp-content\/uploads\/usu3028\/2025\/02\/IMG-20250120-WA0004-1536x1152.jpg 1536w, https:\/\/agora.xtec.cat\/institutescolasallaresipla\/wp-content\/uploads\/usu3028\/2025\/02\/IMG-20250120-WA0004-200x150.jpg 200w, https:\/\/agora.xtec.cat\/institutescolasallaresipla\/wp-content\/uploads\/usu3028\/2025\/02\/IMG-20250120-WA0004.jpg 1600w\" sizes=\"auto, (max-width: 338px) 100vw, 338px\" \/><\/a><\/p>\n<p><img loading=\"lazy\" decoding=\"async\" class=\"alignleft wp-image-1271\" src=\"https:\/\/agora.xtec.cat\/institutescolasallaresipla\/wp-content\/uploads\/usu3028\/2025\/02\/IMG-20250120-WA0022-1024x576.jpg\" alt=\"\" width=\"339\" height=\"191\" \/><\/p>\n<p style=\"text-align: center;\"><a style=\"font-family: inherit; font-size: 1em;\" href=\"https:\/\/agora.xtec.cat\/institutescolasallaresipla\/wp-content\/uploads\/usu3028\/2025\/02\/IMG-20250120-WA0021.jpg\"><img loading=\"lazy\" decoding=\"async\" class=\"wp-image-1270 alignleft\" src=\"https:\/\/agora.xtec.cat\/institutescolasallaresipla\/wp-content\/uploads\/usu3028\/2025\/02\/IMG-20250120-WA0021-1024x576.jpg\" alt=\"\" width=\"332\" height=\"187\" \/><\/a><\/p>\n<p style=\"text-align: left;\">\n<p>&nbsp;<\/p>\n<p>&nbsp;<\/p>\n<p>&nbsp;<\/p>\n<p>&nbsp;<\/p>\n<p>&nbsp;<\/p>\n<ul>\n<li><strong>Cicle mitj\u00e0 : <\/strong>rob\u00f2tica, jocs de llengua, teatre, geometria volum\u00e8trica, salut i alimentaci\u00f3.<\/li>\n<\/ul>\n<p>&nbsp;<\/p>\n<ul>\n<li><strong>Cicle superior :<\/strong> rob\u00f2tica, r\u00e0dio, el meu diari personal, escacs i science.<\/li>\n<\/ul>\n<p><a href=\"https:\/\/agora.xtec.cat\/institutescolasallaresipla\/wp-content\/uploads\/usu3028\/2024\/11\/20241029_154654-1-2-scaled.jpg\"><img loading=\"lazy\" decoding=\"async\" class=\"alignnone wp-image-1206 aligncenter\" src=\"https:\/\/agora.xtec.cat\/institutescolasallaresipla\/wp-content\/uploads\/usu3028\/2024\/11\/20241029_154654-1-2-1024x711.jpg\" alt=\"\" width=\"258\" height=\"179\" srcset=\"https:\/\/agora.xtec.cat\/institutescolasallaresipla\/wp-content\/uploads\/usu3028\/2024\/11\/20241029_154654-1-2-1024x711.jpg 1024w, https:\/\/agora.xtec.cat\/institutescolasallaresipla\/wp-content\/uploads\/usu3028\/2024\/11\/20241029_154654-1-2-300x208.jpg 300w, https:\/\/agora.xtec.cat\/institutescolasallaresipla\/wp-content\/uploads\/usu3028\/2024\/11\/20241029_154654-1-2-768x533.jpg 768w, https:\/\/agora.xtec.cat\/institutescolasallaresipla\/wp-content\/uploads\/usu3028\/2024\/11\/20241029_154654-1-2-1536x1067.jpg 1536w, https:\/\/agora.xtec.cat\/institutescolasallaresipla\/wp-content\/uploads\/usu3028\/2024\/11\/20241029_154654-1-2-2048x1423.jpg 2048w\" sizes=\"auto, (max-width: 258px) 100vw, 258px\" \/><\/a><\/p>\n<p style=\"text-align: center;\"><a href=\"https:\/\/agora.xtec.cat\/institutescolasallaresipla\/wp-content\/uploads\/usu3028\/2024\/11\/IMG-20241112-WA0025-e1731599526112.jpg\"><img loading=\"lazy\" decoding=\"async\" class=\"alignnone wp-image-1204\" src=\"https:\/\/agora.xtec.cat\/institutescolasallaresipla\/wp-content\/uploads\/usu3028\/2024\/11\/IMG-20241112-WA0025-e1731599526112-1004x1024.jpg\" alt=\"\" width=\"262\" height=\"268\" srcset=\"https:\/\/agora.xtec.cat\/institutescolasallaresipla\/wp-content\/uploads\/usu3028\/2024\/11\/IMG-20241112-WA0025-e1731599526112-1004x1024.jpg 1004w, https:\/\/agora.xtec.cat\/institutescolasallaresipla\/wp-content\/uploads\/usu3028\/2024\/11\/IMG-20241112-WA0025-e1731599526112-294x300.jpg 294w, https:\/\/agora.xtec.cat\/institutescolasallaresipla\/wp-content\/uploads\/usu3028\/2024\/11\/IMG-20241112-WA0025-e1731599526112-768x783.jpg 768w, https:\/\/agora.xtec.cat\/institutescolasallaresipla\/wp-content\/uploads\/usu3028\/2024\/11\/IMG-20241112-WA0025-e1731599526112.jpg 1200w\" sizes=\"auto, (max-width: 262px) 100vw, 262px\" \/><\/a> \u00a0<a href=\"https:\/\/agora.xtec.cat\/institutescolasallaresipla\/wp-content\/uploads\/usu3028\/2024\/11\/IMG-20241112-WA0029.jpg\"><img loading=\"lazy\" decoding=\"async\" class=\"alignnone wp-image-1205\" src=\"https:\/\/agora.xtec.cat\/institutescolasallaresipla\/wp-content\/uploads\/usu3028\/2024\/11\/IMG-20241112-WA0029-768x1024.jpg\" alt=\"\" width=\"200\" height=\"266\" \/><\/a><\/p>\n<p style=\"text-align: center;\"><a href=\"https:\/\/agora.xtec.cat\/institutescolasallaresipla\/wp-content\/uploads\/usu3028\/2024\/11\/ESPAIS1.jpg\"><img loading=\"lazy\" decoding=\"async\" class=\"alignnone wp-image-1197\" src=\"https:\/\/agora.xtec.cat\/institutescolasallaresipla\/wp-content\/uploads\/usu3028\/2024\/11\/ESPAIS1-1024x453.jpg\" alt=\"\" width=\"342\" height=\"151\" srcset=\"https:\/\/agora.xtec.cat\/institutescolasallaresipla\/wp-content\/uploads\/usu3028\/2024\/11\/ESPAIS1-1024x453.jpg 1024w, https:\/\/agora.xtec.cat\/institutescolasallaresipla\/wp-content\/uploads\/usu3028\/2024\/11\/ESPAIS1-300x133.jpg 300w, https:\/\/agora.xtec.cat\/institutescolasallaresipla\/wp-content\/uploads\/usu3028\/2024\/11\/ESPAIS1-768x340.jpg 768w, https:\/\/agora.xtec.cat\/institutescolasallaresipla\/wp-content\/uploads\/usu3028\/2024\/11\/ESPAIS1.jpg 1252w\" sizes=\"auto, (max-width: 342px) 100vw, 342px\" \/> \u00a0<\/a><a href=\"https:\/\/agora.xtec.cat\/institutescolasallaresipla\/wp-content\/uploads\/usu3028\/2024\/11\/ESPAIS2.jpg\"><img loading=\"lazy\" decoding=\"async\" class=\"alignnone wp-image-1198\" src=\"https:\/\/agora.xtec.cat\/institutescolasallaresipla\/wp-content\/uploads\/usu3028\/2024\/11\/ESPAIS2-1024x543.jpg\" alt=\"\" width=\"285\" height=\"151\" srcset=\"https:\/\/agora.xtec.cat\/institutescolasallaresipla\/wp-content\/uploads\/usu3028\/2024\/11\/ESPAIS2-1024x543.jpg 1024w, https:\/\/agora.xtec.cat\/institutescolasallaresipla\/wp-content\/uploads\/usu3028\/2024\/11\/ESPAIS2-300x159.jpg 300w, https:\/\/agora.xtec.cat\/institutescolasallaresipla\/wp-content\/uploads\/usu3028\/2024\/11\/ESPAIS2-768x408.jpg 768w, https:\/\/agora.xtec.cat\/institutescolasallaresipla\/wp-content\/uploads\/usu3028\/2024\/11\/ESPAIS2.jpg 1189w\" sizes=\"auto, (max-width: 285px) 100vw, 285px\" \/><\/a><\/p>\n<p style=\"text-align: center;\"><a href=\"https:\/\/agora.xtec.cat\/institutescolasallaresipla\/wp-content\/uploads\/usu3028\/2024\/11\/IMG-20241113-WA0029-e1731599282320.jpg\"><img loading=\"lazy\" decoding=\"async\" class=\"alignnone wp-image-1201\" src=\"https:\/\/agora.xtec.cat\/institutescolasallaresipla\/wp-content\/uploads\/usu3028\/2024\/11\/IMG-20241113-WA0029-e1731599282320-1024x657.jpg\" alt=\"\" width=\"307\" height=\"197\" srcset=\"https:\/\/agora.xtec.cat\/institutescolasallaresipla\/wp-content\/uploads\/usu3028\/2024\/11\/IMG-20241113-WA0029-e1731599282320-1024x657.jpg 1024w, https:\/\/agora.xtec.cat\/institutescolasallaresipla\/wp-content\/uploads\/usu3028\/2024\/11\/IMG-20241113-WA0029-e1731599282320-300x192.jpg 300w, https:\/\/agora.xtec.cat\/institutescolasallaresipla\/wp-content\/uploads\/usu3028\/2024\/11\/IMG-20241113-WA0029-e1731599282320-768x493.jpg 768w, https:\/\/agora.xtec.cat\/institutescolasallaresipla\/wp-content\/uploads\/usu3028\/2024\/11\/IMG-20241113-WA0029-e1731599282320.jpg 1403w\" sizes=\"auto, (max-width: 307px) 100vw, 307px\" \/><\/a> <a href=\"https:\/\/agora.xtec.cat\/institutescolasallaresipla\/wp-content\/uploads\/usu3028\/2024\/11\/IMG-20241113-WA0027-e1731599159730.jpg\"><img loading=\"lazy\" decoding=\"async\" class=\"alignnone wp-image-1202\" src=\"https:\/\/agora.xtec.cat\/institutescolasallaresipla\/wp-content\/uploads\/usu3028\/2024\/11\/IMG-20241113-WA0027-e1731599159730-1024x604.jpg\" alt=\"\" width=\"335\" height=\"197\" srcset=\"https:\/\/agora.xtec.cat\/institutescolasallaresipla\/wp-content\/uploads\/usu3028\/2024\/11\/IMG-20241113-WA0027-e1731599159730-1024x604.jpg 1024w, https:\/\/agora.xtec.cat\/institutescolasallaresipla\/wp-content\/uploads\/usu3028\/2024\/11\/IMG-20241113-WA0027-e1731599159730-300x177.jpg 300w, https:\/\/agora.xtec.cat\/institutescolasallaresipla\/wp-content\/uploads\/usu3028\/2024\/11\/IMG-20241113-WA0027-e1731599159730-768x453.jpg 768w, https:\/\/agora.xtec.cat\/institutescolasallaresipla\/wp-content\/uploads\/usu3028\/2024\/11\/IMG-20241113-WA0027-e1731599159730.jpg 1526w\" sizes=\"auto, (max-width: 335px) 100vw, 335px\" \/><\/a><\/p>\n<p style=\"text-align: center;\"><a href=\"https:\/\/agora.xtec.cat\/institutescolasallaresipla\/wp-content\/uploads\/usu3028\/2024\/11\/IMG-20241029-WA0013.jpg\"><img loading=\"lazy\" decoding=\"async\" class=\"alignnone wp-image-1208\" src=\"https:\/\/agora.xtec.cat\/institutescolasallaresipla\/wp-content\/uploads\/usu3028\/2024\/11\/IMG-20241029-WA0013-768x1024.jpg\" alt=\"\" width=\"234\" height=\"312\" \/><\/a> <a href=\"https:\/\/agora.xtec.cat\/institutescolasallaresipla\/wp-content\/uploads\/usu3028\/2024\/11\/IMG-20241029-WA0011.jpg\"><img loading=\"lazy\" decoding=\"async\" class=\"alignnone wp-image-1209\" src=\"https:\/\/agora.xtec.cat\/institutescolasallaresipla\/wp-content\/uploads\/usu3028\/2024\/11\/IMG-20241029-WA0011-768x1024.jpg\" alt=\"\" width=\"234\" height=\"312\" srcset=\"https:\/\/agora.xtec.cat\/institutescolasallaresipla\/wp-content\/uploads\/usu3028\/2024\/11\/IMG-20241029-WA0011-768x1024.jpg 768w, https:\/\/agora.xtec.cat\/institutescolasallaresipla\/wp-content\/uploads\/usu3028\/2024\/11\/IMG-20241029-WA0011-225x300.jpg 225w, https:\/\/agora.xtec.cat\/institutescolasallaresipla\/wp-content\/uploads\/usu3028\/2024\/11\/IMG-20241029-WA0011-1152x1536.jpg 1152w, https:\/\/agora.xtec.cat\/institutescolasallaresipla\/wp-content\/uploads\/usu3028\/2024\/11\/IMG-20241029-WA0011.jpg 1536w\" sizes=\"auto, (max-width: 234px) 100vw, 234px\" \/><\/a><\/p>\n<p><!--a=1--><!--a=1--><!--a=1--><\/p>\n","protected":false},"excerpt":{"rendered":"<p>A partir del curs 24-25, en els espais d&#8217;aprenentatge funcional aprenem en grups internivell de cicle a prim\u00e0ria. Ho fem a partir d&#8217;activitats plenament funcionals i competencials; aspectes rellevants per millorar l&#8217;\u00fas de la llengua i la compet\u00e8ncia matem\u00e0tica i cient\u00edfica. Les propostes s\u00f3n engrescadores i els reptes adequats a cada nivell. En total, s\u00f3n [&hellip;]<\/p>\n","protected":false},"author":1,"featured_media":0,"parent":601,"menu_order":0,"comment_status":"closed","ping_status":"closed","template":"page-templates\/side-menu.php","meta":{"_bbp_topic_count":0,"_bbp_reply_count":0,"_bbp_total_topic_count":0,"_bbp_total_reply_count":0,"_bbp_voice_count":0,"_bbp_anonymous_reply_count":0,"_bbp_topic_count_hidden":0,"_bbp_reply_count_hidden":0,"_bbp_forum_subforum_count":0,"site-sidebar-layout":"default","site-content-layout":"","ast-site-content-layout":"","site-content-style":"default","site-sidebar-style":"default","ast-global-header-display":"","ast-banner-title-visibility":"","ast-main-header-display":"","ast-hfb-above-header-display":"","ast-hfb-below-header-display":"","ast-hfb-mobile-header-display":"","site-post-title":"","ast-breadcrumbs-content":"","ast-featured-img":"","footer-sml-layout":"","theme-transparent-header-meta":"","adv-header-id-meta":"","stick-header-meta":"","header-above-stick-meta":"","header-main-stick-meta":"","header-below-stick-meta":"","astra-migrate-meta-layouts":"default","ast-page-background-enabled":"default","ast-page-background-meta":{"desktop":{"background-color":"var(--ast-global-color-4)","background-image":"","background-repeat":"repeat","background-position":"center center","background-size":"auto","background-attachment":"scroll","background-type":"","background-media":"","overlay-type":"","overlay-color":"","overlay-opacity":"","overlay-gradient":""},"tablet":{"background-color":"","background-image":"","background-repeat":"repeat","background-position":"center center","background-size":"auto","background-attachment":"scroll","background-type":"","background-media":"","overlay-type":"","overlay-color":"","overlay-opacity":"","overlay-gradient":""},"mobile":{"background-color":"","background-image":"","background-repeat":"repeat","background-position":"center center","background-size":"auto","background-attachment":"scroll","background-type":"","background-media":"","overlay-type":"","overlay-color":"","overlay-opacity":"","overlay-gradient":""}},"ast-content-background-meta":{"desktop":{"background-color":"var(--ast-global-color-5)","background-image":"","background-repeat":"repeat","background-position":"center center","background-size":"auto","background-attachment":"scroll","background-type":"","background-media":"","overlay-type":"","overlay-color":"","overlay-opacity":"","overlay-gradient":""},"tablet":{"background-color":"var(--ast-global-color-5)","background-image":"","background-repeat":"repeat","background-position":"center center","background-size":"auto","background-attachment":"scroll","background-type":"","background-media":"","overlay-type":"","overlay-color":"","overlay-opacity":"","overlay-gradient":""},"mobile":{"background-color":"var(--ast-global-color-5)","background-image":"","background-repeat":"repeat","background-position":"center center","background-size":"auto","background-attachment":"scroll","background-type":"","background-media":"","overlay-type":"","overlay-color":"","overlay-opacity":"","overlay-gradient":""}},"footnotes":""},"class_list":["post-1086","page","type-page","status-publish","hentry"],"post_mailing_queue_ids":[],"_links":{"self":[{"href":"https:\/\/agora.xtec.cat\/institutescolasallaresipla\/wp-json\/wp\/v2\/pages\/1086","targetHints":{"allow":["GET"]}}],"collection":[{"href":"https:\/\/agora.xtec.cat\/institutescolasallaresipla\/wp-json\/wp\/v2\/pages"}],"about":[{"href":"https:\/\/agora.xtec.cat\/institutescolasallaresipla\/wp-json\/wp\/v2\/types\/page"}],"author":[{"embeddable":true,"href":"https:\/\/agora.xtec.cat\/institutescolasallaresipla\/wp-json\/wp\/v2\/users\/1"}],"replies":[{"embeddable":true,"href":"https:\/\/agora.xtec.cat\/institutescolasallaresipla\/wp-json\/wp\/v2\/comments?post=1086"}],"version-history":[{"count":7,"href":"https:\/\/agora.xtec.cat\/institutescolasallaresipla\/wp-json\/wp\/v2\/pages\/1086\/revisions"}],"predecessor-version":[{"id":1278,"href":"https:\/\/agora.xtec.cat\/institutescolasallaresipla\/wp-json\/wp\/v2\/pages\/1086\/revisions\/1278"}],"up":[{"embeddable":true,"href":"https:\/\/agora.xtec.cat\/institutescolasallaresipla\/wp-json\/wp\/v2\/pages\/601"}],"wp:attachment":[{"href":"https:\/\/agora.xtec.cat\/institutescolasallaresipla\/wp-json\/wp\/v2\/media?parent=1086"}],"curies":[{"name":"wp","href":"https:\/\/api.w.org\/{rel}","templated":true}]}}