{"id":804,"date":"2016-02-17T10:34:11","date_gmt":"2016-02-17T09:34:11","guid":{"rendered":"http:\/\/agora.xtec.cat\/ceippallaresa\/?page_id=475"},"modified":"2024-07-18T01:55:25","modified_gmt":"2024-07-17T23:55:25","slug":"horaris","status":"publish","type":"page","link":"https:\/\/agora.xtec.cat\/institutescolapallaresa\/lescola\/horaris\/","title":{"rendered":"Horaris"},"content":{"rendered":"<p>&nbsp;<\/p>\n<div class=\"post\"><\/div>\n<div class=\"post\">\n<div class=\"entry\">\n<p><strong>HORARIS<\/strong><\/p>\n<p><u>Educaci\u00f3 infantil i prim\u00e0ria<\/u>: \u00a0De 9:00 a 13:00h\u00a0 i de 15:15 a 16:30h. Dijous a la tarda no hi haur\u00e0 classe (Activitats esportives, l\u00fadiques i culturals).<\/p>\n<p><u>Educaci\u00f3 secund\u00e0ria<\/u>:<\/p>\n<ul>\n<li>1r i 2n d&#8217;ESO de Dilluns a dimecres de 8:00 a 14:00h. Dijous i divendres de 8:00 a 14.15h. Dilluns i Dimecres de 15.30h a 16.30h. Dijous a la tarda no \u00e9s horari lectiu (Activitats esportives, l\u00fadiques i culturals).<\/li>\n<li>3r i 4t d&#8217;ESO de dilluns a divendres de 8:00 a 14.30h.<\/li>\n<\/ul>\n<p>&nbsp;<\/p>\n<p style=\"text-align: justify;\"><u>Horari de visita presencial<\/u><\/p>\n<p style=\"text-align: justify;\">Administrativa: De 9 a 14h i de 15:15 a 16.30h<\/p>\n<p>Equip directiu: hores a convenir al correu a8076480<span class=\"atwho-query\">@xtec.cat<\/span><\/p>\n<p>&nbsp;<\/p>\n<\/div>\n<\/div>\n","protected":false},"excerpt":{"rendered":"<p>&nbsp; HORARIS Educaci\u00f3 infantil i prim\u00e0ria: \u00a0De 9:00 a 13:00h\u00a0 i de 15:15 a 16:30h. Dijous a la tarda no hi haur\u00e0 classe (Activitats esportives, l\u00fadiques i culturals). Educaci\u00f3 secund\u00e0ria: 1r i 2n d&#8217;ESO de Dilluns a dimecres de 8:00 a 14:00h. Dijous i divendres de 8:00 a 14.15h. Dilluns i Dimecres de 15.30h a [&hellip;]<\/p>\n","protected":false},"author":1,"featured_media":0,"parent":22,"menu_order":0,"comment_status":"closed","ping_status":"closed","template":"page-templates\/side-menu.php","meta":{"_bbp_topic_count":0,"_bbp_reply_count":0,"_bbp_total_topic_count":0,"_bbp_total_reply_count":0,"_bbp_voice_count":0,"_bbp_anonymous_reply_count":0,"_bbp_topic_count_hidden":0,"_bbp_reply_count_hidden":0,"_bbp_forum_subforum_count":0,"site-sidebar-layout":"default","site-content-layout":"","ast-site-content-layout":"","site-content-style":"default","site-sidebar-style":"default","ast-global-header-display":"","ast-banner-title-visibility":"","ast-main-header-display":"","ast-hfb-above-header-display":"","ast-hfb-below-header-display":"","ast-hfb-mobile-header-display":"","site-post-title":"","ast-breadcrumbs-content":"","ast-featured-img":"","footer-sml-layout":"","theme-transparent-header-meta":"","adv-header-id-meta":"","stick-header-meta":"","header-above-stick-meta":"","header-main-stick-meta":"","header-below-stick-meta":"","astra-migrate-meta-layouts":"default","ast-page-background-enabled":"default","ast-page-background-meta":{"desktop":{"background-color":"var(--ast-global-color-4)","background-image":"","background-repeat":"repeat","background-position":"center center","background-size":"auto","background-attachment":"scroll","background-type":"","background-media":"","overlay-type":"","overlay-color":"","overlay-opacity":"","overlay-gradient":""},"tablet":{"background-color":"","background-image":"","background-repeat":"repeat","background-position":"center center","background-size":"auto","background-attachment":"scroll","background-type":"","background-media":"","overlay-type":"","overlay-color":"","overlay-opacity":"","overlay-gradient":""},"mobile":{"background-color":"","background-image":"","background-repeat":"repeat","background-position":"center center","background-size":"auto","background-attachment":"scroll","background-type":"","background-media":"","overlay-type":"","overlay-color":"","overlay-opacity":"","overlay-gradient":""}},"ast-content-background-meta":{"desktop":{"background-color":"var(--ast-global-color-5)","background-image":"","background-repeat":"repeat","background-position":"center center","background-size":"auto","background-attachment":"scroll","background-type":"","background-media":"","overlay-type":"","overlay-color":"","overlay-opacity":"","overlay-gradient":""},"tablet":{"background-color":"var(--ast-global-color-5)","background-image":"","background-repeat":"repeat","background-position":"center center","background-size":"auto","background-attachment":"scroll","background-type":"","background-media":"","overlay-type":"","overlay-color":"","overlay-opacity":"","overlay-gradient":""},"mobile":{"background-color":"var(--ast-global-color-5)","background-image":"","background-repeat":"repeat","background-position":"center center","background-size":"auto","background-attachment":"scroll","background-type":"","background-media":"","overlay-type":"","overlay-color":"","overlay-opacity":"","overlay-gradient":""}},"footnotes":""},"class_list":["post-804","page","type-page","status-publish","hentry"],"post_mailing_queue_ids":[],"_links":{"self":[{"href":"https:\/\/agora.xtec.cat\/institutescolapallaresa\/wp-json\/wp\/v2\/pages\/804","targetHints":{"allow":["GET"]}}],"collection":[{"href":"https:\/\/agora.xtec.cat\/institutescolapallaresa\/wp-json\/wp\/v2\/pages"}],"about":[{"href":"https:\/\/agora.xtec.cat\/institutescolapallaresa\/wp-json\/wp\/v2\/types\/page"}],"author":[{"embeddable":true,"href":"https:\/\/agora.xtec.cat\/institutescolapallaresa\/wp-json\/wp\/v2\/users\/1"}],"replies":[{"embeddable":true,"href":"https:\/\/agora.xtec.cat\/institutescolapallaresa\/wp-json\/wp\/v2\/comments?post=804"}],"version-history":[{"count":5,"href":"https:\/\/agora.xtec.cat\/institutescolapallaresa\/wp-json\/wp\/v2\/pages\/804\/revisions"}],"predecessor-version":[{"id":2946,"href":"https:\/\/agora.xtec.cat\/institutescolapallaresa\/wp-json\/wp\/v2\/pages\/804\/revisions\/2946"}],"up":[{"embeddable":true,"href":"https:\/\/agora.xtec.cat\/institutescolapallaresa\/wp-json\/wp\/v2\/pages\/22"}],"wp:attachment":[{"href":"https:\/\/agora.xtec.cat\/institutescolapallaresa\/wp-json\/wp\/v2\/media?parent=804"}],"curies":[{"name":"wp","href":"https:\/\/api.w.org\/{rel}","templated":true}]}}