{"id":77,"date":"2014-09-18T10:29:25","date_gmt":"2014-09-18T09:29:25","guid":{"rendered":"http:\/\/agora.xtec.cat\/institutescolaoliana\/?page_id=77"},"modified":"2025-02-10T10:23:39","modified_gmt":"2025-02-10T09:23:39","slug":"transport-escolar","status":"publish","type":"page","link":"https:\/\/agora.xtec.cat\/institutescolaoliana\/serveis\/transport-escolar\/","title":{"rendered":"Transport escolar"},"content":{"rendered":"<div class=\"grid_9 wrap\">\n<h4>Funcionament de les rutes de transport escolar<\/h4>\n<div id=\"node-3405\" class=\"node clear-block\">\n<div class=\"meta\"><\/div>\n<div class=\"content\">\n<p>Si teniu qualsevol dubte, podeu contactar per correu electr\u00f2nic a: ensenyament @ ccau.cat o b\u00e9 al tel\u00e8fon del consell comarcal: 973 35 31 12<\/p>\n<p><a href=\"http:\/\/www.alturgell.cat\/sites\/default\/files\/BOP%20reglament%20menjador.pdf\" target=\"_blank\" rel=\"noopener\"><strong>Reglament de transport i menjador escolar Alt Urgell<\/strong><\/a><\/p>\n<p><strong>Rutes i horaris de transport\u00a0<\/strong><\/p>\n<p>SI teniu qualsevol dubte sobre l&#8217;horari de la vostra ruta, envieu un correu electr\u00f2nic a ensenyament @ ccau.cat<\/p>\n<p><span style=\"font-family: inherit; font-size: 1em;\">\u00a0<\/span><u style=\"font-family: inherit; font-size: 1em;\">Destinaci\u00f3 Oliana<\/u><\/p>\n<ul>\n<li><a href=\"https:\/\/www.google.es\/maps\/ms?msid=217853337735175888699.0004e6b8af3135e00dabc&amp;msa=0&amp;ll=42.072615,1.298275&amp;spn=0.053454,0.077162\" target=\"_blank\" rel=\"noopener\"><strong>L\u00ednia La Penella<\/strong>\u00a0(La Penella-Peramola-Nuncarga-Trag\u00f3-Col\u00f2nia-Cal Codina Xic-Oliana)<\/a><\/li>\n<li><a href=\"https:\/\/www.google.es\/maps\/ms?msid=217853337735175888699.0004e6b972d9648b8fbff&amp;msa=0&amp;ll=42.028448,1.30909&amp;spn=0.053491,0.077162\" target=\"_blank\" rel=\"noopener\"><strong>L\u00ednia Ogern<\/strong>\u00a0(Ogern-Alt\u00e8s-Aguilar de Bassella-Nuncarga)<\/a>\u00a0&#8211;\u00a0<a href=\"http:\/\/www.google.es\/maps\/ms?msid=217853337735175888699.0004e6b8af3135e00dabc&amp;msa=0&amp;ll=42.072615,1.298275&amp;spn=0.053454,0.077162\" target=\"_blank\" rel=\"noopener\">Enlla\u00e7\u00a0<strong>L\u00ednia La Penella<\/strong><\/a><\/li>\n<\/ul>\n<p><a href=\"https:\/\/agora.xtec.cat\/institutescolaoliana\/wp-content\/uploads\/usu2649\/2025\/02\/ruta-menjador-2-1.jpg\"><img loading=\"lazy\" decoding=\"async\" class=\"alignnone  wp-image-1797\" src=\"https:\/\/agora.xtec.cat\/institutescolaoliana\/wp-content\/uploads\/usu2649\/2025\/02\/ruta-menjador-2-1-1024x752.jpg\" alt=\"\" width=\"344\" height=\"253\" srcset=\"https:\/\/agora.xtec.cat\/institutescolaoliana\/wp-content\/uploads\/usu2649\/2025\/02\/ruta-menjador-2-1-1024x752.jpg 1024w, https:\/\/agora.xtec.cat\/institutescolaoliana\/wp-content\/uploads\/usu2649\/2025\/02\/ruta-menjador-2-1-300x220.jpg 300w, https:\/\/agora.xtec.cat\/institutescolaoliana\/wp-content\/uploads\/usu2649\/2025\/02\/ruta-menjador-2-1-768x564.jpg 768w, https:\/\/agora.xtec.cat\/institutescolaoliana\/wp-content\/uploads\/usu2649\/2025\/02\/ruta-menjador-2-1.jpg 1087w\" sizes=\"auto, (max-width: 344px) 100vw, 344px\" \/> <\/a><a href=\"https:\/\/agora.xtec.cat\/institutescolaoliana\/wp-content\/uploads\/usu2649\/2025\/02\/ruta-menjador-1.jpg\"><img loading=\"lazy\" decoding=\"async\" class=\"alignnone  wp-image-1795\" src=\"https:\/\/agora.xtec.cat\/institutescolaoliana\/wp-content\/uploads\/usu2649\/2025\/02\/ruta-menjador-1.jpg\" alt=\"\" width=\"379\" height=\"253\" srcset=\"https:\/\/agora.xtec.cat\/institutescolaoliana\/wp-content\/uploads\/usu2649\/2025\/02\/ruta-menjador-1.jpg 996w, https:\/\/agora.xtec.cat\/institutescolaoliana\/wp-content\/uploads\/usu2649\/2025\/02\/ruta-menjador-1-300x201.jpg 300w, https:\/\/agora.xtec.cat\/institutescolaoliana\/wp-content\/uploads\/usu2649\/2025\/02\/ruta-menjador-1-768x514.jpg 768w\" sizes=\"auto, (max-width: 379px) 100vw, 379px\" \/><\/a><\/div>\n<div><\/div>\n<div><\/div>\n<div class=\"content\">\n<strong>Contacte:<\/strong><br \/>\nServei d&#8217;Ensenyament<br \/>\nensenyament @ ccau.cat<br \/>\nPasseig Joan Brudieu, 15 \u00b7 25700 La Seu d\u2019Urgell \u00b7\u00a0 Tel. 973 353 112<\/p>\n<\/div>\n<\/div>\n<\/div>\n<div class=\"clear\"><\/div>\n<div id=\"footer-message\" class=\"clearfix\"><\/div>\n","protected":false},"excerpt":{"rendered":"<p>Funcionament de les rutes de transport escolar<\/p>\n<p>Si teniu qualsevol dubte, podeu contactar per correu electr\u00f2nic a: ensenyament @ ccau.cat o b\u00e9 al tel\u00e8fon del consell comarcal: 973 35 31 12<br \/>\n<a href=\"http:\/\/www.alturgell.cat\/sites\/default\/files\/BOP%20reglament%20menjador.pdf\" target=\"_blank\" rel=\"noopener\">Reglament de transport i menjador escolar Alt Urgell<\/a><br \/>\nRutes i horaris de transport\u00a0<br \/>\nSI teniu&hellip;  <a href=\"https:\/\/agora.xtec.cat\/institutescolaoliana\/serveis\/transport-escolar\/\" title=\"Read Transport escolar\">Llegeix m\u00e9s\u00bb<\/a><\/p>\n","protected":false},"author":1,"featured_media":0,"parent":63,"menu_order":50,"comment_status":"closed","ping_status":"closed","template":"page-templates\/side-menu.php","meta":{"_bbp_topic_count":0,"_bbp_reply_count":0,"_bbp_total_topic_count":0,"_bbp_total_reply_count":0,"_bbp_voice_count":0,"_bbp_anonymous_reply_count":0,"_bbp_topic_count_hidden":0,"_bbp_reply_count_hidden":0,"_bbp_forum_subforum_count":0,"footnotes":""},"class_list":["post-77","page","type-page","status-publish","hentry"],"post_mailing_queue_ids":[],"_links":{"self":[{"href":"https:\/\/agora.xtec.cat\/institutescolaoliana\/wp-json\/wp\/v2\/pages\/77","targetHints":{"allow":["GET"]}}],"collection":[{"href":"https:\/\/agora.xtec.cat\/institutescolaoliana\/wp-json\/wp\/v2\/pages"}],"about":[{"href":"https:\/\/agora.xtec.cat\/institutescolaoliana\/wp-json\/wp\/v2\/types\/page"}],"author":[{"embeddable":true,"href":"https:\/\/agora.xtec.cat\/institutescolaoliana\/wp-json\/wp\/v2\/users\/1"}],"replies":[{"embeddable":true,"href":"https:\/\/agora.xtec.cat\/institutescolaoliana\/wp-json\/wp\/v2\/comments?post=77"}],"version-history":[{"count":3,"href":"https:\/\/agora.xtec.cat\/institutescolaoliana\/wp-json\/wp\/v2\/pages\/77\/revisions"}],"predecessor-version":[{"id":1798,"href":"https:\/\/agora.xtec.cat\/institutescolaoliana\/wp-json\/wp\/v2\/pages\/77\/revisions\/1798"}],"up":[{"embeddable":true,"href":"https:\/\/agora.xtec.cat\/institutescolaoliana\/wp-json\/wp\/v2\/pages\/63"}],"wp:attachment":[{"href":"https:\/\/agora.xtec.cat\/institutescolaoliana\/wp-json\/wp\/v2\/media?parent=77"}],"curies":[{"name":"wp","href":"https:\/\/api.w.org\/{rel}","templated":true}]}}