{"id":69,"date":"2014-09-18T10:15:07","date_gmt":"2014-09-18T09:15:07","guid":{"rendered":"http:\/\/agora.xtec.cat\/institutescolaoliana\/?page_id=69"},"modified":"2025-09-08T18:49:03","modified_gmt":"2025-09-08T16:49:03","slug":"menjador-escolar","status":"publish","type":"page","link":"https:\/\/agora.xtec.cat\/institutescolaoliana\/serveis\/menjador-escolar\/","title":{"rendered":"Menjador escolar"},"content":{"rendered":"<p style=\"font-weight: 400;\">L\u2019AFA gestiona el servei de menjador escolar de l\u2019IE Oliana amb el suport d\u2019una persona gestora del servei.<\/p>\n<ul style=\"font-weight: 400;\">\n<li><strong>Horari:<\/strong><\/li>\n<\/ul>\n<p style=\"font-weight: 400;\">Dilluns 12:30h &#8211; 15h<\/p>\n<p style=\"font-weight: 400;\">Dimarts 12:30h &#8211; 15h<\/p>\n<p style=\"font-weight: 400;\">Dimecres 12:30h &#8211; 16h<\/p>\n<p style=\"font-weight: 400;\">Dijous12:30h &#8211; 16h<\/p>\n<p style=\"font-weight: 400;\">Divendres 12:30h &#8211; 16h<\/p>\n<p style=\"font-weight: 400;\">Per inscriure&#8217;s cal avisar a la consergeria del centre. Deixar apuntat el nom, correu i compte bancari de la familia sol\u00b7licitant.<\/p>\n<p style=\"font-weight: 400;\">Si es retorna algun rebut el pagament s&#8217;haur\u00e0 de fer mitjan\u00e7ant ingr\u00e9s bancari al compte del menjador els 15 dies seg\u00fcents.<\/p>\n<ul style=\"font-weight: 400;\">\n<li><strong>Inscripcions:<\/strong>\u00a0cal avisar a consergeria o escriure a\u00a0<strong><a href=\"mailto:menjadoroliana@gmail.com\">menjadoroliana@gmail.com<\/a><\/strong>, indicant nom, correu i compte bancari de la fam\u00edlia sol\u00b7licitant. L&#8217;alumnat\u00a0 puntual tamb\u00e9 poden comunicar-ho a la\u00a0<u>consergeria abans de les 10 del mat\u00ed.<\/u><\/li>\n<li><u>Cal omplir el document de dades del banc que trobareu a consergeria o que vau rebre per e-mail des de direcci\u00f3.<\/u><\/li>\n<\/ul>\n<p style=\"font-weight: 400;\"><u><strong>Incid\u00e8ncies, medicaci\u00f3 i al\u00b7l\u00e8rgies<\/strong><\/u><\/p>\n<p style=\"font-weight: 400;\">&#8211; Nom\u00e9s en casos especials \u00a0\u00a0(malaltia, al\u00b7l\u00e8rgia, motius religiosos\u2026) podr\u00e0 servir-se un men\u00fa especial, sempre que es justifiqui amb una nota dels pares o tutors i\/o un certificat m\u00e8dic. S\u2019ha d\u2019avisar amb antelaci\u00f3.<\/p>\n<p style=\"font-weight: 400;\">&#8211; Els nens i nenes que hagin de prendre algun medicament a l\u2019hora del menjador hauran de presentar la recepta del metge on consti el nom i cognoms de l\u2019alumne, la quantitat de medicament que ha de prendre i a quina hora. Cal lliurar aquesta nota al tutor\/a, que la far\u00e0 arribar a la coordinadora del menjador.<\/p>\n<p style=\"font-weight: 400;\">En cas que les fam\u00edlies vulguin comentar qualsevol aspecte del menjador, poden deixar una nota escrita a la b\u00fastia de l\u2019AFA (secretaria\/consergeria del centre) indicant el nom de l\u2019alumne i un tel\u00e8fon de\u00a0contacte. La persona que la comissi\u00f3 de menjador hagi designat com a interlocutor amb les fam\u00edlies s\u2019hi posar\u00e0 en contacte.<\/p>\n<p style=\"font-weight: 400;\"><strong>Cobrament del servei<\/strong><\/p>\n<ul style=\"font-weight: 400;\">\n<li><strong>Preus curs 25\/26:<\/strong>\n<ul>\n<li>Alumnes habituals (m\u00ednim 3 dies\/setmana):\u00a0<strong>7,13 \u20ac\/dia<\/strong><\/li>\n<li>Alumnes espor\u00e0dics:\u00a0<strong>7,85 \u20ac\/dia<\/strong><\/li>\n<\/ul>\n<\/li>\n<li><strong>Pagament:<\/strong>\u00a0domiciliaci\u00f3 banc\u00e0ria entre el dia 5 i 10 del mes seg\u00fcent. En cas de retorn de rebut, el pagament s\u2019haur\u00e0 de fer mitjan\u00e7ant ingr\u00e9s bancari en un termini de 15 dies.\u00a0Incloent-hi les despeses de devoluci\u00f3.<\/li>\n<\/ul>\n<p>&nbsp;<\/p>\n<ul style=\"font-weight: 400;\">\n<li><strong>Atenci\u00f3 a fam\u00edlies:<\/strong> la persona responsable del menjador us atendr\u00e0 els dimecres i dijous de 14:30h a 14:45 h, demanant abans cita pr\u00e8via a consergeria.<\/li>\n<\/ul>\n<p style=\"text-align: center;\">Us animem a participar activament a l\u2019AFA i a fer \u00fas dels serveis que posem a la vostra disposici\u00f3. Entre tots i totes fem escola!<\/p>\n<p style=\"text-align: center;\">___________________________________________________________________________________<\/p>\n<p><strong>Un menjador comprom\u00e8s amb la proximitat i la sostenibilitat<\/strong><\/p>\n<p>El menjador de l\u2019Institut Escola oliana forma part del programa Mengem d\u2019Aqu\u00ed, impulsat pel Consorci GAL Alt Urgell-Cerdanya i el Consell Comarcal de l\u2019Alt Urgell. Aquest projecte ens permet oferir men\u00fas de temporada i de proximitat, apostant per aliments frescos i de qualitat que afavoreixen els productors locals i garanteixen una alimentaci\u00f3 m\u00e9s sostenible. Formem part del projecte Fundaci\u00f3 Al\u00edcia, una iniciativa que proporciona formaci\u00f3 cont\u00ednua a les nostres treballadores en h\u00e0bits alimentaris saludables i tamb\u00e9 estem dins de projectes contra el malbaratament alimentari.<\/p>\n<p>Els nostres men\u00fas segueixen les pautes d\u2019una alimentaci\u00f3 variada i equilibrada, basada en la pir\u00e0mide aliment\u00e0ria recomanada per l\u2019Ag\u00e8ncia Europea de Seguretat Aliment\u00e0ria (EFSA) i l\u2019Organitzaci\u00f3 Mundial de la Salut (OMS). Es dona prioritat als cereals integrals, verdures de temporada, prote\u00efnes saludables com el peix i els llegums, i l\u00e0ctics de qualitat. Tamb\u00e9 es fomenta el consum d\u2019aigua com a principal beguda i es limita l\u2019\u00fas de productes ultraprocessats.<\/p>\n<p><u>Un equip dedicat a una alimentaci\u00f3 de qualitat<\/u><\/p>\n<p>El nostre menjador compta amb cuina pr\u00f2pia, on dues treballadores s\u2019encarreguen de preparar di\u00e0riament els plats amb ingredients frescos i de proximitat. La gesti\u00f3 del servei est\u00e0 a c\u00e0rrec d\u2019una persona contractada per l\u2019AFA (que \u00e9s qui s\u2019encarrega de la coordinaci\u00f3), qui vetlla pel bon funcionament i l\u2019organitzaci\u00f3 de l\u2019equip. L\u2019atenci\u00f3 i supervisi\u00f3 de l\u2019alumnat durant els \u00e0pats recau en tres monitores, que asseguren un ambient agradable i educatiu.<\/p>\n<p><u>Un espai per aprendre i conviure<\/u><\/p>\n<p>El menjador no \u00e9s nom\u00e9s un lloc per menjar, sin\u00f3 tamb\u00e9 un espai on els infants aprenen h\u00e0bits saludables i valors com el respecte, la conviv\u00e8ncia i la responsabilitat. A m\u00e9s, fomentem l\u2019autonomia personal, animant els infants a implicar-se en el proc\u00e9s del dinar i a tenir una actitud respectuosa amb el seu entorn.<\/p>\n<p>Per garantir una bona conviv\u00e8ncia, demanem a tots els usuaris que respectin les normes del menjador i el personal encarregat. Valorem un comportament respectu\u00f3s i no tolerem actituds d\u2019assetjament, insults o qualsevol conducta inadequada, tal com s\u2019especifica en la normativa del centre,<\/p>\n<p>El menjador de l\u2019Institut Escola Oliana \u00e9s, en definitiva, un espai per menjar b\u00e9, aprendre i cr\u00e9ixer en un entorn saludable i responsable.<\/p>\n<p>&nbsp;<\/p>\n<p><a href=\"https:\/\/agora.xtec.cat\/institutescolaoliana\/wp-content\/uploads\/usu2649\/2025\/01\/triptic-mengemdaqui-web_page-0001-scaled.jpg\"><img loading=\"lazy\" decoding=\"async\" class=\"alignnone size-full wp-image-1745\" src=\"https:\/\/agora.xtec.cat\/institutescolaoliana\/wp-content\/uploads\/usu2649\/2025\/01\/triptic-mengemdaqui-web_page-0001-scaled.jpg\" alt=\"\" width=\"2560\" height=\"863\" srcset=\"https:\/\/agora.xtec.cat\/institutescolaoliana\/wp-content\/uploads\/usu2649\/2025\/01\/triptic-mengemdaqui-web_page-0001-scaled.jpg 2560w, https:\/\/agora.xtec.cat\/institutescolaoliana\/wp-content\/uploads\/usu2649\/2025\/01\/triptic-mengemdaqui-web_page-0001-300x101.jpg 300w, https:\/\/agora.xtec.cat\/institutescolaoliana\/wp-content\/uploads\/usu2649\/2025\/01\/triptic-mengemdaqui-web_page-0001-1024x345.jpg 1024w, https:\/\/agora.xtec.cat\/institutescolaoliana\/wp-content\/uploads\/usu2649\/2025\/01\/triptic-mengemdaqui-web_page-0001-768x259.jpg 768w, https:\/\/agora.xtec.cat\/institutescolaoliana\/wp-content\/uploads\/usu2649\/2025\/01\/triptic-mengemdaqui-web_page-0001-1536x518.jpg 1536w, https:\/\/agora.xtec.cat\/institutescolaoliana\/wp-content\/uploads\/usu2649\/2025\/01\/triptic-mengemdaqui-web_page-0001-2048x690.jpg 2048w\" sizes=\"auto, (max-width: 2560px) 100vw, 2560px\" \/><\/a> <a href=\"https:\/\/agora.xtec.cat\/institutescolaoliana\/wp-content\/uploads\/usu2649\/2025\/01\/triptic-mengemdaqui-web_page-0002-scaled.jpg\"><img loading=\"lazy\" decoding=\"async\" class=\"alignnone size-full wp-image-1746\" src=\"https:\/\/agora.xtec.cat\/institutescolaoliana\/wp-content\/uploads\/usu2649\/2025\/01\/triptic-mengemdaqui-web_page-0002-scaled.jpg\" alt=\"\" width=\"2560\" height=\"863\" srcset=\"https:\/\/agora.xtec.cat\/institutescolaoliana\/wp-content\/uploads\/usu2649\/2025\/01\/triptic-mengemdaqui-web_page-0002-scaled.jpg 2560w, https:\/\/agora.xtec.cat\/institutescolaoliana\/wp-content\/uploads\/usu2649\/2025\/01\/triptic-mengemdaqui-web_page-0002-300x101.jpg 300w, https:\/\/agora.xtec.cat\/institutescolaoliana\/wp-content\/uploads\/usu2649\/2025\/01\/triptic-mengemdaqui-web_page-0002-1024x345.jpg 1024w, https:\/\/agora.xtec.cat\/institutescolaoliana\/wp-content\/uploads\/usu2649\/2025\/01\/triptic-mengemdaqui-web_page-0002-768x259.jpg 768w, https:\/\/agora.xtec.cat\/institutescolaoliana\/wp-content\/uploads\/usu2649\/2025\/01\/triptic-mengemdaqui-web_page-0002-1536x518.jpg 1536w, https:\/\/agora.xtec.cat\/institutescolaoliana\/wp-content\/uploads\/usu2649\/2025\/01\/triptic-mengemdaqui-web_page-0002-2048x690.jpg 2048w\" sizes=\"auto, (max-width: 2560px) 100vw, 2560px\" \/><\/a><\/p>\n","protected":false},"excerpt":{"rendered":"<p>L\u2019AFA gestiona el servei de menjador escolar de l\u2019IE Oliana amb el suport d\u2019una persona gestora del servei.<\/p>\n<ul style=\"font-weight: 400;\">\n<li>Horari:<\/li>\n<\/ul>\n<p>Dilluns 12:30h &#8211; 15h<br \/>\nDimarts 12:30h &#8211; 15h<br \/>\nDimecres 12:30h &#8211; 16h<br \/>\nDijous12:30h &#8211; 16h<br \/>\nDivendres 12:30h &#8211; 16h<br \/>\nPer inscriure&#8217;s cal avisar a la consergeria del centre. Deixar apuntat el&hellip;  <a href=\"https:\/\/agora.xtec.cat\/institutescolaoliana\/serveis\/menjador-escolar\/\" title=\"Read Menjador escolar\">Llegeix m\u00e9s\u00bb<\/a><\/p>\n","protected":false},"author":1,"featured_media":0,"parent":63,"menu_order":20,"comment_status":"closed","ping_status":"closed","template":"page-templates\/side-menu.php","meta":{"_bbp_topic_count":0,"_bbp_reply_count":0,"_bbp_total_topic_count":0,"_bbp_total_reply_count":0,"_bbp_voice_count":0,"_bbp_anonymous_reply_count":0,"_bbp_topic_count_hidden":0,"_bbp_reply_count_hidden":0,"_bbp_forum_subforum_count":0,"footnotes":""},"class_list":["post-69","page","type-page","status-publish","hentry"],"post_mailing_queue_ids":[],"_links":{"self":[{"href":"https:\/\/agora.xtec.cat\/institutescolaoliana\/wp-json\/wp\/v2\/pages\/69","targetHints":{"allow":["GET"]}}],"collection":[{"href":"https:\/\/agora.xtec.cat\/institutescolaoliana\/wp-json\/wp\/v2\/pages"}],"about":[{"href":"https:\/\/agora.xtec.cat\/institutescolaoliana\/wp-json\/wp\/v2\/types\/page"}],"author":[{"embeddable":true,"href":"https:\/\/agora.xtec.cat\/institutescolaoliana\/wp-json\/wp\/v2\/users\/1"}],"replies":[{"embeddable":true,"href":"https:\/\/agora.xtec.cat\/institutescolaoliana\/wp-json\/wp\/v2\/comments?post=69"}],"version-history":[{"count":6,"href":"https:\/\/agora.xtec.cat\/institutescolaoliana\/wp-json\/wp\/v2\/pages\/69\/revisions"}],"predecessor-version":[{"id":2342,"href":"https:\/\/agora.xtec.cat\/institutescolaoliana\/wp-json\/wp\/v2\/pages\/69\/revisions\/2342"}],"up":[{"embeddable":true,"href":"https:\/\/agora.xtec.cat\/institutescolaoliana\/wp-json\/wp\/v2\/pages\/63"}],"wp:attachment":[{"href":"https:\/\/agora.xtec.cat\/institutescolaoliana\/wp-json\/wp\/v2\/media?parent=69"}],"curies":[{"name":"wp","href":"https:\/\/api.w.org\/{rel}","templated":true}]}}