{"id":67,"date":"2014-09-18T10:14:18","date_gmt":"2014-09-18T09:14:18","guid":{"rendered":"http:\/\/agora.xtec.cat\/institutescolaoliana\/?page_id=67"},"modified":"2025-02-10T10:07:59","modified_gmt":"2025-02-10T09:07:59","slug":"acollida","status":"publish","type":"page","link":"https:\/\/agora.xtec.cat\/institutescolaoliana\/serveis\/acollida\/","title":{"rendered":"Acollida"},"content":{"rendered":"<p><strong><u>Servei d\u2019Acollida i Casalets de l\u2019AFA de l\u2019Institut Escola Oliana<\/u><\/strong><\/p>\n<p>El servei d\u2019acollida de l\u2019Institut Escola Oliana \u00e9s un recurs pensat per facilitar la conciliaci\u00f3 familiar i laboral dels pares i mares, oferint un espai segur i din\u00e0mic per als infants abans de l\u2019inici de la jornada escolar.<\/p>\n<p>Aquest servei \u00e9s gestionat per dues monitores, que creen un ambient acollidor i estimulant on els nens i nenes poden gaudir de diverses activitats adaptades a les seves edats i interessos. Entre les activitats que es duen a terme, destaquen:<\/p>\n<p>\u2714 Tallers i manualitats, per fomentar la creativitat i la motricitat fina.<\/p>\n<p>\u2714 Jocs al pati, promovent l\u2019activitat f\u00edsica i la socialitzaci\u00f3.<\/p>\n<p>\u2714 Espais de joc lliure, on els infants poden desenvolupar la seva autonomia i imaginaci\u00f3.<\/p>\n<p>El servei d\u2019acollida es realitza tots els dies lectius i est\u00e0 obert a totes les fam\u00edlies de l\u2019escola.<\/p>\n<p>&nbsp;<\/p>\n<p><strong>Inscripci\u00f3 i tarifes<\/strong><\/p>\n<p>Les fam\u00edlies interessades poden inscriure els seus fills i filles a l\u2019inici de curs a trav\u00e9s del seg\u00fcent enlla\u00e7: <a href=\"https:\/\/sites.google.com\/view\/afa-ie-oliana\/benvinguta-a-lafa\">[Enlla\u00e7 d\u2019inscripci\u00f3]<\/a>. \u00c9s important omplir totes les dades necess\u00e0ries de l\u2019infant per garantir una atenci\u00f3 adequada.<\/p>\n<p>El preu del servei \u00e9s:<\/p>\n<p>\ud83d\udd39 1,5\u20ac per als membres de l\u2019AFA<\/p>\n<p>\ud83d\udd39 4,5 \u20ac per als no membres<\/p>\n<p>CASALETS DE L&#8217;AFA<\/p>\n<p>Des de la comissi\u00f3 d\u2019Acollida i Casalets de l\u2019AFA, tamb\u00e9 organitzem casalets: un espai l\u00fadic i educatiu destinat als infants que necessiten atenci\u00f3 durant les jornades de lliure elecci\u00f3 o altres festius del centre. Tenen un preu a part. Es pot inscriure a l\u2019infant per un link que s\u2019envia als grups de watts de cada curs. Normalment es realitza al gimn\u00e0s del centre.<\/p>\n<p>Els casalets estan pensats per oferir una alternativa divertida i enriquidora, on els nens i nenes poden gaudir d\u2019activitats mentre les fam\u00edlies treballen.<\/p>\n<p>Aquest servei no nom\u00e9s facilita la conciliaci\u00f3 familiar, sin\u00f3 que tamb\u00e9 ofereix als infants un espai enriquidor de trobada entre infants.<\/p>\n<p>&nbsp;<\/p>\n<p>Si necessites m\u00e9s informaci\u00f3, no dubtis a contactar amb nosaltres! \ud83d\ude0a<\/p>\n<p>&nbsp;<\/p>\n<p><a href=\"https:\/\/agora.xtec.cat\/institutescolaoliana\/wp-content\/uploads\/usu2649\/2025\/01\/WhatsApp-Image-2025-01-29-at-11.40.10-1.jpeg\"><img loading=\"lazy\" decoding=\"async\" class=\"alignnone size-large wp-image-1740\" src=\"https:\/\/agora.xtec.cat\/institutescolaoliana\/wp-content\/uploads\/usu2649\/2025\/01\/WhatsApp-Image-2025-01-29-at-11.40.10-1-461x1024.jpeg\" alt=\"\" width=\"461\" height=\"1024\" srcset=\"https:\/\/agora.xtec.cat\/institutescolaoliana\/wp-content\/uploads\/usu2649\/2025\/01\/WhatsApp-Image-2025-01-29-at-11.40.10-1-461x1024.jpeg 461w, https:\/\/agora.xtec.cat\/institutescolaoliana\/wp-content\/uploads\/usu2649\/2025\/01\/WhatsApp-Image-2025-01-29-at-11.40.10-1-135x300.jpeg 135w, https:\/\/agora.xtec.cat\/institutescolaoliana\/wp-content\/uploads\/usu2649\/2025\/01\/WhatsApp-Image-2025-01-29-at-11.40.10-1-768x1707.jpeg 768w, https:\/\/agora.xtec.cat\/institutescolaoliana\/wp-content\/uploads\/usu2649\/2025\/01\/WhatsApp-Image-2025-01-29-at-11.40.10-1-691x1536.jpeg 691w, https:\/\/agora.xtec.cat\/institutescolaoliana\/wp-content\/uploads\/usu2649\/2025\/01\/WhatsApp-Image-2025-01-29-at-11.40.10-1.jpeg 900w\" sizes=\"auto, (max-width: 461px) 100vw, 461px\" \/><\/a><a href=\"https:\/\/agora.xtec.cat\/institutescolaoliana\/wp-content\/uploads\/usu2649\/2025\/01\/WhatsApp-Image-2025-01-29-at-11.40.10.jpeg\">\u00a0 \u00a0 \u00a0<img loading=\"lazy\" decoding=\"async\" class=\"alignnone size-large wp-image-1741\" src=\"https:\/\/agora.xtec.cat\/institutescolaoliana\/wp-content\/uploads\/usu2649\/2025\/01\/WhatsApp-Image-2025-01-29-at-11.40.10-461x1024.jpeg\" alt=\"\" width=\"461\" height=\"1024\" srcset=\"https:\/\/agora.xtec.cat\/institutescolaoliana\/wp-content\/uploads\/usu2649\/2025\/01\/WhatsApp-Image-2025-01-29-at-11.40.10-461x1024.jpeg 461w, https:\/\/agora.xtec.cat\/institutescolaoliana\/wp-content\/uploads\/usu2649\/2025\/01\/WhatsApp-Image-2025-01-29-at-11.40.10-135x300.jpeg 135w, https:\/\/agora.xtec.cat\/institutescolaoliana\/wp-content\/uploads\/usu2649\/2025\/01\/WhatsApp-Image-2025-01-29-at-11.40.10-768x1707.jpeg 768w, https:\/\/agora.xtec.cat\/institutescolaoliana\/wp-content\/uploads\/usu2649\/2025\/01\/WhatsApp-Image-2025-01-29-at-11.40.10-691x1536.jpeg 691w, https:\/\/agora.xtec.cat\/institutescolaoliana\/wp-content\/uploads\/usu2649\/2025\/01\/WhatsApp-Image-2025-01-29-at-11.40.10.jpeg 900w\" sizes=\"auto, (max-width: 461px) 100vw, 461px\" \/><\/a><\/p>\n<p><a href=\"https:\/\/agora.xtec.cat\/institutescolaoliana\/wp-content\/uploads\/usu2649\/2025\/01\/WhatsApp-Image-2025-01-29-at-11.40.09.jpeg\"><img loading=\"lazy\" decoding=\"async\" class=\"alignnone size-large wp-image-1742\" src=\"https:\/\/agora.xtec.cat\/institutescolaoliana\/wp-content\/uploads\/usu2649\/2025\/01\/WhatsApp-Image-2025-01-29-at-11.40.09-1024x461.jpeg\" alt=\"\" width=\"1024\" height=\"461\" srcset=\"https:\/\/agora.xtec.cat\/institutescolaoliana\/wp-content\/uploads\/usu2649\/2025\/01\/WhatsApp-Image-2025-01-29-at-11.40.09-1024x461.jpeg 1024w, https:\/\/agora.xtec.cat\/institutescolaoliana\/wp-content\/uploads\/usu2649\/2025\/01\/WhatsApp-Image-2025-01-29-at-11.40.09-300x135.jpeg 300w, https:\/\/agora.xtec.cat\/institutescolaoliana\/wp-content\/uploads\/usu2649\/2025\/01\/WhatsApp-Image-2025-01-29-at-11.40.09-768x346.jpeg 768w, https:\/\/agora.xtec.cat\/institutescolaoliana\/wp-content\/uploads\/usu2649\/2025\/01\/WhatsApp-Image-2025-01-29-at-11.40.09-1536x691.jpeg 1536w, https:\/\/agora.xtec.cat\/institutescolaoliana\/wp-content\/uploads\/usu2649\/2025\/01\/WhatsApp-Image-2025-01-29-at-11.40.09.jpeg 2000w\" sizes=\"auto, (max-width: 1024px) 100vw, 1024px\" \/><\/a><a href=\"https:\/\/agora.xtec.cat\/institutescolaoliana\/wp-content\/uploads\/usu2649\/2025\/01\/WhatsApp-Image-2025-01-29-at-11.40.10.jpeg\">\u00a0\u00a0<\/a><\/p>\n","protected":false},"excerpt":{"rendered":"<p>Servei d\u2019Acollida i Casalets de l\u2019AFA de l\u2019Institut Escola Oliana<br \/>\nEl servei d\u2019acollida de l\u2019Institut Escola Oliana \u00e9s un recurs pensat per facilitar la conciliaci\u00f3 familiar i laboral dels pares i mares, oferint un espai segur i din\u00e0mic per als infants abans de l\u2019inici de la&hellip;  <a href=\"https:\/\/agora.xtec.cat\/institutescolaoliana\/serveis\/acollida\/\" title=\"Read Acollida\">Llegeix m\u00e9s\u00bb<\/a><\/p>\n","protected":false},"author":1,"featured_media":0,"parent":63,"menu_order":20,"comment_status":"closed","ping_status":"closed","template":"page-templates\/side-menu.php","meta":{"_bbp_topic_count":0,"_bbp_reply_count":0,"_bbp_total_topic_count":0,"_bbp_total_reply_count":0,"_bbp_voice_count":0,"_bbp_anonymous_reply_count":0,"_bbp_topic_count_hidden":0,"_bbp_reply_count_hidden":0,"_bbp_forum_subforum_count":0,"footnotes":""},"class_list":["post-67","page","type-page","status-publish","hentry"],"post_mailing_queue_ids":[],"_links":{"self":[{"href":"https:\/\/agora.xtec.cat\/institutescolaoliana\/wp-json\/wp\/v2\/pages\/67","targetHints":{"allow":["GET"]}}],"collection":[{"href":"https:\/\/agora.xtec.cat\/institutescolaoliana\/wp-json\/wp\/v2\/pages"}],"about":[{"href":"https:\/\/agora.xtec.cat\/institutescolaoliana\/wp-json\/wp\/v2\/types\/page"}],"author":[{"embeddable":true,"href":"https:\/\/agora.xtec.cat\/institutescolaoliana\/wp-json\/wp\/v2\/users\/1"}],"replies":[{"embeddable":true,"href":"https:\/\/agora.xtec.cat\/institutescolaoliana\/wp-json\/wp\/v2\/comments?post=67"}],"version-history":[{"count":4,"href":"https:\/\/agora.xtec.cat\/institutescolaoliana\/wp-json\/wp\/v2\/pages\/67\/revisions"}],"predecessor-version":[{"id":1791,"href":"https:\/\/agora.xtec.cat\/institutescolaoliana\/wp-json\/wp\/v2\/pages\/67\/revisions\/1791"}],"up":[{"embeddable":true,"href":"https:\/\/agora.xtec.cat\/institutescolaoliana\/wp-json\/wp\/v2\/pages\/63"}],"wp:attachment":[{"href":"https:\/\/agora.xtec.cat\/institutescolaoliana\/wp-json\/wp\/v2\/media?parent=67"}],"curies":[{"name":"wp","href":"https:\/\/api.w.org\/{rel}","templated":true}]}}