{"id":43,"date":"2014-09-17T16:45:07","date_gmt":"2014-09-17T16:45:07","guid":{"rendered":"http:\/\/agora.xtec.cat\/institutescolaoliana\/?page_id=43"},"modified":"2025-12-16T09:29:59","modified_gmt":"2025-12-16T08:29:59","slug":"consell-escolar","status":"publish","type":"page","link":"https:\/\/agora.xtec.cat\/institutescolaoliana\/linstitut\/consell-escolar\/","title":{"rendered":"Consell escolar"},"content":{"rendered":"<p><strong>MEMBRES DEL CONSELL ESCOLAR\u00a0<\/strong><\/p>\n<p><span style=\"text-decoration: underline;\">Presidenta ( directora ):<\/span> Laia Colell Sancliments<\/p>\n<p><span style=\"text-decoration: underline;\">Cap d\u2019estudis:<\/span> Marta Gabernet Galin<\/p>\n<p><span style=\"text-decoration: underline;\">Secret\u00e0ria:<\/span> Gl\u00f2ria Farr\u00e9 Vidal<\/p>\n<p><span style=\"text-decoration: underline;\">Representant Ajuntament:<\/span> Toni Pats\u00ed Betriu<\/p>\n<p><span style=\"text-decoration: underline;\">Representant administraci\u00f3 i serveis ( PAS )<\/span>: Sara Moncunill Colell<\/p>\n<p><span style=\"text-decoration: underline;\">Representants docents:<\/span> Carolina Albets Marquilles, Sergi Torruella Saiz, Laura Pujol Serra i Laia Codina Capdevila<\/p>\n<p><span style=\"text-decoration: underline;\">Representants fam\u00edlies:<\/span> Josep Pere Aymerich Alrich i Xavier Simon Ampurdanes.<\/p>\n<p><span style=\"text-decoration: underline;\">Representant de l&#8217;AFA :<\/span>\u00a0Anna Bonet Pel\u00e1ez<\/p>\n<p><span style=\"text-decoration: underline;\">Representants alumnes:<\/span> Guillem Codina Ribalta ( 1r d&#8217;ESO ) i Bernat Busquets Rodr\u00edguez ( 2n d&#8217;ESO )<\/p>\n<p>&nbsp;<\/p>\n<p><strong>COMISSIONS DE TREBALL\u00a0<\/strong><\/p>\n<p><span style=\"text-decoration: underline;\">Comissi\u00f3 permanent:<\/span><\/p>\n<ul>\n<li><em>Directora:<\/em> Laia Colell Sancliments<\/li>\n<li><em>Cap d&#8217;estudis<\/em>: Marta Gabernet Galin<\/li>\n<li><em>Secret\u00e0ria:<\/em> Gl\u00f2ria Farr\u00e9 Vidal<\/li>\n<li><em>Representant de fam\u00edlies:<\/em> Xavier Simon Ampurdanes.<\/li>\n<li><em>Representant de l&#8217;AFA:<\/em> Anna Bonet Pel\u00e1ez<\/li>\n<li><em>Representant Ajuntament:<\/em> Antoni Pats\u00ed Betriu<\/li>\n<li><em>Representant del PAS:<\/em> Sara Moncunill Colell<\/li>\n<\/ul>\n<p><span style=\"text-decoration: underline;\">Comissi\u00f3 econ\u00f2mica:<\/span><\/p>\n<ul>\n<li><em>Directora:<\/em> Laia Colell Sancliments<\/li>\n<li><em>Secret\u00e0ria:<\/em> Gl\u00f2ria Farr\u00e9 Vidal<\/li>\n<li><em>Representant de docents:<\/em> Sergi Torruella Saiz<\/li>\n<li><em>Representant de fam\u00edlies:<\/em> Xavier Simon Ampurdanes.<\/li>\n<li><em>Representant de l&#8217;AFA:<\/em> Anna Bonet Pel\u00e1ez<\/li>\n<li><em>Representant Ajuntament:<\/em> Antoni Pats\u00ed Betriu<\/li>\n<li><em>Representant del PAS:<\/em> Sara Moncunill Colell<\/li>\n<\/ul>\n<p><span style=\"text-decoration: underline;\">Comissi\u00f3 de conviv\u00e8ncia i coeducaci\u00f3:<\/span><\/p>\n<ul>\n<li><em>Directora:<\/em> Laia Colell Sancliments<\/li>\n<li><em>Cap d&#8217;estudis<\/em>: Marta Gabernet Galin<\/li>\n<li><em>Secret\u00e0ria:<\/em> Gl\u00f2ria Farr\u00e9 Vidal<\/li>\n<li><em>Representant de docents:<\/em> Carolina Albets Marquilles<\/li>\n<li><em>Representant de fam\u00edlies:<\/em> Josep Pere Aymerich Alrich<\/li>\n<li><em>Representant de l&#8217;AFA:<\/em> Anna Bonet Pel\u00e1ez<\/li>\n<li><em>Representant Ajuntament:<\/em> Antoni Pats\u00ed Betriu<\/li>\n<li><em>Representant del PAS:<\/em> Sara Moncunill Colell<\/li>\n<\/ul>\n<p><span style=\"text-decoration: underline;\">Comissi\u00f3 de menjador:<\/span><\/p>\n<ul>\n<li><em>Directora:<\/em> Laia Colell Sancliments<\/li>\n<li><em>Cap d&#8217;estudis<\/em>: Marta Gabernet Galin<\/li>\n<li><em>Secret\u00e0ria:<\/em> Gl\u00f2ria Farr\u00e9 Vidal<\/li>\n<li><em>Representant de docents:<\/em> Laia Codina Capdevila<\/li>\n<li><em>Representant de fam\u00edlies:<\/em> Xavier Simon Ampurdanes.<\/li>\n<li><em>Representant de l&#8217;AFA:<\/em> Anna Bonet Pel\u00e1ez<\/li>\n<li><em>Representant Ajuntament:<\/em> Antoni Pats\u00ed Betriu<\/li>\n<li><em>Representant del PAS:<\/em> Sara Moncunill Colell<\/li>\n<\/ul>\n","protected":false},"excerpt":{"rendered":"<p>MEMBRES DEL CONSELL ESCOLAR\u00a0<br \/>\nPresidenta ( directora ): Laia Colell Sancliments<br \/>\nCap d\u2019estudis: Marta Gabernet Galin<br \/>\nSecret\u00e0ria: Gl\u00f2ria Farr\u00e9 Vidal<br \/>\nRepresentant Ajuntament: Toni Pats\u00ed Betriu<br \/>\nRepresentant administraci\u00f3 i serveis ( PAS ): Sara Moncunill Colell<br \/>\nRepresentants docents: Carolina Albets Marquilles, Sergi Torruella Saiz, Laura Pujol Serra i Laia Codina Capdevila<br \/>\nRepresentants fam\u00edlies:&hellip;  <a href=\"https:\/\/agora.xtec.cat\/institutescolaoliana\/linstitut\/consell-escolar\/\" title=\"Read Consell escolar\">Llegeix m\u00e9s\u00bb<\/a><\/p>\n","protected":false},"author":1,"featured_media":0,"parent":19,"menu_order":40,"comment_status":"closed","ping_status":"closed","template":"page-templates\/side-menu.php","meta":{"_bbp_topic_count":0,"_bbp_reply_count":0,"_bbp_total_topic_count":0,"_bbp_total_reply_count":0,"_bbp_voice_count":0,"_bbp_anonymous_reply_count":0,"_bbp_topic_count_hidden":0,"_bbp_reply_count_hidden":0,"_bbp_forum_subforum_count":0,"footnotes":""},"class_list":["post-43","page","type-page","status-publish","hentry"],"post_mailing_queue_ids":[],"_links":{"self":[{"href":"https:\/\/agora.xtec.cat\/institutescolaoliana\/wp-json\/wp\/v2\/pages\/43","targetHints":{"allow":["GET"]}}],"collection":[{"href":"https:\/\/agora.xtec.cat\/institutescolaoliana\/wp-json\/wp\/v2\/pages"}],"about":[{"href":"https:\/\/agora.xtec.cat\/institutescolaoliana\/wp-json\/wp\/v2\/types\/page"}],"author":[{"embeddable":true,"href":"https:\/\/agora.xtec.cat\/institutescolaoliana\/wp-json\/wp\/v2\/users\/1"}],"replies":[{"embeddable":true,"href":"https:\/\/agora.xtec.cat\/institutescolaoliana\/wp-json\/wp\/v2\/comments?post=43"}],"version-history":[{"count":6,"href":"https:\/\/agora.xtec.cat\/institutescolaoliana\/wp-json\/wp\/v2\/pages\/43\/revisions"}],"predecessor-version":[{"id":2486,"href":"https:\/\/agora.xtec.cat\/institutescolaoliana\/wp-json\/wp\/v2\/pages\/43\/revisions\/2486"}],"up":[{"embeddable":true,"href":"https:\/\/agora.xtec.cat\/institutescolaoliana\/wp-json\/wp\/v2\/pages\/19"}],"wp:attachment":[{"href":"https:\/\/agora.xtec.cat\/institutescolaoliana\/wp-json\/wp\/v2\/media?parent=43"}],"curies":[{"name":"wp","href":"https:\/\/api.w.org\/{rel}","templated":true}]}}