{"id":1598,"date":"2025-01-03T18:42:39","date_gmt":"2025-01-03T17:42:39","guid":{"rendered":"https:\/\/agora.xtec.cat\/institutescolaoliana\/?page_id=1598"},"modified":"2025-05-05T20:00:56","modified_gmt":"2025-05-05T18:00:56","slug":"cfgs-comerc-internacional","status":"publish","type":"page","link":"https:\/\/agora.xtec.cat\/institutescolaoliana\/estudis\/cfgs-comerc-internacional\/","title":{"rendered":"CFGS &#8211; Comer\u00e7 Internacional"},"content":{"rendered":"<p><strong>Titulaci\u00f3<\/strong><\/p>\n<ul>\n<li>T\u00e8cnic o t\u00e8cnica superior en Comer\u00e7 Internacional.<\/li>\n<li>Gesti\u00f3 i planificaci\u00f3 d&#8217;operacions d&#8217;importaci\u00f3, exportaci\u00f3, introducci\u00f3 i expedici\u00f3 de mercaderies en l&#8217;\u00e0mbit del comer\u00e7 internacional.<\/li>\n<\/ul>\n<p>Aquesta titulaci\u00f3 permet:<\/p>\n<ul>\n<li>Accedir a un treball de t\u00e8cnic o t\u00e8cnica en l&#8217;\u00e0mbit del comer\u00e7 internacional.<\/li>\n<li>Cursar un altre cicle formatiu de grau superior.<\/li>\n<li>Accedir als ensenyaments universitaris de grau en les condicions que s&#8217;estableixin.<\/li>\n<\/ul>\n<p><strong>Compet\u00e8ncia general<\/strong><br \/>\nAquests estudis capaciten per planificar i gestionar els processos de comer\u00e7 internacional, aplicant la legislaci\u00f3 vigent i establint estrat\u00e8gies de m\u00e0rqueting, log\u00edstica i transport en l&#8217;\u00e0mbit internacional.<\/p>\n<p><strong>\u00c0mbit professional<\/strong><br \/>\nLa superaci\u00f3 d&#8217;aquest cicle formatiu permet accedir al m\u00f3n laboral com a:<\/p>\n<ul>\n<li>T\u00e8cnic en comer\u00e7 exterior.<\/li>\n<li>T\u00e8cnic en administraci\u00f3 de comer\u00e7 internacional.<\/li>\n<li>Assistent de comer\u00e7 internacional.<\/li>\n<li>Agent de comer\u00e7 internacional.<\/li>\n<li>T\u00e8cnic de m\u00e0rqueting internacional.<\/li>\n<li>T\u00e8cnic en venda internacional.<\/li>\n<li>Operador log\u00edstic.<\/li>\n<li>Cap de magatzem.<\/li>\n<li>T\u00e8cnic en log\u00edstica del transport.<\/li>\n<\/ul>\n<p><strong>Durada<\/strong><br \/>\nDos cursos acad\u00e8mics, en total 2.000 hores (1.650 hores a l\u2019institut i 350 hores en empreses). Les pr\u00e0ctiques en empreses t\u2019ajudaran a accedir a un lloc de treball.<\/p>\n<p><strong>Horari<\/strong><br \/>\n1r i 2n curs: Tardes de dilluns a divendres de 16:00 a 21:00.<\/p>\n<p><strong>Requeriments per accedir al cicle formatiu<\/strong><\/p>\n<ul>\n<li>T\u00e8cnic\/a de grau mitj\u00e0.<\/li>\n<li>Batxillerat.<\/li>\n<li>Prova d\u2019acc\u00e9s als cicles formatius de grau superior.<\/li>\n<\/ul>\n<p>Relaci\u00f3 de m\u00f2duls professionals:<\/p>\n<table class=\" aligncenter\" style=\"height: 1077px; width: 49.3167%; border-collapse: collapse;\">\n<tbody>\n<tr style=\"height: 32px;\">\n<td style=\"width: 6.95876%; height: 32px;\"><strong>M\u00f2dul P.<\/strong><\/td>\n<td style=\"width: 48.4043%; height: 32px;\"><strong>Denominaci\u00f3<\/strong><\/td>\n<td style=\"width: 1.78253%; height: 32px;\"><strong>Curs<\/strong><\/td>\n<td style=\"width: 1.31752%; height: 32px;\"><strong>Hores Totals<\/strong><\/td>\n<\/tr>\n<tr style=\"height: 63px;\">\n<td style=\"width: 6.95876%; height: 63px;\">0622<\/td>\n<td style=\"width: 48.4043%; height: 63px;\">Transport internacional de mercaderies<\/td>\n<td style=\"width: 1.78253%; height: 63px;\">Primer<\/td>\n<td style=\"width: 1.31752%; height: 63px;\">165<\/td>\n<\/tr>\n<tr style=\"height: 63px;\">\n<td style=\"width: 6.95876%; height: 63px;\">0623<\/td>\n<td style=\"width: 48.4043%; height: 63px;\">Gesti\u00f3 econ\u00f2mica i financera de l&#8217;empresa<\/td>\n<td style=\"width: 1.78253%; height: 63px;\">Primer<\/td>\n<td style=\"width: 1.31752%; height: 63px;\">165<\/td>\n<\/tr>\n<tr style=\"height: 48px;\">\n<td style=\"width: 6.95876%; height: 48px;\">0625<\/td>\n<td style=\"width: 48.4043%; height: 48px;\">Log\u00edstica d&#8217;emmagatzematge<\/td>\n<td style=\"width: 1.78253%; height: 48px;\">Segon<\/td>\n<td style=\"width: 1.31752%; height: 48px;\">132<\/td>\n<\/tr>\n<tr style=\"height: 79px;\">\n<td style=\"width: 6.95876%; height: 79px;\">0627<\/td>\n<td style=\"width: 48.4043%; height: 79px;\">Gesti\u00f3 administrativa del comer\u00e7 internacional<\/td>\n<td style=\"width: 1.78253%; height: 79px;\">Primer<\/td>\n<td style=\"width: 1.31752%; height: 79px;\">198<\/td>\n<\/tr>\n<tr style=\"height: 63px;\">\n<td style=\"width: 6.95876%; height: 63px;\">0822<\/td>\n<td style=\"width: 48.4043%; height: 63px;\">Sistema d&#8217;informaci\u00f3 de mercats<\/td>\n<td style=\"width: 1.78253%; height: 63px;\">Segon<\/td>\n<td style=\"width: 1.31752%; height: 63px;\">99<\/td>\n<\/tr>\n<tr style=\"height: 48px;\">\n<td style=\"width: 6.95876%; height: 48px;\">0823<\/td>\n<td style=\"width: 48.4043%; height: 48px;\">M\u00e0rqueting internacional<\/td>\n<td style=\"width: 1.78253%; height: 48px;\">Segon<\/td>\n<td style=\"width: 1.31752%; height: 48px;\">165<\/td>\n<\/tr>\n<tr style=\"height: 48px;\">\n<td style=\"width: 6.95876%; height: 48px;\">0824<\/td>\n<td style=\"width: 48.4043%; height: 48px;\">Negociaci\u00f3 internacional<\/td>\n<td style=\"width: 1.78253%; height: 48px;\">Segon<\/td>\n<td style=\"width: 1.31752%; height: 48px;\">132<\/td>\n<\/tr>\n<tr style=\"height: 48px;\">\n<td style=\"width: 6.95876%; height: 48px;\">0825<\/td>\n<td style=\"width: 48.4043%; height: 48px;\">Finan\u00e7ament internacional<\/td>\n<td style=\"width: 1.78253%; height: 48px;\">Segon<\/td>\n<td style=\"width: 1.31752%; height: 48px;\">119<\/td>\n<\/tr>\n<tr style=\"height: 63px;\">\n<td style=\"width: 6.95876%; height: 63px;\">0826<\/td>\n<td style=\"width: 48.4043%; height: 63px;\">Mitjans de pagament internacional<\/td>\n<td style=\"width: 1.78253%; height: 63px;\">Segon<\/td>\n<td style=\"width: 1.31752%; height: 63px;\">99<\/td>\n<\/tr>\n<tr style=\"height: 48px;\">\n<td style=\"width: 6.95876%; height: 48px;\">0827<\/td>\n<td style=\"width: 48.4043%; height: 48px;\">Comer\u00e7 digital internacional<\/td>\n<td style=\"width: 1.78253%; height: 48px;\">Segon<\/td>\n<td style=\"width: 1.31752%; height: 48px;\">66<\/td>\n<\/tr>\n<tr style=\"height: 32px;\">\n<td style=\"width: 6.95876%; height: 32px;\">0179<\/td>\n<td style=\"width: 48.4043%; height: 32px;\">Angl\u00e8s professional<\/td>\n<td style=\"width: 1.78253%; height: 32px;\">Segon<\/td>\n<td style=\"width: 1.31752%; height: 32px;\">66<\/td>\n<\/tr>\n<tr style=\"height: 79px;\">\n<td style=\"width: 6.95876%; height: 79px;\">C001<\/td>\n<td style=\"width: 48.4043%; height: 79px;\">Segona llengua estrangera per al comer\u00e7 internacional<\/td>\n<td style=\"width: 1.78253%; height: 79px;\">Segon<\/td>\n<td style=\"width: 1.31752%; height: 79px;\">66<\/td>\n<\/tr>\n<tr style=\"height: 63px;\">\n<td style=\"width: 6.95876%; height: 63px;\">1665<\/td>\n<td style=\"width: 48.4043%; height: 63px;\">Digitalitzaci\u00f3 aplicada als sectors productius<\/td>\n<td style=\"width: 1.78253%; height: 63px;\">Primer<\/td>\n<td style=\"width: 1.31752%; height: 63px;\">33<\/td>\n<\/tr>\n<tr style=\"height: 63px;\">\n<td style=\"width: 6.95876%; height: 63px;\">1708<\/td>\n<td style=\"width: 48.4043%; height: 63px;\">Digitalitzaci\u00f3 aplicada al sistema productiu<\/td>\n<td style=\"width: 1.78253%; height: 63px;\">Primer<\/td>\n<td style=\"width: 1.31752%; height: 63px;\">33<\/td>\n<\/tr>\n<tr style=\"height: 48px;\">\n<td style=\"width: 6.95876%; height: 48px;\">1709<\/td>\n<td style=\"width: 48.4043%; height: 48px;\">Itinerari personal per a l&#8217;ocupabilitat I<\/td>\n<td style=\"width: 1.78253%; height: 48px;\">Primer<\/td>\n<td style=\"width: 1.31752%; height: 48px;\">99<\/td>\n<\/tr>\n<tr style=\"height: 63px;\">\n<td style=\"width: 6.95876%; height: 63px;\">1710<\/td>\n<td style=\"width: 48.4043%; height: 63px;\">Itinerari personal per a l&#8217;ocupabilitat II<\/td>\n<td style=\"width: 1.78253%; height: 63px;\">Segon<\/td>\n<td style=\"width: 1.31752%; height: 63px;\">66<\/td>\n<\/tr>\n<tr style=\"height: 48px;\">\n<td style=\"width: 6.95876%; height: 48px;\">0828<\/td>\n<td style=\"width: 48.4043%; height: 48px;\">Projecte intermodular<\/td>\n<td style=\"width: 1.78253%; height: 48px;\">Segon<\/td>\n<td style=\"width: 1.31752%; height: 48px;\">198<\/td>\n<\/tr>\n<tr style=\"height: 48px;\">\n<td style=\"width: 6.95876%; height: 48px;\">Optatiu<\/td>\n<td style=\"width: 48.4043%; height: 48px;\">M\u00f2dul professional optatiu<\/td>\n<td style=\"width: 1.78253%; height: 48px;\">Segon<\/td>\n<td style=\"width: 1.31752%; height: 48px;\">99<\/td>\n<\/tr>\n<\/tbody>\n<\/table>\n<p><a href=\"https:\/\/agora.xtec.cat\/institutescolaoliana\/wp-content\/uploads\/usu2649\/2025\/03\/Triptic-CFGS-CI_Pagina_1.png\"><img loading=\"lazy\" decoding=\"async\" class=\"alignnone size-large wp-image-2031\" src=\"https:\/\/agora.xtec.cat\/institutescolaoliana\/wp-content\/uploads\/usu2649\/2025\/03\/Triptic-CFGS-CI_Pagina_1-1024x725.png\" alt=\"\" width=\"1024\" height=\"725\" srcset=\"https:\/\/agora.xtec.cat\/institutescolaoliana\/wp-content\/uploads\/usu2649\/2025\/03\/Triptic-CFGS-CI_Pagina_1-1024x725.png 1024w, https:\/\/agora.xtec.cat\/institutescolaoliana\/wp-content\/uploads\/usu2649\/2025\/03\/Triptic-CFGS-CI_Pagina_1-300x212.png 300w, https:\/\/agora.xtec.cat\/institutescolaoliana\/wp-content\/uploads\/usu2649\/2025\/03\/Triptic-CFGS-CI_Pagina_1-768x543.png 768w, https:\/\/agora.xtec.cat\/institutescolaoliana\/wp-content\/uploads\/usu2649\/2025\/03\/Triptic-CFGS-CI_Pagina_1-1536x1087.png 1536w, https:\/\/agora.xtec.cat\/institutescolaoliana\/wp-content\/uploads\/usu2649\/2025\/03\/Triptic-CFGS-CI_Pagina_1-2048x1449.png 2048w\" sizes=\"auto, (max-width: 1024px) 100vw, 1024px\" \/><\/a> <a href=\"https:\/\/agora.xtec.cat\/institutescolaoliana\/wp-content\/uploads\/usu2649\/2025\/03\/Triptic-CFGS-CI_Pagina_2.png\"><img loading=\"lazy\" decoding=\"async\" class=\"alignnone size-large wp-image-2032\" src=\"https:\/\/agora.xtec.cat\/institutescolaoliana\/wp-content\/uploads\/usu2649\/2025\/03\/Triptic-CFGS-CI_Pagina_2-1024x725.png\" alt=\"\" width=\"1024\" height=\"725\" srcset=\"https:\/\/agora.xtec.cat\/institutescolaoliana\/wp-content\/uploads\/usu2649\/2025\/03\/Triptic-CFGS-CI_Pagina_2-1024x725.png 1024w, https:\/\/agora.xtec.cat\/institutescolaoliana\/wp-content\/uploads\/usu2649\/2025\/03\/Triptic-CFGS-CI_Pagina_2-300x212.png 300w, https:\/\/agora.xtec.cat\/institutescolaoliana\/wp-content\/uploads\/usu2649\/2025\/03\/Triptic-CFGS-CI_Pagina_2-768x543.png 768w, https:\/\/agora.xtec.cat\/institutescolaoliana\/wp-content\/uploads\/usu2649\/2025\/03\/Triptic-CFGS-CI_Pagina_2-1536x1087.png 1536w, https:\/\/agora.xtec.cat\/institutescolaoliana\/wp-content\/uploads\/usu2649\/2025\/03\/Triptic-CFGS-CI_Pagina_2-2048x1449.png 2048w\" sizes=\"auto, (max-width: 1024px) 100vw, 1024px\" \/><\/a><\/p>\n","protected":false},"excerpt":{"rendered":"<p>Titulaci\u00f3<\/p>\n<ul>\n<li>T\u00e8cnic o t\u00e8cnica superior en Comer\u00e7 Internacional.<\/li>\n<li>Gesti\u00f3 i planificaci\u00f3 d&#8217;operacions d&#8217;importaci\u00f3, exportaci\u00f3, introducci\u00f3 i expedici\u00f3 de mercaderies en l&#8217;\u00e0mbit del comer\u00e7 internacional.<\/li>\n<\/ul>\n<p>Aquesta titulaci\u00f3 permet:<\/p>\n<ul>\n<li>Accedir a un treball de t\u00e8cnic o t\u00e8cnica en l&#8217;\u00e0mbit del comer\u00e7 internacional.<\/li>\n<li>Cursar un altre cicle formatiu de grau superior.<\/li>\n<li>Accedir als ensenyaments&hellip;  <a href=\"https:\/\/agora.xtec.cat\/institutescolaoliana\/estudis\/cfgs-comerc-internacional\/\" title=\"Read CFGS &#8211; Comer\u00e7 Internacional\">Llegeix m\u00e9s\u00bb<\/a><br \/>\n","protected":false},"author":7,"featured_media":0,"parent":195,"menu_order":5,"comment_status":"closed","ping_status":"closed","template":"page-templates\/side-menu.php","meta":{"_bbp_topic_count":0,"_bbp_reply_count":0,"_bbp_total_topic_count":0,"_bbp_total_reply_count":0,"_bbp_voice_count":0,"_bbp_anonymous_reply_count":0,"_bbp_topic_count_hidden":0,"_bbp_reply_count_hidden":0,"_bbp_forum_subforum_count":0,"footnotes":""},"class_list":["post-1598","page","type-page","status-publish","hentry"],"post_mailing_queue_ids":[],"_links":{"self":[{"href":"https:\/\/agora.xtec.cat\/institutescolaoliana\/wp-json\/wp\/v2\/pages\/1598","targetHints":{"allow":["GET"]}}],"collection":[{"href":"https:\/\/agora.xtec.cat\/institutescolaoliana\/wp-json\/wp\/v2\/pages"}],"about":[{"href":"https:\/\/agora.xtec.cat\/institutescolaoliana\/wp-json\/wp\/v2\/types\/page"}],"author":[{"embeddable":true,"href":"https:\/\/agora.xtec.cat\/institutescolaoliana\/wp-json\/wp\/v2\/users\/7"}],"replies":[{"embeddable":true,"href":"https:\/\/agora.xtec.cat\/institutescolaoliana\/wp-json\/wp\/v2\/comments?post=1598"}],"version-history":[{"count":6,"href":"https:\/\/agora.xtec.cat\/institutescolaoliana\/wp-json\/wp\/v2\/pages\/1598\/revisions"}],"predecessor-version":[{"id":2096,"href":"https:\/\/agora.xtec.cat\/institutescolaoliana\/wp-json\/wp\/v2\/pages\/1598\/revisions\/2096"}],"up":[{"embeddable":true,"href":"https:\/\/agora.xtec.cat\/institutescolaoliana\/wp-json\/wp\/v2\/pages\/195"}],"wp:attachment":[{"href":"https:\/\/agora.xtec.cat\/institutescolaoliana\/wp-json\/wp\/v2\/media?parent=1598"}],"curies":[{"name":"wp","href":"https:\/\/api.w.org\/{rel}","templated":true}]}}