{"id":1596,"date":"2025-01-03T18:42:08","date_gmt":"2025-01-03T17:42:08","guid":{"rendered":"https:\/\/agora.xtec.cat\/institutescolaoliana\/?page_id=1596"},"modified":"2026-01-28T12:22:08","modified_gmt":"2026-01-28T11:22:08","slug":"cfgm-installacions-electriques-i-automatiques","status":"publish","type":"page","link":"https:\/\/agora.xtec.cat\/institutescolaoliana\/estudis\/cfgm-installacions-electriques-i-automatiques\/","title":{"rendered":"CFGM &#8211; Instal\u00b7lacions El\u00e8ctriques i Autom\u00e0tiques"},"content":{"rendered":"<p><strong>Titulaci\u00f3<\/strong><\/p>\n<ul>\n<li>T\u00e8cnic o t\u00e8cnica en instal\u00b7lacions el\u00e8ctriques autom\u00e0tiques.<\/li>\n<li>Muntatge d\u2019instal\u00b7lacions interiors per ind\u00fastries i habitatges.<\/li>\n<\/ul>\n<p>Aquesta titulaci\u00f3 permet:<\/p>\n<ul>\n<li>Accedir a un treball de t\u00e8cnic o t\u00e8cnica.<\/li>\n<li>Cursar un altre cicle formatiu de grau mitj\u00e0.<\/li>\n<li>Accedir a un cicle formatiu de grau superior amb determinades condicions, o accedir al batxillerat (les mat\u00e8ries optatives i el treball de recerca es poden convalidar).<\/li>\n<li>Accedir a la prova d\u2019acc\u00e9s a un cicle formatiu de grau superior de la mateixa fam\u00edlia que el cicle superat (es pot demanar exempci\u00f3 de la part<br \/>\nespec\u00edfica).<\/li>\n<li>Accedir a un cicle formatiu de grau superior cursant pr\u00e8viament el batxillerat o el curs de formaci\u00f3 espec\u00edfica per a l\u2019acc\u00e9s als cicles formatius de grau superior\u00a0o b\u00e9,\u00a0un cop superada la prova d\u2019acc\u00e9s.<\/li>\n<\/ul>\n<p><strong>Compet\u00e8ncia general<\/strong><br \/>\nAquests estudis postobligatoris capaciten per muntar i mantenir infraestructures de telecomunicaci\u00f3 en edificis, instal\u00b7lacions el\u00e8ctriques de baixa tensi\u00f3, m\u00e0quines el\u00e8ctriques i sistemes automatitzats.<\/p>\n<p><strong>\u00c0mbit professional<\/strong><\/p>\n<p>La superaci\u00f3 d\u2019aquest cicle formatiu permet accedir al m\u00f3n laboral com a:<\/p>\n<ul>\n<li>Electricista industrial i d\u2019instal\u00b7lacions el\u00e8ctriques d\u2019edificis.<\/li>\n<li>Instal\u00b7lador o instal\u00b7ladora de l\u00ednies el\u00e8ctriques, equips electr\u00f2nics en edificis, antenes i equips telef\u00f2nics.<\/li>\n<li>Electricista de construcci\u00f3.<\/li>\n<li>Electricista de manteniment.<\/li>\n<li>Instal\u00b7lador o instal\u00b7ladora i mantenidor o mantenidora de sistemes<br \/>\ndom\u00f2tics.<\/li>\n<li>Muntador o muntadora d\u2019instal\u00b7lacions d\u2019energia solar fotovoltaica.<\/li>\n<li>Instal\u00b7lador de telecomunicacions en edificis i habitatges.<\/li>\n<\/ul>\n<p>Amb aquest t\u00edtol s\u2019obt\u00e9 la compet\u00e8ncia per ser instal\u00b7lador autoritzat en Baixa Tensi\u00f3 i la qualificaci\u00f3 t\u00e8cnica adequada exigida com a requisit per ser empresa instal\u00b7ladora d\u2019infraestructures comunes de telecomunicacions.<\/p>\n<p><strong>Durada<\/strong><br \/>\nDos cursos acad\u00e8mics, en total 2000 hores ( 1683 hores a l\u2019 institut i 317 hores al centre de treball). <strong>Les pr\u00e0ctiques en empreses t\u2019ajudaran a accedir a un lloc de treball.<\/strong><\/p>\n<p>Tindr\u00e0s la possibilitat de fer la Formaci\u00f3 Professional en modalitat FP Dual. Aix\u00f2 et permet treballar el segon curs a una empresa que col\u00b7labora amb nosaltres mentre et treus el cicle formatiu. Acabaries el cicle i tindries experi\u00e8ncia laboral; tot en dos anys!<\/p>\n<p><strong>Horari<\/strong><\/p>\n<ul>\n<li><strong>1r curs:<\/strong> de 9:30h a 16h ( dilluns, dimarts i dimecres ) i de 8:30h a 16h ( dijous i divendres )<\/li>\n<li><strong>2n curs:<\/strong> dijous de 8:30h a 17h i divendres de 10:30h a 17h.<\/li>\n<\/ul>\n<p><strong>Requeriments per accedir al cicle formatiu<\/strong><\/p>\n<ul>\n<li><span style=\"font-family: inherit; font-size: 1em;\">Alumnes amb el graduat en ESO.<\/span><\/li>\n<li>Mitjan\u00e7ant la prova d\u2019acc\u00e9s.<\/li>\n<li>Curs d\u2019acc\u00e9s als cicles de grau mitj\u00e0 -CAM- (duraci\u00f3 un any).<\/li>\n<\/ul>\n<p><strong>Relaci\u00f3 de m\u00f2duls professionals:<\/strong><\/p>\n<table class=\" aligncenter\" style=\"height: 424px; width: 56.7577%; border-collapse: collapse;\">\n<tbody>\n<tr style=\"height: 32px;\">\n<td style=\"width: 13.2788%; height: 32px; text-align: center;\"><strong>M\u00f2dul P.<\/strong><\/td>\n<td style=\"width: 37.9437%; height: 32px;\"><strong>Denominaci\u00f3<\/strong><\/td>\n<td style=\"width: 1.7301%; height: 32px; text-align: center;\"><strong>Curs<\/strong><\/td>\n<td style=\"width: 7.14221%; height: 32px; text-align: center;\"><strong>Hores<\/strong><\/td>\n<\/tr>\n<tr style=\"height: 32px;\">\n<td style=\"width: 13.2788%; height: 32px; text-align: center;\">232<\/td>\n<td style=\"width: 37.9437%; height: 32px; text-align: center;\">Automatismes Industrials<\/td>\n<td style=\"width: 1.7301%; height: 32px; text-align: center;\">Primer<\/td>\n<td style=\"width: 7.14221%; height: 32px; text-align: center;\">165<\/td>\n<\/tr>\n<tr style=\"height: 32px;\">\n<td style=\"width: 13.2788%; height: 32px; text-align: center;\">235<\/td>\n<td style=\"width: 37.9437%; height: 32px; text-align: center;\">Instal\u00b7lacions Solars Fotovoltaiques<\/td>\n<td style=\"width: 1.7301%; height: 32px; text-align: center;\">Primer<\/td>\n<td style=\"width: 7.14221%; height: 32px; text-align: center;\">198<\/td>\n<\/tr>\n<tr style=\"height: 10px;\">\n<td style=\"width: 13.2788%; height: 10px; text-align: center;\">239<\/td>\n<td style=\"width: 37.9437%; height: 10px; text-align: center;\">Instal\u00b7lacions Solars Foltovoltaiques<\/td>\n<td style=\"width: 1.7301%; height: 10px; text-align: center;\">Primer<\/td>\n<td style=\"width: 7.14221%; height: 10px; text-align: center;\">66<\/td>\n<\/tr>\n<tr style=\"height: 32px;\">\n<td style=\"width: 13.2788%; height: 32px; text-align: center;\">233<\/td>\n<td style=\"width: 37.9437%; height: 32px; text-align: center;\">Electr\u00f2nica<\/td>\n<td style=\"width: 1.7301%; height: 32px; text-align: center;\">Primer<\/td>\n<td style=\"width: 7.14221%; height: 32px; text-align: center;\">66<\/td>\n<\/tr>\n<tr style=\"height: 32px;\">\n<td style=\"width: 13.2788%; height: 32px; text-align: center;\">234<\/td>\n<td style=\"width: 37.9437%; height: 32px; text-align: center;\">Electrot\u00e8cnia<\/td>\n<td style=\"width: 1.7301%; height: 32px; text-align: center;\">Primer<\/td>\n<td style=\"width: 7.14221%; height: 32px; text-align: center;\">66<\/td>\n<\/tr>\n<tr style=\"height: 10px;\">\n<td style=\"width: 13.2788%; height: 10px; text-align: center;\">1664<\/td>\n<td style=\"width: 37.9437%; height: 10px; text-align: center;\">Digitalitzaci\u00f3 Aplicada als Sectors Productius<\/td>\n<td style=\"width: 1.7301%; height: 10px; text-align: center;\">Primer<\/td>\n<td style=\"width: 7.14221%; height: 10px; text-align: center;\">33<\/td>\n<\/tr>\n<tr style=\"height: 10px;\">\n<td style=\"width: 13.2788%; height: 10px; text-align: center;\">1708<\/td>\n<td style=\"width: 37.9437%; height: 10px; text-align: center;\">Sostenibilitat Aplicada al Sistema Productiu<\/td>\n<td style=\"width: 1.7301%; height: 10px; text-align: center;\">Primer<\/td>\n<td style=\"width: 7.14221%; height: 10px; text-align: center;\">33<\/td>\n<\/tr>\n<tr style=\"height: 32px;\">\n<td style=\"width: 13.2788%; height: 32px; text-align: center;\">156<\/td>\n<td style=\"width: 37.9437%; height: 32px; text-align: center;\">Angl\u00e8s professional<\/td>\n<td style=\"width: 1.7301%; height: 32px; text-align: center;\">Primer<\/td>\n<td style=\"width: 7.14221%; height: 32px; text-align: center;\">66<\/td>\n<\/tr>\n<tr style=\"height: 10px;\">\n<td style=\"width: 13.2788%; height: 10px; text-align: center;\">1709<\/td>\n<td style=\"width: 37.9437%; height: 10px; text-align: center;\">Itinerari personal per a l&#8217;ocupabilitat I<\/td>\n<td style=\"width: 1.7301%; height: 10px; text-align: center;\">Primer<\/td>\n<td style=\"width: 7.14221%; height: 10px; text-align: center;\">99<\/td>\n<\/tr>\n<tr style=\"height: 32px;\">\n<td style=\"width: 13.2788%; height: 32px; text-align: center;\">236<\/td>\n<td style=\"width: 37.9437%; height: 32px; text-align: center;\">Instal\u00b7lacions de Distribuci\u00f3<\/td>\n<td style=\"width: 1.7301%; height: 32px; text-align: center;\">Segon<\/td>\n<td style=\"width: 7.14221%; height: 32px; text-align: center;\">66<\/td>\n<\/tr>\n<tr style=\"height: 32px;\">\n<td style=\"width: 13.2788%; height: 32px; text-align: center;\">237<\/td>\n<td style=\"width: 37.9437%; height: 32px; text-align: center;\">Infraestructures Comunes de Telecomunicacions en Habitatges i Edificis<\/td>\n<td style=\"width: 1.7301%; height: 32px; text-align: center;\">Segon<\/td>\n<td style=\"width: 7.14221%; height: 32px; text-align: center;\">66<\/td>\n<\/tr>\n<tr style=\"height: 32px;\">\n<td style=\"width: 13.2788%; height: 32px; text-align: center;\">238<\/td>\n<td style=\"width: 37.9437%; height: 32px; text-align: center;\">Instal\u00b7lacions Dom\u00f2tiques<\/td>\n<td style=\"width: 1.7301%; height: 32px; text-align: center;\">Segon<\/td>\n<td style=\"width: 7.14221%; height: 32px; text-align: center;\">66<\/td>\n<\/tr>\n<tr style=\"height: 32px;\">\n<td style=\"width: 13.2788%; height: 32px; text-align: center;\">240<\/td>\n<td style=\"width: 37.9437%; height: 32px; text-align: center;\">M\u00e0quines El\u00e8ctriques<\/td>\n<td style=\"width: 1.7301%; height: 32px; text-align: center;\">Segon<\/td>\n<td style=\"width: 7.14221%; height: 32px; text-align: center;\">66<\/td>\n<\/tr>\n<tr style=\"height: 32px;\">\n<td style=\"width: 13.2788%; height: 32px; text-align: center;\">1713<\/td>\n<td style=\"width: 37.9437%; height: 32px; text-align: center;\">Projecte Intermodular<\/td>\n<td style=\"width: 1.7301%; height: 32px; text-align: center;\">Segon<\/td>\n<td style=\"width: 7.14221%; height: 32px; text-align: center;\">198<\/td>\n<\/tr>\n<tr style=\"height: 32px;\">\n<td style=\"width: 13.2788%; height: 32px; text-align: center;\">1710<\/td>\n<td style=\"width: 37.9437%; height: 32px; text-align: center;\">Itinerari personal per a l\u2019ocupabilitat II<\/td>\n<td style=\"width: 1.7301%; height: 32px; text-align: center;\">Segon<\/td>\n<td style=\"width: 7.14221%; height: 32px; text-align: center;\">66<\/td>\n<\/tr>\n<\/tbody>\n<\/table>\n<p>&nbsp;<\/p>\n<p>&nbsp;<\/p>\n<p>&nbsp;<\/p>\n<p><span style=\"color: #000000;\"><strong>Llibres de text \u00a0recomanats per l\u2019alumnat de 1r CFGM: <\/strong><\/span><\/p>\n<table>\n<thead>\n<tr>\n<td><strong>ISBN<\/strong><\/td>\n<td><strong>T\u00cdTOL<\/strong><\/td>\n<td><strong>AUTOR\/S<\/strong><\/td>\n<td><strong>EDITORIAL<\/strong><\/td>\n<td><strong>TIPUS<\/strong><\/td>\n<td><strong>MAT\u00c8RIA<\/strong><\/td>\n<\/tr>\n<tr>\n<td>9788411349376<\/td>\n<td>Itinerari Personal per l\u2019Ocupabilitat I 360\u00ba -2024<\/td>\n<td>Mar\u00eda Eugenia Caldas Blanco, Mar\u00eda Luisa Hidalgo Ortega, Jes\u00fas Lara\u00f1o D\u00edaz<\/td>\n<td>EDITEX<\/td>\n<td>Llibre de text<\/td>\n<td>Itinerari Personal per l\u2019Ocupabilitat I<\/td>\n<\/tr>\n<\/thead>\n<tbody>\n<tr>\n<td>9788411349314<\/td>\n<td>Digitalitzaci\u00f3 Aplicada als Sectors Productius GM-2024<\/td>\n<td>Manuel Charlo Reyes<\/td>\n<td>EDITEX<\/td>\n<td>Llibre de text<\/td>\n<td>Digitalitzaci\u00f3 aplicada als Sectors Productius<\/td>\n<\/tr>\n<tr>\n<td>9788426728333<\/td>\n<td>Electrot\u00e8cnia (2a edici\u00f3)<\/td>\n<td>Herminio Mart\u00ednez Garc\u00eda\u00a0;\u00a0Joan Domingo Pe\u00f1a\u00a0;\u00a0Jos\u00e9 Luis Duran Moyan<\/p>\n<p>&nbsp;<\/td>\n<td>Marcombo<\/td>\n<td>Llibre de text<\/td>\n<td>Electrot\u00e8cnia<\/td>\n<\/tr>\n<\/tbody>\n<\/table>\n<p>&nbsp;<\/p>\n<p><strong>Llibres de text \u00a0recomanats per l\u2019alumnat de 2n CFGM: <\/strong><\/p>\n<table>\n<thead>\n<tr>\n<td><strong>ISBN<\/strong><\/td>\n<td><strong>T\u00cdTOL<\/strong><\/td>\n<td><strong>AUTOR\/S<\/strong><\/td>\n<td><strong>EDITORIAL<\/strong><\/td>\n<td><strong>TIPUS<\/strong><\/td>\n<td><strong>MAT\u00c8RIA<\/strong><\/td>\n<\/tr>\n<tr>\n<td>9788410592612<\/td>\n<td>Itinerari Personal per l\u2019Ocupabilitat II-2025<\/td>\n<td>Mar\u00eda Eugenia Caldas Blanco, Mar\u00eda Luisa Hidalgo Ortega, Jes\u00fas Lara\u00f1o D\u00edaz<\/td>\n<td>EDITEX<\/td>\n<td>Llibre de text<\/td>\n<td>Itinerari Personal per l\u2019Ocupabilitat II<\/td>\n<\/tr>\n<tr>\n<td>9788410592728<\/td>\n<td>Instalaciones solares fotovoltaicas &#8211; Novedad 2025<\/td>\n<td>Mario Baselga Carreras<\/td>\n<td>EDITEX<\/td>\n<td>Llibre de text<\/td>\n<td>Instal\u00b7lacions solars fotovoltaiques<\/td>\n<\/tr>\n<tr>\n<td>9788410592735<\/td>\n<td>Instalaciones de distribuci\u00f3n &#8211; Novedad 2025<\/td>\n<td>Juan Eduardo Gonz\u00e1lez Caturia, Sebasti\u00e1n Terol Sanz, Miguel Pareja Aparicio, Julio Llibrer Ferrer<\/td>\n<td>EDITEX<\/td>\n<td>Llibre de text<\/td>\n<td>Instal\u00b7lacions de distribuci\u00f3<\/td>\n<\/tr>\n<tr>\n<td>9788411345057<\/td>\n<td>Instalaciones dom\u00f3ticas 2023<\/td>\n<td>Juan Carlos Mart\u00edn Castillo, Rub\u00e9n Ayesa \u00c1lvarez<\/td>\n<td>EDITEX<\/td>\n<td>Llibre de text<\/td>\n<td>Instal\u00b7lacions dom\u00f2tiques<\/td>\n<\/tr>\n<tr>\n<td>9788426739971<\/td>\n<td>M\u00e1quinas el\u00e9ctricas<\/td>\n<td>Miguel Pareja Aparicio, Rafael Pareja Aparicio, Alejandro Ca\u00f1ete Jim\u00e9nez<\/td>\n<td>MARCOMBO<\/td>\n<td>Llibre de text<\/td>\n<td>M\u00e0quines el\u00e8ctriques<\/td>\n<\/tr>\n<\/thead>\n<\/table>\n<p>&nbsp;<\/p>\n<p><a href=\"https:\/\/agora.xtec.cat\/institutescolaoliana\/wp-content\/uploads\/usu2649\/2025\/03\/Triptic-CFGM-IEA_Pagina_1-scaled.jpg\"><img loading=\"lazy\" decoding=\"async\" class=\"alignnone size-large wp-image-2025\" src=\"https:\/\/agora.xtec.cat\/institutescolaoliana\/wp-content\/uploads\/usu2649\/2025\/03\/Triptic-CFGM-IEA_Pagina_1-1024x725.jpg\" alt=\"\" width=\"1024\" height=\"725\" srcset=\"https:\/\/agora.xtec.cat\/institutescolaoliana\/wp-content\/uploads\/usu2649\/2025\/03\/Triptic-CFGM-IEA_Pagina_1-1024x725.jpg 1024w, https:\/\/agora.xtec.cat\/institutescolaoliana\/wp-content\/uploads\/usu2649\/2025\/03\/Triptic-CFGM-IEA_Pagina_1-300x212.jpg 300w, https:\/\/agora.xtec.cat\/institutescolaoliana\/wp-content\/uploads\/usu2649\/2025\/03\/Triptic-CFGM-IEA_Pagina_1-768x543.jpg 768w, https:\/\/agora.xtec.cat\/institutescolaoliana\/wp-content\/uploads\/usu2649\/2025\/03\/Triptic-CFGM-IEA_Pagina_1-1536x1087.jpg 1536w, https:\/\/agora.xtec.cat\/institutescolaoliana\/wp-content\/uploads\/usu2649\/2025\/03\/Triptic-CFGM-IEA_Pagina_1-2048x1449.jpg 2048w\" sizes=\"auto, (max-width: 1024px) 100vw, 1024px\" \/><\/a> <a href=\"https:\/\/agora.xtec.cat\/institutescolaoliana\/wp-content\/uploads\/usu2649\/2025\/03\/Triptic-CFGM-IEA_Pagina_2-scaled.jpg\"><img loading=\"lazy\" decoding=\"async\" class=\"alignnone size-large wp-image-2026\" src=\"https:\/\/agora.xtec.cat\/institutescolaoliana\/wp-content\/uploads\/usu2649\/2025\/03\/Triptic-CFGM-IEA_Pagina_2-1024x725.jpg\" alt=\"\" width=\"1024\" height=\"725\" srcset=\"https:\/\/agora.xtec.cat\/institutescolaoliana\/wp-content\/uploads\/usu2649\/2025\/03\/Triptic-CFGM-IEA_Pagina_2-1024x725.jpg 1024w, https:\/\/agora.xtec.cat\/institutescolaoliana\/wp-content\/uploads\/usu2649\/2025\/03\/Triptic-CFGM-IEA_Pagina_2-300x212.jpg 300w, https:\/\/agora.xtec.cat\/institutescolaoliana\/wp-content\/uploads\/usu2649\/2025\/03\/Triptic-CFGM-IEA_Pagina_2-768x543.jpg 768w, https:\/\/agora.xtec.cat\/institutescolaoliana\/wp-content\/uploads\/usu2649\/2025\/03\/Triptic-CFGM-IEA_Pagina_2-1536x1087.jpg 1536w, https:\/\/agora.xtec.cat\/institutescolaoliana\/wp-content\/uploads\/usu2649\/2025\/03\/Triptic-CFGM-IEA_Pagina_2-2048x1449.jpg 2048w\" sizes=\"auto, (max-width: 1024px) 100vw, 1024px\" \/><\/a><\/p>\n","protected":false},"excerpt":{"rendered":"<p>Titulaci\u00f3<\/p>\n<ul>\n<li>T\u00e8cnic o t\u00e8cnica en instal\u00b7lacions el\u00e8ctriques autom\u00e0tiques.<\/li>\n<li>Muntatge d\u2019instal\u00b7lacions interiors per ind\u00fastries i habitatges.<\/li>\n<\/ul>\n<p>Aquesta titulaci\u00f3 permet:<\/p>\n<ul>\n<li>Accedir a un treball de t\u00e8cnic o t\u00e8cnica.<\/li>\n<li>Cursar un altre cicle formatiu de grau mitj\u00e0.<\/li>\n<li>Accedir a un cicle formatiu de grau superior amb determinades condicions, o accedir al batxillerat (les mat\u00e8ries&hellip;  <a href=\"https:\/\/agora.xtec.cat\/institutescolaoliana\/estudis\/cfgm-installacions-electriques-i-automatiques\/\" title=\"Read CFGM &#8211; Instal\u00b7lacions El\u00e8ctriques i Autom\u00e0tiques\">Llegeix m\u00e9s\u00bb<\/a><br \/>\n","protected":false},"author":7,"featured_media":0,"parent":195,"menu_order":4,"comment_status":"closed","ping_status":"closed","template":"page-templates\/side-menu.php","meta":{"_bbp_topic_count":0,"_bbp_reply_count":0,"_bbp_total_topic_count":0,"_bbp_total_reply_count":0,"_bbp_voice_count":0,"_bbp_anonymous_reply_count":0,"_bbp_topic_count_hidden":0,"_bbp_reply_count_hidden":0,"_bbp_forum_subforum_count":0,"footnotes":""},"class_list":["post-1596","page","type-page","status-publish","hentry"],"post_mailing_queue_ids":[],"_links":{"self":[{"href":"https:\/\/agora.xtec.cat\/institutescolaoliana\/wp-json\/wp\/v2\/pages\/1596","targetHints":{"allow":["GET"]}}],"collection":[{"href":"https:\/\/agora.xtec.cat\/institutescolaoliana\/wp-json\/wp\/v2\/pages"}],"about":[{"href":"https:\/\/agora.xtec.cat\/institutescolaoliana\/wp-json\/wp\/v2\/types\/page"}],"author":[{"embeddable":true,"href":"https:\/\/agora.xtec.cat\/institutescolaoliana\/wp-json\/wp\/v2\/users\/7"}],"replies":[{"embeddable":true,"href":"https:\/\/agora.xtec.cat\/institutescolaoliana\/wp-json\/wp\/v2\/comments?post=1596"}],"version-history":[{"count":6,"href":"https:\/\/agora.xtec.cat\/institutescolaoliana\/wp-json\/wp\/v2\/pages\/1596\/revisions"}],"predecessor-version":[{"id":2519,"href":"https:\/\/agora.xtec.cat\/institutescolaoliana\/wp-json\/wp\/v2\/pages\/1596\/revisions\/2519"}],"up":[{"embeddable":true,"href":"https:\/\/agora.xtec.cat\/institutescolaoliana\/wp-json\/wp\/v2\/pages\/195"}],"wp:attachment":[{"href":"https:\/\/agora.xtec.cat\/institutescolaoliana\/wp-json\/wp\/v2\/media?parent=1596"}],"curies":[{"name":"wp","href":"https:\/\/api.w.org\/{rel}","templated":true}]}}