{"id":9444,"date":"2023-07-11T10:34:02","date_gmt":"2023-07-11T08:34:02","guid":{"rendered":"https:\/\/agora.xtec.cat\/institutescolamossencinto\/?page_id=9444"},"modified":"2023-07-11T10:41:24","modified_gmt":"2023-07-11T08:41:24","slug":"documents-per-demanar-la-simultaneitat-destudis-deso","status":"publish","type":"page","link":"https:\/\/agora.xtec.cat\/institutescolamossencinto\/secretaria-2\/documents-per-demanar-la-simultaneitat-destudis-deso\/","title":{"rendered":"Documents per demanar la simultane\u00eftat d&#8217;estudis d&#8217;ESO"},"content":{"rendered":"<p style=\"text-align: justify;\">L&#8217;alumnat que cursa l&#8217;ESO i, simult\u00e0niament, <strong>estudis de m\u00fasica i\/o dansa<\/strong> en conservatoris, centres professionals o escoles de m\u00fasica autoritzades, poden sol\u00b7licitar la convalidaci\u00f3 o el reconeixement de mat\u00e8ries d&#8217;ESO en els termes que s&#8217;indiquen en aquests documents que adjuntem. At\u00e8s que totes aquestes possibilitats es fonamenten en el fet de simultaniejar estudis ordinaris amb els estudis de m\u00fasica i\/o dansa, la sol\u00b7licitud s&#8217;ha de renovar cada curs. Els alumnes que ho vulguin poden sol\u00b7licitar la convalidaci\u00f3 o el reconeixement d&#8217;un nombre d&#8217;hores inferior a aquell a qu\u00e8 tenen dret.<\/p>\n<p><strong><a href=\"https:\/\/drive.google.com\/file\/d\/1QBPzxK3yNmYRDB1UniYtzN9tSNq8f0k8\/view?usp=sharing\" target=\"_blank\" rel=\"noopener\">Document amb la informaci\u00f3 gen\u00e8rica<\/a><\/strong><\/p>\n<p><strong><a href=\"https:\/\/drive.google.com\/drive\/folders\/1QXPQz7YB5wfZD_-Xbc75j2lU3p8qeyG5?usp=sharing\" target=\"_blank\" rel=\"noopener\">Sol\u00b7licitud d&#8217;estudis de m\u00fasica<\/a><\/strong><\/p>\n<p><strong><a href=\"https:\/\/drive.google.com\/drive\/folders\/1oSXEMSNHy9f6f45MQGZYpRC_tE8cFZEH?usp=sharing\" target=\"_blank\" rel=\"noopener\">Sol\u00b7licitud d&#8217;estudis de dansa<\/a><\/strong><\/p>\n<p>&nbsp;<\/p>\n","protected":false},"excerpt":{"rendered":"<p>L&#8217;alumnat que cursa l&#8217;ESO i, simult\u00e0niament, estudis de m\u00fasica i\/o dansa en conservatoris, centres professionals o escoles de m\u00fasica autoritzades, poden sol\u00b7licitar la convalidaci\u00f3 o el reconeixement de mat\u00e8ries d&#8217;ESO en els termes que s&#8217;indiquen en aquests documents que adjuntem. At\u00e8s que totes aquestes possibilitats es fonamenten en el fet de simultaniejar estudis ordinaris amb [&hellip;]<\/p>\n","protected":false},"author":1,"featured_media":0,"parent":5274,"menu_order":0,"comment_status":"closed","ping_status":"closed","template":"","meta":{"_bbp_topic_count":0,"_bbp_reply_count":0,"_bbp_total_topic_count":0,"_bbp_total_reply_count":0,"_bbp_voice_count":0,"_bbp_anonymous_reply_count":0,"_bbp_topic_count_hidden":0,"_bbp_reply_count_hidden":0,"_bbp_forum_subforum_count":0,"site-sidebar-layout":"default","site-content-layout":"","ast-site-content-layout":"","site-content-style":"default","site-sidebar-style":"default","ast-global-header-display":"","ast-banner-title-visibility":"","ast-main-header-display":"","ast-hfb-above-header-display":"","ast-hfb-below-header-display":"","ast-hfb-mobile-header-display":"","site-post-title":"","ast-breadcrumbs-content":"","ast-featured-img":"","footer-sml-layout":"","theme-transparent-header-meta":"","adv-header-id-meta":"","stick-header-meta":"","header-above-stick-meta":"","header-main-stick-meta":"","header-below-stick-meta":"","astra-migrate-meta-layouts":"default","ast-page-background-enabled":"default","ast-page-background-meta":{"desktop":{"background-color":"var(--ast-global-color-4)","background-image":"","background-repeat":"repeat","background-position":"center center","background-size":"auto","background-attachment":"scroll","background-type":"","background-media":"","overlay-type":"","overlay-color":"","overlay-opacity":"","overlay-gradient":""},"tablet":{"background-color":"","background-image":"","background-repeat":"repeat","background-position":"center center","background-size":"auto","background-attachment":"scroll","background-type":"","background-media":"","overlay-type":"","overlay-color":"","overlay-opacity":"","overlay-gradient":""},"mobile":{"background-color":"","background-image":"","background-repeat":"repeat","background-position":"center center","background-size":"auto","background-attachment":"scroll","background-type":"","background-media":"","overlay-type":"","overlay-color":"","overlay-opacity":"","overlay-gradient":""}},"ast-content-background-meta":{"desktop":{"background-color":"var(--ast-global-color-5)","background-image":"","background-repeat":"repeat","background-position":"center center","background-size":"auto","background-attachment":"scroll","background-type":"","background-media":"","overlay-type":"","overlay-color":"","overlay-opacity":"","overlay-gradient":""},"tablet":{"background-color":"var(--ast-global-color-5)","background-image":"","background-repeat":"repeat","background-position":"center center","background-size":"auto","background-attachment":"scroll","background-type":"","background-media":"","overlay-type":"","overlay-color":"","overlay-opacity":"","overlay-gradient":""},"mobile":{"background-color":"var(--ast-global-color-5)","background-image":"","background-repeat":"repeat","background-position":"center center","background-size":"auto","background-attachment":"scroll","background-type":"","background-media":"","overlay-type":"","overlay-color":"","overlay-opacity":"","overlay-gradient":""}},"footnotes":""},"class_list":["post-9444","page","type-page","status-publish","hentry"],"post_mailing_queue_ids":[],"_links":{"self":[{"href":"https:\/\/agora.xtec.cat\/institutescolamossencinto\/wp-json\/wp\/v2\/pages\/9444","targetHints":{"allow":["GET"]}}],"collection":[{"href":"https:\/\/agora.xtec.cat\/institutescolamossencinto\/wp-json\/wp\/v2\/pages"}],"about":[{"href":"https:\/\/agora.xtec.cat\/institutescolamossencinto\/wp-json\/wp\/v2\/types\/page"}],"author":[{"embeddable":true,"href":"https:\/\/agora.xtec.cat\/institutescolamossencinto\/wp-json\/wp\/v2\/users\/1"}],"replies":[{"embeddable":true,"href":"https:\/\/agora.xtec.cat\/institutescolamossencinto\/wp-json\/wp\/v2\/comments?post=9444"}],"version-history":[{"count":3,"href":"https:\/\/agora.xtec.cat\/institutescolamossencinto\/wp-json\/wp\/v2\/pages\/9444\/revisions"}],"predecessor-version":[{"id":9447,"href":"https:\/\/agora.xtec.cat\/institutescolamossencinto\/wp-json\/wp\/v2\/pages\/9444\/revisions\/9447"}],"up":[{"embeddable":true,"href":"https:\/\/agora.xtec.cat\/institutescolamossencinto\/wp-json\/wp\/v2\/pages\/5274"}],"wp:attachment":[{"href":"https:\/\/agora.xtec.cat\/institutescolamossencinto\/wp-json\/wp\/v2\/media?parent=9444"}],"curies":[{"name":"wp","href":"https:\/\/api.w.org\/{rel}","templated":true}]}}