{"id":9320,"date":"2023-06-05T10:35:49","date_gmt":"2023-06-05T08:35:49","guid":{"rendered":"https:\/\/agora.xtec.cat\/institutescolamossencinto\/?page_id=9320"},"modified":"2023-06-26T09:44:02","modified_gmt":"2023-06-26T07:44:02","slug":"edc","status":"publish","type":"page","link":"https:\/\/agora.xtec.cat\/institutescolamossencinto\/projecte-educatiu\/edc\/","title":{"rendered":"EDC"},"content":{"rendered":"<h1><span style=\"color: #800080;\"><strong>Estrat\u00e8gia Digital de Centre<\/strong><\/span><\/h1>\n<p dir=\"ltr\" style=\"text-align: justify;\">En el PEC s&#8217;expliquen els objectius i la identitat general del centre, serveix per orientar les activita<a href=\"https:\/\/sites.google.com\/xtec.cat\/edc-mossen-cinto\/presentaci%C3%B3-de-ledc\"><img loading=\"lazy\" decoding=\"async\" class=\"alignright wp-image-9421\" src=\"https:\/\/agora.xtec.cat\/institutescolamossencinto\/wp-content\/uploads\/usu1440\/2023\/06\/logo.jpg\" alt=\"\" width=\"138\" height=\"139\" srcset=\"https:\/\/agora.xtec.cat\/institutescolamossencinto\/wp-content\/uploads\/usu1440\/2023\/06\/logo.jpg 316w, https:\/\/agora.xtec.cat\/institutescolamossencinto\/wp-content\/uploads\/usu1440\/2023\/06\/logo-298x300.jpg 298w, https:\/\/agora.xtec.cat\/institutescolamossencinto\/wp-content\/uploads\/usu1440\/2023\/06\/logo-150x150.jpg 150w\" sizes=\"auto, (max-width: 138px) 100vw, 138px\" \/><\/a>ts i impulsa la col\u00b7laboraci\u00f3 entre els diversos sectors de la comunitat educativa. Pel que fa als aspectes sobre tecnologia digital, cal tenir en compte que el centre fa anys que ha fet una clara aposta per la digitalitzaci\u00f3 del centre. Aix\u00ed, tot l&#8217;alumnat des de CI i el professorat disposa d&#8217;un usuari de centre @iemossencinto, que els permet tenir serveis com s\u00f3n el correu electr\u00f2nic, l&#8217;acc\u00e9s als classrooms o l&#8217;emmagatzematge al n\u00favol. Amb aquests usuaris es realitza la comunicaci\u00f3 entre docents, alumnes i fam\u00edlies, treball d&#8217;aules del centre,&#8230;<\/p>\n<p dir=\"ltr\" style=\"text-align: justify;\">Des de CS fins a finals de la ESO, utilitzem el model 1&#215;1 del pla de desenvolupament digital promocionat des del Departament d&#8217;Educaci\u00f3. Des del centre, tenim a disposici\u00f3 per la resta de l&#8217;alumnat dispositius suficients (tauletes, Chromebooks, port\u00e0tils i ordinadors de sobretaula) per realitzar les tasques educatives. De la mateixa manera, el professorat disposa d&#8217;un ordinador port\u00e0til cedit pel Departament.<\/p>\n<p dir=\"ltr\" style=\"text-align: justify;\">En totes les aules del centre disposem de projectors o panells interactius, esperant l&#8217;actualitzaci\u00f3 de dotaci\u00f3 de tots els dispositius digitals de l&#8217;I.E.<\/p>\n<div class=\"ast-oembed-container \" style=\"height: 100%;\"><iframe loading=\"lazy\" title=\"Estrat\u00e8gia digital de centre\" width=\"500\" height=\"281\" src=\"https:\/\/www.youtube.com\/embed\/uS5UUZIYLPQ?feature=oembed\" frameborder=\"0\" allow=\"accelerometer; autoplay; clipboard-write; encrypted-media; gyroscope; picture-in-picture; web-share\" referrerpolicy=\"strict-origin-when-cross-origin\" allowfullscreen><\/iframe><\/div>\n<p>&nbsp;<\/p>\n","protected":false},"excerpt":{"rendered":"<p>Estrat\u00e8gia Digital de Centre En el PEC s&#8217;expliquen els objectius i la identitat general del centre, serveix per orientar les activitats i impulsa la col\u00b7laboraci\u00f3 entre els diversos sectors de la comunitat educativa. Pel que fa als aspectes sobre tecnologia digital, cal tenir en compte que el centre fa anys que ha fet una clara [&hellip;]<\/p>\n","protected":false},"author":1,"featured_media":0,"parent":64,"menu_order":50,"comment_status":"closed","ping_status":"closed","template":"page-templates\/side-menu.php","meta":{"_bbp_topic_count":0,"_bbp_reply_count":0,"_bbp_total_topic_count":0,"_bbp_total_reply_count":0,"_bbp_voice_count":0,"_bbp_anonymous_reply_count":0,"_bbp_topic_count_hidden":0,"_bbp_reply_count_hidden":0,"_bbp_forum_subforum_count":0,"site-sidebar-layout":"default","site-content-layout":"","ast-site-content-layout":"","site-content-style":"default","site-sidebar-style":"default","ast-global-header-display":"","ast-banner-title-visibility":"","ast-main-header-display":"","ast-hfb-above-header-display":"","ast-hfb-below-header-display":"","ast-hfb-mobile-header-display":"","site-post-title":"","ast-breadcrumbs-content":"","ast-featured-img":"","footer-sml-layout":"","theme-transparent-header-meta":"","adv-header-id-meta":"","stick-header-meta":"","header-above-stick-meta":"","header-main-stick-meta":"","header-below-stick-meta":"","astra-migrate-meta-layouts":"default","ast-page-background-enabled":"default","ast-page-background-meta":{"desktop":{"background-color":"var(--ast-global-color-4)","background-image":"","background-repeat":"repeat","background-position":"center center","background-size":"auto","background-attachment":"scroll","background-type":"","background-media":"","overlay-type":"","overlay-color":"","overlay-opacity":"","overlay-gradient":""},"tablet":{"background-color":"","background-image":"","background-repeat":"repeat","background-position":"center center","background-size":"auto","background-attachment":"scroll","background-type":"","background-media":"","overlay-type":"","overlay-color":"","overlay-opacity":"","overlay-gradient":""},"mobile":{"background-color":"","background-image":"","background-repeat":"repeat","background-position":"center center","background-size":"auto","background-attachment":"scroll","background-type":"","background-media":"","overlay-type":"","overlay-color":"","overlay-opacity":"","overlay-gradient":""}},"ast-content-background-meta":{"desktop":{"background-color":"var(--ast-global-color-5)","background-image":"","background-repeat":"repeat","background-position":"center center","background-size":"auto","background-attachment":"scroll","background-type":"","background-media":"","overlay-type":"","overlay-color":"","overlay-opacity":"","overlay-gradient":""},"tablet":{"background-color":"var(--ast-global-color-5)","background-image":"","background-repeat":"repeat","background-position":"center center","background-size":"auto","background-attachment":"scroll","background-type":"","background-media":"","overlay-type":"","overlay-color":"","overlay-opacity":"","overlay-gradient":""},"mobile":{"background-color":"var(--ast-global-color-5)","background-image":"","background-repeat":"repeat","background-position":"center center","background-size":"auto","background-attachment":"scroll","background-type":"","background-media":"","overlay-type":"","overlay-color":"","overlay-opacity":"","overlay-gradient":""}},"footnotes":""},"class_list":["post-9320","page","type-page","status-publish","hentry"],"post_mailing_queue_ids":[],"_links":{"self":[{"href":"https:\/\/agora.xtec.cat\/institutescolamossencinto\/wp-json\/wp\/v2\/pages\/9320","targetHints":{"allow":["GET"]}}],"collection":[{"href":"https:\/\/agora.xtec.cat\/institutescolamossencinto\/wp-json\/wp\/v2\/pages"}],"about":[{"href":"https:\/\/agora.xtec.cat\/institutescolamossencinto\/wp-json\/wp\/v2\/types\/page"}],"author":[{"embeddable":true,"href":"https:\/\/agora.xtec.cat\/institutescolamossencinto\/wp-json\/wp\/v2\/users\/1"}],"replies":[{"embeddable":true,"href":"https:\/\/agora.xtec.cat\/institutescolamossencinto\/wp-json\/wp\/v2\/comments?post=9320"}],"version-history":[{"count":3,"href":"https:\/\/agora.xtec.cat\/institutescolamossencinto\/wp-json\/wp\/v2\/pages\/9320\/revisions"}],"predecessor-version":[{"id":9423,"href":"https:\/\/agora.xtec.cat\/institutescolamossencinto\/wp-json\/wp\/v2\/pages\/9320\/revisions\/9423"}],"up":[{"embeddable":true,"href":"https:\/\/agora.xtec.cat\/institutescolamossencinto\/wp-json\/wp\/v2\/pages\/64"}],"wp:attachment":[{"href":"https:\/\/agora.xtec.cat\/institutescolamossencinto\/wp-json\/wp\/v2\/media?parent=9320"}],"curies":[{"name":"wp","href":"https:\/\/api.w.org\/{rel}","templated":true}]}}