{"id":8835,"date":"2023-02-23T13:27:17","date_gmt":"2023-02-23T12:27:17","guid":{"rendered":"https:\/\/agora.xtec.cat\/institutescolamossencinto\/?page_id=8835"},"modified":"2023-06-05T10:44:57","modified_gmt":"2023-06-05T08:44:57","slug":"les-brigades","status":"publish","type":"page","link":"https:\/\/agora.xtec.cat\/institutescolamossencinto\/linia-educativa\/com-treballem-a-eso\/les-brigades\/","title":{"rendered":"El servei comunitari intern"},"content":{"rendered":"<p><span style=\"font-weight: 400;\">Les Brigades de l\u2019Institut Escola Moss\u00e8n Cinto estan dissenyades com un espai on l\u2019alumnat duu a terme accions que tenen un impacte positiu en la comunitat educativa.<\/span><\/p>\n<p><span style=\"font-weight: 400;\">Oferim un ventall de brigades ampli, per tal de mobilitzar capacitats i destreses molt diverses. D\u2019aquesta manera tot l\u2019alumnat es pot sentir c\u00f2mode en algun d\u2019aquests espais.<\/span><\/p>\n<p><span style=\"font-weight: 400;\">Les brigades que s\u2019ofereixen van en funci\u00f3 del professorat que les imparteix i poden variar d\u2019un any a l\u2019altre. L\u2019alumnat fa una tria de brigades a l\u2019inici de curs i s\u2019assignen per dur-les a terme amb una durada anual. Es tracta d\u2019una franja multinivell, on es barreja l\u2019alumnat de totes les classes d\u2019ESO, per afavorir la cohesi\u00f3 i l\u2019intercanvi entre els diferents nivells educatius.\u00a0<\/span><\/p>\n<table>\n<tbody>\n<tr>\n<td><b>BRIGADES INSTITUT ESCOLA MOSS\u00c8N CINTO &#8211; CURS 22-23<\/b><\/td>\n<\/tr>\n<tr>\n<td><b>Hort escolar i jardineria<\/b><\/td>\n<\/tr>\n<tr>\n<td><span style=\"font-weight: 400;\">Prepareu les eines que pensarem, dissenyarem, construirem, cultivarem i tindrem cura d\u2019un hort creat per nosaltres i que se\u2019n podr\u00e0 beneficiar tot el centre! Aprendrem els diferents processos naturals que es donen en un hort i buscarem la manera de mantenir-lo durant tot l\u2019any buscant la implicaci\u00f3 de tota la comunitat per aprendre a treure\u2019n el m\u00e0xim rendiment.<\/span><\/td>\n<\/tr>\n<tr>\n<td><b>Periodisme i comunicaci\u00f3<\/b><\/td>\n<\/tr>\n<tr>\n<td><span style=\"font-weight: 400;\">Afina la veu, agafa la c\u00e0mera, l\u2019ordinador, el bol\u00edgraf i la llibreta i converteix-te en periodista! Forma part de l\u2019equip de comunicaci\u00f3 del centre i mou les xarxes socials i la p\u00e0gina web. A m\u00e9s, fes els teus primers passos com a periodista de r\u00e0dio i crea el teu podcast!<\/span><\/td>\n<\/tr>\n<tr>\n<td><b>Comissariat<\/b><\/td>\n<\/tr>\n<tr>\n<td><span style=\"font-weight: 400;\">T&#8217;imagines convertir el centre en una exposici\u00f3 d&#8217;art? Aquesta ser\u00e0 la tasca dels comissaris, us ocupareu de rebre les propostes que es produeixin a l&#8217;Institut Escola i muntar exposicions o adequar els espais per fer del centre una aut\u00e8ntica galeria d&#8217;art!\u00a0<\/span><\/td>\n<\/tr>\n<tr>\n<td><b>Manteniment<\/b><\/td>\n<\/tr>\n<tr>\n<td><span style=\"font-weight: 400;\">T&#8217;has trobat mai amb algun aparell trencat i no l&#8217;has pogut arreglar? Vols aprendre a reparar equips sense haver-los de comprar de nou? Aquesta brigada vol donar recursos per reparar, reconstruir i organitzar el manteniment del centre.<\/span><\/td>\n<\/tr>\n<tr>\n<td><b>Costura<\/b><\/td>\n<\/tr>\n<tr>\n<td><span style=\"font-weight: 400;\">Tens curiositat per veure com funciona una m\u00e0quina de cosir i fer les teves pr\u00f2pies creacions? Aprendr\u00e0s a fer patrons, tallar i cosir, despertar la teva creativitat i millorar les teves habilitats manuals.<\/span><\/td>\n<\/tr>\n<tr>\n<td><b>Mindfulness i moviment conscient<\/b><\/td>\n<\/tr>\n<tr>\n<td><span style=\"font-weight: 400;\">En aquest espai aprendr\u00e0s t\u00e8cniques per connectar amb el cos i la ment, en l\u2019aqu\u00ed i l\u2019ara, a trav\u00e9s de t\u00e8cniques com la meditaci\u00f3 guiada i l\u2019expressi\u00f3 corporal, deixant anar emocions, reconeixent-les, integrant-les i autogestionant-les. Tot aix\u00f2 et portar\u00e0 beneficis a nivell personal i acad\u00e8mic millorant la concentraci\u00f3, l\u2019atenci\u00f3 i la connexi\u00f3 amb tu mateix\/a i els altres.<\/span><\/td>\n<\/tr>\n<tr>\n<td><b>Club literari<\/b><\/td>\n<\/tr>\n<tr>\n<td><span style=\"font-weight: 400;\">Tal i com digu\u00e9 Emily Dickinson, \u2018la nau millor per a anar lluny sempre ser\u00e0 un bon llibre\u2019. Si t\u2019agrada viatjar a mons plens de fantasia, de misteri, de passi\u00f3 a trav\u00e9s d\u2019hist\u00f2ries liter\u00e0ries reals i fict\u00edcies, uneix-te al nostre Club Literari. En aquesta brigada podr\u00e0s crear enigmes literaris i fer <\/span><i><span style=\"font-weight: 400;\">treasure hunts<\/span><\/i><span style=\"font-weight: 400;\"> a partir de t\u00edtols coneguts i molts d\u2019altres per descobrir\u2026 Tamb\u00e9 podr\u00e0s fer recomanacions a trav\u00e9s de l\u2019Instagram literari, debatre sobre novel\u00b7les i relats i la seva versi\u00f3 audiovisual o cinematogr\u00e0fica, o simplement gaudir d\u2019una <\/span><span style=\"font-weight: 400;\">lectura compartida. Utilitzarem la lectura i els llibres com a eines de desenvolupament i creixement personal, i la lectura i les tert\u00falies liter\u00e0ries com a formes de lleure.\u00a0<\/span><\/td>\n<\/tr>\n<tr>\n<td><b>Som el que mengem<\/b><\/td>\n<\/tr>\n<tr>\n<td><span style=\"font-weight: 400;\">Ets conscient de la import\u00e0ncia de l\u2019alimentaci\u00f3? Saps quins productes s\u00f3n saludables i quins no? Uneix-te a aquesta brigada i descobrir\u00e0s quins aliments et convenen i quins cal evitar. A m\u00e9s, aprendrem a llegir les etiquetes dels aliments que trobem al supermercat i analitzarem all\u00f2 que consumim a diari. Promourem bons h\u00e0bits i conscienciarem a tots els que ens envolten de que som el que mengem!\u00a0<\/span><\/td>\n<\/tr>\n<\/tbody>\n<\/table>\n","protected":false},"excerpt":{"rendered":"<p>Les Brigades de l\u2019Institut Escola Moss\u00e8n Cinto estan dissenyades com un espai on l\u2019alumnat duu a terme accions que tenen un impacte positiu en la comunitat educativa. Oferim un ventall de brigades ampli, per tal de mobilitzar capacitats i destreses molt diverses. D\u2019aquesta manera tot l\u2019alumnat es pot sentir c\u00f2mode en algun d\u2019aquests espais. Les [&hellip;]<\/p>\n","protected":false},"author":1,"featured_media":0,"parent":8801,"menu_order":3,"comment_status":"closed","ping_status":"closed","template":"page-templates\/side-menu.php","meta":{"_bbp_topic_count":0,"_bbp_reply_count":0,"_bbp_total_topic_count":0,"_bbp_total_reply_count":0,"_bbp_voice_count":0,"_bbp_anonymous_reply_count":0,"_bbp_topic_count_hidden":0,"_bbp_reply_count_hidden":0,"_bbp_forum_subforum_count":0,"site-sidebar-layout":"default","site-content-layout":"","ast-site-content-layout":"","site-content-style":"default","site-sidebar-style":"default","ast-global-header-display":"","ast-banner-title-visibility":"","ast-main-header-display":"","ast-hfb-above-header-display":"","ast-hfb-below-header-display":"","ast-hfb-mobile-header-display":"","site-post-title":"","ast-breadcrumbs-content":"","ast-featured-img":"","footer-sml-layout":"","theme-transparent-header-meta":"","adv-header-id-meta":"","stick-header-meta":"","header-above-stick-meta":"","header-main-stick-meta":"","header-below-stick-meta":"","astra-migrate-meta-layouts":"default","ast-page-background-enabled":"default","ast-page-background-meta":{"desktop":{"background-color":"var(--ast-global-color-4)","background-image":"","background-repeat":"repeat","background-position":"center center","background-size":"auto","background-attachment":"scroll","background-type":"","background-media":"","overlay-type":"","overlay-color":"","overlay-opacity":"","overlay-gradient":""},"tablet":{"background-color":"","background-image":"","background-repeat":"repeat","background-position":"center center","background-size":"auto","background-attachment":"scroll","background-type":"","background-media":"","overlay-type":"","overlay-color":"","overlay-opacity":"","overlay-gradient":""},"mobile":{"background-color":"","background-image":"","background-repeat":"repeat","background-position":"center center","background-size":"auto","background-attachment":"scroll","background-type":"","background-media":"","overlay-type":"","overlay-color":"","overlay-opacity":"","overlay-gradient":""}},"ast-content-background-meta":{"desktop":{"background-color":"var(--ast-global-color-5)","background-image":"","background-repeat":"repeat","background-position":"center center","background-size":"auto","background-attachment":"scroll","background-type":"","background-media":"","overlay-type":"","overlay-color":"","overlay-opacity":"","overlay-gradient":""},"tablet":{"background-color":"var(--ast-global-color-5)","background-image":"","background-repeat":"repeat","background-position":"center center","background-size":"auto","background-attachment":"scroll","background-type":"","background-media":"","overlay-type":"","overlay-color":"","overlay-opacity":"","overlay-gradient":""},"mobile":{"background-color":"var(--ast-global-color-5)","background-image":"","background-repeat":"repeat","background-position":"center center","background-size":"auto","background-attachment":"scroll","background-type":"","background-media":"","overlay-type":"","overlay-color":"","overlay-opacity":"","overlay-gradient":""}},"footnotes":""},"class_list":["post-8835","page","type-page","status-publish","hentry"],"post_mailing_queue_ids":[],"_links":{"self":[{"href":"https:\/\/agora.xtec.cat\/institutescolamossencinto\/wp-json\/wp\/v2\/pages\/8835","targetHints":{"allow":["GET"]}}],"collection":[{"href":"https:\/\/agora.xtec.cat\/institutescolamossencinto\/wp-json\/wp\/v2\/pages"}],"about":[{"href":"https:\/\/agora.xtec.cat\/institutescolamossencinto\/wp-json\/wp\/v2\/types\/page"}],"author":[{"embeddable":true,"href":"https:\/\/agora.xtec.cat\/institutescolamossencinto\/wp-json\/wp\/v2\/users\/1"}],"replies":[{"embeddable":true,"href":"https:\/\/agora.xtec.cat\/institutescolamossencinto\/wp-json\/wp\/v2\/comments?post=8835"}],"version-history":[{"count":2,"href":"https:\/\/agora.xtec.cat\/institutescolamossencinto\/wp-json\/wp\/v2\/pages\/8835\/revisions"}],"predecessor-version":[{"id":9325,"href":"https:\/\/agora.xtec.cat\/institutescolamossencinto\/wp-json\/wp\/v2\/pages\/8835\/revisions\/9325"}],"up":[{"embeddable":true,"href":"https:\/\/agora.xtec.cat\/institutescolamossencinto\/wp-json\/wp\/v2\/pages\/8801"}],"wp:attachment":[{"href":"https:\/\/agora.xtec.cat\/institutescolamossencinto\/wp-json\/wp\/v2\/media?parent=8835"}],"curies":[{"name":"wp","href":"https:\/\/api.w.org\/{rel}","templated":true}]}}