{"id":8830,"date":"2023-02-23T13:15:30","date_gmt":"2023-02-23T12:15:30","guid":{"rendered":"https:\/\/agora.xtec.cat\/institutescolamossencinto\/?page_id=8830"},"modified":"2023-06-05T10:45:39","modified_gmt":"2023-06-05T08:45:39","slug":"treball-per-materies-i-ambits","status":"publish","type":"page","link":"https:\/\/agora.xtec.cat\/institutescolamossencinto\/linia-educativa\/com-treballem-a-eso\/treball-per-materies-i-ambits\/","title":{"rendered":"Treball per mat\u00e8ries i \u00e0mbits"},"content":{"rendered":"<p><span style=\"font-weight: 400;\">A l\u2019Institut Escola Moss\u00e8n Cinto dediquem hores al treball per mat\u00e8ries. Dins de cada una de les mat\u00e8ries es fa \u00fas de diversitat de metodologies: reptes, classe magistral, classe invertida, aprenentatge basat en projectes (espec\u00edfics de mat\u00e8ria).<\/span><\/p>\n<p><span style=\"font-weight: 400;\">El treball de les mat\u00e8ries s\u2019estructura en franges de dues hores. D\u2019aquesta manera afavorim la possibilitat d\u2019utilitzar diversitat de metodologies i, en cas que sigui necessari, de posar en pr\u00e0ctica estrat\u00e8gies de treball aut\u00f2nom i cooperatiu.<\/span><\/p>\n<p><span style=\"font-weight: 400;\">A continuaci\u00f3, mostrem les mat\u00e8ries distribu\u00efdes per \u00e0mbits a cada un dels nivells educatius:<\/span><\/p>\n<table>\n<tbody>\n<tr>\n<td><\/td>\n<td><b>1r d\u2019ESO<\/b><\/td>\n<td><b>2n d\u2019ESO<\/b><\/td>\n<td><b>3r d\u2019ESO<\/b><\/td>\n<\/tr>\n<tr>\n<td><b>\u00c0mbit ling\u00fc\u00edstic<\/b><\/td>\n<td><span style=\"font-weight: 400;\">Catal\u00e0<\/span><\/p>\n<p><span style=\"font-weight: 400;\">Castell\u00e0<\/span><\/p>\n<p><span style=\"font-weight: 400;\">Angl\u00e8s<\/span><\/td>\n<td><span style=\"font-weight: 400;\">Catal\u00e0<\/span><\/p>\n<p><span style=\"font-weight: 400;\">Castell\u00e0<\/span><\/p>\n<p><span style=\"font-weight: 400;\">Angl\u00e8s<\/span><\/td>\n<td><span style=\"font-weight: 400;\">Catal\u00e0<\/span><\/p>\n<p><span style=\"font-weight: 400;\">Castell\u00e0<\/span><\/p>\n<p><span style=\"font-weight: 400;\">Angl\u00e8s<\/span><\/td>\n<\/tr>\n<tr>\n<td><b>\u00c0mbit matem\u00e0tic<\/b><\/td>\n<td><span style=\"font-weight: 400;\">Matem\u00e0tiques<\/span><\/td>\n<td><span style=\"font-weight: 400;\">Matem\u00e0tiques<\/span><\/td>\n<td><span style=\"font-weight: 400;\">Matem\u00e0tiques<\/span><\/td>\n<\/tr>\n<tr>\n<td><b>\u00c0mbit cientificotecnol\u00f2gic<\/b><\/td>\n<td><span style=\"font-weight: 400;\">Biologia i Geologia<\/span><\/p>\n<p><span style=\"font-weight: 400;\">Tecnologia<\/span><\/td>\n<td><span style=\"font-weight: 400;\">F\u00edsica i Qu\u00edmica<\/span><\/p>\n<p><span style=\"font-weight: 400;\">Tecnologia<\/span><\/td>\n<td><span style=\"font-weight: 400;\">Biologia i Geologia<\/span><\/p>\n<p><span style=\"font-weight: 400;\">F\u00edsica i Qu\u00edmica<\/span><\/p>\n<p><span style=\"font-weight: 400;\">Tecnologia<\/span><\/td>\n<\/tr>\n<tr>\n<td><b>\u00c0mbit Human\u00edstic i Social<\/b><\/td>\n<td><span style=\"font-weight: 400;\">Geografia i Hist\u00f2ria<\/span><\/td>\n<td><span style=\"font-weight: 400;\">Geografia i Hist\u00f2ria<\/span><\/p>\n<p><span style=\"font-weight: 400;\">Cultura Cl\u00e0ssica<\/span><\/td>\n<td><span style=\"font-weight: 400;\">Geografia i Hist\u00f2ria<\/span><\/p>\n<p><span style=\"font-weight: 400;\">Emprenedoria<\/span><\/td>\n<\/tr>\n<tr>\n<td><b>\u00c0mbit Art\u00edstic<\/b><\/td>\n<td><span style=\"font-weight: 400;\">M\u00fasica<\/span><\/p>\n<p><span style=\"font-weight: 400;\">Visual i Pl\u00e0stica<\/span><\/td>\n<td><span style=\"font-weight: 400;\">M\u00fasica<\/span><\/p>\n<p><span style=\"font-weight: 400;\">Visual i Pl\u00e0stica<\/span><\/td>\n<td><span style=\"font-weight: 400;\">Visual i Pl\u00e0stica<\/span><\/td>\n<\/tr>\n<tr>\n<td><b>\u00c0mbit Educaci\u00f3 F\u00edsica<\/b><\/td>\n<td><span style=\"font-weight: 400;\">Educaci\u00f3 F\u00edsica<\/span><\/td>\n<td><span style=\"font-weight: 400;\">Educaci\u00f3 F\u00edsica<\/span><\/td>\n<td><span style=\"font-weight: 400;\">Educaci\u00f3 F\u00edsica<\/span><\/td>\n<\/tr>\n<\/tbody>\n<\/table>\n<p>&nbsp;<\/p>\n<p><b>Quines mat\u00e8ries optatives s\u2019ofereixen?<\/b><\/p>\n<p><span style=\"font-weight: 400;\">A continuaci\u00f3 presentem les mat\u00e8ries optatives que s\u2019imparteixen aquest curs 22-23. Les optatives que s\u2019ofereixen poden variar en funci\u00f3 del professorat d\u2019aquesta franja.<\/span><\/p>\n<p><span style=\"font-weight: 400;\">Com a norma general, l\u2019optativa de Franc\u00e8s hi ser\u00e0 cada curs, ja que al centre apostem per l\u2019aprenentatge del franc\u00e8s com a segona llengua estrangera.<\/span><\/p>\n<p><span style=\"font-weight: 400;\">A 1r d\u2019ESO les mat\u00e8ries optatives s\u00f3n trimestrals i tot l\u2019alumnat les cursa. La tria que fa possibilita la distribuci\u00f3 de les i els alumnes en 3 grups. D\u2019aquesta manera oferim un tastet amb l\u2019objectiu de facilitar la tria de cara als propers cursos.\u00a0<\/span><\/p>\n<table>\n<tbody>\n<tr>\n<td colspan=\"3\"><b>Optatives de 1r d\u2019ESO &#8211; curs 22-23<\/b><\/td>\n<\/tr>\n<tr>\n<td><span style=\"font-weight: 400;\">Rob\u00f2tica<\/span><\/td>\n<td><span style=\"font-weight: 400;\">Role Play and Songs<\/span><\/td>\n<td><span style=\"font-weight: 400;\">Fran\u00e7ais<\/span><\/td>\n<\/tr>\n<\/tbody>\n<\/table>\n<p><span style=\"font-weight: 400;\">A partir de 2n d\u2019ESO, l\u2019optativa de Franc\u00e8s \u00e9s anual i s\u2019escull amb el comprom\u00eds de cursar-la fins a 4t d\u2019ESO. En acabar, se li oferir\u00e0 l\u2019opci\u00f3 de presentar-se a una prova per obtenir un t\u00edtol oficial (DELF). Les altres dues optatives tindran una durada quadrimestral.<\/span><\/p>\n<table>\n<tbody>\n<tr>\n<td colspan=\"3\"><b>Optatives de 2n d\u2019ESO &#8211; curs 22-23<\/b><\/td>\n<\/tr>\n<tr>\n<td><span style=\"font-weight: 400;\">Fem i demostrem al laboratori<\/span><\/td>\n<td><span style=\"font-weight: 400;\">Teatre<\/span><\/td>\n<td><span style=\"font-weight: 400;\">Fran\u00e7ais<\/span><\/td>\n<\/tr>\n<\/tbody>\n<\/table>\n<p>&nbsp;<\/p>\n<table>\n<tbody>\n<tr>\n<td colspan=\"3\"><b>Optatives de 3r d\u2019ESO &#8211; curs 22-23<\/b><\/td>\n<\/tr>\n<tr>\n<td><span style=\"font-weight: 400;\">Emprenedoria<\/span><\/td>\n<td><span style=\"font-weight: 400;\">Cultura cl\u00e0ssica<\/span><\/td>\n<td><span style=\"font-weight: 400;\">Fran\u00e7ais<\/span><\/td>\n<\/tr>\n<\/tbody>\n<\/table>\n","protected":false},"excerpt":{"rendered":"<p>A l\u2019Institut Escola Moss\u00e8n Cinto dediquem hores al treball per mat\u00e8ries. Dins de cada una de les mat\u00e8ries es fa \u00fas de diversitat de metodologies: reptes, classe magistral, classe invertida, aprenentatge basat en projectes (espec\u00edfics de mat\u00e8ria). El treball de les mat\u00e8ries s\u2019estructura en franges de dues hores. D\u2019aquesta manera afavorim la possibilitat d\u2019utilitzar diversitat [&hellip;]<\/p>\n","protected":false},"author":1,"featured_media":0,"parent":8801,"menu_order":1,"comment_status":"closed","ping_status":"closed","template":"page-templates\/side-menu.php","meta":{"_bbp_topic_count":0,"_bbp_reply_count":0,"_bbp_total_topic_count":0,"_bbp_total_reply_count":0,"_bbp_voice_count":0,"_bbp_anonymous_reply_count":0,"_bbp_topic_count_hidden":0,"_bbp_reply_count_hidden":0,"_bbp_forum_subforum_count":0,"site-sidebar-layout":"default","site-content-layout":"","ast-site-content-layout":"","site-content-style":"default","site-sidebar-style":"default","ast-global-header-display":"","ast-banner-title-visibility":"","ast-main-header-display":"","ast-hfb-above-header-display":"","ast-hfb-below-header-display":"","ast-hfb-mobile-header-display":"","site-post-title":"","ast-breadcrumbs-content":"","ast-featured-img":"","footer-sml-layout":"","theme-transparent-header-meta":"","adv-header-id-meta":"","stick-header-meta":"","header-above-stick-meta":"","header-main-stick-meta":"","header-below-stick-meta":"","astra-migrate-meta-layouts":"default","ast-page-background-enabled":"default","ast-page-background-meta":{"desktop":{"background-color":"var(--ast-global-color-4)","background-image":"","background-repeat":"repeat","background-position":"center center","background-size":"auto","background-attachment":"scroll","background-type":"","background-media":"","overlay-type":"","overlay-color":"","overlay-opacity":"","overlay-gradient":""},"tablet":{"background-color":"","background-image":"","background-repeat":"repeat","background-position":"center center","background-size":"auto","background-attachment":"scroll","background-type":"","background-media":"","overlay-type":"","overlay-color":"","overlay-opacity":"","overlay-gradient":""},"mobile":{"background-color":"","background-image":"","background-repeat":"repeat","background-position":"center center","background-size":"auto","background-attachment":"scroll","background-type":"","background-media":"","overlay-type":"","overlay-color":"","overlay-opacity":"","overlay-gradient":""}},"ast-content-background-meta":{"desktop":{"background-color":"var(--ast-global-color-5)","background-image":"","background-repeat":"repeat","background-position":"center center","background-size":"auto","background-attachment":"scroll","background-type":"","background-media":"","overlay-type":"","overlay-color":"","overlay-opacity":"","overlay-gradient":""},"tablet":{"background-color":"var(--ast-global-color-5)","background-image":"","background-repeat":"repeat","background-position":"center center","background-size":"auto","background-attachment":"scroll","background-type":"","background-media":"","overlay-type":"","overlay-color":"","overlay-opacity":"","overlay-gradient":""},"mobile":{"background-color":"var(--ast-global-color-5)","background-image":"","background-repeat":"repeat","background-position":"center center","background-size":"auto","background-attachment":"scroll","background-type":"","background-media":"","overlay-type":"","overlay-color":"","overlay-opacity":"","overlay-gradient":""}},"footnotes":""},"class_list":["post-8830","page","type-page","status-publish","hentry"],"post_mailing_queue_ids":[],"_links":{"self":[{"href":"https:\/\/agora.xtec.cat\/institutescolamossencinto\/wp-json\/wp\/v2\/pages\/8830","targetHints":{"allow":["GET"]}}],"collection":[{"href":"https:\/\/agora.xtec.cat\/institutescolamossencinto\/wp-json\/wp\/v2\/pages"}],"about":[{"href":"https:\/\/agora.xtec.cat\/institutescolamossencinto\/wp-json\/wp\/v2\/types\/page"}],"author":[{"embeddable":true,"href":"https:\/\/agora.xtec.cat\/institutescolamossencinto\/wp-json\/wp\/v2\/users\/1"}],"replies":[{"embeddable":true,"href":"https:\/\/agora.xtec.cat\/institutescolamossencinto\/wp-json\/wp\/v2\/comments?post=8830"}],"version-history":[{"count":1,"href":"https:\/\/agora.xtec.cat\/institutescolamossencinto\/wp-json\/wp\/v2\/pages\/8830\/revisions"}],"predecessor-version":[{"id":8831,"href":"https:\/\/agora.xtec.cat\/institutescolamossencinto\/wp-json\/wp\/v2\/pages\/8830\/revisions\/8831"}],"up":[{"embeddable":true,"href":"https:\/\/agora.xtec.cat\/institutescolamossencinto\/wp-json\/wp\/v2\/pages\/8801"}],"wp:attachment":[{"href":"https:\/\/agora.xtec.cat\/institutescolamossencinto\/wp-json\/wp\/v2\/media?parent=8830"}],"curies":[{"name":"wp","href":"https:\/\/api.w.org\/{rel}","templated":true}]}}