{"id":8801,"date":"2023-02-20T08:21:51","date_gmt":"2023-02-20T07:21:51","guid":{"rendered":"https:\/\/agora.xtec.cat\/institutescolamossencinto\/?page_id=8801"},"modified":"2023-02-24T13:24:22","modified_gmt":"2023-02-24T12:24:22","slug":"com-treballem-a-eso","status":"publish","type":"page","link":"https:\/\/agora.xtec.cat\/institutescolamossencinto\/linia-educativa\/com-treballem-a-eso\/","title":{"rendered":"Educaci\u00f3 Secund\u00e0ria"},"content":{"rendered":"<h5><span style=\"color: #800080;\">Com treballem a l&#8217;ESO?<\/span><\/h5>\n<p><span style=\"font-weight: 400;\">A l\u2019Institut Escola Moss\u00e8n Cinto apostem per la riquesa de metodologies. \u00c9s la combinaci\u00f3 de totes elles que ens porta cap a l\u2019aprenentatge competencial<\/span><span style=\"font-weight: 400;\">. En el nostre marc horari de l\u2019ESO, de forma general, principalment podem diferenciar aquestes franges de treball:<\/span><\/p>\n<ul>\n<li style=\"font-weight: 400;\" aria-level=\"1\"><a href=\"https:\/\/agora.xtec.cat\/institutescolamossencinto\/linia-educativa\/com-treballem-a-eso\/treball-per-materies-i-ambits\/\"><span style=\"font-weight: 400;\">Mat\u00e8ries i \u00e0mbits<\/span><\/a><\/li>\n<li style=\"font-weight: 400;\" aria-level=\"1\"><span style=\"font-weight: 400;\">Tutoria, portafoli, lectura i <a href=\"https:\/\/agora.xtec.cat\/institutescolamossencinto\/linia-educativa\/com-treballem-a-eso\/les-brigades\/\">brigades<\/a><\/span><\/li>\n<li style=\"font-weight: 400;\" aria-level=\"1\"><a href=\"https:\/\/agora.xtec.cat\/institutescolamossencinto\/linia-educativa\/com-treballem-a-eso\/laboratori-i-taller\/\"><span style=\"font-weight: 400;\">Laboratori i taller\u00a0<\/span><\/a><\/li>\n<li style=\"font-weight: 400;\" aria-level=\"1\"><a href=\"https:\/\/agora.xtec.cat\/institutescolamossencinto\/linia-educativa\/com-treballem-a-eso\/el-treball-per-projectes-multidisciplinars\/\"><span style=\"font-weight: 400;\">Projectes multidisciplinars<\/span><\/a><\/li>\n<\/ul>\n<p><span style=\"font-weight: 400;\">Actualment la distribuci\u00f3 de les franges establerta ens permet una dedicaci\u00f3 hor\u00e0ria a cada un dels aspectes que es reparteix aproximadament de la manera seg\u00fcent:<\/span><\/p>\n<p>&nbsp;<\/p>\n<p><a href=\"https:\/\/agora.xtec.cat\/institutescolamossencinto\/wp-content\/uploads\/usu1440\/2023\/02\/Distribucio-temps_ESO.png\"><img loading=\"lazy\" decoding=\"async\" class=\"aligncenter wp-image-8819 size-full\" src=\"https:\/\/agora.xtec.cat\/institutescolamossencinto\/wp-content\/uploads\/usu1440\/2023\/02\/Distribucio-temps_ESO-e1676911096421.png\" alt=\"\" width=\"1024\" height=\"476\" srcset=\"https:\/\/agora.xtec.cat\/institutescolamossencinto\/wp-content\/uploads\/usu1440\/2023\/02\/Distribucio-temps_ESO-e1676911096421.png 1024w, https:\/\/agora.xtec.cat\/institutescolamossencinto\/wp-content\/uploads\/usu1440\/2023\/02\/Distribucio-temps_ESO-e1676911096421-300x139.png 300w, https:\/\/agora.xtec.cat\/institutescolamossencinto\/wp-content\/uploads\/usu1440\/2023\/02\/Distribucio-temps_ESO-e1676911096421-768x357.png 768w\" sizes=\"auto, (max-width: 1024px) 100vw, 1024px\" \/><\/a><\/p>\n<ul>\n<li style=\"font-weight: 400;\" aria-level=\"1\">\n<h4><a href=\"https:\/\/agora.xtec.cat\/institutescolamossencinto\/linia-educativa\/com-treballem-a-eso\/treball-per-materies-i-ambits\/\"><strong><span style=\"color: #339966;\">El treball per mat\u00e8ries i \u00e0mbits<\/span><\/strong><\/a><\/h4>\n<\/li>\n<\/ul>\n<p><span style=\"font-weight: 400;\">En les franges reservades pel treball de les diverses mat\u00e8ries i els \u00e0mbits, cada docent especialista aplica la metodologia m\u00e9s adient tenint en compte les compet\u00e8ncies i sabers del moment. En algunes mat\u00e8ries es fan projectes, m\u00e9s espec\u00edfics i seguint la metodologia ABP. En d\u2019altres es fan classes m\u00e9s pr\u00e0ctiques, com les de laboratori i taller. I en d\u2019altres es fan classes m\u00e9s te\u00f2riques i magistrals.<\/span><\/p>\n<ul>\n<li style=\"font-weight: 400;\" aria-level=\"1\">\n<h4><a href=\"https:\/\/agora.xtec.cat\/institutescolamossencinto\/linia-educativa\/com-treballem-a-eso\/la-tutoria-i-el-portafoli\/\"><strong><span style=\"color: #339966;\">Tutoria i Portafoli<\/span><\/strong><\/a><\/h4>\n<\/li>\n<\/ul>\n<p><span style=\"font-weight: 400;\">Dediquem tres hores setmanals a la tutoria, que es descriuen i programen a trav\u00e9s del Pla d\u2019Acci\u00f3 Tutorial. Organitzem la tutoria a partir de dues sessions setmanals: una el dilluns, per planificar la setmana, i un altra el divendres, per tal de fer-ne el tancament. La franja hor\u00e0ria de tutoria es dedica per una banda a l&#8217;orientaci\u00f3 acad\u00e8mica i per l&#8217;altra, a l&#8217;acompanyament personal i de cohesi\u00f3 de grup. A m\u00e9s, dediquem una hora setmanal a l\u2019elaboraci\u00f3 del Portafoli. Es tracta d\u2019una carpeta d\u2019aprenentatge que t\u00e9 continu\u00eftat al llarg de tota l\u2019etapa d\u2019ESO.<\/span><\/p>\n<ul>\n<li style=\"font-weight: 400;\" aria-level=\"1\">\n<h4><span style=\"color: #339966;\"><strong>Lectura i <a href=\"https:\/\/agora.xtec.cat\/institutescolamossencinto\/linia-educativa\/com-treballem-a-eso\/les-brigades\/\">Brigades<\/a><\/strong><\/span><\/h4>\n<\/li>\n<\/ul>\n<p><span style=\"font-weight: 400;\">La <\/span><b>lectura<\/b><span style=\"font-weight: 400;\"> \u00e9s una gran eina per millorar en moltes compet\u00e8ncies, especialment si la lectura es fa per gust i per plaer. \u00c9s per aix\u00f2 que el centre destina una estona de l\u2019horari setmanal a la lectura. De manera rotativa, les diferents classes d\u2019ESO van a fer la l\u2019estona de lectura a la biblioteca del centre. A m\u00e9s, la brigada del club literari, juntament amb l\u2019equip de docents que formen la comissi\u00f3 de biblioteca, mantenen i actualitzen aquest espai per poder tenir les prestatgeries plenes de llibres inspiradors i adequats.<\/span><\/p>\n<ul>\n<li style=\"font-weight: 400;\" aria-level=\"1\">\n<h4><a href=\"https:\/\/agora.xtec.cat\/institutescolamossencinto\/linia-educativa\/com-treballem-a-eso\/laboratori-i-taller\/\"><span style=\"color: #339966;\"><strong>Laboratori i Taller<\/strong><\/span><\/a><\/h4>\n<\/li>\n<\/ul>\n<p><span style=\"font-weight: 400;\">A l\u2019Institut Escola Moss\u00e8n Cinto disposem de dos espais ben equipats, pensats per l\u2019ESO i que, a m\u00e9s a m\u00e9s, permeten l\u2019enriquiment d\u2019alguns projectes de les etapes d\u2019Infantil i Prim\u00e0ria. Aquests espais s\u00f3n el laboratori i el taller.<\/span><\/p>\n<ul>\n<li style=\"font-weight: 400;\" aria-level=\"1\">\n<h4><a href=\"https:\/\/agora.xtec.cat\/institutescolamossencinto\/linia-educativa\/com-treballem-a-eso\/el-treball-per-projectes-multidisciplinars\/\"><span style=\"color: #339966;\"><strong>El treball per projectes multidisciplinars<\/strong><\/span><\/a><\/h4>\n<\/li>\n<\/ul>\n<p><span style=\"font-weight: 400;\">Per tal d\u2019aconseguir aprenentatges globals utilitzem la metodologia de l\u2019aprenentatge basat en projectes. Aix\u00ed, l\u2019alumnat t\u00e9 la possibilitat d\u2019aprendre continguts i adquirir compet\u00e8ncies d\u2019una forma m\u00e9s vivencial i motivadora.<\/span><\/p>\n","protected":false},"excerpt":{"rendered":"<p>Com treballem a l&#8217;ESO? A l\u2019Institut Escola Moss\u00e8n Cinto apostem per la riquesa de metodologies. \u00c9s la combinaci\u00f3 de totes elles que ens porta cap a l\u2019aprenentatge competencial. En el nostre marc horari de l\u2019ESO, de forma general, principalment podem diferenciar aquestes franges de treball: Mat\u00e8ries i \u00e0mbits Tutoria, portafoli, lectura i brigades Laboratori i [&hellip;]<\/p>\n","protected":false},"author":1,"featured_media":0,"parent":1612,"menu_order":0,"comment_status":"closed","ping_status":"closed","template":"page-templates\/side-menu.php","meta":{"_bbp_topic_count":0,"_bbp_reply_count":0,"_bbp_total_topic_count":0,"_bbp_total_reply_count":0,"_bbp_voice_count":0,"_bbp_anonymous_reply_count":0,"_bbp_topic_count_hidden":0,"_bbp_reply_count_hidden":0,"_bbp_forum_subforum_count":0,"site-sidebar-layout":"default","site-content-layout":"","ast-site-content-layout":"","site-content-style":"default","site-sidebar-style":"default","ast-global-header-display":"","ast-banner-title-visibility":"","ast-main-header-display":"","ast-hfb-above-header-display":"","ast-hfb-below-header-display":"","ast-hfb-mobile-header-display":"","site-post-title":"","ast-breadcrumbs-content":"","ast-featured-img":"","footer-sml-layout":"","theme-transparent-header-meta":"","adv-header-id-meta":"","stick-header-meta":"","header-above-stick-meta":"","header-main-stick-meta":"","header-below-stick-meta":"","astra-migrate-meta-layouts":"default","ast-page-background-enabled":"default","ast-page-background-meta":{"desktop":{"background-color":"var(--ast-global-color-4)","background-image":"","background-repeat":"repeat","background-position":"center center","background-size":"auto","background-attachment":"scroll","background-type":"","background-media":"","overlay-type":"","overlay-color":"","overlay-opacity":"","overlay-gradient":""},"tablet":{"background-color":"","background-image":"","background-repeat":"repeat","background-position":"center center","background-size":"auto","background-attachment":"scroll","background-type":"","background-media":"","overlay-type":"","overlay-color":"","overlay-opacity":"","overlay-gradient":""},"mobile":{"background-color":"","background-image":"","background-repeat":"repeat","background-position":"center center","background-size":"auto","background-attachment":"scroll","background-type":"","background-media":"","overlay-type":"","overlay-color":"","overlay-opacity":"","overlay-gradient":""}},"ast-content-background-meta":{"desktop":{"background-color":"var(--ast-global-color-5)","background-image":"","background-repeat":"repeat","background-position":"center center","background-size":"auto","background-attachment":"scroll","background-type":"","background-media":"","overlay-type":"","overlay-color":"","overlay-opacity":"","overlay-gradient":""},"tablet":{"background-color":"var(--ast-global-color-5)","background-image":"","background-repeat":"repeat","background-position":"center center","background-size":"auto","background-attachment":"scroll","background-type":"","background-media":"","overlay-type":"","overlay-color":"","overlay-opacity":"","overlay-gradient":""},"mobile":{"background-color":"var(--ast-global-color-5)","background-image":"","background-repeat":"repeat","background-position":"center center","background-size":"auto","background-attachment":"scroll","background-type":"","background-media":"","overlay-type":"","overlay-color":"","overlay-opacity":"","overlay-gradient":""}},"footnotes":""},"class_list":["post-8801","page","type-page","status-publish","hentry"],"post_mailing_queue_ids":[],"_links":{"self":[{"href":"https:\/\/agora.xtec.cat\/institutescolamossencinto\/wp-json\/wp\/v2\/pages\/8801","targetHints":{"allow":["GET"]}}],"collection":[{"href":"https:\/\/agora.xtec.cat\/institutescolamossencinto\/wp-json\/wp\/v2\/pages"}],"about":[{"href":"https:\/\/agora.xtec.cat\/institutescolamossencinto\/wp-json\/wp\/v2\/types\/page"}],"author":[{"embeddable":true,"href":"https:\/\/agora.xtec.cat\/institutescolamossencinto\/wp-json\/wp\/v2\/users\/1"}],"replies":[{"embeddable":true,"href":"https:\/\/agora.xtec.cat\/institutescolamossencinto\/wp-json\/wp\/v2\/comments?post=8801"}],"version-history":[{"count":4,"href":"https:\/\/agora.xtec.cat\/institutescolamossencinto\/wp-json\/wp\/v2\/pages\/8801\/revisions"}],"predecessor-version":[{"id":8866,"href":"https:\/\/agora.xtec.cat\/institutescolamossencinto\/wp-json\/wp\/v2\/pages\/8801\/revisions\/8866"}],"up":[{"embeddable":true,"href":"https:\/\/agora.xtec.cat\/institutescolamossencinto\/wp-json\/wp\/v2\/pages\/1612"}],"wp:attachment":[{"href":"https:\/\/agora.xtec.cat\/institutescolamossencinto\/wp-json\/wp\/v2\/media?parent=8801"}],"curies":[{"name":"wp","href":"https:\/\/api.w.org\/{rel}","templated":true}]}}