{"id":8797,"date":"2023-02-20T08:20:16","date_gmt":"2023-02-20T07:20:16","guid":{"rendered":"https:\/\/agora.xtec.cat\/institutescolamossencinto\/?page_id=8797"},"modified":"2023-02-23T13:39:25","modified_gmt":"2023-02-23T12:39:25","slug":"com-treballem-a-infantil","status":"publish","type":"page","link":"https:\/\/agora.xtec.cat\/institutescolamossencinto\/linia-educativa\/com-treballem-a-infantil\/","title":{"rendered":"Educaci\u00f3 Infantil"},"content":{"rendered":"<h3><span style=\"color: #800080;\"><strong>Com treballem a Educaci\u00f3 Infantil?<\/strong><\/span><\/h3>\n<p><span style=\"font-weight: 400;\">Els infants dels 3 als 6 anys experimenten un gran desenvolupament psicomotor, cognitiu, social i emocional. L\u2019educaci\u00f3 infantil \u00e9s l\u2019entrada a l\u2019escola dels infants i per alguns \u00e9s el primer contacte amb el m\u00f3n fora de la fam\u00edlia, per aix\u00f2 sabem que \u00e9s molt important una bona adaptaci\u00f3. Vetllem per tal que els infants trobin un clima d\u2019afecte i de resposta a les seves necessitats i vagin agafant confian\u00e7a, seguretat i autonomia. Tot el que els envolta \u00e9s vital pel seu creixement f\u00edsic, ps\u00edquic i social.<\/span><\/p>\n<p><span style=\"font-weight: 400;\">A l&#8217;etapa d&#8217;Infantil, els infants aprenen principalment a partir dels sentits, el joc i el moviment. Els proposem diferents reptes per fomentar la seva curiositat, les ganes de saber, d\u2019investigar i de resoldre dubtes. Tot aix\u00f2 dins d\u2019un ambient en qu\u00e8 es sentin segurs, estimats, respectats i tenint en compte les caracter\u00edstiques, interessos, necessitats i moments evolutius de cada infant.\u00a0<\/span><\/p>\n<p><span style=\"font-weight: 400;\">Al centre, a part de la transmissi\u00f3 de coneixements,\u00a0 pretenem incidir en la formaci\u00f3 de la personalitat i del comportament social de l\u2019infant, \u00e9s a dir, vetllem pel desenvolupament global de tots els seus potencials. Creem un entorn de benestar que permeti expressar, jugar, actuar, crear, relacionar-se, observar,&#8230;de manera respectuosa i aut\u00f2noma.<\/span><\/p>\n<p><span style=\"font-weight: 400;\">Treballem de manera globalitzada a partir de diversos projectes que s\u00f3n propers, significatius i engrescadors pels infants. Al voltant hi desenvolupem totes les activitats del dia a dia, intentant que totes les \u00e0rees de coneixement hi siguin presents. Realitzem treball aut\u00f2nom i cooperatiu, respectant els diferents ritmes afavorint la integraci\u00f3 dels diversos aprenentatges.<\/span><\/p>\n<p><span style=\"font-weight: 400;\">Tot i que els continguts establerts al curr\u00edculum d\u2019educaci\u00f3 infantil estan dividits en diferents eixos de coneixement, els acostumem a treballar de manera interdisciplinar, que \u00e9s com els infants aprenen, a partir de diferents centres d&#8217;inter\u00e8s que fan que els aprenentatges siguin m\u00e9s significatius i motivadors. Per aix\u00f2 al centre proposem diferents metodologies d\u2019aprenentatge, de manera que intercalem el treball lliure amb activitats dirigides, propostes individuals, petits grups o treball m\u00e9s cooperatiu, estones de grup-classe, propostes m\u00e9s manipulatives amb altres en paper.<\/span><\/p>\n<p><span style=\"font-weight: 400;\">Els infants van adquirint aprenentatges que els faciliten la relaci\u00f3 amb els altres, la conviv\u00e8ncia, compartir les idees a partir del di\u00e0leg i saber resoldre de manera adequada problemes quotidians. Tan l\u2019espai interior com exterior del centre ofereix possibilitats de joc i d\u2019aprenentatge de gran valor educatiu.<\/span><\/p>\n<p><span style=\"font-weight: 400;\">A partir de I5 comencem a introduir la llengua anglesa de manera jugada, cantada i a les estones de psicomotricitat, per tal de comen\u00e7ar a familiaritzar-nos a nivell oral amb aquesta llengua estrangera.<\/span><\/p>\n","protected":false},"excerpt":{"rendered":"<p>Com treballem a Educaci\u00f3 Infantil? Els infants dels 3 als 6 anys experimenten un gran desenvolupament psicomotor, cognitiu, social i emocional. L\u2019educaci\u00f3 infantil \u00e9s l\u2019entrada a l\u2019escola dels infants i per alguns \u00e9s el primer contacte amb el m\u00f3n fora de la fam\u00edlia, per aix\u00f2 sabem que \u00e9s molt important una bona adaptaci\u00f3. Vetllem per [&hellip;]<\/p>\n","protected":false},"author":1,"featured_media":0,"parent":1612,"menu_order":0,"comment_status":"closed","ping_status":"closed","template":"page-templates\/side-menu.php","meta":{"_bbp_topic_count":0,"_bbp_reply_count":0,"_bbp_total_topic_count":0,"_bbp_total_reply_count":0,"_bbp_voice_count":0,"_bbp_anonymous_reply_count":0,"_bbp_topic_count_hidden":0,"_bbp_reply_count_hidden":0,"_bbp_forum_subforum_count":0,"site-sidebar-layout":"default","site-content-layout":"","ast-site-content-layout":"","site-content-style":"default","site-sidebar-style":"default","ast-global-header-display":"","ast-banner-title-visibility":"","ast-main-header-display":"","ast-hfb-above-header-display":"","ast-hfb-below-header-display":"","ast-hfb-mobile-header-display":"","site-post-title":"","ast-breadcrumbs-content":"","ast-featured-img":"","footer-sml-layout":"","theme-transparent-header-meta":"","adv-header-id-meta":"","stick-header-meta":"","header-above-stick-meta":"","header-main-stick-meta":"","header-below-stick-meta":"","astra-migrate-meta-layouts":"default","ast-page-background-enabled":"default","ast-page-background-meta":{"desktop":{"background-color":"var(--ast-global-color-4)","background-image":"","background-repeat":"repeat","background-position":"center center","background-size":"auto","background-attachment":"scroll","background-type":"","background-media":"","overlay-type":"","overlay-color":"","overlay-opacity":"","overlay-gradient":""},"tablet":{"background-color":"","background-image":"","background-repeat":"repeat","background-position":"center center","background-size":"auto","background-attachment":"scroll","background-type":"","background-media":"","overlay-type":"","overlay-color":"","overlay-opacity":"","overlay-gradient":""},"mobile":{"background-color":"","background-image":"","background-repeat":"repeat","background-position":"center center","background-size":"auto","background-attachment":"scroll","background-type":"","background-media":"","overlay-type":"","overlay-color":"","overlay-opacity":"","overlay-gradient":""}},"ast-content-background-meta":{"desktop":{"background-color":"var(--ast-global-color-5)","background-image":"","background-repeat":"repeat","background-position":"center center","background-size":"auto","background-attachment":"scroll","background-type":"","background-media":"","overlay-type":"","overlay-color":"","overlay-opacity":"","overlay-gradient":""},"tablet":{"background-color":"var(--ast-global-color-5)","background-image":"","background-repeat":"repeat","background-position":"center center","background-size":"auto","background-attachment":"scroll","background-type":"","background-media":"","overlay-type":"","overlay-color":"","overlay-opacity":"","overlay-gradient":""},"mobile":{"background-color":"var(--ast-global-color-5)","background-image":"","background-repeat":"repeat","background-position":"center center","background-size":"auto","background-attachment":"scroll","background-type":"","background-media":"","overlay-type":"","overlay-color":"","overlay-opacity":"","overlay-gradient":""}},"footnotes":""},"class_list":["post-8797","page","type-page","status-publish","hentry"],"post_mailing_queue_ids":[],"_links":{"self":[{"href":"https:\/\/agora.xtec.cat\/institutescolamossencinto\/wp-json\/wp\/v2\/pages\/8797","targetHints":{"allow":["GET"]}}],"collection":[{"href":"https:\/\/agora.xtec.cat\/institutescolamossencinto\/wp-json\/wp\/v2\/pages"}],"about":[{"href":"https:\/\/agora.xtec.cat\/institutescolamossencinto\/wp-json\/wp\/v2\/types\/page"}],"author":[{"embeddable":true,"href":"https:\/\/agora.xtec.cat\/institutescolamossencinto\/wp-json\/wp\/v2\/users\/1"}],"replies":[{"embeddable":true,"href":"https:\/\/agora.xtec.cat\/institutescolamossencinto\/wp-json\/wp\/v2\/comments?post=8797"}],"version-history":[{"count":3,"href":"https:\/\/agora.xtec.cat\/institutescolamossencinto\/wp-json\/wp\/v2\/pages\/8797\/revisions"}],"predecessor-version":[{"id":8815,"href":"https:\/\/agora.xtec.cat\/institutescolamossencinto\/wp-json\/wp\/v2\/pages\/8797\/revisions\/8815"}],"up":[{"embeddable":true,"href":"https:\/\/agora.xtec.cat\/institutescolamossencinto\/wp-json\/wp\/v2\/pages\/1612"}],"wp:attachment":[{"href":"https:\/\/agora.xtec.cat\/institutescolamossencinto\/wp-json\/wp\/v2\/media?parent=8797"}],"curies":[{"name":"wp","href":"https:\/\/api.w.org\/{rel}","templated":true}]}}