{"id":77,"date":"2014-09-18T14:05:08","date_gmt":"2014-09-18T13:05:08","guid":{"rendered":"http:\/\/agora.xtec.cat\/institutescolamossencinto\/?page_id=77"},"modified":"2020-09-22T19:22:28","modified_gmt":"2020-09-22T17:22:28","slug":"acollida","status":"publish","type":"page","link":"https:\/\/agora.xtec.cat\/institutescolamossencinto\/serveis\/acollida\/","title":{"rendered":"Acollida i vigil\u00e0ncies"},"content":{"rendered":"<p style=\"color: #666666;\">El servei d&#8217;acollida matinal i vigil\u00e0ncies est\u00e0 gestionat per l&#8217;AMPA.<\/p>\n<p style=\"color: #666666;\">L&#8217;acollida matinal s&#8217;inicia a les 7h30&#8242; i fins a les 9h, s&#8217;entra per la porta de la Pla\u00e7a Roviretes.<\/p>\n<p style=\"color: #666666;\">Les vigil\u00e0ncies a la tarda van de les 16h30&#8242; fins les 17:30h, totes les tardes excepte la del dimecres que \u00e9s de 15 a 17:30h, els alumnes s&#8217;han de recollir per la porta de la Pla\u00e7a Roviretes.<\/p>\n<p style=\"color: #666666; text-align: center;\">M\u00e9s informaci\u00f3 a la <a href=\"https:\/\/ampamossencinto.blogspot.com.es\/p\/vigilancies.html\">web de l&#8217;AMPA<\/a><\/p>\n","protected":false},"excerpt":{"rendered":"<p>El servei d&#8217;acollida matinal i vigil\u00e0ncies est\u00e0 gestionat per l&#8217;AMPA. L&#8217;acollida matinal s&#8217;inicia a les 7h30&#8242; i fins a les 9h, s&#8217;entra per la porta de la Pla\u00e7a Roviretes. Les vigil\u00e0ncies a la tarda van de les 16h30&#8242; fins les 17:30h, totes les tardes excepte la del dimecres que \u00e9s de 15 a 17:30h, els [&hellip;]<\/p>\n","protected":false},"author":1,"featured_media":0,"parent":66,"menu_order":20,"comment_status":"closed","ping_status":"closed","template":"page-templates\/side-menu.php","meta":{"_bbp_topic_count":0,"_bbp_reply_count":0,"_bbp_total_topic_count":0,"_bbp_total_reply_count":0,"_bbp_voice_count":0,"_bbp_anonymous_reply_count":0,"_bbp_topic_count_hidden":0,"_bbp_reply_count_hidden":0,"_bbp_forum_subforum_count":0,"site-sidebar-layout":"default","site-content-layout":"","ast-site-content-layout":"","site-content-style":"default","site-sidebar-style":"default","ast-global-header-display":"","ast-banner-title-visibility":"","ast-main-header-display":"","ast-hfb-above-header-display":"","ast-hfb-below-header-display":"","ast-hfb-mobile-header-display":"","site-post-title":"","ast-breadcrumbs-content":"","ast-featured-img":"","footer-sml-layout":"","theme-transparent-header-meta":"","adv-header-id-meta":"","stick-header-meta":"","header-above-stick-meta":"","header-main-stick-meta":"","header-below-stick-meta":"","astra-migrate-meta-layouts":"default","ast-page-background-enabled":"default","ast-page-background-meta":{"desktop":{"background-color":"var(--ast-global-color-4)","background-image":"","background-repeat":"repeat","background-position":"center center","background-size":"auto","background-attachment":"scroll","background-type":"","background-media":"","overlay-type":"","overlay-color":"","overlay-opacity":"","overlay-gradient":""},"tablet":{"background-color":"","background-image":"","background-repeat":"repeat","background-position":"center center","background-size":"auto","background-attachment":"scroll","background-type":"","background-media":"","overlay-type":"","overlay-color":"","overlay-opacity":"","overlay-gradient":""},"mobile":{"background-color":"","background-image":"","background-repeat":"repeat","background-position":"center center","background-size":"auto","background-attachment":"scroll","background-type":"","background-media":"","overlay-type":"","overlay-color":"","overlay-opacity":"","overlay-gradient":""}},"ast-content-background-meta":{"desktop":{"background-color":"var(--ast-global-color-5)","background-image":"","background-repeat":"repeat","background-position":"center center","background-size":"auto","background-attachment":"scroll","background-type":"","background-media":"","overlay-type":"","overlay-color":"","overlay-opacity":"","overlay-gradient":""},"tablet":{"background-color":"var(--ast-global-color-5)","background-image":"","background-repeat":"repeat","background-position":"center center","background-size":"auto","background-attachment":"scroll","background-type":"","background-media":"","overlay-type":"","overlay-color":"","overlay-opacity":"","overlay-gradient":""},"mobile":{"background-color":"var(--ast-global-color-5)","background-image":"","background-repeat":"repeat","background-position":"center center","background-size":"auto","background-attachment":"scroll","background-type":"","background-media":"","overlay-type":"","overlay-color":"","overlay-opacity":"","overlay-gradient":""}},"footnotes":""},"class_list":["post-77","page","type-page","status-publish","hentry"],"post_mailing_queue_ids":[],"_links":{"self":[{"href":"https:\/\/agora.xtec.cat\/institutescolamossencinto\/wp-json\/wp\/v2\/pages\/77","targetHints":{"allow":["GET"]}}],"collection":[{"href":"https:\/\/agora.xtec.cat\/institutescolamossencinto\/wp-json\/wp\/v2\/pages"}],"about":[{"href":"https:\/\/agora.xtec.cat\/institutescolamossencinto\/wp-json\/wp\/v2\/types\/page"}],"author":[{"embeddable":true,"href":"https:\/\/agora.xtec.cat\/institutescolamossencinto\/wp-json\/wp\/v2\/users\/1"}],"replies":[{"embeddable":true,"href":"https:\/\/agora.xtec.cat\/institutescolamossencinto\/wp-json\/wp\/v2\/comments?post=77"}],"version-history":[{"count":3,"href":"https:\/\/agora.xtec.cat\/institutescolamossencinto\/wp-json\/wp\/v2\/pages\/77\/revisions"}],"predecessor-version":[{"id":5306,"href":"https:\/\/agora.xtec.cat\/institutescolamossencinto\/wp-json\/wp\/v2\/pages\/77\/revisions\/5306"}],"up":[{"embeddable":true,"href":"https:\/\/agora.xtec.cat\/institutescolamossencinto\/wp-json\/wp\/v2\/pages\/66"}],"wp:attachment":[{"href":"https:\/\/agora.xtec.cat\/institutescolamossencinto\/wp-json\/wp\/v2\/media?parent=77"}],"curies":[{"name":"wp","href":"https:\/\/api.w.org\/{rel}","templated":true}]}}