{"id":6106,"date":"2021-03-23T16:16:52","date_gmt":"2021-03-23T15:16:52","guid":{"rendered":"https:\/\/agora.xtec.cat\/institutescolamossencinto\/?page_id=6106"},"modified":"2022-04-25T16:08:06","modified_gmt":"2022-04-25T14:08:06","slug":"pla-lector","status":"publish","type":"page","link":"https:\/\/agora.xtec.cat\/institutescolamossencinto\/lescola\/pla-lector\/","title":{"rendered":"Pla lector &#8211; Recomanacions lectures"},"content":{"rendered":"<header class=\"entry-header\">A<strong> Cal Llibre<\/strong> sabem que la LECTURA \u00e9s una eina indispensable i \u00fanica per ajudar-nos a desenvolupar com a persones, que ens dona eines per viure i activa en els lectors unes capacitats que sense ella no s\u2019arribarien mai a assolir.<br \/>\nLa lectura \u00e9s un refugi, un recer, un mitj\u00e0 per viure, mentre l\u2019estem fent, en un altre espai\/temps diferent del qu\u00e8 habitem i aix\u00f2 \u00e9s molt important en diferents moments de la nostra<br \/>\nvida. Per\u00f2 \u00e9s un m\u00fascul que hem de desenvolupar, que hem d\u2019ajudar a enfortir en els lectors que comencen, sense oblidar-nos de fer el manteniment del nostre.<br \/>\nCal llegir per fer llegir<br \/>\nA Cal Llibre \u00e9s el qu\u00e8 fem, llegir i continuar llegint. Els nostres col.laboradors van a les escoles amb les seves maletes plenes de contes, llibres, sorpreses i can\u00e7ons que ajuden a donar significat a les paraules del conte, sabent que els infants duran els llibres a casa i all\u00e0 els gaudireu plegats.<\/p>\n<p>I avui us oferim una petita mostra d\u2019alguns llibres triats entre els que formen part dels que duem a les escoles amb el Pla de Lectura i per tant dels que coneixem els seus dons i virtuts.<br \/>\nMalgrat estar disposats per edats f\u00edsiques, per una necessitat de l\u2019escola, molts d\u2019ells podrien ser contats o llegits a gaireb\u00e9 tots els cursos, excepte les novel\u00b7les i els c\u00f2mics que requereixen d\u2019una destresa lectora m\u00e9s desenvolupada.<br \/>\nAI: \u00c0lbum il\u00b7lustrat, llibres on la il\u00b7lustraci\u00f3 i el text es complementen i ens expliquen alhora la mateixa<br \/>\nhist\u00f2ria.<br \/>\nP: Llibres de poesia. Per deixar que ens arribin paraules d\u2019aquelles que ens parlen ben endins.<br \/>\nC: C\u00f2mics. Per aprendre a llegir imatges i text alhora i no nom\u00e9s d\u2019esquerra a dreta!<br \/>\nN: Novel\u00b7les. Per apropar-nos a autors de tot el m\u00f3n i les seves inspirades realitats.<\/p>\n<p><a href=\"https:\/\/drive.google.com\/file\/d\/1vw7fyorvHnXYaupWYfk2jwFYctmBroPv\/view?usp=sharing\">Llistat de llibres de Sant Jordi que us recomanem<\/a><\/p>\n<p><a href=\"https:\/\/www.calllibre.cat\/category\/projectes\/escolars\/\"><img loading=\"lazy\" decoding=\"async\" class=\"\" src=\"https:\/\/www.calllibre.cat\/wp-content\/uploads\/2013\/11\/Banner.calllibre1.jpg\" width=\"310\" height=\"73\" \/><\/a><\/p>\n<p>&nbsp;<\/p>\n<h4><sup>Associaci\u00f3 Cultural Cal Llibre<\/sup><\/h4>\n<p>&#8220;L\u2019Associaci\u00f3 Cultural Cal Llibre va comen\u00e7ar a gestar-se, gr\u00e0cies a uns professionals inquiets que ten\u00edem com a camp com\u00fa els infants i els llibres. Plegats van sentir la necessitat de tenir un espai de trobada, d\u2019intercanvi i de creixement.<\/p>\n<p>Des del centre Associaci\u00f3 Cultural Cal Llibre\u00a0 treballen per oferir als centres la possibilitat d\u2019implementar els Plans de lectura per tal de fomentar aquella literatura -especialment catalana o en catal\u00e0- que expl\u00edcitament posa en evid\u00e8ncia recursos per tal que els petits puguin gaudir d\u2019ella per\u00f2 al mateix temps aprendre a extreure\u2019n les eines i valors necessaris per a la vida.<\/p>\n<p>Al llarg del curs es fan sessions de contacontes amb les seleccions m\u00e9s acurades de contes, can\u00e7ons i narracions per tal d\u2019impulsar mitjan\u00e7ant la oralitat els majors est\u00edmuls perqu\u00e8 els petits aprenguin a escoltar, a comprendre i a encuriosir-se, aix\u00ed com tamb\u00e9 a imaginar&#8221;*. Tenen l&#8217;oportunitat de triar les seves lectures entre v\u00e0ries propostes diferents o escoltar contes.<\/p>\n<p>Aqu\u00ed us deixem la selecci\u00f3 de llibres que fa l&#8217;Associaci\u00f3 distribu\u00efda per nivells.<\/p>\n<\/header>\n<div class=\"entry-content\">\n<p><a href=\"https:\/\/drive.google.com\/a\/xtec.cat\/file\/d\/1lLRbnXOd9rGQfncRuE6n8tAUTsbnHPYY\/view?usp=sharing\">D\u00edptic 1r<\/a><\/p>\n<p><a href=\"https:\/\/drive.google.com\/a\/xtec.cat\/file\/d\/1plrOpV5MhEQH2jqCSRqjtS0MmYfK-VCF\/view?usp=sharing\">D\u00edptic 2n<\/a><\/p>\n<p><a href=\"https:\/\/drive.google.com\/a\/xtec.cat\/file\/d\/11q-OHdOoYroiQDeJA0DXHX6CFwXexfKS\/view?usp=sharing\">D\u00edptic 3r<\/a><\/p>\n<p><a href=\"https:\/\/drive.google.com\/a\/xtec.cat\/file\/d\/1DKJmTN3Zp2ltImrYy4ON7UrwWbvHf4DM\/view?usp=sharing\">D\u00edptic 4t<\/a><\/p>\n<p><a href=\"https:\/\/drive.google.com\/a\/xtec.cat\/file\/d\/11BWwfXE_9j9oksRBlAXLSmN4auB-qDZQ\/view?usp=sharing\">D\u00edptic 5\u00e8<\/a><\/p>\n<p><a href=\"https:\/\/drive.google.com\/a\/xtec.cat\/file\/d\/1tRfQvBzfQ_JGgaYzgyQQ2xKeQJU4YGj-\/view?usp=sharing\">D\u00edptic 6\u00e8<\/a><\/p>\n<\/div>\n<pre><\/pre>\n<p><a href=\"https:\/\/www.calllibre.cat\/category\/projectes\/escolars\/\"><img loading=\"lazy\" decoding=\"async\" class=\"\" src=\"https:\/\/www.calllibre.cat\/wp-content\/uploads\/2013\/11\/Banner.calllibre1.jpg\" width=\"310\" height=\"73\" \/><\/a><\/p>\n<p><sub>*text extret https:\/\/www.calllibre.cat\/category\/projectes\/escolars\/\u00a0<\/sub><\/p>\n<p>&nbsp;<\/p>\n","protected":false},"excerpt":{"rendered":"<p>A Cal Llibre sabem que la LECTURA \u00e9s una eina indispensable i \u00fanica per ajudar-nos a desenvolupar com a persones, que ens dona eines per viure i activa en els lectors unes capacitats que sense ella no s\u2019arribarien mai a assolir. La lectura \u00e9s un refugi, un recer, un mitj\u00e0 per viure, mentre l\u2019estem fent, [&hellip;]<\/p>\n","protected":false},"author":1,"featured_media":0,"parent":22,"menu_order":15,"comment_status":"closed","ping_status":"closed","template":"page-templates\/side-menu.php","meta":{"_bbp_topic_count":0,"_bbp_reply_count":0,"_bbp_total_topic_count":0,"_bbp_total_reply_count":0,"_bbp_voice_count":0,"_bbp_anonymous_reply_count":0,"_bbp_topic_count_hidden":0,"_bbp_reply_count_hidden":0,"_bbp_forum_subforum_count":0,"site-sidebar-layout":"default","site-content-layout":"","ast-site-content-layout":"","site-content-style":"default","site-sidebar-style":"default","ast-global-header-display":"","ast-banner-title-visibility":"","ast-main-header-display":"","ast-hfb-above-header-display":"","ast-hfb-below-header-display":"","ast-hfb-mobile-header-display":"","site-post-title":"","ast-breadcrumbs-content":"","ast-featured-img":"","footer-sml-layout":"","theme-transparent-header-meta":"","adv-header-id-meta":"","stick-header-meta":"","header-above-stick-meta":"","header-main-stick-meta":"","header-below-stick-meta":"","astra-migrate-meta-layouts":"default","ast-page-background-enabled":"default","ast-page-background-meta":{"desktop":{"background-color":"var(--ast-global-color-4)","background-image":"","background-repeat":"repeat","background-position":"center center","background-size":"auto","background-attachment":"scroll","background-type":"","background-media":"","overlay-type":"","overlay-color":"","overlay-opacity":"","overlay-gradient":""},"tablet":{"background-color":"","background-image":"","background-repeat":"repeat","background-position":"center center","background-size":"auto","background-attachment":"scroll","background-type":"","background-media":"","overlay-type":"","overlay-color":"","overlay-opacity":"","overlay-gradient":""},"mobile":{"background-color":"","background-image":"","background-repeat":"repeat","background-position":"center center","background-size":"auto","background-attachment":"scroll","background-type":"","background-media":"","overlay-type":"","overlay-color":"","overlay-opacity":"","overlay-gradient":""}},"ast-content-background-meta":{"desktop":{"background-color":"var(--ast-global-color-5)","background-image":"","background-repeat":"repeat","background-position":"center center","background-size":"auto","background-attachment":"scroll","background-type":"","background-media":"","overlay-type":"","overlay-color":"","overlay-opacity":"","overlay-gradient":""},"tablet":{"background-color":"var(--ast-global-color-5)","background-image":"","background-repeat":"repeat","background-position":"center center","background-size":"auto","background-attachment":"scroll","background-type":"","background-media":"","overlay-type":"","overlay-color":"","overlay-opacity":"","overlay-gradient":""},"mobile":{"background-color":"var(--ast-global-color-5)","background-image":"","background-repeat":"repeat","background-position":"center center","background-size":"auto","background-attachment":"scroll","background-type":"","background-media":"","overlay-type":"","overlay-color":"","overlay-opacity":"","overlay-gradient":""}},"footnotes":""},"class_list":["post-6106","page","type-page","status-publish","hentry"],"post_mailing_queue_ids":[],"_links":{"self":[{"href":"https:\/\/agora.xtec.cat\/institutescolamossencinto\/wp-json\/wp\/v2\/pages\/6106","targetHints":{"allow":["GET"]}}],"collection":[{"href":"https:\/\/agora.xtec.cat\/institutescolamossencinto\/wp-json\/wp\/v2\/pages"}],"about":[{"href":"https:\/\/agora.xtec.cat\/institutescolamossencinto\/wp-json\/wp\/v2\/types\/page"}],"author":[{"embeddable":true,"href":"https:\/\/agora.xtec.cat\/institutescolamossencinto\/wp-json\/wp\/v2\/users\/1"}],"replies":[{"embeddable":true,"href":"https:\/\/agora.xtec.cat\/institutescolamossencinto\/wp-json\/wp\/v2\/comments?post=6106"}],"version-history":[{"count":3,"href":"https:\/\/agora.xtec.cat\/institutescolamossencinto\/wp-json\/wp\/v2\/pages\/6106\/revisions"}],"predecessor-version":[{"id":7656,"href":"https:\/\/agora.xtec.cat\/institutescolamossencinto\/wp-json\/wp\/v2\/pages\/6106\/revisions\/7656"}],"up":[{"embeddable":true,"href":"https:\/\/agora.xtec.cat\/institutescolamossencinto\/wp-json\/wp\/v2\/pages\/22"}],"wp:attachment":[{"href":"https:\/\/agora.xtec.cat\/institutescolamossencinto\/wp-json\/wp\/v2\/media?parent=6106"}],"curies":[{"name":"wp","href":"https:\/\/api.w.org\/{rel}","templated":true}]}}